{"id":107443,"date":"2024-08-31T20:50:30","date_gmt":"2024-09-01T00:50:30","guid":{"rendered":"https:\/\/mendomedical.ca\/?post_type=product&#038;p=107443"},"modified":"2026-04-16T11:14:00","modified_gmt":"2026-04-16T15:14:00","slug":"goody-two-shoes-infused-pre-rolls","status":"publish","type":"product","link":"https:\/\/mendomedical.ca\/fr\/produit\/goody-two-shoes-infused-pre-rolls\/","title":{"rendered":"Pr\u00e9-rolls infus\u00e9s Goody Two Shoes"},"content":{"rendered":"","protected":false},"excerpt":{"rendered":"<div class=\"ExternalClassD2393AD0DCAB4636B4640E064AB14CF2\">\n<h3>Pr\u00e9-rolls infus\u00e9s Goody Two Shoes<\/h3>\n<p>D\u00e9couvrez la nouvelle g\u00e9n\u00e9ration de Pr\u00e9-rolls infus\u00e9s avec le pack vari\u00e9 Goody Two Shoes de Jane &amp; Juice. Ces Pr\u00e9-rolls de qualit\u00e9 sup\u00e9rieure sont dot\u00e9s de la technologie innovante Full Spectrum Micronized Isolate (FSMI), offrant une exp\u00e9rience de fumage sup\u00e9rieure avec deux options de cultivars distincts : Parkfire Dolato et T-MAC. <\/p>\n<h4>Points forts du produit<\/h4>\n<ul>\n<li>Infus\u00e9 avec de l&rsquo;isolat micronis\u00e9 \u00e0 spectre complet (FSMI) pour une puissance accrue et une combustion uniforme.<\/li>\n<li>Pack de deux vari\u00e9t\u00e9s comprenant les cultivars Parkfire Dolato et T-MAC<\/li>\n<li>Pas d&rsquo;\u00e9cart, de claquement ou de claquement pendant la combustion pour une exp\u00e9rience douce et coh\u00e9rente.<\/li>\n<li>Fabriqu\u00e9 \u00e0 partir de cultivars de fleurs de premier choix assortis pour des profils de saveur riches<\/li>\n<li>Permet d&rsquo;obtenir un effet d&rsquo;entourage complet gr\u00e2ce \u00e0 une s\u00e9lection minutieuse des souches et au processus d&rsquo;infusion.<\/li>\n<\/ul>\n<h4>Profils aromatiques et gustatifs<\/h4>\n<p><strong>Parkfire Dolato :<\/strong> Un croisement unique entre Parkfire OG et Black Dolato, ce cultivar offre une saveur fruit\u00e9e et terreuse distincte qui combine des notes de terre avec une douceur subtile.<\/p>\n<p><strong>T-MAC :<\/strong> Issue d&rsquo;un croisement entre Sour Tangie et Mac1, cette vari\u00e9t\u00e9 offre un profil de saveur orange vif et vibrant qui procure une exp\u00e9rience aromatique stimulante.<\/p>\n<h4>Pourquoi choisir les pr\u00e9-roul\u00e9s infus\u00e9s ?<\/h4>\n<p>Les Pr\u00e9-rolls infus\u00e9s offrent aux consommateurs de cannabis m\u00e9dical une puissance accrue et un dosage coh\u00e9rent dans un format pratique. L&rsquo;ajout de FSMI garantit que chaque Pr\u00e9-rolls d\u00e9livre des effets fiables, ce qui les rend id\u00e9aux pour les patients qui recherchent une gestion pr\u00e9visible des sympt\u00f4mes. <\/p>\n<h4>Exp\u00e9dition dans tout le Canada<\/h4>\n<p>Les Pr\u00e9-rolls infus\u00e9s de Goody Two Shoes sont exp\u00e9di\u00e9s rapidement dans tout le Canada avec une livraison gratuite pour les commandes de plus de 150 $. Nous nous assurons que vos produits arrivent en toute s\u00e9curit\u00e9 et discr\u00e8tement \u00e0 votre porte. <\/p>\n<h4>Avantages et couverture pour les anciens combattants<\/h4>\n<p>Les Pr\u00e9-rolls infus\u00e9s Goody Two Shoes sont admissibles \u00e0 la couverture d&rsquo;ACC (Anciens Combattants Canada) avec facturation directe par la Croix Bleue, ce qui signifie qu&rsquo;il n&rsquo;y a pas de frais \u00e0 d\u00e9bourser pour les anciens combattants admissibles. Si vous n&rsquo;avez pas encore votre ordonnance de cannabis m\u00e9dical, <a href=\"https:\/\/mendomedical.ca\/fr\/carte-medicale\/\">obtenez votre carte m\u00e9dicale gratuite rapidement et facilement<\/a>. <\/p>\n<\/div>\n","protected":false},"featured_media":107445,"comment_status":"closed","ping_status":"closed","template":"","meta":{"_acf_changed":false,"site-sidebar-layout":"default","site-content-layout":"","ast-site-content-layout":"default","site-content-style":"default","site-sidebar-style":"default","ast-global-header-display":"","ast-banner-title-visibility":"","ast-main-header-display":"","ast-hfb-above-header-display":"","ast-hfb-below-header-display":"","ast-hfb-mobile-header-display":"","site-post-title":"","ast-breadcrumbs-content":"","ast-featured-img":"","footer-sml-layout":"","ast-disable-related-posts":"","theme-transparent-header-meta":"default","adv-header-id-meta":"","stick-header-meta":"","header-above-stick-meta":"","header-main-stick-meta":"","header-below-stick-meta":"","astra-migrate-meta-layouts":"set","ast-page-background-enabled":"default","ast-page-background-meta":{"desktop":{"background-color":"var(--ast-global-color-4)","background-image":"","background-repeat":"repeat","background-position":"center center","background-size":"auto","background-attachment":"scroll","background-type":"","background-media":"","overlay-type":"","overlay-color":"","overlay-opacity":"","overlay-gradient":""},"tablet":{"background-color":"","background-image":"","background-repeat":"repeat","background-position":"center center","background-size":"auto","background-attachment":"scroll","background-type":"","background-media":"","overlay-type":"","overlay-color":"","overlay-opacity":"","overlay-gradient":""},"mobile":{"background-color":"","background-image":"","background-repeat":"repeat","background-position":"center center","background-size":"auto","background-attachment":"scroll","background-type":"","background-media":"","overlay-type":"","overlay-color":"","overlay-opacity":"","overlay-gradient":""}},"ast-content-background-meta":{"desktop":{"background-color":"var(--ast-global-color-5)","background-image":"","background-repeat":"repeat","background-position":"center center","background-size":"auto","background-attachment":"scroll","background-type":"","background-media":"","overlay-type":"","overlay-color":"","overlay-opacity":"","overlay-gradient":""},"tablet":{"background-color":"var(--ast-global-color-5)","background-image":"","background-repeat":"repeat","background-position":"center center","background-size":"auto","background-attachment":"scroll","background-type":"","background-media":"","overlay-type":"","overlay-color":"","overlay-opacity":"","overlay-gradient":""},"mobile":{"background-color":"var(--ast-global-color-5)","background-image":"","background-repeat":"repeat","background-position":"center center","background-size":"auto","background-attachment":"scroll","background-type":"","background-media":"","overlay-type":"","overlay-color":"","overlay-opacity":"","overlay-gradient":""}}},"product_brand":[],"product_cat":[1147,1144],"product_tag":[2307],"product_format_filter":[6369],"class_list":{"0":"post-107443","1":"product","2":"type-product","3":"status-publish","4":"has-post-thumbnail","6":"product_cat-pre-roules-infuses","7":"product_cat-pre-roules","8":"product_tag-jane-juice-fr","9":"pa_format-1-g-x-2-fr","10":"pa_intensity-thc-eleve","11":"pa_marques-jane-juice-fr","12":"pa_origin-quebec-fr","13":"pa_thc-34-34-fr","14":"pa_type-de-plante-hybride-indica-fr","15":"product_format_filter-1g","16":"desktop-align-left","17":"tablet-align-left","18":"mobile-align-left","20":"first","21":"outofstock","22":"taxable","23":"shipping-taxable","24":"purchasable","25":"product-type-simple"},"group_of_quantity":0,"min_quantity":0,"max_quantity":"","exclude_order_quantity_value_rules":"no","exclude_category_quantity_rules":"no","combine_variations":"no","acf":[],"_links":{"self":[{"href":"https:\/\/mendomedical.ca\/fr\/wp-json\/wp\/v2\/product\/107443","targetHints":{"allow":["GET"]}}],"collection":[{"href":"https:\/\/mendomedical.ca\/fr\/wp-json\/wp\/v2\/product"}],"about":[{"href":"https:\/\/mendomedical.ca\/fr\/wp-json\/wp\/v2\/types\/product"}],"replies":[{"embeddable":true,"href":"https:\/\/mendomedical.ca\/fr\/wp-json\/wp\/v2\/comments?post=107443"}],"wp:featuredmedia":[{"embeddable":true,"href":"https:\/\/mendomedical.ca\/fr\/wp-json\/wp\/v2\/media\/107445"}],"wp:attachment":[{"href":"https:\/\/mendomedical.ca\/fr\/wp-json\/wp\/v2\/media?parent=107443"}],"wp:term":[{"taxonomy":"product_brand","embeddable":true,"href":"https:\/\/mendomedical.ca\/fr\/wp-json\/wp\/v2\/product_brand?post=107443"},{"taxonomy":"product_cat","embeddable":true,"href":"https:\/\/mendomedical.ca\/fr\/wp-json\/wp\/v2\/product_cat?post=107443"},{"taxonomy":"product_tag","embeddable":true,"href":"https:\/\/mendomedical.ca\/fr\/wp-json\/wp\/v2\/product_tag?post=107443"},{"taxonomy":"product_format_filter","embeddable":true,"href":"https:\/\/mendomedical.ca\/fr\/wp-json\/wp\/v2\/product_format_filter?post=107443"}],"curies":[{"name":"wp","href":"https:\/\/api.w.org\/{rel}","templated":true}]}}