{"id":107423,"date":"2000-04-11T23:05:19","date_gmt":"2000-04-12T03:05:19","guid":{"rendered":"https:\/\/mendomedical.ca\/?post_type=product&#038;p=107423"},"modified":"2025-09-23T11:30:58","modified_gmt":"2025-09-23T15:30:58","slug":"couchlock-cross-infused-pre-rolls","status":"publish","type":"product","link":"https:\/\/mendomedical.ca\/fr\/produit\/couchlock-cross-infused-pre-rolls\/","title":{"rendered":"Couchlock Cross Infused Pre-Rolls"},"content":{"rendered":"","protected":false},"excerpt":{"rendered":"<div class=\"ExternalClass6A7D77C6793647948E24300C5E6D3EE6\">\n<h3>Couchlock Cross Infused Pre-Rolls<\/h3>\n<p>Faites l&rsquo;exp\u00e9rience de la puissance ultime du cannabis avec les pr\u00e9-rouleaux infus\u00e9s Couchlock Cross de Growtown. Ces pr\u00e9-rouleaux de qualit\u00e9 sup\u00e9rieure combinent des fleurs indica de haute qualit\u00e9 avec du hash bubble lav\u00e9 \u00e0 la glace, cr\u00e9ant ainsi un produit extraordinairement puissant avec 2,46% de terp\u00e8nes totaux. Con\u00e7us pour les utilisateurs exp\u00e9riment\u00e9s \u00e0 la recherche d&rsquo;effets maximaux, ces pr\u00e9-rouleaux infus\u00e9s offrent une exp\u00e9rience puissante et durable qui fait honneur \u00e0 leur nom.  <\/p>\n<h4>Caract\u00e9ristiques principales<\/h4>\n<ul>\n<li>Bubble hash de premi\u00e8re qualit\u00e9, lav\u00e9 \u00e0 la glace, infus\u00e9 avec des fleurs indica moulues et tamis\u00e9es.<\/li>\n<li>Une teneur \u00e9lev\u00e9e en THC pour des effets puissants et durables<\/li>\n<li>2,46% de terp\u00e8nes totaux pour une saveur et des effets renforc\u00e9s<\/li>\n<li>Pr\u00e9-roul\u00e9 pour plus de commodit\u00e9 et un dosage r\u00e9gulier<\/li>\n<li>Id\u00e9al pour une utilisation en soir\u00e9e et une relaxation profonde<\/li>\n<\/ul>\n<h4>Profil d&rsquo;ar\u00f4me et effets<\/h4>\n<p>Ces pr\u00e9-rouleaux infus\u00e9s pr\u00e9sentent des notes \u00e9pic\u00e9es et de noix caract\u00e9ristiques des vari\u00e9t\u00e9s indica de qualit\u00e9. L&rsquo;exp\u00e9rience commence par une sensation corporelle progressive qui peut conduire \u00e0 une relaxation profonde, \u00e0 une humeur \u00e9lev\u00e9e et \u00e0 une augmentation de l&rsquo;app\u00e9tit. La teneur \u00e9lev\u00e9e en terp\u00e8nes renforce \u00e0 la fois le profil aromatique et les effets globaux du produit.  <\/p>\n<h4>Pourquoi choisir les pr\u00e9-rolls ?<\/h4>\n<p>Les pr\u00e9-rouleaux offrent aux consommateurs de cannabis m\u00e9dical un dosage pr\u00e9cis et coh\u00e9rent dans un format pratique. Ils \u00e9liminent la n\u00e9cessit\u00e9 de broyer et de rouler, ce qui les rend id\u00e9aux pour les patients dont la dext\u00e9rit\u00e9 est limit\u00e9e ou pour ceux qui recherchent un soulagement rapide et fiable. <\/p>\n<h4>Exp\u00e9dition dans tout le Canada<\/h4>\n<p>Couchlock Cross Infused Pre-Rolls est exp\u00e9di\u00e9 rapidement \u00e0 travers le Canada. Nous offrons une livraison gratuite pour toutes les commandes de plus de 150 $, ce qui vous assure de recevoir vos produits de cannabis m\u00e9dical rapidement et discr\u00e8tement. <\/p>\n<h4>Avantages et couverture pour les anciens combattants<\/h4>\n<p>Les pr\u00e9-rouleaux infus\u00e9s Couchlock Cross sont admissibles \u00e0 la couverture d&rsquo;ACC (Anciens Combattants Canada) et \u00e0 la facturation directe par l&rsquo;entremise de la Croix Bleue, sans aucun d\u00e9bours\u00e9. Si vous n&rsquo;avez pas encore d&rsquo;ordonnance de cannabis m\u00e9dical, vous pouvez <a href=\"https:\/\/mendomedical.ca\/fr\/carte-medicale\/\">obtenir votre carte m\u00e9dicale gratuite rapidement et facilement<\/a> gr\u00e2ce \u00e0 notre processus simplifi\u00e9. <\/p>\n<\/div>\n","protected":false},"featured_media":107425,"comment_status":"closed","ping_status":"closed","template":"","meta":{"_acf_changed":false,"site-sidebar-layout":"default","site-content-layout":"","ast-site-content-layout":"default","site-content-style":"default","site-sidebar-style":"default","ast-global-header-display":"","ast-banner-title-visibility":"","ast-main-header-display":"","ast-hfb-above-header-display":"","ast-hfb-below-header-display":"","ast-hfb-mobile-header-display":"","site-post-title":"","ast-breadcrumbs-content":"","ast-featured-img":"","footer-sml-layout":"","ast-disable-related-posts":"","theme-transparent-header-meta":"default","adv-header-id-meta":"","stick-header-meta":"","header-above-stick-meta":"","header-main-stick-meta":"","header-below-stick-meta":"","astra-migrate-meta-layouts":"set","ast-page-background-enabled":"default","ast-page-background-meta":{"desktop":{"background-color":"var(--ast-global-color-4)","background-image":"","background-repeat":"repeat","background-position":"center center","background-size":"auto","background-attachment":"scroll","background-type":"","background-media":"","overlay-type":"","overlay-color":"","overlay-opacity":"","overlay-gradient":""},"tablet":{"background-color":"","background-image":"","background-repeat":"repeat","background-position":"center center","background-size":"auto","background-attachment":"scroll","background-type":"","background-media":"","overlay-type":"","overlay-color":"","overlay-opacity":"","overlay-gradient":""},"mobile":{"background-color":"","background-image":"","background-repeat":"repeat","background-position":"center center","background-size":"auto","background-attachment":"scroll","background-type":"","background-media":"","overlay-type":"","overlay-color":"","overlay-opacity":"","overlay-gradient":""}},"ast-content-background-meta":{"desktop":{"background-color":"var(--ast-global-color-5)","background-image":"","background-repeat":"repeat","background-position":"center center","background-size":"auto","background-attachment":"scroll","background-type":"","background-media":"","overlay-type":"","overlay-color":"","overlay-opacity":"","overlay-gradient":""},"tablet":{"background-color":"var(--ast-global-color-5)","background-image":"","background-repeat":"repeat","background-position":"center center","background-size":"auto","background-attachment":"scroll","background-type":"","background-media":"","overlay-type":"","overlay-color":"","overlay-opacity":"","overlay-gradient":""},"mobile":{"background-color":"var(--ast-global-color-5)","background-image":"","background-repeat":"repeat","background-position":"center center","background-size":"auto","background-attachment":"scroll","background-type":"","background-media":"","overlay-type":"","overlay-color":"","overlay-opacity":"","overlay-gradient":""}}},"product_brand":[],"product_cat":[1147,1144],"product_tag":[],"product_format_filter":[6374],"class_list":{"0":"post-107423","1":"product","2":"type-product","3":"status-publish","4":"has-post-thumbnail","6":"product_cat-pre-roules-infuses","7":"product_cat-pre-roules","8":"pa_cbg-2-fr-2","9":"pa_format-0-5g-x-3-2-fr","10":"pa_intensity-thc-eleve","11":"pa_marques-growtown-fr","12":"pa_origin-ontario-fr","13":"pa_thc-5855","14":"pa_type-de-plante-hybride-indica-fr","15":"product_format_filter-0-5g","16":"desktop-align-left","17":"tablet-align-left","18":"mobile-align-left","20":"first","21":"outofstock","22":"taxable","23":"shipping-taxable","24":"purchasable","25":"product-type-simple"},"group_of_quantity":0,"min_quantity":0,"max_quantity":"","exclude_order_quantity_value_rules":"no","exclude_category_quantity_rules":"no","combine_variations":"no","acf":[],"_links":{"self":[{"href":"https:\/\/mendomedical.ca\/fr\/wp-json\/wp\/v2\/product\/107423","targetHints":{"allow":["GET"]}}],"collection":[{"href":"https:\/\/mendomedical.ca\/fr\/wp-json\/wp\/v2\/product"}],"about":[{"href":"https:\/\/mendomedical.ca\/fr\/wp-json\/wp\/v2\/types\/product"}],"replies":[{"embeddable":true,"href":"https:\/\/mendomedical.ca\/fr\/wp-json\/wp\/v2\/comments?post=107423"}],"wp:featuredmedia":[{"embeddable":true,"href":"https:\/\/mendomedical.ca\/fr\/wp-json\/wp\/v2\/media\/107425"}],"wp:attachment":[{"href":"https:\/\/mendomedical.ca\/fr\/wp-json\/wp\/v2\/media?parent=107423"}],"wp:term":[{"taxonomy":"product_brand","embeddable":true,"href":"https:\/\/mendomedical.ca\/fr\/wp-json\/wp\/v2\/product_brand?post=107423"},{"taxonomy":"product_cat","embeddable":true,"href":"https:\/\/mendomedical.ca\/fr\/wp-json\/wp\/v2\/product_cat?post=107423"},{"taxonomy":"product_tag","embeddable":true,"href":"https:\/\/mendomedical.ca\/fr\/wp-json\/wp\/v2\/product_tag?post=107423"},{"taxonomy":"product_format_filter","embeddable":true,"href":"https:\/\/mendomedical.ca\/fr\/wp-json\/wp\/v2\/product_format_filter?post=107423"}],"curies":[{"name":"wp","href":"https:\/\/api.w.org\/{rel}","templated":true}]}}