{"id":107421,"date":"2024-08-31T19:50:07","date_gmt":"2024-08-31T23:50:07","guid":{"rendered":"https:\/\/mendomedical.ca\/?post_type=product&#038;p=107421"},"modified":"2025-07-29T19:26:30","modified_gmt":"2025-07-29T23:26:30","slug":"venom-og-diamond-infused-pre-rolls","status":"publish","type":"product","link":"https:\/\/mendomedical.ca\/fr\/produit\/venom-og-diamond-infused-pre-rolls\/","title":{"rendered":"Venom OG Diamond Infused Pre-Rolls"},"content":{"rendered":"","protected":false},"excerpt":{"rendered":"<h3>Terp\u00e8nes Totaux: 3.75%<\/h3>\n<p><strong>Am\u00e9liorez votre jeu avec les fl\u00e9chettes Venom OG DEBUNK. Avec des saveurs lourdes de diesel et de terre et un accent prononc\u00e9 d\u2019agrumes, cette sativa mena\u00e7ante attend de frapper au bon moment puis vous entra\u00eene dans l\u2019oubli. Avec une teneur en THC de 34 \u00e0 40 %, ces \u00e9pingles enveloppent des fleurs moulues de haute qualit\u00e9 infus\u00e9es de diamants broy\u00e9s de premi\u00e8re qualit\u00e9 et de m\u00e9langes personnalis\u00e9s de terp\u00e8nes botaniques dans un format empilable de 0,5 g pour un pack rempli de puissants frappeurs rapides.<\/strong><\/p>\n<p>&nbsp;<\/p>\n<h5>Ar\u00f4me:<\/h5>\n<p>Diesel, Terreux, Agrumes.<\/p>\n<p>&nbsp;<\/p>\n<h5>Profil de saveur:<\/h5>\n<p>Poison OG x Rare Dankness #1.<\/p>\n<p>&nbsp;<\/p>\n<h5>Profil cannabino\u00efde et terp\u00e8ne\u00a0:<\/h5>\n<p>Caryophyll\u00e8ne, Limon\u00e8ne, Humul\u00e8ne, Alpha-bisabolol.<\/p>\n","protected":false},"featured_media":107412,"comment_status":"closed","ping_status":"closed","template":"","meta":{"_acf_changed":false,"site-sidebar-layout":"default","site-content-layout":"","ast-site-content-layout":"default","site-content-style":"default","site-sidebar-style":"default","ast-global-header-display":"","ast-banner-title-visibility":"","ast-main-header-display":"","ast-hfb-above-header-display":"","ast-hfb-below-header-display":"","ast-hfb-mobile-header-display":"","site-post-title":"","ast-breadcrumbs-content":"","ast-featured-img":"","footer-sml-layout":"","ast-disable-related-posts":"","theme-transparent-header-meta":"default","adv-header-id-meta":"","stick-header-meta":"","header-above-stick-meta":"","header-main-stick-meta":"","header-below-stick-meta":"","astra-migrate-meta-layouts":"set","ast-page-background-enabled":"default","ast-page-background-meta":{"desktop":{"background-color":"var(--ast-global-color-4)","background-image":"","background-repeat":"repeat","background-position":"center center","background-size":"auto","background-attachment":"scroll","background-type":"","background-media":"","overlay-type":"","overlay-color":"","overlay-opacity":"","overlay-gradient":""},"tablet":{"background-color":"","background-image":"","background-repeat":"repeat","background-position":"center center","background-size":"auto","background-attachment":"scroll","background-type":"","background-media":"","overlay-type":"","overlay-color":"","overlay-opacity":"","overlay-gradient":""},"mobile":{"background-color":"","background-image":"","background-repeat":"repeat","background-position":"center center","background-size":"auto","background-attachment":"scroll","background-type":"","background-media":"","overlay-type":"","overlay-color":"","overlay-opacity":"","overlay-gradient":""}},"ast-content-background-meta":{"desktop":{"background-color":"var(--ast-global-color-5)","background-image":"","background-repeat":"repeat","background-position":"center center","background-size":"auto","background-attachment":"scroll","background-type":"","background-media":"","overlay-type":"","overlay-color":"","overlay-opacity":"","overlay-gradient":""},"tablet":{"background-color":"var(--ast-global-color-5)","background-image":"","background-repeat":"repeat","background-position":"center center","background-size":"auto","background-attachment":"scroll","background-type":"","background-media":"","overlay-type":"","overlay-color":"","overlay-opacity":"","overlay-gradient":""},"mobile":{"background-color":"var(--ast-global-color-5)","background-image":"","background-repeat":"repeat","background-position":"center center","background-size":"auto","background-attachment":"scroll","background-type":"","background-media":"","overlay-type":"","overlay-color":"","overlay-opacity":"","overlay-gradient":""}}},"product_brand":[],"product_cat":[1147,1144],"product_tag":[3535],"product_format_filter":[],"class_list":{"0":"post-107421","1":"product","2":"type-product","3":"status-publish","4":"has-post-thumbnail","6":"product_cat-pre-roules-infuses","7":"product_cat-pre-roules","8":"product_tag-debunk-fr","9":"pa_flavours-agrume","10":"pa_flavours-gazeux-diesel","11":"pa_flavours-terreux","12":"pa_format-0-5g-x-5","13":"pa_intensity-thc-eleve","14":"pa_marques-debunk-fr","15":"pa_origin-ontario-fr","16":"pa_thc-35-1-fr","17":"pa_type-de-plante-sativa-fr","18":"desktop-align-left","19":"tablet-align-left","20":"mobile-align-left","22":"first","23":"outofstock","24":"taxable","25":"shipping-taxable","26":"purchasable","27":"product-type-simple"},"group_of_quantity":0,"min_quantity":0,"max_quantity":"","exclude_order_quantity_value_rules":"no","exclude_category_quantity_rules":"no","combine_variations":"no","acf":[],"_links":{"self":[{"href":"https:\/\/mendomedical.ca\/fr\/wp-json\/wp\/v2\/product\/107421","targetHints":{"allow":["GET"]}}],"collection":[{"href":"https:\/\/mendomedical.ca\/fr\/wp-json\/wp\/v2\/product"}],"about":[{"href":"https:\/\/mendomedical.ca\/fr\/wp-json\/wp\/v2\/types\/product"}],"replies":[{"embeddable":true,"href":"https:\/\/mendomedical.ca\/fr\/wp-json\/wp\/v2\/comments?post=107421"}],"wp:featuredmedia":[{"embeddable":true,"href":"https:\/\/mendomedical.ca\/fr\/wp-json\/wp\/v2\/media\/107412"}],"wp:attachment":[{"href":"https:\/\/mendomedical.ca\/fr\/wp-json\/wp\/v2\/media?parent=107421"}],"wp:term":[{"taxonomy":"product_brand","embeddable":true,"href":"https:\/\/mendomedical.ca\/fr\/wp-json\/wp\/v2\/product_brand?post=107421"},{"taxonomy":"product_cat","embeddable":true,"href":"https:\/\/mendomedical.ca\/fr\/wp-json\/wp\/v2\/product_cat?post=107421"},{"taxonomy":"product_tag","embeddable":true,"href":"https:\/\/mendomedical.ca\/fr\/wp-json\/wp\/v2\/product_tag?post=107421"},{"taxonomy":"product_format_filter","embeddable":true,"href":"https:\/\/mendomedical.ca\/fr\/wp-json\/wp\/v2\/product_format_filter?post=107421"}],"curies":[{"name":"wp","href":"https:\/\/api.w.org\/{rel}","templated":true}]}}