{"id":107375,"date":"2024-08-31T19:25:04","date_gmt":"2024-08-31T23:25:04","guid":{"rendered":"https:\/\/mendomedical.ca\/?post_type=product&#038;p=107375"},"modified":"2025-04-12T03:47:30","modified_gmt":"2025-04-12T07:47:30","slug":"dusties-rocket-fuel-kief-coated-infused-pre-rolls","status":"publish","type":"product","link":"https:\/\/mendomedical.ca\/fr\/produit\/dusties-rocket-fuel-kief-coated-infused-pre-rolls\/","title":{"rendered":"Dusties \u2013 Rocket Fuel Kief Coated Infused pre-rolls"},"content":{"rendered":"","protected":false},"excerpt":{"rendered":"<h3>Terp\u00e8nes Totaux : 3.94%<\/h3>\n<p><strong>Remplissez votre r\u00e9servoir de saveurs r\u00e9tro estivales avec BOXHOT Rocket Fuel Dusties. Avec une puissante explosion de framboise bleue et de cerise et une touche d\u2019agrumes brillants, cette pile de shit-kickers est infus\u00e9e d\u2019un distillat de dy-no-mite et d\u2019un savoureux m\u00e9lange de terp\u00e8nes botaniques. Pour couronner le tout, nous avons enduit ces petits coquins de kief pour leur donner un punch puissant qui laisse les autres demi-grammeurs dans la poussi\u00e8re.<\/strong><\/p>\n<p>&nbsp;<\/p>\n<h5>Ar\u00f4me:<\/h5>\n<p>Framboise bleue, cerise, citron.<\/p>\n<p>&nbsp;<\/p>\n<h5>Profil de saveur\u00a0:<\/h5>\n<p>Rocket Fuel.<\/p>\n<p>&nbsp;<\/p>\n<h5>Profil cannabino\u00efde et terp\u00e8ne\u00a0:<\/h5>\n<p>Limon\u00e8ne, Caryophyll\u00e8ne, Myrc\u00e8ne.<\/p>\n","protected":false},"featured_media":107358,"comment_status":"closed","ping_status":"closed","template":"","meta":{"_acf_changed":false,"site-sidebar-layout":"default","site-content-layout":"","ast-site-content-layout":"default","site-content-style":"default","site-sidebar-style":"default","ast-global-header-display":"","ast-banner-title-visibility":"","ast-main-header-display":"","ast-hfb-above-header-display":"","ast-hfb-below-header-display":"","ast-hfb-mobile-header-display":"","site-post-title":"","ast-breadcrumbs-content":"","ast-featured-img":"","footer-sml-layout":"","ast-disable-related-posts":"","theme-transparent-header-meta":"default","adv-header-id-meta":"","stick-header-meta":"","header-above-stick-meta":"","header-main-stick-meta":"","header-below-stick-meta":"","astra-migrate-meta-layouts":"set","ast-page-background-enabled":"default","ast-page-background-meta":{"desktop":{"background-color":"var(--ast-global-color-4)","background-image":"","background-repeat":"repeat","background-position":"center center","background-size":"auto","background-attachment":"scroll","background-type":"","background-media":"","overlay-type":"","overlay-color":"","overlay-opacity":"","overlay-gradient":""},"tablet":{"background-color":"","background-image":"","background-repeat":"repeat","background-position":"center center","background-size":"auto","background-attachment":"scroll","background-type":"","background-media":"","overlay-type":"","overlay-color":"","overlay-opacity":"","overlay-gradient":""},"mobile":{"background-color":"","background-image":"","background-repeat":"repeat","background-position":"center center","background-size":"auto","background-attachment":"scroll","background-type":"","background-media":"","overlay-type":"","overlay-color":"","overlay-opacity":"","overlay-gradient":""}},"ast-content-background-meta":{"desktop":{"background-color":"var(--ast-global-color-5)","background-image":"","background-repeat":"repeat","background-position":"center center","background-size":"auto","background-attachment":"scroll","background-type":"","background-media":"","overlay-type":"","overlay-color":"","overlay-opacity":"","overlay-gradient":""},"tablet":{"background-color":"var(--ast-global-color-5)","background-image":"","background-repeat":"repeat","background-position":"center center","background-size":"auto","background-attachment":"scroll","background-type":"","background-media":"","overlay-type":"","overlay-color":"","overlay-opacity":"","overlay-gradient":""},"mobile":{"background-color":"var(--ast-global-color-5)","background-image":"","background-repeat":"repeat","background-position":"center center","background-size":"auto","background-attachment":"scroll","background-type":"","background-media":"","overlay-type":"","overlay-color":"","overlay-opacity":"","overlay-gradient":""}}},"product_brand":[],"product_cat":[1147,1144],"product_tag":[2242],"product_format_filter":[],"class_list":{"0":"post-107375","1":"product","2":"type-product","3":"status-publish","4":"has-post-thumbnail","6":"product_cat-pre-roules-infuses","7":"product_cat-pre-roules","8":"product_tag-boxhot-fr","9":"pa_flavours-agrume","10":"pa_flavours-cherry-fr","11":"pa_flavours-framboise-bleue-fr","12":"pa_format-0-5g-x-3-2-fr","13":"pa_intensity-thc-eleve","14":"pa_marques-boxhot-fr","15":"pa_origin-ontario-fr","16":"pa_thc-34-8-fr","17":"pa_type-de-plante-hybride-fr","18":"desktop-align-left","19":"tablet-align-left","20":"mobile-align-left","22":"first","23":"outofstock","24":"taxable","25":"shipping-taxable","26":"purchasable","27":"product-type-simple"},"group_of_quantity":0,"min_quantity":0,"max_quantity":"","exclude_order_quantity_value_rules":"no","exclude_category_quantity_rules":"no","combine_variations":"no","acf":[],"_links":{"self":[{"href":"https:\/\/mendomedical.ca\/fr\/wp-json\/wp\/v2\/product\/107375","targetHints":{"allow":["GET"]}}],"collection":[{"href":"https:\/\/mendomedical.ca\/fr\/wp-json\/wp\/v2\/product"}],"about":[{"href":"https:\/\/mendomedical.ca\/fr\/wp-json\/wp\/v2\/types\/product"}],"replies":[{"embeddable":true,"href":"https:\/\/mendomedical.ca\/fr\/wp-json\/wp\/v2\/comments?post=107375"}],"wp:featuredmedia":[{"embeddable":true,"href":"https:\/\/mendomedical.ca\/fr\/wp-json\/wp\/v2\/media\/107358"}],"wp:attachment":[{"href":"https:\/\/mendomedical.ca\/fr\/wp-json\/wp\/v2\/media?parent=107375"}],"wp:term":[{"taxonomy":"product_brand","embeddable":true,"href":"https:\/\/mendomedical.ca\/fr\/wp-json\/wp\/v2\/product_brand?post=107375"},{"taxonomy":"product_cat","embeddable":true,"href":"https:\/\/mendomedical.ca\/fr\/wp-json\/wp\/v2\/product_cat?post=107375"},{"taxonomy":"product_tag","embeddable":true,"href":"https:\/\/mendomedical.ca\/fr\/wp-json\/wp\/v2\/product_tag?post=107375"},{"taxonomy":"product_format_filter","embeddable":true,"href":"https:\/\/mendomedical.ca\/fr\/wp-json\/wp\/v2\/product_format_filter?post=107375"}],"curies":[{"name":"wp","href":"https:\/\/api.w.org\/{rel}","templated":true}]}}