{"id":107356,"date":"2024-08-31T19:20:13","date_gmt":"2024-08-31T23:20:13","guid":{"rendered":"https:\/\/mendomedical.ca\/?post_type=product&#038;p=107356"},"modified":"2025-04-12T03:47:25","modified_gmt":"2025-04-12T07:47:25","slug":"dusties-bubba-fruit-kief-coated-infused-pre-rolls","status":"publish","type":"product","link":"https:\/\/mendomedical.ca\/fr\/produit\/dusties-bubba-fruit-kief-coated-infused-pre-rolls\/","title":{"rendered":"Dusties \u2013 Bubba Fruit Kief Coated Infused pre-rolls"},"content":{"rendered":"","protected":false},"excerpt":{"rendered":"<p><strong>Go\u00fbtez \u00e0 une explosion nostalgique de saveur fruit\u00e9e avec BOXHOT Bubba Fruit Dusties. Avec des saveurs fra\u00eeches et tropicales et un soup\u00e7on d\u2019ananas qui va vous faire plaisir, cette pile de shit-kickers est infus\u00e9e d\u2019un distillat de dy-no-mite et d\u2019un savoureux m\u00e9lange de terp\u00e8nes botaniques. Pour couronner le tout, nous avons enduit ces petits coquins de kief pour leur donner un punch puissant qui laisse les autres demi-grammeurs dans la poussi\u00e8re.<\/strong><\/p>\n<p>&nbsp;<\/p>\n<h5>Ar\u00f4me:<\/h5>\n<p>Sucr\u00e9, Fruit\u00e9, Frais.<\/p>\n<p>&nbsp;<\/p>\n<h5>Profil de saveur\u00a0:<\/h5>\n<p>Bubba Fruit.<\/p>\n<p>&nbsp;<\/p>\n<h5>Profil cannabino\u00efde et terp\u00e8ne\u00a0:<\/h5>\n<p>Pin\u00e8ne, Myrc\u00e8ne, Limon\u00e8ne.<\/p>\n","protected":false},"featured_media":107358,"comment_status":"closed","ping_status":"closed","template":"","meta":{"_acf_changed":false,"site-sidebar-layout":"default","site-content-layout":"","ast-site-content-layout":"default","site-content-style":"default","site-sidebar-style":"default","ast-global-header-display":"","ast-banner-title-visibility":"","ast-main-header-display":"","ast-hfb-above-header-display":"","ast-hfb-below-header-display":"","ast-hfb-mobile-header-display":"","site-post-title":"","ast-breadcrumbs-content":"","ast-featured-img":"","footer-sml-layout":"","ast-disable-related-posts":"","theme-transparent-header-meta":"default","adv-header-id-meta":"","stick-header-meta":"","header-above-stick-meta":"","header-main-stick-meta":"","header-below-stick-meta":"","astra-migrate-meta-layouts":"set","ast-page-background-enabled":"default","ast-page-background-meta":{"desktop":{"background-color":"var(--ast-global-color-4)","background-image":"","background-repeat":"repeat","background-position":"center center","background-size":"auto","background-attachment":"scroll","background-type":"","background-media":"","overlay-type":"","overlay-color":"","overlay-opacity":"","overlay-gradient":""},"tablet":{"background-color":"","background-image":"","background-repeat":"repeat","background-position":"center center","background-size":"auto","background-attachment":"scroll","background-type":"","background-media":"","overlay-type":"","overlay-color":"","overlay-opacity":"","overlay-gradient":""},"mobile":{"background-color":"","background-image":"","background-repeat":"repeat","background-position":"center center","background-size":"auto","background-attachment":"scroll","background-type":"","background-media":"","overlay-type":"","overlay-color":"","overlay-opacity":"","overlay-gradient":""}},"ast-content-background-meta":{"desktop":{"background-color":"var(--ast-global-color-5)","background-image":"","background-repeat":"repeat","background-position":"center center","background-size":"auto","background-attachment":"scroll","background-type":"","background-media":"","overlay-type":"","overlay-color":"","overlay-opacity":"","overlay-gradient":""},"tablet":{"background-color":"var(--ast-global-color-5)","background-image":"","background-repeat":"repeat","background-position":"center center","background-size":"auto","background-attachment":"scroll","background-type":"","background-media":"","overlay-type":"","overlay-color":"","overlay-opacity":"","overlay-gradient":""},"mobile":{"background-color":"var(--ast-global-color-5)","background-image":"","background-repeat":"repeat","background-position":"center center","background-size":"auto","background-attachment":"scroll","background-type":"","background-media":"","overlay-type":"","overlay-color":"","overlay-opacity":"","overlay-gradient":""}}},"product_brand":[],"product_cat":[1147,1144],"product_tag":[2242],"product_format_filter":[],"class_list":{"0":"post-107356","1":"product","2":"type-product","3":"status-publish","4":"has-post-thumbnail","6":"product_cat-pre-roules-infuses","7":"product_cat-pre-roules","8":"product_tag-boxhot-fr","9":"pa_flavours-pineapple","10":"pa_flavours-tropical-fr","11":"pa_format-0-5g-x-3-2-fr","12":"pa_intensity-thc-eleve","13":"pa_marques-boxhot-fr","14":"pa_origin-ontario-fr","15":"pa_thc-40-fr","16":"pa_type-de-plante-hybride-fr","17":"desktop-align-left","18":"tablet-align-left","19":"mobile-align-left","21":"first","22":"outofstock","23":"taxable","24":"shipping-taxable","25":"purchasable","26":"product-type-simple"},"group_of_quantity":0,"min_quantity":0,"max_quantity":"","exclude_order_quantity_value_rules":"no","exclude_category_quantity_rules":"no","combine_variations":"no","acf":[],"_links":{"self":[{"href":"https:\/\/mendomedical.ca\/fr\/wp-json\/wp\/v2\/product\/107356","targetHints":{"allow":["GET"]}}],"collection":[{"href":"https:\/\/mendomedical.ca\/fr\/wp-json\/wp\/v2\/product"}],"about":[{"href":"https:\/\/mendomedical.ca\/fr\/wp-json\/wp\/v2\/types\/product"}],"replies":[{"embeddable":true,"href":"https:\/\/mendomedical.ca\/fr\/wp-json\/wp\/v2\/comments?post=107356"}],"wp:featuredmedia":[{"embeddable":true,"href":"https:\/\/mendomedical.ca\/fr\/wp-json\/wp\/v2\/media\/107358"}],"wp:attachment":[{"href":"https:\/\/mendomedical.ca\/fr\/wp-json\/wp\/v2\/media?parent=107356"}],"wp:term":[{"taxonomy":"product_brand","embeddable":true,"href":"https:\/\/mendomedical.ca\/fr\/wp-json\/wp\/v2\/product_brand?post=107356"},{"taxonomy":"product_cat","embeddable":true,"href":"https:\/\/mendomedical.ca\/fr\/wp-json\/wp\/v2\/product_cat?post=107356"},{"taxonomy":"product_tag","embeddable":true,"href":"https:\/\/mendomedical.ca\/fr\/wp-json\/wp\/v2\/product_tag?post=107356"},{"taxonomy":"product_format_filter","embeddable":true,"href":"https:\/\/mendomedical.ca\/fr\/wp-json\/wp\/v2\/product_format_filter?post=107356"}],"curies":[{"name":"wp","href":"https:\/\/api.w.org\/{rel}","templated":true}]}}