{"id":107342,"date":"2024-08-31T19:10:45","date_gmt":"2024-08-31T23:10:45","guid":{"rendered":"https:\/\/mendomedical.ca\/?post_type=product&#038;p=107342"},"modified":"2025-09-23T11:21:54","modified_gmt":"2025-09-23T15:21:54","slug":"cherry-kush-infused-blunt","status":"publish","type":"product","link":"https:\/\/mendomedical.ca\/fr\/produit\/cherry-kush-infused-blunt\/","title":{"rendered":"Blunt infus\u00e9 au Cherry Kush"},"content":{"rendered":"","protected":false},"excerpt":{"rendered":"<div class=\"ExternalClassF53AB1AEAFAB49EEBCB1051849EA7C09\">\n<h3>Blunt infus\u00e9 au Cherry Kush par Boxhot<\/h3>\n<div>\n<h3>Terp\u00e8nes totaux : 6,82%<\/h3>\n<\/div>\n<p>D\u00e9couvrez la qualit\u00e9 sup\u00e9rieure des Cherry Kush Fatties de Boxhot, des blunts infus\u00e9s de 1g fabriqu\u00e9s par des experts qui offrent une puissance et une saveur exceptionnelles. Ces pr\u00e9-rouleaux m\u00e9ticuleusement con\u00e7us combinent un distillat de cannabis pur avec des terp\u00e8nes sp\u00e9cifiques \u00e0 la souche, offrant plus de 30% de THC et un impressionnant total de 6,82% de terp\u00e8nes pour une exp\u00e9rience de fumage robuste et savoureuse.<\/p>\n<h4>Caract\u00e9ristiques principales<\/h4>\n<ul>\n<li>1g blunt \u00e0 haute puissance avec une teneur en THC de plus de 30%.<\/li>\n<li>Infus\u00e9 avec du distillat de cannabis pur pour des effets constants<\/li>\n<li>Profil terp\u00e9nique riche \u00e0 6,82 % pour une saveur et un ar\u00f4me renforc\u00e9s<\/li>\n<li>Notes distinctives de cerise au marasquin et de Kush bois\u00e9<\/li>\n<li>Pr\u00e9-roul\u00e9 pour la commodit\u00e9 et la r\u00e9gularit\u00e9 de la combustion<\/li>\n<\/ul>\n<h4>Profil aromatique et terp\u00e9nique<\/h4>\n<p><strong>Ar\u00f4me :<\/strong> Cerise Maraschino, Bois\u00e9, Kush<br \/>\n<strong>Profil d&rsquo;ar\u00f4me :<\/strong> Cherry Kush<br \/>\n<strong>Profil des terp\u00e8nes :<\/strong> Limon\u00e8ne, Linalol, Myrc\u00e8ne, Pin\u00e8ne, Caryophyll\u00e8ne<br \/>\n<strong>Terp\u00e8nes totaux :<\/strong> 6,82%.<\/p>\n<h4>Pourquoi choisir les pr\u00e9-rolls ?<\/h4>\n<p>Les pr\u00e9-rouleaux offrent aux consommateurs de cannabis m\u00e9dical un dosage pr\u00e9cis et une grande commodit\u00e9, sans qu&rsquo;il soit n\u00e9cessaire de les broyer ou de les rouler. Les blunts infus\u00e9s comme les Cherry Kush Fatties offrent une puissance et des effets constants, ce qui les rend id\u00e9aux pour les patients qui recherchent une gestion fiable de leurs sympt\u00f4mes.<\/p>\n<h4>Exp\u00e9dition dans tout le Canada<\/h4>\n<p>Cherry Kush Infused Blunt est exp\u00e9di\u00e9 rapidement \u00e0 travers le Canada. Nous offrons une livraison gratuite pour toutes les commandes de plus de 150 $, ce qui vous assure de recevoir vos produits de cannabis m\u00e9dical rapidement et discr\u00e8tement.<\/p>\n<h4>Avantages et couverture pour les anciens combattants<\/h4>\n<p>Cherry Kush Infused Blunt est admissible \u00e0 la couverture d&rsquo;ACC (Anciens Combattants Canada) avec facturation directe par l&rsquo;entremise de la Croix Bleue, ce qui signifie que les anciens combattants admissibles n&rsquo;ont pas \u00e0 d\u00e9bourser d&rsquo;argent. Si vous n&rsquo;avez pas encore de carte de cannabis m\u00e9dical, <a href=\"https:\/\/mendomedical.ca\/fr\/carte-medicale\/\">obtenez votre carte m\u00e9dicale gratuite rapidement et facilement<\/a> pour acc\u00e9der \u00e0 ces avantages.<\/p>\n<\/div>\n","protected":false},"featured_media":107346,"comment_status":"closed","ping_status":"closed","template":"","meta":{"_acf_changed":false,"site-sidebar-layout":"default","site-content-layout":"","ast-site-content-layout":"default","site-content-style":"default","site-sidebar-style":"default","ast-global-header-display":"","ast-banner-title-visibility":"","ast-main-header-display":"","ast-hfb-above-header-display":"","ast-hfb-below-header-display":"","ast-hfb-mobile-header-display":"","site-post-title":"","ast-breadcrumbs-content":"","ast-featured-img":"","footer-sml-layout":"","ast-disable-related-posts":"","theme-transparent-header-meta":"default","adv-header-id-meta":"","stick-header-meta":"","header-above-stick-meta":"","header-main-stick-meta":"","header-below-stick-meta":"","astra-migrate-meta-layouts":"set","ast-page-background-enabled":"default","ast-page-background-meta":{"desktop":{"background-color":"var(--ast-global-color-4)","background-image":"","background-repeat":"repeat","background-position":"center center","background-size":"auto","background-attachment":"scroll","background-type":"","background-media":"","overlay-type":"","overlay-color":"","overlay-opacity":"","overlay-gradient":""},"tablet":{"background-color":"","background-image":"","background-repeat":"repeat","background-position":"center center","background-size":"auto","background-attachment":"scroll","background-type":"","background-media":"","overlay-type":"","overlay-color":"","overlay-opacity":"","overlay-gradient":""},"mobile":{"background-color":"","background-image":"","background-repeat":"repeat","background-position":"center center","background-size":"auto","background-attachment":"scroll","background-type":"","background-media":"","overlay-type":"","overlay-color":"","overlay-opacity":"","overlay-gradient":""}},"ast-content-background-meta":{"desktop":{"background-color":"var(--ast-global-color-5)","background-image":"","background-repeat":"repeat","background-position":"center center","background-size":"auto","background-attachment":"scroll","background-type":"","background-media":"","overlay-type":"","overlay-color":"","overlay-opacity":"","overlay-gradient":""},"tablet":{"background-color":"var(--ast-global-color-5)","background-image":"","background-repeat":"repeat","background-position":"center center","background-size":"auto","background-attachment":"scroll","background-type":"","background-media":"","overlay-type":"","overlay-color":"","overlay-opacity":"","overlay-gradient":""},"mobile":{"background-color":"var(--ast-global-color-5)","background-image":"","background-repeat":"repeat","background-position":"center center","background-size":"auto","background-attachment":"scroll","background-type":"","background-media":"","overlay-type":"","overlay-color":"","overlay-opacity":"","overlay-gradient":""}}},"product_brand":[],"product_cat":[1146,1144],"product_tag":[2242],"product_format_filter":[],"class_list":{"0":"post-107342","1":"product","2":"type-product","3":"status-publish","4":"has-post-thumbnail","6":"product_cat-blunts-infuses","7":"product_cat-pre-roules","8":"product_tag-boxhot-fr","9":"pa_flavours-wood-fr","10":"pa_flavours-cherry-fr","11":"pa_flavours-kush","12":"pa_format-1g-2-fr","13":"pa_intensity-thc-eleve","14":"pa_marques-boxhot-fr","15":"pa_origin-ontario-fr","16":"pa_thc-32-5-fr","17":"pa_type-de-plante-sativa-fr","18":"desktop-align-left","19":"tablet-align-left","20":"mobile-align-left","22":"first","23":"outofstock","24":"taxable","25":"shipping-taxable","26":"purchasable","27":"product-type-simple"},"group_of_quantity":0,"min_quantity":0,"max_quantity":"","exclude_order_quantity_value_rules":"no","exclude_category_quantity_rules":"no","combine_variations":"no","acf":[],"_links":{"self":[{"href":"https:\/\/mendomedical.ca\/fr\/wp-json\/wp\/v2\/product\/107342","targetHints":{"allow":["GET"]}}],"collection":[{"href":"https:\/\/mendomedical.ca\/fr\/wp-json\/wp\/v2\/product"}],"about":[{"href":"https:\/\/mendomedical.ca\/fr\/wp-json\/wp\/v2\/types\/product"}],"replies":[{"embeddable":true,"href":"https:\/\/mendomedical.ca\/fr\/wp-json\/wp\/v2\/comments?post=107342"}],"wp:featuredmedia":[{"embeddable":true,"href":"https:\/\/mendomedical.ca\/fr\/wp-json\/wp\/v2\/media\/107346"}],"wp:attachment":[{"href":"https:\/\/mendomedical.ca\/fr\/wp-json\/wp\/v2\/media?parent=107342"}],"wp:term":[{"taxonomy":"product_brand","embeddable":true,"href":"https:\/\/mendomedical.ca\/fr\/wp-json\/wp\/v2\/product_brand?post=107342"},{"taxonomy":"product_cat","embeddable":true,"href":"https:\/\/mendomedical.ca\/fr\/wp-json\/wp\/v2\/product_cat?post=107342"},{"taxonomy":"product_tag","embeddable":true,"href":"https:\/\/mendomedical.ca\/fr\/wp-json\/wp\/v2\/product_tag?post=107342"},{"taxonomy":"product_format_filter","embeddable":true,"href":"https:\/\/mendomedical.ca\/fr\/wp-json\/wp\/v2\/product_format_filter?post=107342"}],"curies":[{"name":"wp","href":"https:\/\/api.w.org\/{rel}","templated":true}]}}