{"id":107280,"date":"2024-09-01T07:10:25","date_gmt":"2024-09-01T11:10:25","guid":{"rendered":"https:\/\/mendomedical.ca\/?post_type=product&#038;p=107280"},"modified":"2026-01-27T15:23:15","modified_gmt":"2026-01-27T20:23:15","slug":"gsherb-infused-pre-rolls","status":"publish","type":"product","link":"https:\/\/mendomedical.ca\/fr\/produit\/gsherb-infused-pre-rolls\/","title":{"rendered":"Pr\u00e9-rouleaux infus\u00e9s de GSherb"},"content":{"rendered":"","protected":false},"excerpt":{"rendered":"<h3><strong>Terp\u00e8nes totaux : 2,5<\/strong><\/h3>\n<p><strong>Que les amateurs de saveurs se r\u00e9jouissent ! Nous sommes all\u00e9s au laboratoire et n&rsquo;en sommes pas revenus avant d&rsquo;avoir quelque chose \u00e0 nous mettre sous la dent. En commen\u00e7ant par nos vari\u00e9t\u00e9s phares Gelato Mint et Power Sherb, nous broyons et m\u00e9langeons d&rsquo;abord des cocottes enti\u00e8res pour obtenir une consistance pr\u00e9cise, puis nous ajoutons de la r\u00e9sine BHO produite \u00e0 partir de chaque vari\u00e9t\u00e9 et nous les roulons dans un preroll pratique de 0,6 g pr\u00e9sent\u00e9 en paquet de 3. Id\u00e9al lorsque vous recherchez un \u00ab\u00a0One and done !\u00a0\u00bb. Les prerolls Nugz Milled - Gelato Sherb font 0,6 g, sont pr\u00e9sent\u00e9s dans un paquet de 3, et sont l\u00e0 pour vous faire passer de bons moments !    <\/strong><\/p>\n","protected":false},"featured_media":107282,"comment_status":"closed","ping_status":"closed","template":"","meta":{"_acf_changed":false,"site-sidebar-layout":"default","site-content-layout":"","ast-site-content-layout":"default","site-content-style":"default","site-sidebar-style":"default","ast-global-header-display":"","ast-banner-title-visibility":"","ast-main-header-display":"","ast-hfb-above-header-display":"","ast-hfb-below-header-display":"","ast-hfb-mobile-header-display":"","site-post-title":"","ast-breadcrumbs-content":"","ast-featured-img":"","footer-sml-layout":"","ast-disable-related-posts":"","theme-transparent-header-meta":"default","adv-header-id-meta":"","stick-header-meta":"","header-above-stick-meta":"","header-main-stick-meta":"","header-below-stick-meta":"","astra-migrate-meta-layouts":"set","ast-page-background-enabled":"default","ast-page-background-meta":{"desktop":{"background-color":"var(--ast-global-color-4)","background-image":"","background-repeat":"repeat","background-position":"center center","background-size":"auto","background-attachment":"scroll","background-type":"","background-media":"","overlay-type":"","overlay-color":"","overlay-opacity":"","overlay-gradient":""},"tablet":{"background-color":"","background-image":"","background-repeat":"repeat","background-position":"center center","background-size":"auto","background-attachment":"scroll","background-type":"","background-media":"","overlay-type":"","overlay-color":"","overlay-opacity":"","overlay-gradient":""},"mobile":{"background-color":"","background-image":"","background-repeat":"repeat","background-position":"center center","background-size":"auto","background-attachment":"scroll","background-type":"","background-media":"","overlay-type":"","overlay-color":"","overlay-opacity":"","overlay-gradient":""}},"ast-content-background-meta":{"desktop":{"background-color":"var(--ast-global-color-5)","background-image":"","background-repeat":"repeat","background-position":"center center","background-size":"auto","background-attachment":"scroll","background-type":"","background-media":"","overlay-type":"","overlay-color":"","overlay-opacity":"","overlay-gradient":""},"tablet":{"background-color":"var(--ast-global-color-5)","background-image":"","background-repeat":"repeat","background-position":"center center","background-size":"auto","background-attachment":"scroll","background-type":"","background-media":"","overlay-type":"","overlay-color":"","overlay-opacity":"","overlay-gradient":""},"mobile":{"background-color":"var(--ast-global-color-5)","background-image":"","background-repeat":"repeat","background-position":"center center","background-size":"auto","background-attachment":"scroll","background-type":"","background-media":"","overlay-type":"","overlay-color":"","overlay-opacity":"","overlay-gradient":""}}},"product_brand":[4157],"product_cat":[1147,1144],"product_tag":[2409],"product_format_filter":[6393],"class_list":{"0":"post-107280","1":"product","2":"type-product","3":"status-publish","4":"has-post-thumbnail","6":"product_brand-nugz","7":"product_cat-pre-roules-infuses","8":"product_cat-pre-roules","9":"product_tag-nugz-fr","10":"pa_format-0-6g-x-3-fr","11":"pa_intensity-thc-eleve","12":"pa_marques-nugz-fr","13":"pa_origin-quebec-fr","14":"pa_thc-38-1-fr","15":"pa_type-de-plante-hybride-indica-fr","16":"product_format_filter-0-6g","17":"desktop-align-left","18":"tablet-align-left","19":"mobile-align-left","21":"first","22":"outofstock","23":"taxable","24":"shipping-taxable","25":"purchasable","26":"product-type-simple"},"group_of_quantity":0,"min_quantity":0,"max_quantity":"","exclude_order_quantity_value_rules":"no","exclude_category_quantity_rules":"no","combine_variations":"no","acf":[],"_links":{"self":[{"href":"https:\/\/mendomedical.ca\/fr\/wp-json\/wp\/v2\/product\/107280","targetHints":{"allow":["GET"]}}],"collection":[{"href":"https:\/\/mendomedical.ca\/fr\/wp-json\/wp\/v2\/product"}],"about":[{"href":"https:\/\/mendomedical.ca\/fr\/wp-json\/wp\/v2\/types\/product"}],"replies":[{"embeddable":true,"href":"https:\/\/mendomedical.ca\/fr\/wp-json\/wp\/v2\/comments?post=107280"}],"wp:featuredmedia":[{"embeddable":true,"href":"https:\/\/mendomedical.ca\/fr\/wp-json\/wp\/v2\/media\/107282"}],"wp:attachment":[{"href":"https:\/\/mendomedical.ca\/fr\/wp-json\/wp\/v2\/media?parent=107280"}],"wp:term":[{"taxonomy":"product_brand","embeddable":true,"href":"https:\/\/mendomedical.ca\/fr\/wp-json\/wp\/v2\/product_brand?post=107280"},{"taxonomy":"product_cat","embeddable":true,"href":"https:\/\/mendomedical.ca\/fr\/wp-json\/wp\/v2\/product_cat?post=107280"},{"taxonomy":"product_tag","embeddable":true,"href":"https:\/\/mendomedical.ca\/fr\/wp-json\/wp\/v2\/product_tag?post=107280"},{"taxonomy":"product_format_filter","embeddable":true,"href":"https:\/\/mendomedical.ca\/fr\/wp-json\/wp\/v2\/product_format_filter?post=107280"}],"curies":[{"name":"wp","href":"https:\/\/api.w.org\/{rel}","templated":true}]}}