{"id":107266,"date":"2025-09-09T19:30:43","date_gmt":"2025-09-09T23:30:43","guid":{"rendered":"https:\/\/mendomedical.ca\/?post_type=product&#038;p=107266"},"modified":"2026-02-12T09:50:18","modified_gmt":"2026-02-12T14:50:18","slug":"lemon-linx-infused-pre-rolls","status":"publish","type":"product","link":"https:\/\/mendomedical.ca\/fr\/produit\/lemon-linx-infused-pre-rolls\/","title":{"rendered":"Lemon Linx Infused Pre-Rolls"},"content":{"rendered":"","protected":false},"excerpt":{"rendered":"<div class=\"ExternalClass8E6CB55223F245748AA3E15A5D4B17BC\">\n<h3>Lemon Linx Infused Pre-Rolls par Nugz<\/h3>\n<h3>Terp\u00e8nes totaux: 4.8%<\/h3>\n<p>D\u00e9couvrez l&rsquo;\u00e9quilibre parfait entre les agrumes piquants et les \u00e9pices savoureuses avec les Pr\u00e9-rolls infus\u00e9s Nugz Lemon Linx. Ces Pr\u00e9-rolls infus\u00e9s de qualit\u00e9 sup\u00e9rieure combinent les c\u00e9l\u00e8bres vari\u00e9t\u00e9s Early Lemon Berry et Cuban Linx, broy\u00e9es de mani\u00e8re experte et enrichies de BHO (huile de haschisch au butane) de chacune des vari\u00e9t\u00e9s respectives. Avec une impressionnante teneur en terp\u00e8nes totaux de 4,8 %, ces Pr\u00e9-rolls offrent une exp\u00e9rience savoureuse et puissante aux consommateurs de cannabis m\u00e9dical exigeants.<\/p>\n<h4>Caract\u00e9ristiques principales<\/h4>\n<ul>\n<li>Cocottes issues des vari\u00e9t\u00e9s Early Lemon Berry et Cuban Linx.<\/li>\n<li>Enhanced with strain-specific BHO for increased potency (Am\u00e9lior\u00e9 avec de la BHO sp\u00e9cifique \u00e0 la souche pour une puissance accrue)<\/li>\n<li>Broy\u00e9 avec pr\u00e9cision pour une combustion r\u00e9guli\u00e8re et une saveur optimale<\/li>\n<li>4,8 % de terp\u00e8nes totaux pour un profil aromatique am\u00e9lior\u00e9<\/li>\n<li>M\u00e9lange expert de deux souches de qualit\u00e9 sup\u00e9rieure<\/li>\n<\/ul>\n<h4>Profil aromatique et terp\u00e9nique<\/h4>\n<p>Ces Pr\u00e9-rolls infus\u00e9s pr\u00e9sentent un profil de saveur distinctif o\u00f9 les notes d&rsquo;agrumes vives et zest\u00e9es de la souche Early Lemon Berry compl\u00e8tent les nuances savoureuses et \u00e9pic\u00e9es de la Cuban Linx. La teneur \u00e9lev\u00e9e en terp\u00e8nes (4,8 %) garantit une exp\u00e9rience aromatique robuste qui sollicite les sens tout en contribuant potentiellement \u00e0 l&rsquo;effet d&rsquo;entourage.<\/p>\n<h4>Pourquoi choisir les pr\u00e9-rolls ?<\/h4>\n<p>Les Pr\u00e9-rolls offrent aux consommateurs de cannabis m\u00e9dical des options pratiques et pr\u00e9cis\u00e9ment dos\u00e9es sans qu&rsquo;il soit n\u00e9cessaire de les broyer ou de les rouler. Les Pr\u00e9-rolls infus\u00e9s comme Lemon Linx offrent une puissance accrue et des effets constants, ce qui les rend id\u00e9aux pour les patients qui recherchent une gestion fiable des sympt\u00f4mes dans un format pr\u00eat \u00e0 l&#8217;emploi.<\/p>\n<h4>Exp\u00e9dition dans tout le Canada<\/h4>\n<p>Les Pr\u00e9-rolls infus\u00e9s Lemon Linx sont exp\u00e9di\u00e9s rapidement \u00e0 travers le Canada, avec une livraison gratuite disponible pour les commandes de plus de 150 $. Nous nous assurons que vos produits de cannabis m\u00e9dical vous parviennent rapidement et discr\u00e8tement pour vous aider dans votre d\u00e9marche de bien-\u00eatre.<\/p>\n<h4>Avantages et couverture pour les anciens combattants<\/h4>\n<p>Les Pr\u00e9-rolls infus\u00e9s Lemon Linx sont admissibles \u00e0 la couverture d&rsquo;ACC (Anciens Combattants Canada) et \u00e0 la facturation directe par l&rsquo;entremise de la Croix Bleue, ce qui signifie qu&rsquo;aucuns frais ne sont \u00e0 d\u00e9bourser pour les anciens combattants admissibles. Si vous n&rsquo;avez pas encore votre carte de cannabis m\u00e9dical, <a href=\"https:\/\/mendomedical.ca\/fr\/carte-medicale\/\">obtenez votre carte m\u00e9dicale gratuite rapidement et facilement<\/a> pour acc\u00e9der \u00e0 ces avantages.<\/p>\n<\/div>\n","protected":false},"featured_media":107268,"comment_status":"closed","ping_status":"closed","template":"","meta":{"_acf_changed":false,"site-sidebar-layout":"default","site-content-layout":"","ast-site-content-layout":"default","site-content-style":"default","site-sidebar-style":"default","ast-global-header-display":"","ast-banner-title-visibility":"","ast-main-header-display":"","ast-hfb-above-header-display":"","ast-hfb-below-header-display":"","ast-hfb-mobile-header-display":"","site-post-title":"","ast-breadcrumbs-content":"","ast-featured-img":"","footer-sml-layout":"","ast-disable-related-posts":"","theme-transparent-header-meta":"default","adv-header-id-meta":"","stick-header-meta":"","header-above-stick-meta":"","header-main-stick-meta":"","header-below-stick-meta":"","astra-migrate-meta-layouts":"set","ast-page-background-enabled":"default","ast-page-background-meta":{"desktop":{"background-color":"var(--ast-global-color-4)","background-image":"","background-repeat":"repeat","background-position":"center center","background-size":"auto","background-attachment":"scroll","background-type":"","background-media":"","overlay-type":"","overlay-color":"","overlay-opacity":"","overlay-gradient":""},"tablet":{"background-color":"","background-image":"","background-repeat":"repeat","background-position":"center center","background-size":"auto","background-attachment":"scroll","background-type":"","background-media":"","overlay-type":"","overlay-color":"","overlay-opacity":"","overlay-gradient":""},"mobile":{"background-color":"","background-image":"","background-repeat":"repeat","background-position":"center center","background-size":"auto","background-attachment":"scroll","background-type":"","background-media":"","overlay-type":"","overlay-color":"","overlay-opacity":"","overlay-gradient":""}},"ast-content-background-meta":{"desktop":{"background-color":"var(--ast-global-color-5)","background-image":"","background-repeat":"repeat","background-position":"center center","background-size":"auto","background-attachment":"scroll","background-type":"","background-media":"","overlay-type":"","overlay-color":"","overlay-opacity":"","overlay-gradient":""},"tablet":{"background-color":"var(--ast-global-color-5)","background-image":"","background-repeat":"repeat","background-position":"center center","background-size":"auto","background-attachment":"scroll","background-type":"","background-media":"","overlay-type":"","overlay-color":"","overlay-opacity":"","overlay-gradient":""},"mobile":{"background-color":"var(--ast-global-color-5)","background-image":"","background-repeat":"repeat","background-position":"center center","background-size":"auto","background-attachment":"scroll","background-type":"","background-media":"","overlay-type":"","overlay-color":"","overlay-opacity":"","overlay-gradient":""}}},"product_brand":[4157],"product_cat":[1147,1144],"product_tag":[2409],"product_format_filter":[6393],"class_list":{"0":"post-107266","1":"product","2":"type-product","3":"status-publish","4":"has-post-thumbnail","6":"product_brand-nugz","7":"product_cat-pre-roules-infuses","8":"product_cat-pre-roules","9":"product_tag-nugz-fr","10":"pa_intensity-thc-eleve","11":"pa_marques-nugz-fr","12":"pa_origin-quebec-fr","13":"pa_type-de-plante-hybride-sativa-fr","14":"product_format_filter-0-6g","15":"desktop-align-left","16":"tablet-align-left","17":"mobile-align-left","19":"first","20":"outofstock","21":"taxable","22":"shipping-taxable","23":"purchasable","24":"product-type-simple"},"group_of_quantity":0,"min_quantity":0,"max_quantity":"","exclude_order_quantity_value_rules":"no","exclude_category_quantity_rules":"no","combine_variations":"no","acf":[],"_links":{"self":[{"href":"https:\/\/mendomedical.ca\/fr\/wp-json\/wp\/v2\/product\/107266","targetHints":{"allow":["GET"]}}],"collection":[{"href":"https:\/\/mendomedical.ca\/fr\/wp-json\/wp\/v2\/product"}],"about":[{"href":"https:\/\/mendomedical.ca\/fr\/wp-json\/wp\/v2\/types\/product"}],"replies":[{"embeddable":true,"href":"https:\/\/mendomedical.ca\/fr\/wp-json\/wp\/v2\/comments?post=107266"}],"wp:featuredmedia":[{"embeddable":true,"href":"https:\/\/mendomedical.ca\/fr\/wp-json\/wp\/v2\/media\/107268"}],"wp:attachment":[{"href":"https:\/\/mendomedical.ca\/fr\/wp-json\/wp\/v2\/media?parent=107266"}],"wp:term":[{"taxonomy":"product_brand","embeddable":true,"href":"https:\/\/mendomedical.ca\/fr\/wp-json\/wp\/v2\/product_brand?post=107266"},{"taxonomy":"product_cat","embeddable":true,"href":"https:\/\/mendomedical.ca\/fr\/wp-json\/wp\/v2\/product_cat?post=107266"},{"taxonomy":"product_tag","embeddable":true,"href":"https:\/\/mendomedical.ca\/fr\/wp-json\/wp\/v2\/product_tag?post=107266"},{"taxonomy":"product_format_filter","embeddable":true,"href":"https:\/\/mendomedical.ca\/fr\/wp-json\/wp\/v2\/product_format_filter?post=107266"}],"curies":[{"name":"wp","href":"https:\/\/api.w.org\/{rel}","templated":true}]}}