{"id":107262,"date":"2025-08-22T15:40:38","date_gmt":"2025-08-22T19:40:38","guid":{"rendered":"https:\/\/mendomedical.ca\/?post_type=product&#038;p=107262"},"modified":"2025-12-30T08:57:17","modified_gmt":"2025-12-30T13:57:17","slug":"drip-n-jiggle-infused-pre-rolls","status":"publish","type":"product","link":"https:\/\/mendomedical.ca\/fr\/produit\/drip-n-jiggle-infused-pre-rolls\/","title":{"rendered":"Drip n&rsquo; Jiggle Infused Pre-Rolls"},"content":{"rendered":"","protected":false},"excerpt":{"rendered":"<div class=\"ExternalClass10BE7CFC31AA4EF4BE0A4AF357599BC7\">\n<h3>Pr\u00e9-rolls infus\u00e9s Drip n&rsquo; Jiggle<\/h3>\n<h3>Terp\u00e8nes totaux: 2.5%<\/h3>\n<p>D\u00e9couvrez la qualit\u00e9 sup\u00e9rieure des Pr\u00e9-rolls infus\u00e9s Nugz Drip n&rsquo; Jiggle, m\u00e9ticuleusement con\u00e7us avec des souches Exotic Genetix pour une exp\u00e9rience tabagique de haut niveau. Ces Pr\u00e9-rolls soigneusement con\u00e7us combinent des fleurs enti\u00e8res avec de la r\u00e9sine BHO concentr\u00e9e, offrant une puissance et une saveur exceptionnelles dans chaque rouleau pratique.<\/p>\n<h4>Caract\u00e9ristiques principales<\/h4>\n<ul>\n<li>M\u00e9lange premium de souches Drip Station et Jigglers d&rsquo;Exotic Genetix<\/li>\n<li>Am\u00e9lior\u00e9 avec de la r\u00e9sine BHO sp\u00e9cifique \u00e0 la souche pour une puissance accrue<\/li>\n<li>Les cocottes enti\u00e8res broy\u00e9es avec pr\u00e9cision garantissent une combustion r\u00e9guli\u00e8re et un tirage en douceur.<\/li>\n<li>2,5 % de terp\u00e8nes totaux pour un profil aromatique robuste<\/li>\n<li>Format Pr\u00e9-rolls pratique pour une consommation facile en d\u00e9placement.<\/li>\n<\/ul>\n<h4>Profil aromatique et gustatif<\/h4>\n<p>Savourez la saveur sucr\u00e9e distinctive de fraise qui caract\u00e9rise ces Pr\u00e9-rolls infus\u00e9s, compl\u00e9t\u00e9e par une expiration glac\u00e9e qui rafra\u00eechit le palais. La teneur totale en terp\u00e8nes de 2,5 % garantit une exp\u00e9rience aromatique cors\u00e9e qui fait appel \u00e0 tous les sens.<\/p>\n<h4>Pourquoi choisir les pr\u00e9-rolls ?<\/h4>\n<p>Les Pr\u00e9-rolls offrent aux consommateurs de cannabis m\u00e9dical un dosage coh\u00e9rent et une grande commodit\u00e9 sans avoir besoin de les broyer ou de les rouler. Le format infus\u00e9 fournit des effets am\u00e9lior\u00e9s, ce qui les rend id\u00e9aux pour les patients qui recherchent un soulagement plus fort dans un format pr\u00eat \u00e0 l&#8217;emploi.<\/p>\n<h4>Exp\u00e9dition dans tout le Canada<\/h4>\n<p>Les Pr\u00e9-rolls infus\u00e9s Drip n&rsquo; Jiggle sont exp\u00e9di\u00e9s rapidement \u00e0 travers le Canada. Nous offrons une livraison gratuite pour toutes les commandes de plus de 150 $, ce qui vous assure de recevoir vos produits de cannabis m\u00e9dical rapidement et discr\u00e8tement.<\/p>\n<h4>Avantages et couverture pour les anciens combattants<\/h4>\n<p>Les Pr\u00e9-rolls infus\u00e9s Drip n&rsquo; Jiggle sont admissibles \u00e0 la couverture d&rsquo;ACC (Anciens Combattants Canada) avec facturation directe par l&rsquo;entremise de la Croix Bleue, ce qui signifie qu&rsquo;aucun d\u00e9bours\u00e9 n&rsquo;est n\u00e9cessaire pour les anciens combattants admissibles. Si vous n&rsquo;avez pas encore votre ordonnance de cannabis m\u00e9dical, <a href=\"https:\/\/mendomedical.ca\/fr\/carte-medicale\/\">obtenez votre carte m\u00e9dicale gratuite rapidement et facilement<\/a> gr\u00e2ce \u00e0 notre processus simplifi\u00e9.<\/p>\n<\/div>\n","protected":false},"featured_media":107264,"comment_status":"closed","ping_status":"closed","template":"","meta":{"_acf_changed":false,"site-sidebar-layout":"default","site-content-layout":"","ast-site-content-layout":"default","site-content-style":"default","site-sidebar-style":"default","ast-global-header-display":"","ast-banner-title-visibility":"","ast-main-header-display":"","ast-hfb-above-header-display":"","ast-hfb-below-header-display":"","ast-hfb-mobile-header-display":"","site-post-title":"","ast-breadcrumbs-content":"","ast-featured-img":"","footer-sml-layout":"","ast-disable-related-posts":"","theme-transparent-header-meta":"default","adv-header-id-meta":"","stick-header-meta":"","header-above-stick-meta":"","header-main-stick-meta":"","header-below-stick-meta":"","astra-migrate-meta-layouts":"set","ast-page-background-enabled":"default","ast-page-background-meta":{"desktop":{"background-color":"var(--ast-global-color-4)","background-image":"","background-repeat":"repeat","background-position":"center center","background-size":"auto","background-attachment":"scroll","background-type":"","background-media":"","overlay-type":"","overlay-color":"","overlay-opacity":"","overlay-gradient":""},"tablet":{"background-color":"","background-image":"","background-repeat":"repeat","background-position":"center center","background-size":"auto","background-attachment":"scroll","background-type":"","background-media":"","overlay-type":"","overlay-color":"","overlay-opacity":"","overlay-gradient":""},"mobile":{"background-color":"","background-image":"","background-repeat":"repeat","background-position":"center center","background-size":"auto","background-attachment":"scroll","background-type":"","background-media":"","overlay-type":"","overlay-color":"","overlay-opacity":"","overlay-gradient":""}},"ast-content-background-meta":{"desktop":{"background-color":"var(--ast-global-color-5)","background-image":"","background-repeat":"repeat","background-position":"center center","background-size":"auto","background-attachment":"scroll","background-type":"","background-media":"","overlay-type":"","overlay-color":"","overlay-opacity":"","overlay-gradient":""},"tablet":{"background-color":"var(--ast-global-color-5)","background-image":"","background-repeat":"repeat","background-position":"center center","background-size":"auto","background-attachment":"scroll","background-type":"","background-media":"","overlay-type":"","overlay-color":"","overlay-opacity":"","overlay-gradient":""},"mobile":{"background-color":"var(--ast-global-color-5)","background-image":"","background-repeat":"repeat","background-position":"center center","background-size":"auto","background-attachment":"scroll","background-type":"","background-media":"","overlay-type":"","overlay-color":"","overlay-opacity":"","overlay-gradient":""}}},"product_brand":[4157],"product_cat":[1147,1144],"product_tag":[2409],"product_format_filter":[6393],"class_list":{"0":"post-107262","1":"product","2":"type-product","3":"status-publish","4":"has-post-thumbnail","6":"product_brand-nugz","7":"product_cat-pre-roules-infuses","8":"product_cat-pre-roules","9":"product_tag-nugz-fr","10":"pa_format-0-6g-x-3-fr","11":"pa_intensity-thc-eleve","12":"pa_marques-nugz-fr","13":"pa_origin-quebec-fr","14":"pa_thc-36-2-fr","15":"pa_type-de-plante-hybride-indica-fr","16":"product_format_filter-0-6g","17":"desktop-align-left","18":"tablet-align-left","19":"mobile-align-left","21":"first","22":"outofstock","23":"taxable","24":"shipping-taxable","25":"purchasable","26":"product-type-simple"},"group_of_quantity":0,"min_quantity":0,"max_quantity":"","exclude_order_quantity_value_rules":"no","exclude_category_quantity_rules":"no","combine_variations":"no","acf":[],"_links":{"self":[{"href":"https:\/\/mendomedical.ca\/fr\/wp-json\/wp\/v2\/product\/107262","targetHints":{"allow":["GET"]}}],"collection":[{"href":"https:\/\/mendomedical.ca\/fr\/wp-json\/wp\/v2\/product"}],"about":[{"href":"https:\/\/mendomedical.ca\/fr\/wp-json\/wp\/v2\/types\/product"}],"replies":[{"embeddable":true,"href":"https:\/\/mendomedical.ca\/fr\/wp-json\/wp\/v2\/comments?post=107262"}],"wp:featuredmedia":[{"embeddable":true,"href":"https:\/\/mendomedical.ca\/fr\/wp-json\/wp\/v2\/media\/107264"}],"wp:attachment":[{"href":"https:\/\/mendomedical.ca\/fr\/wp-json\/wp\/v2\/media?parent=107262"}],"wp:term":[{"taxonomy":"product_brand","embeddable":true,"href":"https:\/\/mendomedical.ca\/fr\/wp-json\/wp\/v2\/product_brand?post=107262"},{"taxonomy":"product_cat","embeddable":true,"href":"https:\/\/mendomedical.ca\/fr\/wp-json\/wp\/v2\/product_cat?post=107262"},{"taxonomy":"product_tag","embeddable":true,"href":"https:\/\/mendomedical.ca\/fr\/wp-json\/wp\/v2\/product_tag?post=107262"},{"taxonomy":"product_format_filter","embeddable":true,"href":"https:\/\/mendomedical.ca\/fr\/wp-json\/wp\/v2\/product_format_filter?post=107262"}],"curies":[{"name":"wp","href":"https:\/\/api.w.org\/{rel}","templated":true}]}}