{"id":107231,"date":"2025-06-07T18:00:08","date_gmt":"2025-06-07T22:00:08","guid":{"rendered":"https:\/\/mendomedical.ca\/?post_type=product&#038;p=107231"},"modified":"2025-10-10T08:26:43","modified_gmt":"2025-10-10T12:26:43","slug":"interstellar-stash-gelato-og-kush","status":"publish","type":"product","link":"https:\/\/mendomedical.ca\/fr\/produit\/interstellar-stash-gelato-og-kush\/","title":{"rendered":"Gelato OG Kush"},"content":{"rendered":"","protected":false},"excerpt":{"rendered":"<h3>Terp\u00e8nes Totaux : 2.15%<\/h3>\n<h5><span data-teams=\"true\">Gelato x OG Kush<\/span><\/h5>\n<p><strong>La g\u00e9n\u00e9tique de la Gelato OG Kush de Seed Junky est d\u00e9taill\u00e9e et nuanc\u00e9e. L\u2019ar\u00f4me, la saveur et les effets sont d\u00e9taill\u00e9s et complexes, incitant m\u00eame le cannabidiol ardent \u00e0 explorer tous les aspects de cette fleur encore et encore. Des magnifiques t\u00eates collantes charg\u00e9es de cristaux \u00e0 la belle br\u00fblure de cendre blanche sur la fum\u00e9e, la Gelato OG Kush apporte une g\u00e9n\u00e9tique de licorne et des attributs \u00e9lev\u00e9s et amusants \u00e0 tous les aspects de l\u2019exp\u00e9rience.<\/strong><\/p>\n<p>&nbsp;<\/p>\n<h5>Aspect Visuel :<\/h5>\n<p>L\u2019attention port\u00e9e aux d\u00e9tails du processus artisanal est \u00e9vidente. Il est \u00e9vident que le processus de s\u00e9chage a \u00e9t\u00e9 lent et contr\u00f4l\u00e9 par l\u2019environnement, tandis que la plante enti\u00e8re a \u00e9t\u00e9 s\u00e9ch\u00e9e \u00e0 l\u2019air libre. Les bourgeons sont m\u00e9ticuleusement taill\u00e9s \u00e0 la main et soigneusement emball\u00e9s \u00e0 la main avec un haut degr\u00e9 d\u2019amour et de soin, non seulement pour accentuer la belle structure des bourgeons, mais aussi pour pr\u00e9server la qualit\u00e9 et reconna\u00eetre tous les efforts d\u00e9ploy\u00e9s dans la croissance et le s\u00e9chage, permettant la plus haute qualit\u00e9. Ces bourgeons vert citron sont recouverts de r\u00e9sine en b\u00e2ton, apparemment tremp\u00e9s dans des cristaux, avec une abondance de pistils orange. Nous ne cultivons que des bourgeons de cola sup\u00e9rieurs, en taillant nos branches inf\u00e9rieures, ce qui donne des p\u00e9pites si belles que vous \u00eates triste lorsque vous commencez \u00e0 les casser.<\/p>\n<p>&nbsp;<\/p>\n<h5>Ar\u00f4me :<\/h5>\n<p>Avant que le sac ne soit compl\u00e8tement ouvert, une bouff\u00e9e de notes sucr\u00e9es de limon\u00e8ne, de terre et de gaz vous met l\u2019eau \u00e0 la bouche. Lorsque le sac est compl\u00e8tement ouvert, vous \u00eates gifl\u00e9 par une vari\u00e9t\u00e9 d\u2019ar\u00f4mes lourds, commen\u00e7ant par un parfum dominant de Gelato, suivi d\u2019un gaz terreux magnifiquement fort qui est distinctement une excellente Kush. La palette d\u2019ar\u00f4mes complexe s\u2019ouvre de mani\u00e8re spectaculaire lorsque ces p\u00e9pites r\u00e9sineuses sont bris\u00e9es, lib\u00e9rant toutes les nuances d\u00e9taill\u00e9es de toute la g\u00e9n\u00e9tique qui a contribu\u00e9 \u00e0 cr\u00e9er ce cultivar.<\/p>\n<p>&nbsp;<\/p>\n<h5>Profil de saveur :<\/h5>\n<p>Les notes aromatiques de la Gelato OG Kush refl\u00e8tent les souches dominantes en termes d\u2019ar\u00f4me, de saveur et d\u2019exp\u00e9rience. Un go\u00fbt dominant de Gelato et de Kush est \u00e9vident sur une prise s\u00e8che du joint que vous venez de rouler. Lorsqu\u2019ils sont inhal\u00e9s, ces cultivars remplissent imm\u00e9diatement vos sens, enrobant vos papilles et votre esprit d\u2019un go\u00fbt d\u2019agrumes doux et fort provenant de la Gelato et un arri\u00e8re-go\u00fbt rempli d\u2019un arri\u00e8re-go\u00fbt de gaz lourd \u00e9pic\u00e9 et menthol\u00e9 que vous voulez garder pour toujours, ou du moins jusqu\u2019\u00e0 votre prochaine bouff\u00e9e. La douceur et le gaz doux de la Gelato se m\u00e9langent aux notes plus lourdes, terreuses et gazeuses de la Kush pour cr\u00e9er un spectre unique.<\/p>\n<p>&nbsp;<\/p>\n<h5>Profil cannabino\u00efde et terp\u00e8ne\u00a0:<\/h5>\n<p>Chez Rocket Factory, nous nous concentrons sur la culture de la plante la plus saine, la plus \u00e9quilibr\u00e9e et la plus heureuse, afin que nos cannabino\u00efdes et nos terp\u00e8nes contiennent une richesse qui ne fait qu\u2019am\u00e9liorer et \u00e9lever votre exp\u00e9rience. Nous utilisons les r\u00e9sultats des tests post-coupe pour les pourcentages que nous partageons avec vous. La Gelato OG Kush contient 30,1 % de THC sans CBN d\u00e9tect\u00e9, un peu moins de 1 % de CBGA et une petite quantit\u00e9 de THCVA (0,17 %). Les terp\u00e8nes totaux s\u2019\u00e9l\u00e8vent \u00e0 3,477 %, le limon\u00e8ne, le caryophyll\u00e8ne et l\u2019alpha- et b\u00eata-pin\u00e8ne \u00e9tant en t\u00eate. Parmi les autres terp\u00e8nes mineurs \u00e0 noter, citons l\u2019ocim\u00e8ne (0,2 %), le terpin\u00e9ol (0,1 %) et le camph\u00e8ne (0,03 %).<\/p>\n<p>&nbsp;<\/p>\n<h5>Effets :<\/h5>\n<p>La complexit\u00e9 des notes de saveur est g\u00e9n\u00e9ralement un indicateur du type d\u2019effet \u00e0 venir et l\u2019effet psychotrope, ou dans ce cas, l\u2019exp\u00e9rience psych\u00e9d\u00e9lique, est tout aussi complexe que l\u2019odeur et le go\u00fbt de Gelato OG Kush. Les patients ont comment\u00e9 : \u00ab Imm\u00e9diatement apr\u00e8s la consommation, une lourdeur s\u00e9dative et s\u00e9duisante tombe juste entre les yeux. Vous pouvez sentir que l\u2019OG Kush se connecte \u00e0 votre esprit, votre corps et votre \u00e2me et vous aide \u00e0 atteindre l\u2019\u00e9quilibre. Avant m\u00eame que le joint ne soit termin\u00e9, la stimulation et l\u2019\u00e9nergie de la Gelato deviennent \u00e9videntes, car le c\u00f4t\u00e9 lumineux du Limon\u00e8ne rayonne comme le soleil et fournit une concentration pour compl\u00e9ter l\u2019OG Kush plus lourde qui se trouve toujours derri\u00e8re les yeux. Ne vous laissez pas tromper par l\u2019\u00e9nergie de la Gelato qui se d\u00e9ploie, car elle vous distrait avant que la lourde s\u00e9dation de la Kush ne remplisse votre corps de cette lourdeur distincte qui assommera m\u00eame les consommateurs d\u2019Indica les plus exp\u00e9riment\u00e9s. Vous pouvez sentir la plante flotter le long de votre colonne vert\u00e9brale et s\u2019\u00e9tendre dans votre syst\u00e8me nerveux central, d\u00e9clenchant un soulagement imm\u00e9diat de la douleur. Cela se poursuit dans le reste de votre corps, permettant une \u00e9norme expiration de soulagement lorsque vous ressentez une d\u00e9connexion des \u00e9v\u00e9nements douloureux qui se produisent et un esprit clair et d\u00e9tendu permet de se reposer ou de dormir. Cette vari\u00e9t\u00e9 est extr\u00eamement s\u00e9dative et si votre douleur a provoqu\u00e9 de mauvaises habitudes de sommeil, cela aidera \u00e0 apporter la paix et la relaxation \u00e0 tous les aspects du corps, de l\u2019esprit et oui, de l\u2019\u00e2me.<\/p>\n","protected":false},"featured_media":107233,"comment_status":"closed","ping_status":"closed","template":"","meta":{"_acf_changed":false,"site-sidebar-layout":"default","site-content-layout":"","ast-site-content-layout":"default","site-content-style":"default","site-sidebar-style":"default","ast-global-header-display":"","ast-banner-title-visibility":"","ast-main-header-display":"","ast-hfb-above-header-display":"","ast-hfb-below-header-display":"","ast-hfb-mobile-header-display":"","site-post-title":"","ast-breadcrumbs-content":"","ast-featured-img":"","footer-sml-layout":"","ast-disable-related-posts":"","theme-transparent-header-meta":"default","adv-header-id-meta":"","stick-header-meta":"","header-above-stick-meta":"","header-main-stick-meta":"","header-below-stick-meta":"","astra-migrate-meta-layouts":"set","ast-page-background-enabled":"default","ast-page-background-meta":{"desktop":{"background-color":"var(--ast-global-color-4)","background-image":"","background-repeat":"repeat","background-position":"center center","background-size":"auto","background-attachment":"scroll","background-type":"","background-media":"","overlay-type":"","overlay-color":"","overlay-opacity":"","overlay-gradient":""},"tablet":{"background-color":"","background-image":"","background-repeat":"repeat","background-position":"center center","background-size":"auto","background-attachment":"scroll","background-type":"","background-media":"","overlay-type":"","overlay-color":"","overlay-opacity":"","overlay-gradient":""},"mobile":{"background-color":"","background-image":"","background-repeat":"repeat","background-position":"center center","background-size":"auto","background-attachment":"scroll","background-type":"","background-media":"","overlay-type":"","overlay-color":"","overlay-opacity":"","overlay-gradient":""}},"ast-content-background-meta":{"desktop":{"background-color":"var(--ast-global-color-5)","background-image":"","background-repeat":"repeat","background-position":"center center","background-size":"auto","background-attachment":"scroll","background-type":"","background-media":"","overlay-type":"","overlay-color":"","overlay-opacity":"","overlay-gradient":""},"tablet":{"background-color":"var(--ast-global-color-5)","background-image":"","background-repeat":"repeat","background-position":"center center","background-size":"auto","background-attachment":"scroll","background-type":"","background-media":"","overlay-type":"","overlay-color":"","overlay-opacity":"","overlay-gradient":""},"mobile":{"background-color":"var(--ast-global-color-5)","background-image":"","background-repeat":"repeat","background-position":"center center","background-size":"auto","background-attachment":"scroll","background-type":"","background-media":"","overlay-type":"","overlay-color":"","overlay-opacity":"","overlay-gradient":""}}},"product_brand":[],"product_cat":[1137],"product_tag":[3009],"product_format_filter":[6373],"class_list":{"0":"post-107231","1":"product","2":"type-product","3":"status-publish","4":"has-post-thumbnail","6":"product_cat-fleur","7":"product_tag-rocket-factory-fr","8":"pa_flavours-agrume","9":"pa_flavours-spicy","10":"pa_flavours-gaz","11":"pa_flavours-mint","12":"pa_flavours-doux","13":"pa_flavours-terreux","14":"pa_intensity-thc-eleve","15":"pa_marques-rocket-factory-fr","16":"pa_origin-ontario-fr","17":"pa_prix-par-gramme-8-57-fr","18":"pa_profil-terpene-caryophyllene","19":"pa_profil-terpene-limonene-fr","20":"pa_profil-terpene-pinene-fr","21":"pa_type-de-plante-hybride-fr","22":"product_format_filter-7g","23":"desktop-align-left","24":"tablet-align-left","25":"mobile-align-left","27":"first","28":"outofstock","29":"taxable","30":"shipping-taxable","31":"purchasable","32":"product-type-simple"},"group_of_quantity":0,"min_quantity":0,"max_quantity":"","exclude_order_quantity_value_rules":"no","exclude_category_quantity_rules":"no","combine_variations":"no","acf":[],"_links":{"self":[{"href":"https:\/\/mendomedical.ca\/fr\/wp-json\/wp\/v2\/product\/107231","targetHints":{"allow":["GET"]}}],"collection":[{"href":"https:\/\/mendomedical.ca\/fr\/wp-json\/wp\/v2\/product"}],"about":[{"href":"https:\/\/mendomedical.ca\/fr\/wp-json\/wp\/v2\/types\/product"}],"replies":[{"embeddable":true,"href":"https:\/\/mendomedical.ca\/fr\/wp-json\/wp\/v2\/comments?post=107231"}],"wp:featuredmedia":[{"embeddable":true,"href":"https:\/\/mendomedical.ca\/fr\/wp-json\/wp\/v2\/media\/107233"}],"wp:attachment":[{"href":"https:\/\/mendomedical.ca\/fr\/wp-json\/wp\/v2\/media?parent=107231"}],"wp:term":[{"taxonomy":"product_brand","embeddable":true,"href":"https:\/\/mendomedical.ca\/fr\/wp-json\/wp\/v2\/product_brand?post=107231"},{"taxonomy":"product_cat","embeddable":true,"href":"https:\/\/mendomedical.ca\/fr\/wp-json\/wp\/v2\/product_cat?post=107231"},{"taxonomy":"product_tag","embeddable":true,"href":"https:\/\/mendomedical.ca\/fr\/wp-json\/wp\/v2\/product_tag?post=107231"},{"taxonomy":"product_format_filter","embeddable":true,"href":"https:\/\/mendomedical.ca\/fr\/wp-json\/wp\/v2\/product_format_filter?post=107231"}],"curies":[{"name":"wp","href":"https:\/\/api.w.org\/{rel}","templated":true}]}}