{"id":107219,"date":"2025-08-14T00:10:02","date_gmt":"2025-08-14T04:10:02","guid":{"rendered":"https:\/\/mendomedical.ca\/?post_type=product&#038;p=107219"},"modified":"2026-04-16T07:29:40","modified_gmt":"2026-04-16T11:29:40","slug":"cherry-bomb-premium-reefer-infused-pre-rolls","status":"publish","type":"product","link":"https:\/\/mendomedical.ca\/fr\/produit\/cherry-bomb-premium-reefer-infused-pre-rolls\/","title":{"rendered":"Cherry Bomb Premium Reefer (Pr\u00e9-rolls infus\u00e9s)"},"content":{"rendered":"","protected":false},"excerpt":{"rendered":"<div class=\"ExternalClass5DCC659D075D4953ABB3455C287787B7\">\n<h3>Cherry Bomb Premium Reefer - Pr\u00e9-rolls infus\u00e9s par Jonny Chronic Platinum<\/h3>\n<h4>Terp\u00e8nes totaux: 3.81%<\/h4>\n<p>D\u00e9couvrez la puissance \u00e9lev\u00e9e et le profil de saveur am\u00e9lior\u00e9 des Cherry Bomb Premium Reefers. Ces Pr\u00e9-rolls infus\u00e9s m\u00e9ticuleusement \u00e9labor\u00e9s combinent des fleurs s\u00e9ch\u00e9es de mani\u00e8re artisanale avec un distillat de haute puissance et des terp\u00e8nes botaniques, offrant une exp\u00e9rience de cannabis de premi\u00e8re qualit\u00e9 avec 3.81 % de terp\u00e8nes totaux. Chaque reefer fait l&rsquo;objet d&rsquo;une pr\u00e9paration minutieuse, depuis le d\u00e9coupage \u00e0 la main jusqu&rsquo;au broyage pr\u00e9cis, ce qui garantit une coh\u00e9rence optimale et une qualit\u00e9 sup\u00e9rieure dans chaque rouleau.<\/p>\n<h4>Caract\u00e9ristiques principales<\/h4>\n<ul>\n<li>Fleur s\u00e9ch\u00e9e de mani\u00e8re artisanale, suspendue et taill\u00e9e \u00e0 la main pour une qualit\u00e9 sup\u00e9rieure.<\/li>\n<li>Am\u00e9lior\u00e9 avec un distillat de haute puissance pour des effets accrus<\/li>\n<li>Infusion de terp\u00e8nes botaniques avec une teneur totale en terp\u00e8nes de 3.81%.<\/li>\n<li>Finement moulu pour une consistance optimale et une combustion douce et homog\u00e8ne<\/li>\n<li>Pr\u00eat \u00e0 d\u00e9guster dans un format pr\u00e9-rolls de qualit\u00e9 sup\u00e9rieure<\/li>\n<\/ul>\n<h4>Profil des terp\u00e8nes<\/h4>\n<p>Avec une teneur totale en terp\u00e8nes impressionnante de 3.81%, les Cherry Bomb Premium Reefers offrent une exp\u00e9rience aromatique riche et complexe. L&rsquo;ajout de terp\u00e8nes botaniques am\u00e9liore \u00e0 la fois le profil aromatique et l&rsquo;exp\u00e9rience globale du cannabis, cr\u00e9ant ainsi une session distinctive et agr\u00e9able \u00e0 chaque fois.<\/p>\n<h4>Pourquoi choisir des pr\u00e9-rolls infus\u00e9s ?<\/h4>\n<p>Les Pr\u00e9-rolls infus\u00e9s offrent aux consommateurs de cannabis m\u00e9dical une puissance constante et des effets am\u00e9lior\u00e9s dans un format pratique. La combinaison de la fleur et du distillat fournit un profil cannabino\u00efde plus complet, qui peut aider \u00e0 r\u00e9pondre \u00e0 divers besoins th\u00e9rapeutiques tout en \u00e9liminant le besoin de rouler ou de pr\u00e9parer.<\/p>\n<h4>Exp\u00e9dition dans tout le Canada<\/h4>\n<p>Cherry Bomb Premium Reefer (Pr\u00e9-rolls infus\u00e9s) est exp\u00e9di\u00e9 rapidement \u00e0 travers le Canada. Nous offrons une livraison gratuite pour toutes les commandes de plus de 150 $, ce qui vous assure de recevoir vos produits de cannabis m\u00e9dical rapidement et discr\u00e8tement.<\/p>\n<h4>Avantages et couverture pour les anciens combattants<\/h4>\n<p>Cherry Bomb Premium Reefer (Pr\u00e9-rolls infus\u00e9s) est admissible \u00e0 la couverture d&rsquo;ACC (Anciens Combattants Canada) avec facturation directe par l&rsquo;interm\u00e9diaire de Blue Cross, ce qui signifie qu&rsquo;il n&rsquo;y a pas de frais \u00e0 d\u00e9bourser pour les anciens combattants admissibles. Si vous n&rsquo;avez pas encore de prescription m\u00e9dicale de cannabis, vous pouvez <a href=\"https:\/\/mendomedical.ca\/fr\/carte-medicale\/\">obtenir votre carte m\u00e9dicale gratuite rapidement et facilement<\/a> gr\u00e2ce \u00e0 notre processus simplifi\u00e9.<\/p>\n<\/div>\n","protected":false},"featured_media":107155,"comment_status":"closed","ping_status":"closed","template":"","meta":{"_acf_changed":false,"site-sidebar-layout":"default","site-content-layout":"","ast-site-content-layout":"default","site-content-style":"default","site-sidebar-style":"default","ast-global-header-display":"","ast-banner-title-visibility":"","ast-main-header-display":"","ast-hfb-above-header-display":"","ast-hfb-below-header-display":"","ast-hfb-mobile-header-display":"","site-post-title":"","ast-breadcrumbs-content":"","ast-featured-img":"","footer-sml-layout":"","ast-disable-related-posts":"","theme-transparent-header-meta":"default","adv-header-id-meta":"","stick-header-meta":"","header-above-stick-meta":"","header-main-stick-meta":"","header-below-stick-meta":"","astra-migrate-meta-layouts":"set","ast-page-background-enabled":"default","ast-page-background-meta":{"desktop":{"background-color":"var(--ast-global-color-4)","background-image":"","background-repeat":"repeat","background-position":"center center","background-size":"auto","background-attachment":"scroll","background-type":"","background-media":"","overlay-type":"","overlay-color":"","overlay-opacity":"","overlay-gradient":""},"tablet":{"background-color":"","background-image":"","background-repeat":"repeat","background-position":"center center","background-size":"auto","background-attachment":"scroll","background-type":"","background-media":"","overlay-type":"","overlay-color":"","overlay-opacity":"","overlay-gradient":""},"mobile":{"background-color":"","background-image":"","background-repeat":"repeat","background-position":"center center","background-size":"auto","background-attachment":"scroll","background-type":"","background-media":"","overlay-type":"","overlay-color":"","overlay-opacity":"","overlay-gradient":""}},"ast-content-background-meta":{"desktop":{"background-color":"var(--ast-global-color-5)","background-image":"","background-repeat":"repeat","background-position":"center center","background-size":"auto","background-attachment":"scroll","background-type":"","background-media":"","overlay-type":"","overlay-color":"","overlay-opacity":"","overlay-gradient":""},"tablet":{"background-color":"var(--ast-global-color-5)","background-image":"","background-repeat":"repeat","background-position":"center center","background-size":"auto","background-attachment":"scroll","background-type":"","background-media":"","overlay-type":"","overlay-color":"","overlay-opacity":"","overlay-gradient":""},"mobile":{"background-color":"var(--ast-global-color-5)","background-image":"","background-repeat":"repeat","background-position":"center center","background-size":"auto","background-attachment":"scroll","background-type":"","background-media":"","overlay-type":"","overlay-color":"","overlay-opacity":"","overlay-gradient":""}}},"product_brand":[],"product_cat":[1147,1144],"product_tag":[2214],"product_format_filter":[6374],"class_list":{"0":"post-107219","1":"product","2":"type-product","3":"status-publish","4":"has-post-thumbnail","6":"product_cat-pre-roules-infuses","7":"product_cat-pre-roules","8":"product_tag-jonny-chronic-platinum-fr","9":"pa_intensity-thc-eleve","10":"pa_marques-jonny-chronic-platinum-fr","11":"pa_origin-ontario-fr","12":"pa_profil-terpene-caryophyllene","13":"pa_profil-terpene-myrcene","14":"pa_type-de-plante-hybride-sativa-fr","15":"product_format_filter-0-5g","16":"desktop-align-left","17":"tablet-align-left","18":"mobile-align-left","20":"first","21":"instock","22":"taxable","23":"shipping-taxable","24":"purchasable","25":"product-type-simple"},"group_of_quantity":0,"min_quantity":0,"max_quantity":"","exclude_order_quantity_value_rules":"no","exclude_category_quantity_rules":"no","combine_variations":"no","acf":[],"_links":{"self":[{"href":"https:\/\/mendomedical.ca\/fr\/wp-json\/wp\/v2\/product\/107219","targetHints":{"allow":["GET"]}}],"collection":[{"href":"https:\/\/mendomedical.ca\/fr\/wp-json\/wp\/v2\/product"}],"about":[{"href":"https:\/\/mendomedical.ca\/fr\/wp-json\/wp\/v2\/types\/product"}],"replies":[{"embeddable":true,"href":"https:\/\/mendomedical.ca\/fr\/wp-json\/wp\/v2\/comments?post=107219"}],"wp:featuredmedia":[{"embeddable":true,"href":"https:\/\/mendomedical.ca\/fr\/wp-json\/wp\/v2\/media\/107155"}],"wp:attachment":[{"href":"https:\/\/mendomedical.ca\/fr\/wp-json\/wp\/v2\/media?parent=107219"}],"wp:term":[{"taxonomy":"product_brand","embeddable":true,"href":"https:\/\/mendomedical.ca\/fr\/wp-json\/wp\/v2\/product_brand?post=107219"},{"taxonomy":"product_cat","embeddable":true,"href":"https:\/\/mendomedical.ca\/fr\/wp-json\/wp\/v2\/product_cat?post=107219"},{"taxonomy":"product_tag","embeddable":true,"href":"https:\/\/mendomedical.ca\/fr\/wp-json\/wp\/v2\/product_tag?post=107219"},{"taxonomy":"product_format_filter","embeddable":true,"href":"https:\/\/mendomedical.ca\/fr\/wp-json\/wp\/v2\/product_format_filter?post=107219"}],"curies":[{"name":"wp","href":"https:\/\/api.w.org\/{rel}","templated":true}]}}