{"id":107171,"date":"2025-08-14T00:05:43","date_gmt":"2025-08-14T04:05:43","guid":{"rendered":"https:\/\/mendomedical.ca\/?post_type=product&#038;p=107171"},"modified":"2026-03-30T08:16:19","modified_gmt":"2026-03-30T12:16:19","slug":"mamas-chili-bomb-premium-reefer-infused-pre-rolls","status":"publish","type":"product","link":"https:\/\/mendomedical.ca\/fr\/produit\/mamas-chili-bomb-premium-reefer-infused-pre-rolls\/","title":{"rendered":"Mama&rsquo;s Chili Bomb Premium Reefer (Pr\u00e9-rolls infus\u00e9s)"},"content":{"rendered":"","protected":false},"excerpt":{"rendered":"<div class=\"ExternalClassF515CEE8A4E64009B8747982C7A1209F\">\n<h3>Mama&rsquo;s Chili Bomb Premium Reefer<\/h3>\n<p>Faites l&rsquo;exp\u00e9rience d&rsquo;une puissance \u00e9lev\u00e9e avec les Mama&rsquo;s Chili Bomb Premium Reefers de Jonny Chronic Platinum. Ces pr\u00e9-rolls infus\u00e9s fabriqu\u00e9s par des experts combinent des fleurs s\u00e9ch\u00e9es artisanalement de premi\u00e8re qualit\u00e9 avec un distillat et des terp\u00e8nes botaniques tr\u00e8s puissants, offrant une exp\u00e9rience de cannabis am\u00e9lior\u00e9e avec 3,4 % de terp\u00e8nes totaux. Chaque reefer fait l&rsquo;objet d&rsquo;une pr\u00e9paration m\u00e9ticuleuse, depuis le s\u00e9chage en suspension et le d\u00e9coupage \u00e0 la main jusqu&rsquo;au broyage pr\u00e9cis, ce qui garantit une consistance et une qualit\u00e9 de combustion optimales \u00e0 chaque session.<\/p>\n<h4>Caract\u00e9ristiques principales<\/h4>\n<ul>\n<li>Fleur s\u00e9ch\u00e9e de mani\u00e8re artisanale, s\u00e9ch\u00e9e en suspension et taill\u00e9e \u00e0 la main pour une qualit\u00e9 sup\u00e9rieure.<\/li>\n<li>Am\u00e9lior\u00e9 avec un distillat de haute puissance pour une teneur accrue en THC<\/li>\n<li>Infusion de terp\u00e8nes botaniques pour une saveur et des effets amplifi\u00e9s<\/li>\n<li>Finement moulu pour une consistance optimale et une combustion douce et homog\u00e8ne<\/li>\n<li>3,4 % de terp\u00e8nes totaux pour une exp\u00e9rience aromatique robuste<\/li>\n<\/ul>\n<h4>Profil des terp\u00e8nes<\/h4>\n<p>Avec une teneur totale en terp\u00e8nes impressionnante de 3,4 %, les Mama&rsquo;s Chili Bomb Premium Reefers offrent un profil aromatique riche et complexe. L&rsquo;ajout de terp\u00e8nes botaniques am\u00e9liore \u00e0 la fois l&rsquo;exp\u00e9rience aromatique et l&rsquo;effet d&rsquo;entourage, en travaillant en synergie avec les cannabino\u00efdes pour fournir une exp\u00e9rience de cannabis plus compl\u00e8te.<\/p>\n<h4>Pourquoi choisir des pr\u00e9-rolls infus\u00e9s ?<\/h4>\n<p>Les pr\u00e9-rolls infus\u00e9s offrent aux utilisateurs m\u00e9dicaux une puissance \u00e9lev\u00e9e et constante dans un format pratique. La combinaison d&rsquo;une fleur et d&rsquo;un distillat de qualit\u00e9 sup\u00e9rieure produit des effets am\u00e9lior\u00e9s qui peuvent contribuer \u00e0 r\u00e9pondre \u00e0 divers besoins de bien-\u00eatre, tout en \u00e9liminant les incertitudes li\u00e9es au dosage et \u00e0 la pr\u00e9paration.<\/p>\n<h4>Exp\u00e9dition dans tout le Canada<\/h4>\n<p>Mama&rsquo;s Chili Bomb Premium Reefer est exp\u00e9di\u00e9 rapidement \u00e0 travers le Canada. Nous offrons une livraison gratuite pour toutes les commandes de plus de 150 $, ce qui vous assure de recevoir vos produits de cannabis m\u00e9dical rapidement et discr\u00e8tement.<\/p>\n<h4>Avantages et couverture pour les anciens combattants<\/h4>\n<p>Mama&rsquo;s Chili Bomb Premium Reefer est admissible \u00e0 la couverture d&rsquo;ACC (Anciens Combattants Canada) avec facturation directe par l&rsquo;entremise de la Croix Bleue, ce qui signifie que les anciens combattants admissibles n&rsquo;ont pas \u00e0 d\u00e9bourser d&rsquo;argent. Si vous n&rsquo;avez pas encore votre carte de cannabis m\u00e9dical, vous pouvez <a href=\"https:\/\/mendomedical.ca\/fr\/carte-medicale\/\">obtenir votre carte m\u00e9dicale gratuite rapidement et facilement<\/a> pour acc\u00e9der \u00e0 ces avantages.<\/p>\n<\/div>\n","protected":false},"featured_media":107155,"comment_status":"closed","ping_status":"closed","template":"","meta":{"_acf_changed":false,"site-sidebar-layout":"default","site-content-layout":"","ast-site-content-layout":"default","site-content-style":"default","site-sidebar-style":"default","ast-global-header-display":"","ast-banner-title-visibility":"","ast-main-header-display":"","ast-hfb-above-header-display":"","ast-hfb-below-header-display":"","ast-hfb-mobile-header-display":"","site-post-title":"","ast-breadcrumbs-content":"","ast-featured-img":"","footer-sml-layout":"","ast-disable-related-posts":"","theme-transparent-header-meta":"default","adv-header-id-meta":"","stick-header-meta":"","header-above-stick-meta":"","header-main-stick-meta":"","header-below-stick-meta":"","astra-migrate-meta-layouts":"set","ast-page-background-enabled":"default","ast-page-background-meta":{"desktop":{"background-color":"var(--ast-global-color-4)","background-image":"","background-repeat":"repeat","background-position":"center center","background-size":"auto","background-attachment":"scroll","background-type":"","background-media":"","overlay-type":"","overlay-color":"","overlay-opacity":"","overlay-gradient":""},"tablet":{"background-color":"","background-image":"","background-repeat":"repeat","background-position":"center center","background-size":"auto","background-attachment":"scroll","background-type":"","background-media":"","overlay-type":"","overlay-color":"","overlay-opacity":"","overlay-gradient":""},"mobile":{"background-color":"","background-image":"","background-repeat":"repeat","background-position":"center center","background-size":"auto","background-attachment":"scroll","background-type":"","background-media":"","overlay-type":"","overlay-color":"","overlay-opacity":"","overlay-gradient":""}},"ast-content-background-meta":{"desktop":{"background-color":"var(--ast-global-color-5)","background-image":"","background-repeat":"repeat","background-position":"center center","background-size":"auto","background-attachment":"scroll","background-type":"","background-media":"","overlay-type":"","overlay-color":"","overlay-opacity":"","overlay-gradient":""},"tablet":{"background-color":"var(--ast-global-color-5)","background-image":"","background-repeat":"repeat","background-position":"center center","background-size":"auto","background-attachment":"scroll","background-type":"","background-media":"","overlay-type":"","overlay-color":"","overlay-opacity":"","overlay-gradient":""},"mobile":{"background-color":"var(--ast-global-color-5)","background-image":"","background-repeat":"repeat","background-position":"center center","background-size":"auto","background-attachment":"scroll","background-type":"","background-media":"","overlay-type":"","overlay-color":"","overlay-opacity":"","overlay-gradient":""}}},"product_brand":[],"product_cat":[1147,1144],"product_tag":[2214],"product_format_filter":[6374],"class_list":{"0":"post-107171","1":"product","2":"type-product","3":"status-publish","4":"has-post-thumbnail","6":"product_cat-pre-roules-infuses","7":"product_cat-pre-roules","8":"product_tag-jonny-chronic-platinum-fr","9":"pa_intensity-thc-eleve","10":"pa_marques-jonny-chronic-platinum-fr","11":"pa_origin-ontario-fr","12":"pa_profil-terpene-caryophyllene","13":"pa_profil-terpene-humulene-fr","14":"pa_profil-terpene-limonene-fr","15":"pa_type-de-plante-hybride-sativa-fr","16":"product_format_filter-0-5g","17":"desktop-align-left","18":"tablet-align-left","19":"mobile-align-left","21":"first","22":"instock","23":"taxable","24":"shipping-taxable","25":"purchasable","26":"product-type-simple"},"group_of_quantity":0,"min_quantity":0,"max_quantity":"","exclude_order_quantity_value_rules":"no","exclude_category_quantity_rules":"no","combine_variations":"no","acf":[],"_links":{"self":[{"href":"https:\/\/mendomedical.ca\/fr\/wp-json\/wp\/v2\/product\/107171","targetHints":{"allow":["GET"]}}],"collection":[{"href":"https:\/\/mendomedical.ca\/fr\/wp-json\/wp\/v2\/product"}],"about":[{"href":"https:\/\/mendomedical.ca\/fr\/wp-json\/wp\/v2\/types\/product"}],"replies":[{"embeddable":true,"href":"https:\/\/mendomedical.ca\/fr\/wp-json\/wp\/v2\/comments?post=107171"}],"wp:featuredmedia":[{"embeddable":true,"href":"https:\/\/mendomedical.ca\/fr\/wp-json\/wp\/v2\/media\/107155"}],"wp:attachment":[{"href":"https:\/\/mendomedical.ca\/fr\/wp-json\/wp\/v2\/media?parent=107171"}],"wp:term":[{"taxonomy":"product_brand","embeddable":true,"href":"https:\/\/mendomedical.ca\/fr\/wp-json\/wp\/v2\/product_brand?post=107171"},{"taxonomy":"product_cat","embeddable":true,"href":"https:\/\/mendomedical.ca\/fr\/wp-json\/wp\/v2\/product_cat?post=107171"},{"taxonomy":"product_tag","embeddable":true,"href":"https:\/\/mendomedical.ca\/fr\/wp-json\/wp\/v2\/product_tag?post=107171"},{"taxonomy":"product_format_filter","embeddable":true,"href":"https:\/\/mendomedical.ca\/fr\/wp-json\/wp\/v2\/product_format_filter?post=107171"}],"curies":[{"name":"wp","href":"https:\/\/api.w.org\/{rel}","templated":true}]}}