{"id":107159,"date":"2024-12-31T15:00:18","date_gmt":"2024-12-31T20:00:18","guid":{"rendered":"https:\/\/mendomedical.ca\/?post_type=product&#038;p=107159"},"modified":"2025-11-05T10:05:14","modified_gmt":"2025-11-05T15:05:14","slug":"spark-thc-moonshots-90ml","status":"publish","type":"product","link":"https:\/\/mendomedical.ca\/fr\/produit\/spark-thc-moonshots-90ml\/","title":{"rendered":"SPARK - THC Moonshots"},"content":{"rendered":"","protected":false},"excerpt":{"rendered":"<p><strong>SPARK THC Moonshot est une \u00e9mulsion \u00e0 action rapide con\u00e7ue pour distribuer rapidement de l&rsquo;extrait de THC liquide, pour les personnes qui se d\u00e9placent rapidement. Cr\u00e9\u00e9 en pensant \u00e0 l&rsquo;utilisateur, chaque paquet contient 100 mg de THC dans un flacon de distribution int\u00e9gr\u00e9, con\u00e7u sur mesure, qui distribue avec pr\u00e9cision 10 mg de THC (9 ml) par activation. Cet extrait sublingual est aliment\u00e9 par la technologie RapidSense, permettant des temps d&rsquo;action rapides et une biodisponibilit\u00e9 robuste. D\u00e9couvrez une mani\u00e8re efficace, rentable et discr\u00e8te de consommer du cannabis avec SPARK Moonshot.   <\/strong><\/p>\n<p>&nbsp;<\/p>\n<h5>Caract\u00e9ristiques principales :<\/h5>\n<ul>\n<li>Action rapide : La technologie RapidSense permet d&rsquo;obtenir des temps d&rsquo;action tr\u00e8s rapides, de l&rsquo;ordre de 5 \u00e0 10 minutes.<\/li>\n<li>Biodisponibilit\u00e9 robuste : Absorption efficace pour un maximum d&rsquo;avantages<\/li>\n<li>THC total \u00e9lev\u00e9 par bouteille (100mg)<\/li>\n<li>Dosage contr\u00f4l\u00e9 : Chaque bouteille contient 9 Moonshots de 10mg, facilement divisibles en doses de THC personnalis\u00e9es.<\/li>\n<li>Portable et inodore : Avaler seul ou avec n&rsquo;importe quelle boisson.<\/li>\n<li>Sans gluten, sans sucre, v\u00e9g\u00e9talien<\/li>\n<\/ul>\n<h5><\/h5>\n<h5>Aspect Visuel:<\/h5>\n<p>Conditionn\u00e9 dans un flacon \u00e0 l&rsquo;\u00e9preuve des enfants, le SPARK THC Moonshot est dot\u00e9 d&rsquo;un bouchon facile \u00e0 saisir et d&rsquo;un flacon mince qui se range facilement \u00e0 la verticale et hors de vue.<\/p>\n<p>&nbsp;<\/p>\n<h5>Profil des cannabino\u00efdes et des terp\u00e8nes :<\/h5>\n<p>Avec 100 mg de THC par bouteille, Moonshot constitue une option puissante pour les consommateurs \u00e0 la recherche de produits \u00e0 base de cannabis tr\u00e8s puissants. Cette concentration d\u00e9passe celle de nombreuses boissons au cannabis disponibles sur le march\u00e9, offrant \u00e0 la fois valeur et efficacit\u00e9. <\/p>\n<p>&nbsp;<\/p>\n<h5>Effets :<\/h5>\n<p>La technologie RapidSense permet d&rsquo;obtenir des effets imm\u00e9diats gr\u00e2ce \u00e0 des temps d&rsquo;action \u00e0 la vitesse de la lumi\u00e8re, ce qui garantit que les utilisateurs ressentent rapidement les effets. La biodisponibilit\u00e9 sup\u00e9rieure signifie qu&rsquo;une plus grande quantit\u00e9 de cannabino\u00efdes est absorb\u00e9e, offrant une exp\u00e9rience plus intense et plus fiable \u00e0 chaque dose. <\/p>\n","protected":false},"featured_media":107161,"comment_status":"closed","ping_status":"closed","template":"","meta":{"_acf_changed":false,"site-sidebar-layout":"default","site-content-layout":"","ast-site-content-layout":"default","site-content-style":"default","site-sidebar-style":"default","ast-global-header-display":"","ast-banner-title-visibility":"","ast-main-header-display":"","ast-hfb-above-header-display":"","ast-hfb-below-header-display":"","ast-hfb-mobile-header-display":"","site-post-title":"","ast-breadcrumbs-content":"","ast-featured-img":"","footer-sml-layout":"","ast-disable-related-posts":"","theme-transparent-header-meta":"default","adv-header-id-meta":"","stick-header-meta":"","header-above-stick-meta":"","header-main-stick-meta":"","header-below-stick-meta":"","astra-migrate-meta-layouts":"set","ast-page-background-enabled":"default","ast-page-background-meta":{"desktop":{"background-color":"var(--ast-global-color-4)","background-image":"","background-repeat":"repeat","background-position":"center center","background-size":"auto","background-attachment":"scroll","background-type":"","background-media":"","overlay-type":"","overlay-color":"","overlay-opacity":"","overlay-gradient":""},"tablet":{"background-color":"","background-image":"","background-repeat":"repeat","background-position":"center center","background-size":"auto","background-attachment":"scroll","background-type":"","background-media":"","overlay-type":"","overlay-color":"","overlay-opacity":"","overlay-gradient":""},"mobile":{"background-color":"","background-image":"","background-repeat":"repeat","background-position":"center center","background-size":"auto","background-attachment":"scroll","background-type":"","background-media":"","overlay-type":"","overlay-color":"","overlay-opacity":"","overlay-gradient":""}},"ast-content-background-meta":{"desktop":{"background-color":"var(--ast-global-color-5)","background-image":"","background-repeat":"repeat","background-position":"center center","background-size":"auto","background-attachment":"scroll","background-type":"","background-media":"","overlay-type":"","overlay-color":"","overlay-opacity":"","overlay-gradient":""},"tablet":{"background-color":"var(--ast-global-color-5)","background-image":"","background-repeat":"repeat","background-position":"center center","background-size":"auto","background-attachment":"scroll","background-type":"","background-media":"","overlay-type":"","overlay-color":"","overlay-opacity":"","overlay-gradient":""},"mobile":{"background-color":"var(--ast-global-color-5)","background-image":"","background-repeat":"repeat","background-position":"center center","background-size":"auto","background-attachment":"scroll","background-type":"","background-media":"","overlay-type":"","overlay-color":"","overlay-opacity":"","overlay-gradient":""}}},"product_brand":[],"product_cat":[1131,1133,1135,1128],"product_tag":[],"product_format_filter":[6664],"class_list":{"0":"post-107159","1":"product","2":"type-product","3":"status-publish","4":"has-post-thumbnail","6":"product_cat-boissons","7":"product_cat-thc-eleve","8":"product_cat-sans-sucre","9":"product_cat-comestibles","10":"pa_format-90ml","11":"pa_intensity-thc-eleve","12":"pa_marques-spark-fr","13":"pa_origin-ontario-fr","14":"pa_thc-100mg-fr","15":"pa_type-de-plante-thc-fr","16":"product_format_filter-9ml","17":"desktop-align-left","18":"tablet-align-left","19":"mobile-align-left","21":"first","22":"outofstock","23":"taxable","24":"shipping-taxable","25":"purchasable","26":"product-type-simple"},"group_of_quantity":0,"min_quantity":0,"max_quantity":"","exclude_order_quantity_value_rules":"no","exclude_category_quantity_rules":"no","combine_variations":"no","acf":[],"_links":{"self":[{"href":"https:\/\/mendomedical.ca\/fr\/wp-json\/wp\/v2\/product\/107159","targetHints":{"allow":["GET"]}}],"collection":[{"href":"https:\/\/mendomedical.ca\/fr\/wp-json\/wp\/v2\/product"}],"about":[{"href":"https:\/\/mendomedical.ca\/fr\/wp-json\/wp\/v2\/types\/product"}],"replies":[{"embeddable":true,"href":"https:\/\/mendomedical.ca\/fr\/wp-json\/wp\/v2\/comments?post=107159"}],"wp:featuredmedia":[{"embeddable":true,"href":"https:\/\/mendomedical.ca\/fr\/wp-json\/wp\/v2\/media\/107161"}],"wp:attachment":[{"href":"https:\/\/mendomedical.ca\/fr\/wp-json\/wp\/v2\/media?parent=107159"}],"wp:term":[{"taxonomy":"product_brand","embeddable":true,"href":"https:\/\/mendomedical.ca\/fr\/wp-json\/wp\/v2\/product_brand?post=107159"},{"taxonomy":"product_cat","embeddable":true,"href":"https:\/\/mendomedical.ca\/fr\/wp-json\/wp\/v2\/product_cat?post=107159"},{"taxonomy":"product_tag","embeddable":true,"href":"https:\/\/mendomedical.ca\/fr\/wp-json\/wp\/v2\/product_tag?post=107159"},{"taxonomy":"product_format_filter","embeddable":true,"href":"https:\/\/mendomedical.ca\/fr\/wp-json\/wp\/v2\/product_format_filter?post=107159"}],"curies":[{"name":"wp","href":"https:\/\/api.w.org\/{rel}","templated":true}]}}