{"id":107044,"date":"2024-09-01T05:40:29","date_gmt":"2024-09-01T09:40:29","guid":{"rendered":"https:\/\/mendomedical.ca\/?post_type=product&#038;p=107044"},"modified":"2026-01-05T08:14:45","modified_gmt":"2026-01-05T13:14:45","slug":"petard-straight-cut-pre-rolls","status":"publish","type":"product","link":"https:\/\/mendomedical.ca\/fr\/produit\/petard-straight-cut-pre-rolls\/","title":{"rendered":"Super Silver Haze (P\u00e9tard Straight Cut) Pr\u00e9-rolls"},"content":{"rendered":"","protected":false},"excerpt":{"rendered":"<div class=\"ExternalClassA842908323F844598F6E9E00BBDE7090\">\n<h3>Super Silver Haze (P\u00e9tard Straight Cut) Pr\u00e9-rolls par Irony<\/h3>\n<h3>Terp\u00e8nes totaux : 2.74%<\/h3>\n<p>Faites l&rsquo;exp\u00e9rience de la commodit\u00e9 du cannabis de qualit\u00e9 sup\u00e9rieure avec les Pr\u00e9-rolls Super Silver Haze d&rsquo;Irony, qui contiennent 2,74 % de terp\u00e8nes totaux dans un format sophistiqu\u00e9 de type cigarette. Chaque paquet contient 8 Pr\u00e9-rolls \u00e9labor\u00e9s par des experts, avec 0,7g de la souche Super Silver Haze soigneusement s\u00e9lectionn\u00e9e par rouleau. Log\u00e9s dans un \u00e9tui en plastique \u00e9l\u00e9gant pour une fra\u00eecheur et une portabilit\u00e9 optimales, ces Pr\u00e9-rolls combinent le papier brun naturel traditionnel avec des filtres en brosse de ma\u00efs pour une exp\u00e9rience de consommation famili\u00e8re et discr\u00e8te qui offre le profil de vanille sucr\u00e9e et d&rsquo;agrumes caract\u00e9ristique de la souche.<\/p>\n<h4>Caract\u00e9ristiques principales<\/h4>\n<ul>\n<li>8 Pr\u00e9-rolls par paquet, 0,7g chacun en format cigarette avec filtres en corne d&rsquo;abondance.<\/li>\n<li>Des niveaux de THC allant de 18 \u00e0 24% pour des effets puissants et \u00e9quilibr\u00e9s.<\/li>\n<li>2,74 % de Terp\u00e8nes totaux, dont le myrc\u00e8ne, le limon\u00e8ne et le pin\u00e8ne.<\/li>\n<li>L&rsquo;\u00e9tui en plastique portable garantit la fra\u00eecheur et la discr\u00e9tion lors des d\u00e9placements.<\/li>\n<li>Hybride \u00e0 dominante sativa id\u00e9al pour la relaxation en journ\u00e9e et le soulagement du stress avec un coup de fouet.<\/li>\n<\/ul>\n<h4>Profil aromatique et d\u00e9tails des terp\u00e8nes<\/h4>\n<p>Super Silver Haze offre une exp\u00e9rience sensorielle indulgente qui rappelle le dessert dont il porte le nom. L&rsquo;ar\u00f4me s&rsquo;ouvre sur des notes brumeuses et gazeuses, compl\u00e9t\u00e9es par des notes de pin frais et de subtils accents d&rsquo;agrumes acidul\u00e9s. Une fois consomm\u00e9, le profil de saveur pr\u00e9sente un riche gla\u00e7age \u00e0 la vanille avec des accents rafra\u00eechissants d&rsquo;agrumes citronn\u00e9s qui s&rsquo;attardent agr\u00e9ablement sur le palais.<\/p>\n<p>Le profil terp\u00e9nique robuste (2,74 % au total) est domin\u00e9 par le myrc\u00e8ne, connu pour ses propri\u00e9t\u00e9s relaxantes, ainsi que par le limon\u00e8ne et le pin\u00e8ne qui contribuent \u00e0 la complexit\u00e9 aromatique de la vari\u00e9t\u00e9. Cette combinaison de terp\u00e8nes peut contribuer \u00e0 la relaxation et favoriser un meilleur sommeil tout en am\u00e9liorant l&rsquo;exp\u00e9rience sensorielle globale.<\/p>\n<h4>Pourquoi choisir les pr\u00e9-rolls ?<\/h4>\n<p>Les Pr\u00e9-rolls offrent aux consommateurs de cannabis m\u00e9dical un dosage constant et une commodit\u00e9 in\u00e9gal\u00e9e, en \u00e9liminant le besoin de moudre ou de rouler. Parfaits pour les personnes \u00e0 mobilit\u00e9 r\u00e9duite ou ayant des contraintes de temps, ces produits pr\u00eats \u00e0 l&#8217;emploi garantissent une consommation pr\u00e9cise et une fra\u00eecheur optimale.<\/p>\n<h4>Exp\u00e9dition dans tout le Canada<\/h4>\n<p><span style=\"font-size: 16px;\">Super Silver Haze (P\u00e9tard Straight Cut) Pr\u00e9-rolls exp\u00e9di\u00e9s rapidement \u00e0 travers le Canada avec la livraison gratuite pour les commandes de plus de 150 $. Nous assurons un emballage discret et une livraison fiable \u00e0 votre porte, ce qui facilite l&rsquo;acc\u00e8s \u00e0 vos produits de cannabis m\u00e9dical dans tout le pays. <\/span><\/p>\n<h4>Avantages et couverture pour les anciens combattants<\/h4>\n<p>Les Pr\u00e9-rolls Super Silver Haze (P\u00e9tard Straight Cut) sont admissibles \u00e0 la couverture d&rsquo;ACC (Anciens Combattants Canada) avec facturation directe par la Croix Bleue, ce qui signifie qu&rsquo;il n&rsquo;y a pas de frais \u00e0 d\u00e9bourser pour les anciens combattants admissibles. Si vous n&rsquo;avez pas encore de prescription de cannabis m\u00e9dical, obtenez votre carte m\u00e9dicale gratuite rapidement et facilement sur <a href=\"https:\/\/mendomedical.ca\/fr\/carte-medicale\/\">https:\/\/mendomedical.ca\/medical-card\/.<\/a><\/p>\n<\/div>\n","protected":false},"featured_media":107046,"comment_status":"closed","ping_status":"closed","template":"","meta":{"_acf_changed":false,"site-sidebar-layout":"default","site-content-layout":"","ast-site-content-layout":"default","site-content-style":"default","site-sidebar-style":"default","ast-global-header-display":"","ast-banner-title-visibility":"","ast-main-header-display":"","ast-hfb-above-header-display":"","ast-hfb-below-header-display":"","ast-hfb-mobile-header-display":"","site-post-title":"","ast-breadcrumbs-content":"","ast-featured-img":"","footer-sml-layout":"","ast-disable-related-posts":"","theme-transparent-header-meta":"default","adv-header-id-meta":"","stick-header-meta":"","header-above-stick-meta":"","header-main-stick-meta":"","header-below-stick-meta":"","astra-migrate-meta-layouts":"set","ast-page-background-enabled":"default","ast-page-background-meta":{"desktop":{"background-color":"var(--ast-global-color-4)","background-image":"","background-repeat":"repeat","background-position":"center center","background-size":"auto","background-attachment":"scroll","background-type":"","background-media":"","overlay-type":"","overlay-color":"","overlay-opacity":"","overlay-gradient":""},"tablet":{"background-color":"","background-image":"","background-repeat":"repeat","background-position":"center center","background-size":"auto","background-attachment":"scroll","background-type":"","background-media":"","overlay-type":"","overlay-color":"","overlay-opacity":"","overlay-gradient":""},"mobile":{"background-color":"","background-image":"","background-repeat":"repeat","background-position":"center center","background-size":"auto","background-attachment":"scroll","background-type":"","background-media":"","overlay-type":"","overlay-color":"","overlay-opacity":"","overlay-gradient":""}},"ast-content-background-meta":{"desktop":{"background-color":"var(--ast-global-color-5)","background-image":"","background-repeat":"repeat","background-position":"center center","background-size":"auto","background-attachment":"scroll","background-type":"","background-media":"","overlay-type":"","overlay-color":"","overlay-opacity":"","overlay-gradient":""},"tablet":{"background-color":"var(--ast-global-color-5)","background-image":"","background-repeat":"repeat","background-position":"center center","background-size":"auto","background-attachment":"scroll","background-type":"","background-media":"","overlay-type":"","overlay-color":"","overlay-opacity":"","overlay-gradient":""},"mobile":{"background-color":"var(--ast-global-color-5)","background-image":"","background-repeat":"repeat","background-position":"center center","background-size":"auto","background-attachment":"scroll","background-type":"","background-media":"","overlay-type":"","overlay-color":"","overlay-opacity":"","overlay-gradient":""}}},"product_brand":[],"product_cat":[4803,1144],"product_tag":[3424],"product_format_filter":[6606],"class_list":{"0":"post-107044","1":"product","2":"type-product","3":"status-publish","4":"has-post-thumbnail","6":"product_cat-pre-rolls-non-infuses","7":"product_cat-pre-roules","8":"product_tag-irony-fr","9":"pa_flavours-agrume","10":"pa_flavours-cremeux","11":"pa_flavours-pin","12":"pa_flavours-doux","13":"pa_flavours-vanille","14":"pa_intensity-thc-moyen","15":"pa_marques-irony-fr","16":"pa_origin-quebec-fr","17":"pa_type-de-plante-hybride-sativa-fr","18":"product_format_filter-0-7g","19":"desktop-align-left","20":"tablet-align-left","21":"mobile-align-left","23":"first","24":"instock","25":"taxable","26":"shipping-taxable","27":"purchasable","28":"product-type-simple"},"group_of_quantity":0,"min_quantity":0,"max_quantity":"","exclude_order_quantity_value_rules":"no","exclude_category_quantity_rules":"no","combine_variations":"no","acf":[],"_links":{"self":[{"href":"https:\/\/mendomedical.ca\/fr\/wp-json\/wp\/v2\/product\/107044","targetHints":{"allow":["GET"]}}],"collection":[{"href":"https:\/\/mendomedical.ca\/fr\/wp-json\/wp\/v2\/product"}],"about":[{"href":"https:\/\/mendomedical.ca\/fr\/wp-json\/wp\/v2\/types\/product"}],"replies":[{"embeddable":true,"href":"https:\/\/mendomedical.ca\/fr\/wp-json\/wp\/v2\/comments?post=107044"}],"wp:featuredmedia":[{"embeddable":true,"href":"https:\/\/mendomedical.ca\/fr\/wp-json\/wp\/v2\/media\/107046"}],"wp:attachment":[{"href":"https:\/\/mendomedical.ca\/fr\/wp-json\/wp\/v2\/media?parent=107044"}],"wp:term":[{"taxonomy":"product_brand","embeddable":true,"href":"https:\/\/mendomedical.ca\/fr\/wp-json\/wp\/v2\/product_brand?post=107044"},{"taxonomy":"product_cat","embeddable":true,"href":"https:\/\/mendomedical.ca\/fr\/wp-json\/wp\/v2\/product_cat?post=107044"},{"taxonomy":"product_tag","embeddable":true,"href":"https:\/\/mendomedical.ca\/fr\/wp-json\/wp\/v2\/product_tag?post=107044"},{"taxonomy":"product_format_filter","embeddable":true,"href":"https:\/\/mendomedical.ca\/fr\/wp-json\/wp\/v2\/product_format_filter?post=107044"}],"curies":[{"name":"wp","href":"https:\/\/api.w.org\/{rel}","templated":true}]}}