{"id":107030,"date":"2023-06-01T08:25:45","date_gmt":"2023-06-01T12:25:45","guid":{"rendered":"https:\/\/mendomedical.ca\/?post_type=product&#038;p=107030"},"modified":"2025-10-20T13:11:08","modified_gmt":"2025-10-20T17:11:08","slug":"gorilla-glue-live-rosin-moonrocks","status":"publish","type":"product","link":"https:\/\/mendomedical.ca\/fr\/produit\/gorilla-glue-live-rosin-moonrocks\/","title":{"rendered":"SPARK - Strawberry OG Live Rosin Moonrocks"},"content":{"rendered":"","protected":false},"excerpt":{"rendered":"<div class=\"ExternalClass4580A815DA594E05A3DF3FB87AE5CA31\">\n<h3>SPARK - Strawberry OG Live Rosin Moonrocks<\/h3>\n<p>D\u00e9couvrez la prochaine \u00e9volution de la consommation de cannabis avec SPARK THC Moonrocks - Live Rosin Reserve. Ces g\u00e9lules innovantes combinent de la Rosine vivante Strawberry OG de premi\u00e8re qualit\u00e9 avec la technologie de pointe RapidSense, d\u00e9livrant 10mg de THC par comprim\u00e9 avec des temps d&rsquo;action et une biodisponibilit\u00e9 sans pr\u00e9c\u00e9dent. Chaque paquet contient 30 comprim\u00e9s fabriqu\u00e9s avec pr\u00e9cision et contenant du Live Rosin de source unique extrait de fleurs de cannabis fra\u00eechement congel\u00e9es, pr\u00e9servant le spectre complet des cannabino\u00efdes et des terp\u00e8nes pour une exp\u00e9rience authentique du cannabis.  <\/p>\n<h4>Caract\u00e9ristiques principales<\/h4>\n<ul>\n<li><strong>Technologie RapidSense :<\/strong> La formulation avanc\u00e9e garantit une action rapide et une absorption sup\u00e9rieure pour des effets constants et fiables.<\/li>\n<li><strong>Live Rosin de premi\u00e8re qualit\u00e9 : l&rsquo;<\/strong> extraction d&rsquo;une source unique \u00e0 partir de Strawberry OG fra\u00eechement congel\u00e9 pr\u00e9serve les cannabino\u00efdes et les terp\u00e8nes naturels.<\/li>\n<li><strong>Dosage flexible :<\/strong> Chaque comprim\u00e9 de 10 mg est dot\u00e9 d&rsquo;une ligne de s\u00e9paration pratique permettant de personnaliser les doses de 5 mg.<\/li>\n<li><strong>Formulation propre :<\/strong> G\u00e9lules sans gluten, sans sucre, sans \u00e9dulcorant et v\u00e9g\u00e9taliennes.<\/li>\n<li><strong>Commodit\u00e9 discr\u00e8te :<\/strong> Les comprim\u00e9s \u00e0 texture lunaire permettent une consommation sans fum\u00e9e et sans odeur, id\u00e9ale pour une utilisation en d\u00e9placement.<\/li>\n<\/ul>\n<h4>Profil de la vari\u00e9t\u00e9 et effets<\/h4>\n<p>Strawberry OG offre une exp\u00e9rience bien \u00e9quilibr\u00e9e gr\u00e2ce \u00e0 son profil fruit\u00e9 distinctif. Chaque paquet contient 300 mg de THC total (30 comprim\u00e9s de 10 mg), ce qui permet aux utilisateurs d&rsquo;adapter leur dosage de 5 mg pour les d\u00e9butants \u00e0 plusieurs comprim\u00e9s pour les consommateurs exp\u00e9riment\u00e9s. Le processus d&rsquo;extraction par Live Rosin maintient le profil terp\u00e9nique naturel de la souche, offrant une exp\u00e9rience fid\u00e8le \u00e0 la fleur sous forme de g\u00e9lules pratiques.  <\/p>\n<h4>Pourquoi choisir les g\u00e9lules ?<\/h4>\n<p>Les capsules de cannabis offrent aux utilisateurs m\u00e9dicaux un dosage pr\u00e9cis et constant, sans qu&rsquo;il soit n\u00e9cessaire de fumer ou de vaper. Le format discret et les effets pr\u00e9visibles font des g\u00e9lules la solution id\u00e9ale pour g\u00e9rer les sympt\u00f4mes tout au long de la journ\u00e9e tout en maintenant les habitudes quotidiennes. <\/p>\n<h4>Exp\u00e9dition dans tout le Canada<\/h4>\n<p>SPARK - Strawberry OG Live Rosin Moonrocks est exp\u00e9di\u00e9 rapidement \u00e0 travers le Canada, avec une livraison gratuite pour les commandes de plus de 150 $. Votre commande sera trait\u00e9e rapidement et livr\u00e9e discr\u00e8tement \u00e0 votre porte. <\/p>\n<h4>Avantages et couverture pour les anciens combattants<\/h4>\n<p>SPARK - Strawberry OG Live Rosin Moonrocks est admissible \u00e0 la couverture d&rsquo;ACC (Anciens Combattants Canada) avec facturation directe par la Croix Bleue, ce qui signifie qu&rsquo;il n&rsquo;y a pas de frais \u00e0 d\u00e9bourser pour les anciens combattants admissibles. Si vous n&rsquo;avez pas encore votre carte de cannabis m\u00e9dical, vous pouvez <a href=\"https:\/\/mendomedical.ca\/fr\/carte-medicale\/\">obtenir votre carte m\u00e9dicale gratuite rapidement et facilement ici.<\/a> <\/p>\n<\/div>\n","protected":false},"featured_media":107127,"comment_status":"closed","ping_status":"closed","template":"","meta":{"_acf_changed":false,"site-sidebar-layout":"default","site-content-layout":"","ast-site-content-layout":"default","site-content-style":"default","site-sidebar-style":"default","ast-global-header-display":"","ast-banner-title-visibility":"","ast-main-header-display":"","ast-hfb-above-header-display":"","ast-hfb-below-header-display":"","ast-hfb-mobile-header-display":"","site-post-title":"","ast-breadcrumbs-content":"","ast-featured-img":"","footer-sml-layout":"","ast-disable-related-posts":"","theme-transparent-header-meta":"default","adv-header-id-meta":"","stick-header-meta":"","header-above-stick-meta":"","header-main-stick-meta":"","header-below-stick-meta":"","astra-migrate-meta-layouts":"set","ast-page-background-enabled":"default","ast-page-background-meta":{"desktop":{"background-color":"var(--ast-global-color-4)","background-image":"","background-repeat":"repeat","background-position":"center center","background-size":"auto","background-attachment":"scroll","background-type":"","background-media":"","overlay-type":"","overlay-color":"","overlay-opacity":"","overlay-gradient":""},"tablet":{"background-color":"","background-image":"","background-repeat":"repeat","background-position":"center center","background-size":"auto","background-attachment":"scroll","background-type":"","background-media":"","overlay-type":"","overlay-color":"","overlay-opacity":"","overlay-gradient":""},"mobile":{"background-color":"","background-image":"","background-repeat":"repeat","background-position":"center center","background-size":"auto","background-attachment":"scroll","background-type":"","background-media":"","overlay-type":"","overlay-color":"","overlay-opacity":"","overlay-gradient":""}},"ast-content-background-meta":{"desktop":{"background-color":"var(--ast-global-color-5)","background-image":"","background-repeat":"repeat","background-position":"center center","background-size":"auto","background-attachment":"scroll","background-type":"","background-media":"","overlay-type":"","overlay-color":"","overlay-opacity":"","overlay-gradient":""},"tablet":{"background-color":"var(--ast-global-color-5)","background-image":"","background-repeat":"repeat","background-position":"center center","background-size":"auto","background-attachment":"scroll","background-type":"","background-media":"","overlay-type":"","overlay-color":"","overlay-opacity":"","overlay-gradient":""},"mobile":{"background-color":"var(--ast-global-color-5)","background-image":"","background-repeat":"repeat","background-position":"center center","background-size":"auto","background-attachment":"scroll","background-type":"","background-media":"","overlay-type":"","overlay-color":"","overlay-opacity":"","overlay-gradient":""}}},"product_brand":[4687],"product_cat":[1115,1114],"product_tag":[3474],"product_format_filter":[],"class_list":{"0":"post-107030","1":"product","2":"type-product","3":"status-publish","4":"has-post-thumbnail","6":"product_brand-spark","7":"product_cat-gelules-fr","8":"product_cat-gelules","9":"product_tag-spark-fr","10":"pa_format-30-units-fr","11":"pa_intensity-thc-eleve","12":"pa_marques-spark-fr","13":"pa_origin-ontario-fr","14":"pa_thc-10mg-fr","15":"pa_type-de-plante-hybride-fr","16":"pa_type-de-plante-thc-fr","17":"desktop-align-left","18":"tablet-align-left","19":"mobile-align-left","21":"first","22":"outofstock","23":"taxable","24":"shipping-taxable","25":"purchasable","26":"product-type-simple"},"group_of_quantity":0,"min_quantity":0,"max_quantity":"","exclude_order_quantity_value_rules":"no","exclude_category_quantity_rules":"no","combine_variations":"no","acf":[],"_links":{"self":[{"href":"https:\/\/mendomedical.ca\/fr\/wp-json\/wp\/v2\/product\/107030","targetHints":{"allow":["GET"]}}],"collection":[{"href":"https:\/\/mendomedical.ca\/fr\/wp-json\/wp\/v2\/product"}],"about":[{"href":"https:\/\/mendomedical.ca\/fr\/wp-json\/wp\/v2\/types\/product"}],"replies":[{"embeddable":true,"href":"https:\/\/mendomedical.ca\/fr\/wp-json\/wp\/v2\/comments?post=107030"}],"wp:featuredmedia":[{"embeddable":true,"href":"https:\/\/mendomedical.ca\/fr\/wp-json\/wp\/v2\/media\/107127"}],"wp:attachment":[{"href":"https:\/\/mendomedical.ca\/fr\/wp-json\/wp\/v2\/media?parent=107030"}],"wp:term":[{"taxonomy":"product_brand","embeddable":true,"href":"https:\/\/mendomedical.ca\/fr\/wp-json\/wp\/v2\/product_brand?post=107030"},{"taxonomy":"product_cat","embeddable":true,"href":"https:\/\/mendomedical.ca\/fr\/wp-json\/wp\/v2\/product_cat?post=107030"},{"taxonomy":"product_tag","embeddable":true,"href":"https:\/\/mendomedical.ca\/fr\/wp-json\/wp\/v2\/product_tag?post=107030"},{"taxonomy":"product_format_filter","embeddable":true,"href":"https:\/\/mendomedical.ca\/fr\/wp-json\/wp\/v2\/product_format_filter?post=107030"}],"curies":[{"name":"wp","href":"https:\/\/api.w.org\/{rel}","templated":true}]}}