{"id":106998,"date":"2024-09-01T12:00:57","date_gmt":"2024-09-01T16:00:57","guid":{"rendered":"https:\/\/mendomedical.ca\/?post_type=product&#038;p=106998"},"modified":"2026-04-04T09:11:56","modified_gmt":"2026-04-04T13:11:56","slug":"gas-cake-jungle-boys-genetics-pre-rolls","status":"publish","type":"product","link":"https:\/\/mendomedical.ca\/fr\/produit\/gas-cake-jungle-boys-genetics-pre-rolls\/","title":{"rendered":"Gas Cake (Jungle Boys Genetics) Pr\u00e9-rolls"},"content":{"rendered":"","protected":false},"excerpt":{"rendered":"<div class=\"ExternalClass4A88997ED6114AA7A5CC9679B310E623\">\n<h3>Gas Cake (Jungle Boys Genetics) Pr\u00e9-rolls par Ostara M\u00e9dical<\/h3>\n<h3>Terp\u00e8nes totaux : 3,26%.<\/h3>\n<p>D\u00e9couvrez le savoir-faire exceptionnel de Jungle Boys Genetics avec les Pr\u00e9-rolls Gas Cake d&rsquo;Ostara M\u00e9dical. Cette vari\u00e9t\u00e9 de qualit\u00e9 sup\u00e9rieure combine les g\u00e9n\u00e9tiques High Octane et Jungle Cake pour offrir un profil aromatique complexe et des effets puissants. Avec un taux impressionnant de 3,26 % de terp\u00e8nes totaux et des cocottes couvertes de trichomes, ces Pr\u00e9-rolls offrent un moyen pratique de profiter de l&rsquo;exp\u00e9rience unique de cette vari\u00e9t\u00e9 remarquable, semblable \u00e0 un dessert, et de ses effets \u00e9quilibr\u00e9s.  <\/p>\n<h4>Caract\u00e9ristiques principales<\/h4>\n<ul>\n<li>Premium Jungle Boys Genetics avec la lign\u00e9e High Octane x Jungle Cake<\/li>\n<li>Teneur \u00e9lev\u00e9e en terp\u00e8nes (3,26 %) pour une saveur et des effets renforc\u00e9s<\/li>\n<li>Profil aromatique complexe combinant des notes de gaz, de g\u00e2teau \u00e0 la vanille sucr\u00e9 et de citron.<\/li>\n<li>Effets \u00e9quilibr\u00e9s offrant une relaxation corporelle et une clart\u00e9 mentale<\/li>\n<li>Des cocottes riches en trichomes garantissant une puissance et une qualit\u00e9 constantes.<\/li>\n<\/ul>\n<h4>Profil aromatique et gustatif<\/h4>\n<p>Le profil aromatique et gustatif de Gas Cake est aussi complexe que le sugg\u00e8re sa prestigieuse lign\u00e9e. Une robuste note gazeuse sert de base, compl\u00e9t\u00e9e par des couches de g\u00e2teau \u00e0 la vanille sucr\u00e9 et cr\u00e9meux. Des notes subtiles de citron acidul\u00e9 ajoutent une touche d\u00e9licieuse \u00e0 cette exp\u00e9rience unique de dessert, laissant \u00e0 chaque inhalation une impression persistante de douceur semblable \u00e0 celle d&rsquo;un gla\u00e7age.  <\/p>\n<h4>Profil des cannabino\u00efdes et des terp\u00e8nes<\/h4>\n<p>Avec 3,26% de terp\u00e8nes totaux, Gas Cake offre un riche profil terp\u00e9nique domin\u00e9 par le myrc\u00e8ne et le limon\u00e8ne. La teneur substantielle en myrc\u00e8ne contribue aux effets corporels relaxants de la vari\u00e9t\u00e9, tandis que le limon\u00e8ne lui conf\u00e8re une composante mentale stimulante. Cette composition terp\u00e9nique soigneusement \u00e9quilibr\u00e9e refl\u00e8te l&rsquo;h\u00e9ritage de l&rsquo;OG Kush tout en offrant les caract\u00e9ristiques uniques qui font de Gas Cake une vari\u00e9t\u00e9 \u00e0 part.  <\/p>\n<h4>Effets<\/h4>\n<p>Attendez-vous \u00e0 des effets corporels robustes temp\u00e9r\u00e9s par une clart\u00e9 d&rsquo;esprit due \u00e0 la juste touche d&rsquo;influence de la sativa. La teneur substantielle en myrc\u00e8ne peut procurer une sensation corporelle profond\u00e9ment relaxante, tandis que l&rsquo;essence \u00e9nergisante de limon\u00e8ne peut aider \u00e0 assurer un \u00e9tat mental flottant et satisfait. Cette combinaison enveloppe votre corps d&rsquo;une relaxation tranquille tout en gardant votre esprit vif et optimiste.  <\/p>\n<h4>Pourquoi choisir les pr\u00e9-rolls ?<\/h4>\n<p>Les Pr\u00e9-rolls offrent aux utilisateurs m\u00e9dicaux un dosage pratique et coh\u00e9rent sans avoir besoin de les broyer ou de les rouler. Parfaites pour les personnes ayant une dext\u00e9rit\u00e9 limit\u00e9e ou des contraintes de temps, ces options pr\u00eates \u00e0 l&#8217;emploi vous garantissent la m\u00eame qualit\u00e9 \u00e0 chaque fois. <\/p>\n<h4>Exp\u00e9dition dans tout le Canada<\/h4>\n<p>Gas Cake (Jungle Boys Genetics) Pr\u00e9-rolls est exp\u00e9di\u00e9 rapidement \u00e0 travers le Canada. Nous offrons une livraison gratuite pour toutes les commandes de plus de 150 $, ce qui vous assure de recevoir vos produits de cannabis m\u00e9dical rapidement et discr\u00e8tement. <\/p>\n<h4>Avantages et couverture pour les anciens combattants<\/h4>\n<p>Les Pr\u00e9-rolls de Gas Cake (Jungle Boys Genetics) sont admissibles \u00e0 la couverture d&rsquo;ACC (Anciens Combattants Canada) avec facturation directe par l&rsquo;entremise de la Croix Bleue, ce qui signifie que les anciens combattants admissibles n&rsquo;ont pas \u00e0 d\u00e9bourser d&rsquo;argent. Si vous n&rsquo;avez pas encore votre carte m\u00e9dicale, vous pouvez en obtenir une rapidement et facilement \u00e0 l&rsquo;<a href=\"https:\/\/mendomedical.ca\/fr\/carte-medicale\/\">adresse https:\/\/mendomedical.ca\/medical-card\/.<\/a> <\/p>\n<\/div>\n","protected":false},"featured_media":106974,"comment_status":"closed","ping_status":"closed","template":"","meta":{"_acf_changed":false,"site-sidebar-layout":"default","site-content-layout":"","ast-site-content-layout":"default","site-content-style":"default","site-sidebar-style":"default","ast-global-header-display":"","ast-banner-title-visibility":"","ast-main-header-display":"","ast-hfb-above-header-display":"","ast-hfb-below-header-display":"","ast-hfb-mobile-header-display":"","site-post-title":"","ast-breadcrumbs-content":"","ast-featured-img":"","footer-sml-layout":"","ast-disable-related-posts":"","theme-transparent-header-meta":"default","adv-header-id-meta":"","stick-header-meta":"","header-above-stick-meta":"","header-main-stick-meta":"","header-below-stick-meta":"","astra-migrate-meta-layouts":"set","ast-page-background-enabled":"default","ast-page-background-meta":{"desktop":{"background-color":"var(--ast-global-color-4)","background-image":"","background-repeat":"repeat","background-position":"center center","background-size":"auto","background-attachment":"scroll","background-type":"","background-media":"","overlay-type":"","overlay-color":"","overlay-opacity":"","overlay-gradient":""},"tablet":{"background-color":"","background-image":"","background-repeat":"repeat","background-position":"center center","background-size":"auto","background-attachment":"scroll","background-type":"","background-media":"","overlay-type":"","overlay-color":"","overlay-opacity":"","overlay-gradient":""},"mobile":{"background-color":"","background-image":"","background-repeat":"repeat","background-position":"center center","background-size":"auto","background-attachment":"scroll","background-type":"","background-media":"","overlay-type":"","overlay-color":"","overlay-opacity":"","overlay-gradient":""}},"ast-content-background-meta":{"desktop":{"background-color":"var(--ast-global-color-5)","background-image":"","background-repeat":"repeat","background-position":"center center","background-size":"auto","background-attachment":"scroll","background-type":"","background-media":"","overlay-type":"","overlay-color":"","overlay-opacity":"","overlay-gradient":""},"tablet":{"background-color":"var(--ast-global-color-5)","background-image":"","background-repeat":"repeat","background-position":"center center","background-size":"auto","background-attachment":"scroll","background-type":"","background-media":"","overlay-type":"","overlay-color":"","overlay-opacity":"","overlay-gradient":""},"mobile":{"background-color":"var(--ast-global-color-5)","background-image":"","background-repeat":"repeat","background-position":"center center","background-size":"auto","background-attachment":"scroll","background-type":"","background-media":"","overlay-type":"","overlay-color":"","overlay-opacity":"","overlay-gradient":""}}},"product_brand":[],"product_cat":[4803,1144],"product_tag":[2515],"product_format_filter":[6393],"class_list":{"0":"post-106998","1":"product","2":"type-product","3":"status-publish","4":"has-post-thumbnail","6":"product_cat-pre-rolls-non-infuses","7":"product_cat-pre-roules","8":"product_tag-ostara-medical-fr","9":"pa_flavours-citron","10":"pa_flavours-cremeux","11":"pa_flavours-cake-fr","12":"pa_flavours-gazeux","13":"pa_flavours-doux","14":"pa_flavours-vanille","15":"pa_format-0-6-g-x-10-fr","16":"pa_intensity-thc-eleve","17":"pa_marques-ostara-medical-fr","18":"pa_origin-quebec-fr","19":"pa_thc-31-8","20":"pa_type-de-plante-indica-fr","21":"product_format_filter-0-6g","22":"desktop-align-left","23":"tablet-align-left","24":"mobile-align-left","26":"first","27":"instock","28":"taxable","29":"shipping-taxable","30":"purchasable","31":"product-type-simple"},"group_of_quantity":0,"min_quantity":0,"max_quantity":"","exclude_order_quantity_value_rules":"no","exclude_category_quantity_rules":"no","combine_variations":"no","acf":[],"_links":{"self":[{"href":"https:\/\/mendomedical.ca\/fr\/wp-json\/wp\/v2\/product\/106998","targetHints":{"allow":["GET"]}}],"collection":[{"href":"https:\/\/mendomedical.ca\/fr\/wp-json\/wp\/v2\/product"}],"about":[{"href":"https:\/\/mendomedical.ca\/fr\/wp-json\/wp\/v2\/types\/product"}],"replies":[{"embeddable":true,"href":"https:\/\/mendomedical.ca\/fr\/wp-json\/wp\/v2\/comments?post=106998"}],"wp:featuredmedia":[{"embeddable":true,"href":"https:\/\/mendomedical.ca\/fr\/wp-json\/wp\/v2\/media\/106974"}],"wp:attachment":[{"href":"https:\/\/mendomedical.ca\/fr\/wp-json\/wp\/v2\/media?parent=106998"}],"wp:term":[{"taxonomy":"product_brand","embeddable":true,"href":"https:\/\/mendomedical.ca\/fr\/wp-json\/wp\/v2\/product_brand?post=106998"},{"taxonomy":"product_cat","embeddable":true,"href":"https:\/\/mendomedical.ca\/fr\/wp-json\/wp\/v2\/product_cat?post=106998"},{"taxonomy":"product_tag","embeddable":true,"href":"https:\/\/mendomedical.ca\/fr\/wp-json\/wp\/v2\/product_tag?post=106998"},{"taxonomy":"product_format_filter","embeddable":true,"href":"https:\/\/mendomedical.ca\/fr\/wp-json\/wp\/v2\/product_format_filter?post=106998"}],"curies":[{"name":"wp","href":"https:\/\/api.w.org\/{rel}","templated":true}]}}