{"id":106976,"date":"2024-09-01T12:03:09","date_gmt":"2024-09-01T16:03:09","guid":{"rendered":"https:\/\/mendomedical.ca\/?post_type=product&#038;p=106976"},"modified":"2026-04-08T17:39:03","modified_gmt":"2026-04-08T21:39:03","slug":"grape-stank-grape-gasoline-x-garlic-grove-pre-rolls","status":"publish","type":"product","link":"https:\/\/mendomedical.ca\/fr\/produit\/grape-stank-grape-gasoline-x-garlic-grove-pre-rolls\/","title":{"rendered":"Grape Stank (Grape Gasoline X Garlic Grove) Pr\u00e9-rolls"},"content":{"rendered":"","protected":false},"excerpt":{"rendered":"<div class=\"ExternalClass3BB1728E26684BD893CCBBB62D77D8FB\">\n<h3>Grape Stank (Grape Gasoline X Garlic Grove) Pr\u00e9-rolls par Ostara M\u00e9dical<\/h3>\n<h3>Terp\u00e8nes totaux : 2-5%.<\/h3>\n<p>D\u00e9couvrez la fusion distinctive des g\u00e9n\u00e9tiques Grape Gasoline et Garlic Grove dans ces Pr\u00e9-rolls savamment \u00e9labor\u00e9s par Ostara M\u00e9dical. Avec 2 \u00e0 5 % de terp\u00e8nes totaux et un profil de terpinol\u00e8ne pro\u00e9minent, Grape Stank offre une exp\u00e9rience \u00e9nergisante caract\u00e9ris\u00e9e par sa combinaison unique d&rsquo;ar\u00f4mes de raisin et d&rsquo;essence. Ces Pr\u00e9-rolls non infus\u00e9s pr\u00e9sentent des cocottes denses et couvertes de trichomes avec des calices violets saisissants, offrant aux patients de cannabis m\u00e9dical un format pratique et pr\u00eat \u00e0 l&#8217;emploi.  <\/p>\n<h4>Caract\u00e9ristiques principales<\/h4>\n<ul>\n<li>Croisement g\u00e9n\u00e9tique premium de souches Grape Gasoline X Garlic Grove<\/li>\n<li>2-5% de terp\u00e8nes totaux avec une pr\u00e9sence dominante de terpinol\u00e8ne<\/li>\n<li>Cocottes denses, de taille moyenne, \u00e0 trichomes abondants et \u00e0 calices violets.<\/li>\n<li>Effets \u00e9nergisants qui peuvent contribuer \u00e0 l&rsquo;am\u00e9lioration de l&rsquo;humeur et de la cr\u00e9ativit\u00e9<\/li>\n<li>Format Pr\u00e9-rolls pratique pour un dosage r\u00e9gulier et sans probl\u00e8me.<\/li>\n<\/ul>\n<h4>Profil aromatique et gustatif<\/h4>\n<p>D\u00e8s l&rsquo;ouverture, Grape Stank vous accueille avec un d\u00e9licieux ar\u00f4me de raisin qui \u00e9volue progressivement pour r\u00e9v\u00e9ler des notes dominantes d&rsquo;essence. Le profil terp\u00e9nique robuste cr\u00e9e un m\u00e9lange distinctif de notes de raisin sucr\u00e9 et d&rsquo;essence piquante qui capture avec pr\u00e9cision l&rsquo;essence de la vari\u00e9t\u00e9. Le terpinol\u00e8ne pro\u00e9minent contribue \u00e0 la fois \u00e0 la complexit\u00e9 aromatique et aux effets stimulants caract\u00e9ristiques de la vari\u00e9t\u00e9.  <\/p>\n<h4>Pourquoi choisir les pr\u00e9-rolls ?<\/h4>\n<p>Les Pr\u00e9-rolls offrent aux patients de cannabis m\u00e9dical un dosage pr\u00e9cis et coh\u00e9rent dans un format pratique. Ils \u00e9liminent le temps de pr\u00e9paration et assurent une distribution uniforme des cannabino\u00efdes, ce qui les rend id\u00e9aux pour les patients \u00e0 la recherche d&rsquo;options fiables et pr\u00eates \u00e0 l&#8217;emploi. <\/p>\n<h4>Exp\u00e9dition dans tout le Canada<\/h4>\n<p>Les Pr\u00e9-rolls Grape Stank sont exp\u00e9di\u00e9s rapidement \u00e0 travers le Canada. Nous offrons une livraison gratuite pour les commandes de plus de 150 $, ce qui garantit que votre cannabis m\u00e9dical vous parviendra rapidement et discr\u00e8tement. <\/p>\n<h4>Avantages et couverture pour les anciens combattants<\/h4>\n<p>Les Pr\u00e9-rolls Grape Stank sont admissibles \u00e0 la couverture d&rsquo;ACC (Anciens Combattants Canada) avec facturation directe par la Croix Bleue, ce qui signifie qu&rsquo;il n&rsquo;y a pas de frais \u00e0 d\u00e9bourser pour les anciens combattants admissibles. Si vous n&rsquo;avez pas encore de carte de cannabis m\u00e9dical, vous pouvez <a href=\"https:\/\/mendomedical.ca\/fr\/carte-medicale\/\">obtenir votre carte m\u00e9dicale gratuite rapidement et facilement<\/a> pour acc\u00e9der \u00e0 ces avantages. <\/p>\n<\/div>\n","protected":false},"featured_media":106974,"comment_status":"closed","ping_status":"closed","template":"","meta":{"_acf_changed":false,"site-sidebar-layout":"default","site-content-layout":"","ast-site-content-layout":"default","site-content-style":"default","site-sidebar-style":"default","ast-global-header-display":"","ast-banner-title-visibility":"","ast-main-header-display":"","ast-hfb-above-header-display":"","ast-hfb-below-header-display":"","ast-hfb-mobile-header-display":"","site-post-title":"","ast-breadcrumbs-content":"","ast-featured-img":"","footer-sml-layout":"","ast-disable-related-posts":"","theme-transparent-header-meta":"default","adv-header-id-meta":"","stick-header-meta":"","header-above-stick-meta":"","header-main-stick-meta":"","header-below-stick-meta":"","astra-migrate-meta-layouts":"set","ast-page-background-enabled":"default","ast-page-background-meta":{"desktop":{"background-color":"var(--ast-global-color-4)","background-image":"","background-repeat":"repeat","background-position":"center center","background-size":"auto","background-attachment":"scroll","background-type":"","background-media":"","overlay-type":"","overlay-color":"","overlay-opacity":"","overlay-gradient":""},"tablet":{"background-color":"","background-image":"","background-repeat":"repeat","background-position":"center center","background-size":"auto","background-attachment":"scroll","background-type":"","background-media":"","overlay-type":"","overlay-color":"","overlay-opacity":"","overlay-gradient":""},"mobile":{"background-color":"","background-image":"","background-repeat":"repeat","background-position":"center center","background-size":"auto","background-attachment":"scroll","background-type":"","background-media":"","overlay-type":"","overlay-color":"","overlay-opacity":"","overlay-gradient":""}},"ast-content-background-meta":{"desktop":{"background-color":"var(--ast-global-color-5)","background-image":"","background-repeat":"repeat","background-position":"center center","background-size":"auto","background-attachment":"scroll","background-type":"","background-media":"","overlay-type":"","overlay-color":"","overlay-opacity":"","overlay-gradient":""},"tablet":{"background-color":"var(--ast-global-color-5)","background-image":"","background-repeat":"repeat","background-position":"center center","background-size":"auto","background-attachment":"scroll","background-type":"","background-media":"","overlay-type":"","overlay-color":"","overlay-opacity":"","overlay-gradient":""},"mobile":{"background-color":"var(--ast-global-color-5)","background-image":"","background-repeat":"repeat","background-position":"center center","background-size":"auto","background-attachment":"scroll","background-type":"","background-media":"","overlay-type":"","overlay-color":"","overlay-opacity":"","overlay-gradient":""}}},"product_brand":[],"product_cat":[4803,1144],"product_tag":[2515],"product_format_filter":[6393],"class_list":{"0":"post-106976","1":"product","2":"type-product","3":"status-publish","4":"has-post-thumbnail","6":"product_cat-pre-rolls-non-infuses","7":"product_cat-pre-roules","8":"product_tag-ostara-medical-fr","9":"pa_flavours-essence","10":"pa_flavours-raisin","11":"pa_format-0-6-g-x-10-fr","12":"pa_intensity-thc-eleve","13":"pa_marques-ostara-medical-fr","14":"pa_origin-quebec-fr","15":"pa_type-de-plante-hybride-sativa-fr","16":"product_format_filter-0-6g","17":"desktop-align-left","18":"tablet-align-left","19":"mobile-align-left","21":"first","22":"instock","23":"taxable","24":"shipping-taxable","25":"purchasable","26":"product-type-simple"},"group_of_quantity":0,"min_quantity":0,"max_quantity":"","exclude_order_quantity_value_rules":"no","exclude_category_quantity_rules":"no","combine_variations":"no","acf":[],"_links":{"self":[{"href":"https:\/\/mendomedical.ca\/fr\/wp-json\/wp\/v2\/product\/106976","targetHints":{"allow":["GET"]}}],"collection":[{"href":"https:\/\/mendomedical.ca\/fr\/wp-json\/wp\/v2\/product"}],"about":[{"href":"https:\/\/mendomedical.ca\/fr\/wp-json\/wp\/v2\/types\/product"}],"replies":[{"embeddable":true,"href":"https:\/\/mendomedical.ca\/fr\/wp-json\/wp\/v2\/comments?post=106976"}],"wp:featuredmedia":[{"embeddable":true,"href":"https:\/\/mendomedical.ca\/fr\/wp-json\/wp\/v2\/media\/106974"}],"wp:attachment":[{"href":"https:\/\/mendomedical.ca\/fr\/wp-json\/wp\/v2\/media?parent=106976"}],"wp:term":[{"taxonomy":"product_brand","embeddable":true,"href":"https:\/\/mendomedical.ca\/fr\/wp-json\/wp\/v2\/product_brand?post=106976"},{"taxonomy":"product_cat","embeddable":true,"href":"https:\/\/mendomedical.ca\/fr\/wp-json\/wp\/v2\/product_cat?post=106976"},{"taxonomy":"product_tag","embeddable":true,"href":"https:\/\/mendomedical.ca\/fr\/wp-json\/wp\/v2\/product_tag?post=106976"},{"taxonomy":"product_format_filter","embeddable":true,"href":"https:\/\/mendomedical.ca\/fr\/wp-json\/wp\/v2\/product_format_filter?post=106976"}],"curies":[{"name":"wp","href":"https:\/\/api.w.org\/{rel}","templated":true}]}}