{"id":106962,"date":"2024-09-01T12:02:40","date_gmt":"2024-09-01T16:02:40","guid":{"rendered":"https:\/\/mendomedical.ca\/?post_type=product&#038;p=106962"},"modified":"2026-04-16T12:30:27","modified_gmt":"2026-04-16T16:30:27","slug":"bazookas-bubblegum-biscotti-x-grape-gasoline-pre-rolls","status":"publish","type":"product","link":"https:\/\/mendomedical.ca\/fr\/produit\/bazookas-bubblegum-biscotti-x-grape-gasoline-pre-rolls\/","title":{"rendered":"Pr\u00e9-rolls Bazookas"},"content":{"rendered":"","protected":false},"excerpt":{"rendered":"<div class=\"Qr7Oae\" role=\"listitem\">\n<div class=\"OxAavc NVbRL\" data-item-id=\"1198376709\">\n<div class=\"xMZTse Ih4Dzb\">\n<h3>Terp\u00e8nes totaux : 3-5%.<\/h3>\n<h5>Bubblegum Biscotti X Grape Gasoline<\/h5>\n<p><strong>Nos prerolls sont m\u00e9ticuleusement fabriqu\u00e9s \u00e0 la main \u00e0 partir de fleurs de premi\u00e8re qualit\u00e9. Con\u00e7us pour les consommateurs exp\u00e9riment\u00e9s, ils offrent un punch puissant avec un d\u00e9but euphorique suivi d&rsquo;une vague apaisante. En outre, ils procurent un sentiment d&rsquo;\u00e9l\u00e9vation et de clart\u00e9 mentale. Les bazookas, en particulier, constituent un rem\u00e8de efficace pour combattre la douleur et att\u00e9nuer les sympt\u00f4mes de la d\u00e9pression.   <\/strong><\/p>\n<p>&nbsp;<\/p>\n<h5>Ar\u00f4me :<\/h5>\n<p>Au d\u00e9but, un ar\u00f4me robuste de terre pr\u00e9domine, mais par la suite, des notes d&rsquo;essence et d&rsquo;agrumes deviennent pro\u00e9minentes.<\/p>\n<p>&nbsp;<\/p>\n<h5>Profil de saveur :<\/h5>\n<p>Apr\u00e8s l&rsquo;inhalation initiale, le palais est envelopp\u00e9 par les saveurs dominantes d&rsquo;agrumes et de citron.<\/p>\n<p>&nbsp;<\/p>\n<h5>Profil des cannabino\u00efdes et des terp\u00e8nes :<\/h5>\n<p>Cette vari\u00e9t\u00e9 pr\u00e9sente un profil terp\u00e9nique vari\u00e9, caract\u00e9ris\u00e9 par la pr\u00e9sence de limon\u00e8ne, de caryophyll\u00e8ne et d&rsquo;humul\u00e8ne. Ces compos\u00e9s contribuent \u00e0 faire de la Bazookas la vari\u00e9t\u00e9 unique pour laquelle elle est connue. <\/p>\n<p>&nbsp;<\/p>\n<h5>Effets :<\/h5>\n<p>Le Bazookas donne un coup de poing puissant avec un d\u00e9but euphorique suivi d&rsquo;un effet calmant. En outre, il procure un sentiment d&rsquo;\u00e9l\u00e9vation et de clart\u00e9 mentale. <\/p>\n<p>&nbsp;<\/p>\n<h5><b>Ce que les patients disent de ce produit<\/b>:<\/h5>\n<p>La Bazookas, une vari\u00e9t\u00e9 \u00e0 dominance indica, est r\u00e9put\u00e9e pour ses qualit\u00e9s antid\u00e9pressives et son efficacit\u00e9 \u00e0 soulager les douleurs chroniques. En outre, elle constitue un excellent rem\u00e8de contre l&rsquo;insomnie. <\/p>\n<\/div>\n<\/div>\n<\/div>\n","protected":false},"featured_media":106974,"comment_status":"closed","ping_status":"closed","template":"","meta":{"_acf_changed":false,"site-sidebar-layout":"default","site-content-layout":"","ast-site-content-layout":"default","site-content-style":"default","site-sidebar-style":"default","ast-global-header-display":"","ast-banner-title-visibility":"","ast-main-header-display":"","ast-hfb-above-header-display":"","ast-hfb-below-header-display":"","ast-hfb-mobile-header-display":"","site-post-title":"","ast-breadcrumbs-content":"","ast-featured-img":"","footer-sml-layout":"","ast-disable-related-posts":"","theme-transparent-header-meta":"default","adv-header-id-meta":"","stick-header-meta":"","header-above-stick-meta":"","header-main-stick-meta":"","header-below-stick-meta":"","astra-migrate-meta-layouts":"set","ast-page-background-enabled":"default","ast-page-background-meta":{"desktop":{"background-color":"var(--ast-global-color-4)","background-image":"","background-repeat":"repeat","background-position":"center center","background-size":"auto","background-attachment":"scroll","background-type":"","background-media":"","overlay-type":"","overlay-color":"","overlay-opacity":"","overlay-gradient":""},"tablet":{"background-color":"","background-image":"","background-repeat":"repeat","background-position":"center center","background-size":"auto","background-attachment":"scroll","background-type":"","background-media":"","overlay-type":"","overlay-color":"","overlay-opacity":"","overlay-gradient":""},"mobile":{"background-color":"","background-image":"","background-repeat":"repeat","background-position":"center center","background-size":"auto","background-attachment":"scroll","background-type":"","background-media":"","overlay-type":"","overlay-color":"","overlay-opacity":"","overlay-gradient":""}},"ast-content-background-meta":{"desktop":{"background-color":"var(--ast-global-color-5)","background-image":"","background-repeat":"repeat","background-position":"center center","background-size":"auto","background-attachment":"scroll","background-type":"","background-media":"","overlay-type":"","overlay-color":"","overlay-opacity":"","overlay-gradient":""},"tablet":{"background-color":"var(--ast-global-color-5)","background-image":"","background-repeat":"repeat","background-position":"center center","background-size":"auto","background-attachment":"scroll","background-type":"","background-media":"","overlay-type":"","overlay-color":"","overlay-opacity":"","overlay-gradient":""},"mobile":{"background-color":"var(--ast-global-color-5)","background-image":"","background-repeat":"repeat","background-position":"center center","background-size":"auto","background-attachment":"scroll","background-type":"","background-media":"","overlay-type":"","overlay-color":"","overlay-opacity":"","overlay-gradient":""}}},"product_brand":[],"product_cat":[4803,1144],"product_tag":[2515],"product_format_filter":[6393],"class_list":{"0":"post-106962","1":"product","2":"type-product","3":"status-publish","4":"has-post-thumbnail","6":"product_cat-pre-rolls-non-infuses","7":"product_cat-pre-roules","8":"product_tag-ostara-medical-fr","9":"pa_flavours-agrume","10":"pa_flavours-citron","11":"pa_format-0-6-g-x-10-fr","12":"pa_intensity-thc-eleve","13":"pa_marques-ostara-medical-fr","14":"pa_origin-quebec-fr","15":"pa_type-de-plante-hybride-indica-fr","16":"product_format_filter-0-6g","17":"desktop-align-left","18":"tablet-align-left","19":"mobile-align-left","21":"first","22":"instock","23":"taxable","24":"shipping-taxable","25":"purchasable","26":"product-type-simple"},"group_of_quantity":0,"min_quantity":0,"max_quantity":"","exclude_order_quantity_value_rules":"no","exclude_category_quantity_rules":"no","combine_variations":"no","acf":[],"_links":{"self":[{"href":"https:\/\/mendomedical.ca\/fr\/wp-json\/wp\/v2\/product\/106962","targetHints":{"allow":["GET"]}}],"collection":[{"href":"https:\/\/mendomedical.ca\/fr\/wp-json\/wp\/v2\/product"}],"about":[{"href":"https:\/\/mendomedical.ca\/fr\/wp-json\/wp\/v2\/types\/product"}],"replies":[{"embeddable":true,"href":"https:\/\/mendomedical.ca\/fr\/wp-json\/wp\/v2\/comments?post=106962"}],"wp:featuredmedia":[{"embeddable":true,"href":"https:\/\/mendomedical.ca\/fr\/wp-json\/wp\/v2\/media\/106974"}],"wp:attachment":[{"href":"https:\/\/mendomedical.ca\/fr\/wp-json\/wp\/v2\/media?parent=106962"}],"wp:term":[{"taxonomy":"product_brand","embeddable":true,"href":"https:\/\/mendomedical.ca\/fr\/wp-json\/wp\/v2\/product_brand?post=106962"},{"taxonomy":"product_cat","embeddable":true,"href":"https:\/\/mendomedical.ca\/fr\/wp-json\/wp\/v2\/product_cat?post=106962"},{"taxonomy":"product_tag","embeddable":true,"href":"https:\/\/mendomedical.ca\/fr\/wp-json\/wp\/v2\/product_tag?post=106962"},{"taxonomy":"product_format_filter","embeddable":true,"href":"https:\/\/mendomedical.ca\/fr\/wp-json\/wp\/v2\/product_format_filter?post=106962"}],"curies":[{"name":"wp","href":"https:\/\/api.w.org\/{rel}","templated":true}]}}