{"id":106890,"date":"2024-09-01T03:30:48","date_gmt":"2024-09-01T07:30:48","guid":{"rendered":"https:\/\/mendomedical.ca\/?post_type=product&#038;p=106890"},"modified":"2024-09-24T09:17:26","modified_gmt":"2024-09-24T13:17:26","slug":"jungle-fumes-pre-rolls","status":"publish","type":"product","link":"https:\/\/mendomedical.ca\/fr\/produit\/jungle-fumes-pre-rolls\/","title":{"rendered":"Jungle Fumes Pre-rolls"},"content":{"rendered":"","protected":false},"excerpt":{"rendered":"<div class=\"Qr7Oae\" role=\"listitem\">\n<div class=\"OxAavc NVbRL\" data-item-id=\"1198376709\">\n<div class=\"xMZTse Ih4Dzb\">\n<h3>Terp\u00e8nes Totaux: 3.4%<\/h3>\n<h5>Sour Diesel x Chemdawg x Lemon OG<\/h5>\n<p><strong>Arr\u00eatez-vous et sentez les fum\u00e9es de la jungle ! Ces t\u00eates denses de couleur Jungle regorgent de saveurs diesel et chimiques ! Les vari\u00e9t\u00e9s parentales de Sour Diesel x Chemdawg x Lemon OG cr\u00e9ent une sativa qui pr\u00e9sente d\u00e8s le d\u00e9part un fort ar\u00f4me de diesel, des nuances chimiques et des notes de fruits tropicaux. Jungle Fumes vous emm\u00e8nera dans une croisi\u00e8re dans la jungle \u00e0 travers vos sens ! Les produits de fleurs s\u00e9ch\u00e9es FIGR sont s\u00e9lectionn\u00e9s \u00e0 la main pour garantir que chaque emballage contient des t\u00eates denses et de haute qualit\u00e9.<\/strong><\/p>\n<p>&nbsp;<\/p>\n<div id=\"tw-target-text-container\" class=\"tw-ta-container F0azHf tw-nfl\" tabindex=\"0\">\n<h5>Ar\u00f4me:<\/h5>\n<p>Engagez vos sens avec l\u2019ar\u00f4me enivrant de Jungle Fumes. \u00c0 partir du moment o\u00f9 vous ouvrez le pot, une vague de diesel remplit l\u2019air, accompagn\u00e9e de nuances chimiques robustes qui retiennent l\u2019attention. Sous la surface se cache une pointe de fruits tropicaux, ajoutant une touche de douceur au bouquet. Cette symphonie de senteurs titille les narines et vous invite \u00e0 une aventure sensorielle \u00e0 travers la jungle des saveurs.<\/p>\n<p>&nbsp;<\/p>\n<h5>Profil de saveur\u00a0:<\/h5>\n<p>Embarquez pour une exp\u00e9dition de saveurs avec Jungle Fumes qui transcende l\u2019ordinaire. Lorsque vous inspirez, la saveur audacieuse du diesel captive votre palais, laissant une impression ind\u00e9l\u00e9bile par son intensit\u00e9. Les nuances chimiques complexes ajoutent de la profondeur et de la complexit\u00e9, taquinant les papilles gustatives avec leur interaction complexe. Au fur et \u00e0 mesure que la fum\u00e9e se dissipe, des notes de fruits tropicaux \u00e9mergent, \u00e9quilibrant l\u2019exp\u00e9rience avec une touche de douceur. Chaque bouff\u00e9e est un voyage de d\u00e9couverte, r\u00e9v\u00e9lant de nouvelles couches de saveurs \u00e0 chaque inhalation.<\/p>\n<p>&nbsp;<\/p>\n<h5>Profil cannabino\u00efde et terp\u00e8ne\u00a0:<\/h5>\n<p>Jungle Fumes poss\u00e8de un profil de cannabino\u00efdes et de terp\u00e8nes in\u00e9gal\u00e9, \u00e9tablissant une nouvelle norme en mati\u00e8re de puissance et de qualit\u00e9. Avec des niveaux de THC sup\u00e9rieurs \u00e0 30 %, elle procure un effet puissant et euphorique qui vous transporte vers de nouveaux sommets de conscience. Son profil terp\u00e9nique, riche en diesel, produits chimiques et limon\u00e8ne citronn\u00e9, am\u00e9liore \u00e0 la fois l\u2019ar\u00f4me et les effets, amplifiant l\u2019exp\u00e9rience globale et laissant une impression durable sur les sens.<\/p>\n<p>&nbsp;<\/p>\n<h5>Effets:<\/h5>\n<p>Pr\u00e9parez-vous pour un voyage exaltant \u00e0 travers la jungle de votre esprit avec Jungle Fumes. Alors que vous vous adonnez \u00e0 cette sativa puissante, une pouss\u00e9e d\u2019\u00e9nergie et d\u2019euphorie vous envahit, revigorant l\u2019esprit et enflammant l\u2019imagination. Les sentiments de cr\u00e9ativit\u00e9 et d\u2019inspiration abondent, alimentant la productivit\u00e9 et l\u2019innovation. Malgr\u00e9 sa puissance, Jungle Fumes offre un effet \u00e9quilibr\u00e9 qui am\u00e9liore l\u2019humeur et stimule l\u2019esprit, ce qui en fait le compagnon id\u00e9al pour les aventures diurnes et les activit\u00e9s cr\u00e9atives.<\/p>\n<\/div>\n<\/div>\n<\/div>\n<\/div>\n","protected":false},"featured_media":106886,"comment_status":"closed","ping_status":"closed","template":"","meta":{"_acf_changed":false,"site-sidebar-layout":"default","site-content-layout":"","ast-site-content-layout":"default","site-content-style":"default","site-sidebar-style":"default","ast-global-header-display":"","ast-banner-title-visibility":"","ast-main-header-display":"","ast-hfb-above-header-display":"","ast-hfb-below-header-display":"","ast-hfb-mobile-header-display":"","site-post-title":"","ast-breadcrumbs-content":"","ast-featured-img":"","footer-sml-layout":"","ast-disable-related-posts":"","theme-transparent-header-meta":"default","adv-header-id-meta":"","stick-header-meta":"","header-above-stick-meta":"","header-main-stick-meta":"","header-below-stick-meta":"","astra-migrate-meta-layouts":"set","ast-page-background-enabled":"default","ast-page-background-meta":{"desktop":{"background-color":"var(--ast-global-color-4)","background-image":"","background-repeat":"repeat","background-position":"center center","background-size":"auto","background-attachment":"scroll","background-type":"","background-media":"","overlay-type":"","overlay-color":"","overlay-opacity":"","overlay-gradient":""},"tablet":{"background-color":"","background-image":"","background-repeat":"repeat","background-position":"center center","background-size":"auto","background-attachment":"scroll","background-type":"","background-media":"","overlay-type":"","overlay-color":"","overlay-opacity":"","overlay-gradient":""},"mobile":{"background-color":"","background-image":"","background-repeat":"repeat","background-position":"center center","background-size":"auto","background-attachment":"scroll","background-type":"","background-media":"","overlay-type":"","overlay-color":"","overlay-opacity":"","overlay-gradient":""}},"ast-content-background-meta":{"desktop":{"background-color":"var(--ast-global-color-5)","background-image":"","background-repeat":"repeat","background-position":"center center","background-size":"auto","background-attachment":"scroll","background-type":"","background-media":"","overlay-type":"","overlay-color":"","overlay-opacity":"","overlay-gradient":""},"tablet":{"background-color":"var(--ast-global-color-5)","background-image":"","background-repeat":"repeat","background-position":"center center","background-size":"auto","background-attachment":"scroll","background-type":"","background-media":"","overlay-type":"","overlay-color":"","overlay-opacity":"","overlay-gradient":""},"mobile":{"background-color":"var(--ast-global-color-5)","background-image":"","background-repeat":"repeat","background-position":"center center","background-size":"auto","background-attachment":"scroll","background-type":"","background-media":"","overlay-type":"","overlay-color":"","overlay-opacity":"","overlay-gradient":""}}},"product_brand":[],"product_cat":[4803,1144],"product_tag":[2893],"product_format_filter":[],"class_list":{"0":"post-106890","1":"product","2":"type-product","3":"status-publish","4":"has-post-thumbnail","6":"product_cat-pre-rolls-non-infuses","7":"product_cat-pre-roules","8":"product_tag-figr-fr","9":"pa_flavours-chem-fr","10":"pa_flavours-gazeux-diesel","11":"pa_flavours-doux","12":"pa_flavours-tropical-fr","13":"pa_format-0-35g-x-10-fr","14":"pa_intensity-thc-eleve","15":"pa_marques-figr-fr","16":"pa_origin-ile-du-prince-edouard","17":"pa_thc-32-4-fr","18":"pa_type-de-plante-sativa-fr","19":"desktop-align-left","20":"tablet-align-left","21":"mobile-align-left","23":"first","24":"outofstock","25":"taxable","26":"shipping-taxable","27":"purchasable","28":"product-type-simple"},"group_of_quantity":0,"min_quantity":0,"max_quantity":"","exclude_order_quantity_value_rules":"no","exclude_category_quantity_rules":"no","combine_variations":"no","acf":[],"_links":{"self":[{"href":"https:\/\/mendomedical.ca\/fr\/wp-json\/wp\/v2\/product\/106890","targetHints":{"allow":["GET"]}}],"collection":[{"href":"https:\/\/mendomedical.ca\/fr\/wp-json\/wp\/v2\/product"}],"about":[{"href":"https:\/\/mendomedical.ca\/fr\/wp-json\/wp\/v2\/types\/product"}],"replies":[{"embeddable":true,"href":"https:\/\/mendomedical.ca\/fr\/wp-json\/wp\/v2\/comments?post=106890"}],"wp:featuredmedia":[{"embeddable":true,"href":"https:\/\/mendomedical.ca\/fr\/wp-json\/wp\/v2\/media\/106886"}],"wp:attachment":[{"href":"https:\/\/mendomedical.ca\/fr\/wp-json\/wp\/v2\/media?parent=106890"}],"wp:term":[{"taxonomy":"product_brand","embeddable":true,"href":"https:\/\/mendomedical.ca\/fr\/wp-json\/wp\/v2\/product_brand?post=106890"},{"taxonomy":"product_cat","embeddable":true,"href":"https:\/\/mendomedical.ca\/fr\/wp-json\/wp\/v2\/product_cat?post=106890"},{"taxonomy":"product_tag","embeddable":true,"href":"https:\/\/mendomedical.ca\/fr\/wp-json\/wp\/v2\/product_tag?post=106890"},{"taxonomy":"product_format_filter","embeddable":true,"href":"https:\/\/mendomedical.ca\/fr\/wp-json\/wp\/v2\/product_format_filter?post=106890"}],"curies":[{"name":"wp","href":"https:\/\/api.w.org\/{rel}","templated":true}]}}