{"id":106852,"date":"2025-09-13T17:00:55","date_gmt":"2025-09-13T21:00:55","guid":{"rendered":"https:\/\/mendomedical.ca\/?post_type=product&#038;p=106852"},"modified":"2026-04-09T10:14:24","modified_gmt":"2026-04-09T14:14:24","slug":"zombie-kush-pre-rolls","status":"publish","type":"product","link":"https:\/\/mendomedical.ca\/fr\/produit\/zombie-kush-pre-rolls\/","title":{"rendered":"Pr\u00e9-rolls Zombie Kush"},"content":{"rendered":"","protected":false},"excerpt":{"rendered":"<div class=\"ExternalClassD007F669ECDF45DDB95CA5FF0C3B1858\">\n<h3>Zombie Kush Pr\u00e9-rolls<\/h3>\n<p>D\u00e9couvrez le savoir-faire exceptionnel de Royal Cannabis Supply Co avec les Pr\u00e9-rolls Zombie Kush. Ces Pr\u00e9-rolls premium non infus\u00e9s offrent un profil de saveur multidimensionnel sophistiqu\u00e9, combinant des notes de baies et de pin avec un ar\u00f4me de lavande terreuse. Chaque Pr\u00e9-rolls est fini \u00e0 la main \u00e0 la perfection, assurant une qualit\u00e9 constante et une exp\u00e9rience de fumage optimale pour les consommateurs de cannabis m\u00e9dical \u00e0 la recherche d&rsquo;options fiables et pratiques.<\/p>\n<h4>Caract\u00e9ristiques principales<\/h4>\n<ul>\n<li>Pr\u00e9-rolls de qualit\u00e9 sup\u00e9rieure finis \u00e0 la main pour une qualit\u00e9 et une combustion constantes.<\/li>\n<li>Profil aromatique complexe avec des notes de baies, de pin et de terre.<\/li>\n<li>L&rsquo;ar\u00f4me distinctif de lavande ajoute de la profondeur \u00e0 l&rsquo;exp\u00e9rience sensorielle.<\/li>\n<li>Le format non infus\u00e9 permet d&rsquo;obtenir des fleurs de cannabis pures et non alt\u00e9r\u00e9es.<\/li>\n<li>Format pratique pr\u00eat \u00e0 l&#8217;emploi id\u00e9al pour les utilisateurs m\u00e9dicaux<\/li>\n<\/ul>\n<h4>Profil aromatique et gustatif<\/h4>\n<p>Les Pr\u00e9-rolls Zombie Kush offrent un voyage sensoriel remarquable gr\u00e2ce \u00e0 leur profil terp\u00e9nique soigneusement cultiv\u00e9. Les notes dominantes de baies fournissent une base sucr\u00e9e, tandis que les nuances de pin ajoutent une acuit\u00e9 rafra\u00eechissante. Les notes de base terreuses sont compl\u00e9t\u00e9es par un ar\u00f4me de lavande distinctif, cr\u00e9ant une exp\u00e9rience de cannabis bien \u00e9quilibr\u00e9e et sophistiqu\u00e9e qui pla\u00eet aux utilisateurs m\u00e9dicaux exigeants.<\/p>\n<h4>Pourquoi choisir les pr\u00e9-rolls ?<\/h4>\n<p>Les Pr\u00e9-rolls offrent une commodit\u00e9 in\u00e9gal\u00e9e pour les consommateurs de cannabis m\u00e9dical, en \u00e9liminant le besoin de broyage, de roulage ou d&rsquo;\u00e9quipement suppl\u00e9mentaire. Ils offrent un dosage et une qualit\u00e9 constants, ce qui les rend id\u00e9aux pour les patients qui ont besoin d&rsquo;un m\u00e9dicament fiable et pr\u00eat \u00e0 l&#8217;emploi.<\/p>\n<h4>Exp\u00e9dition dans tout le Canada<\/h4>\n<p>Zombie Kush Pr\u00e9-rolls est exp\u00e9di\u00e9 rapidement \u00e0 travers le Canada, vous assurant de recevoir votre cannabis m\u00e9dical rapidement. Nous offrons la livraison gratuite pour toutes les commandes de plus de 150 $, ce qui facilite le maintien de votre approvisionnement en produits pr\u00e9f\u00e9r\u00e9s.<\/p>\n<h4>Avantages et couverture pour les anciens combattants<\/h4>\n<p>Les Pr\u00e9-rolls Zombie Kush sont admissibles \u00e0 la couverture d&rsquo;ACC (Anciens Combattants Canada) et \u00e0 la facturation directe par l&rsquo;entremise de la Croix Bleue, ce qui signifie qu&rsquo;il n&rsquo;y a pas de frais \u00e0 d\u00e9bourser pour les anciens combattants admissibles. Si vous n&rsquo;avez pas encore de carte de cannabis m\u00e9dical, vous pouvez <a href=\"https:\/\/mendomedical.ca\/fr\/carte-medicale\/\">obtenir votre carte m\u00e9dicale gratuite rapidement et facilement<\/a> gr\u00e2ce \u00e0 notre processus de demande simplifi\u00e9.<\/p>\n<\/div>\n","protected":false},"featured_media":106850,"comment_status":"closed","ping_status":"closed","template":"","meta":{"_acf_changed":false,"site-sidebar-layout":"default","site-content-layout":"","ast-site-content-layout":"default","site-content-style":"default","site-sidebar-style":"default","ast-global-header-display":"","ast-banner-title-visibility":"","ast-main-header-display":"","ast-hfb-above-header-display":"","ast-hfb-below-header-display":"","ast-hfb-mobile-header-display":"","site-post-title":"","ast-breadcrumbs-content":"","ast-featured-img":"","footer-sml-layout":"","ast-disable-related-posts":"","theme-transparent-header-meta":"default","adv-header-id-meta":"","stick-header-meta":"","header-above-stick-meta":"","header-main-stick-meta":"","header-below-stick-meta":"","astra-migrate-meta-layouts":"set","ast-page-background-enabled":"default","ast-page-background-meta":{"desktop":{"background-color":"var(--ast-global-color-4)","background-image":"","background-repeat":"repeat","background-position":"center center","background-size":"auto","background-attachment":"scroll","background-type":"","background-media":"","overlay-type":"","overlay-color":"","overlay-opacity":"","overlay-gradient":""},"tablet":{"background-color":"","background-image":"","background-repeat":"repeat","background-position":"center center","background-size":"auto","background-attachment":"scroll","background-type":"","background-media":"","overlay-type":"","overlay-color":"","overlay-opacity":"","overlay-gradient":""},"mobile":{"background-color":"","background-image":"","background-repeat":"repeat","background-position":"center center","background-size":"auto","background-attachment":"scroll","background-type":"","background-media":"","overlay-type":"","overlay-color":"","overlay-opacity":"","overlay-gradient":""}},"ast-content-background-meta":{"desktop":{"background-color":"var(--ast-global-color-5)","background-image":"","background-repeat":"repeat","background-position":"center center","background-size":"auto","background-attachment":"scroll","background-type":"","background-media":"","overlay-type":"","overlay-color":"","overlay-opacity":"","overlay-gradient":""},"tablet":{"background-color":"var(--ast-global-color-5)","background-image":"","background-repeat":"repeat","background-position":"center center","background-size":"auto","background-attachment":"scroll","background-type":"","background-media":"","overlay-type":"","overlay-color":"","overlay-opacity":"","overlay-gradient":""},"mobile":{"background-color":"var(--ast-global-color-5)","background-image":"","background-repeat":"repeat","background-position":"center center","background-size":"auto","background-attachment":"scroll","background-type":"","background-media":"","overlay-type":"","overlay-color":"","overlay-opacity":"","overlay-gradient":""}}},"product_brand":[],"product_cat":[4803,1144],"product_tag":[2365],"product_format_filter":[6369],"class_list":{"0":"post-106852","1":"product","2":"type-product","3":"status-publish","4":"has-post-thumbnail","6":"product_cat-pre-rolls-non-infuses","7":"product_cat-pre-roules","8":"product_tag-royal-cannabis-supply-fr","9":"pa_flavours-baies","10":"pa_flavours-pin","11":"pa_flavours-terreux","12":"pa_format-1g-fr","13":"pa_intensity-thc-moyen","14":"pa_marques-royal-cannabis-supply-co-fr","15":"pa_origin-ontario-fr","16":"pa_type-de-plante-indica-fr","17":"product_format_filter-1g","18":"desktop-align-left","19":"tablet-align-left","20":"mobile-align-left","22":"first","23":"outofstock","24":"taxable","25":"shipping-taxable","26":"purchasable","27":"product-type-simple"},"group_of_quantity":0,"min_quantity":0,"max_quantity":"","exclude_order_quantity_value_rules":"no","exclude_category_quantity_rules":"no","combine_variations":"no","acf":[],"_links":{"self":[{"href":"https:\/\/mendomedical.ca\/fr\/wp-json\/wp\/v2\/product\/106852","targetHints":{"allow":["GET"]}}],"collection":[{"href":"https:\/\/mendomedical.ca\/fr\/wp-json\/wp\/v2\/product"}],"about":[{"href":"https:\/\/mendomedical.ca\/fr\/wp-json\/wp\/v2\/types\/product"}],"replies":[{"embeddable":true,"href":"https:\/\/mendomedical.ca\/fr\/wp-json\/wp\/v2\/comments?post=106852"}],"wp:featuredmedia":[{"embeddable":true,"href":"https:\/\/mendomedical.ca\/fr\/wp-json\/wp\/v2\/media\/106850"}],"wp:attachment":[{"href":"https:\/\/mendomedical.ca\/fr\/wp-json\/wp\/v2\/media?parent=106852"}],"wp:term":[{"taxonomy":"product_brand","embeddable":true,"href":"https:\/\/mendomedical.ca\/fr\/wp-json\/wp\/v2\/product_brand?post=106852"},{"taxonomy":"product_cat","embeddable":true,"href":"https:\/\/mendomedical.ca\/fr\/wp-json\/wp\/v2\/product_cat?post=106852"},{"taxonomy":"product_tag","embeddable":true,"href":"https:\/\/mendomedical.ca\/fr\/wp-json\/wp\/v2\/product_tag?post=106852"},{"taxonomy":"product_format_filter","embeddable":true,"href":"https:\/\/mendomedical.ca\/fr\/wp-json\/wp\/v2\/product_format_filter?post=106852"}],"curies":[{"name":"wp","href":"https:\/\/api.w.org\/{rel}","templated":true}]}}