{"id":106846,"date":"2025-09-13T17:05:53","date_gmt":"2025-09-13T21:05:53","guid":{"rendered":"https:\/\/mendomedical.ca\/?post_type=product&#038;p=106846"},"modified":"2026-03-02T12:51:10","modified_gmt":"2026-03-02T17:51:10","slug":"blackberry-cream-pre-rolls","status":"publish","type":"product","link":"https:\/\/mendomedical.ca\/fr\/produit\/blackberry-cream-pre-rolls\/","title":{"rendered":"Pr\u00e9-rolls Blackberry Cream"},"content":{"rendered":"","protected":false},"excerpt":{"rendered":"<div class=\"ExternalClassEB98EA76A507409CA43DAF36D01A835F\">\n<h3>Pr\u00e9-rolls Blackberry Cream<\/h3>\n<h3>Terp\u00e8nes totaux : 3%.<\/h3>\n<p>D\u00e9couvrez les exceptionnels Pr\u00e9-rolls Blackberry Cream de Royal Cannabis Supply Co, o\u00f9 la qualit\u00e9 sup\u00e9rieure rencontre un savoir-faire in\u00e9gal\u00e9. Ces Pr\u00e9-rolls non infus\u00e9s offrent une exp\u00e9rience puissante avec un profil de saveur distinctif qui m\u00e9lange harmonieusement des notes de baies sucr\u00e9es et \u00e9pic\u00e9es. Chaque Pr\u00e9-roll est m\u00e9ticuleusement fini \u00e0 la main pour assurer une qualit\u00e9 constante et une performance optimale pour les consommateurs de cannabis m\u00e9dical.<\/p>\n<h4>Caract\u00e9ristiques principales<\/h4>\n<ul>\n<li>Pr\u00e9-rolls de premi\u00e8re qualit\u00e9 finis \u00e0 la main pour une qualit\u00e9 et une combustion constantes.<\/li>\n<li>Formule puissante con\u00e7ue pour les utilisateurs m\u00e9dicaux exp\u00e9riment\u00e9s<\/li>\n<li>Profil unique de saveur de baies avec des nuances sucr\u00e9es et \u00e9pic\u00e9es.<\/li>\n<li>Pr\u00e9-rolls non infus\u00e9s, \u00e0 base de fleurs pures, de Royal Cannabis Supply Co.<\/li>\n<li>Format pratique pr\u00eat \u00e0 l&#8217;emploi ne n\u00e9cessitant aucune pr\u00e9paration<\/li>\n<\/ul>\n<h4>Profil d&rsquo;ar\u00f4me<\/h4>\n<p>Les Pr\u00e9-rolls Blackberry Cream offrent une exp\u00e9rience sensorielle sophistiqu\u00e9e avec des saveurs de baies prononc\u00e9es compl\u00e9t\u00e9es par de subtiles notes \u00e9pic\u00e9es et une finale sucr\u00e9e. Cette combinaison unique cr\u00e9e un profil bien \u00e9quilibr\u00e9 qui s\u00e9duit les utilisateurs m\u00e9dicaux \u00e0 la recherche de bienfaits th\u00e9rapeutiques et d&rsquo;une exp\u00e9rience de consommation agr\u00e9able.<\/p>\n<h4>Pourquoi choisir les pr\u00e9-rolls ?<\/h4>\n<p>Les Pr\u00e9-rolls offrent une commodit\u00e9 in\u00e9gal\u00e9e pour les consommateurs de cannabis m\u00e9dical, en \u00e9liminant le besoin de broyage, de roulage ou de pr\u00e9paration de l&rsquo;\u00e9quipement. Ils permettent un dosage r\u00e9gulier et constituent une option discr\u00e8te et portable qui peut aider \u00e0 r\u00e9pondre \u00e0 divers besoins de bien-\u00eatre tout en s&rsquo;int\u00e9grant parfaitement dans les routines quotidiennes.<\/p>\n<h4>Exp\u00e9dition dans tout le Canada<\/h4>\n<p>Blackberry Cream Pre-rolls est exp\u00e9di\u00e9 rapidement \u00e0 travers le Canada avec une livraison gratuite sur les commandes de plus de 150 $. Nous assurons un emballage discret et une livraison fiable pour apporter votre cannabis m\u00e9dical directement \u00e0 votre porte.<\/p>\n<h4>Avantages et couverture pour les anciens combattants<\/h4>\n<p>Les Pr\u00e9-rolls Blackberry Cream sont admissibles \u00e0 la couverture d&rsquo;ACC (Anciens Combattants Canada) avec facturation directe par l&rsquo;entremise de la Croix Bleue, ce qui signifie qu&rsquo;aucun d\u00e9bours\u00e9 n&rsquo;est n\u00e9cessaire pour les anciens combattants admissibles. Si vous n&rsquo;avez pas encore d&rsquo;ordonnance de cannabis m\u00e9dical, obtenez votre carte m\u00e9dicale gratuite rapidement et facilement \u00e0 l&rsquo;<a href=\"https:\/\/mendomedical.ca\/fr\/carte-medicale\/\">adresse https:\/\/mendomedical.ca\/medical-card\/.<\/a><\/p>\n<\/div>\n","protected":false},"featured_media":106850,"comment_status":"closed","ping_status":"closed","template":"","meta":{"_acf_changed":false,"site-sidebar-layout":"default","site-content-layout":"","ast-site-content-layout":"default","site-content-style":"default","site-sidebar-style":"default","ast-global-header-display":"","ast-banner-title-visibility":"","ast-main-header-display":"","ast-hfb-above-header-display":"","ast-hfb-below-header-display":"","ast-hfb-mobile-header-display":"","site-post-title":"","ast-breadcrumbs-content":"","ast-featured-img":"","footer-sml-layout":"","ast-disable-related-posts":"","theme-transparent-header-meta":"default","adv-header-id-meta":"","stick-header-meta":"","header-above-stick-meta":"","header-main-stick-meta":"","header-below-stick-meta":"","astra-migrate-meta-layouts":"set","ast-page-background-enabled":"default","ast-page-background-meta":{"desktop":{"background-color":"var(--ast-global-color-4)","background-image":"","background-repeat":"repeat","background-position":"center center","background-size":"auto","background-attachment":"scroll","background-type":"","background-media":"","overlay-type":"","overlay-color":"","overlay-opacity":"","overlay-gradient":""},"tablet":{"background-color":"","background-image":"","background-repeat":"repeat","background-position":"center center","background-size":"auto","background-attachment":"scroll","background-type":"","background-media":"","overlay-type":"","overlay-color":"","overlay-opacity":"","overlay-gradient":""},"mobile":{"background-color":"","background-image":"","background-repeat":"repeat","background-position":"center center","background-size":"auto","background-attachment":"scroll","background-type":"","background-media":"","overlay-type":"","overlay-color":"","overlay-opacity":"","overlay-gradient":""}},"ast-content-background-meta":{"desktop":{"background-color":"var(--ast-global-color-5)","background-image":"","background-repeat":"repeat","background-position":"center center","background-size":"auto","background-attachment":"scroll","background-type":"","background-media":"","overlay-type":"","overlay-color":"","overlay-opacity":"","overlay-gradient":""},"tablet":{"background-color":"var(--ast-global-color-5)","background-image":"","background-repeat":"repeat","background-position":"center center","background-size":"auto","background-attachment":"scroll","background-type":"","background-media":"","overlay-type":"","overlay-color":"","overlay-opacity":"","overlay-gradient":""},"mobile":{"background-color":"var(--ast-global-color-5)","background-image":"","background-repeat":"repeat","background-position":"center center","background-size":"auto","background-attachment":"scroll","background-type":"","background-media":"","overlay-type":"","overlay-color":"","overlay-opacity":"","overlay-gradient":""}}},"product_brand":[],"product_cat":[4803,1144],"product_tag":[2365],"product_format_filter":[6369],"class_list":{"0":"post-106846","1":"product","2":"type-product","3":"status-publish","4":"has-post-thumbnail","6":"product_cat-pre-rolls-non-infuses","7":"product_cat-pre-roules","8":"product_tag-royal-cannabis-supply-fr","9":"pa_flavours-baies","10":"pa_flavours-spicy","11":"pa_flavours-doux","12":"pa_intensity-thc-moyen","13":"pa_marques-royal-cannabis-supply-co-fr","14":"pa_origin-ontario-fr","15":"pa_profil-terpene-caryophyllene","16":"pa_profil-terpene-farnesene-fr","17":"pa_profil-terpene-limonene-fr","18":"pa_profil-terpene-myrcene","19":"pa_type-de-plante-hybride-indica-fr","20":"product_format_filter-1g","21":"desktop-align-left","22":"tablet-align-left","23":"mobile-align-left","25":"first","26":"outofstock","27":"taxable","28":"shipping-taxable","29":"purchasable","30":"product-type-simple"},"group_of_quantity":0,"min_quantity":0,"max_quantity":"","exclude_order_quantity_value_rules":"no","exclude_category_quantity_rules":"no","combine_variations":"no","acf":[],"_links":{"self":[{"href":"https:\/\/mendomedical.ca\/fr\/wp-json\/wp\/v2\/product\/106846","targetHints":{"allow":["GET"]}}],"collection":[{"href":"https:\/\/mendomedical.ca\/fr\/wp-json\/wp\/v2\/product"}],"about":[{"href":"https:\/\/mendomedical.ca\/fr\/wp-json\/wp\/v2\/types\/product"}],"replies":[{"embeddable":true,"href":"https:\/\/mendomedical.ca\/fr\/wp-json\/wp\/v2\/comments?post=106846"}],"wp:featuredmedia":[{"embeddable":true,"href":"https:\/\/mendomedical.ca\/fr\/wp-json\/wp\/v2\/media\/106850"}],"wp:attachment":[{"href":"https:\/\/mendomedical.ca\/fr\/wp-json\/wp\/v2\/media?parent=106846"}],"wp:term":[{"taxonomy":"product_brand","embeddable":true,"href":"https:\/\/mendomedical.ca\/fr\/wp-json\/wp\/v2\/product_brand?post=106846"},{"taxonomy":"product_cat","embeddable":true,"href":"https:\/\/mendomedical.ca\/fr\/wp-json\/wp\/v2\/product_cat?post=106846"},{"taxonomy":"product_tag","embeddable":true,"href":"https:\/\/mendomedical.ca\/fr\/wp-json\/wp\/v2\/product_tag?post=106846"},{"taxonomy":"product_format_filter","embeddable":true,"href":"https:\/\/mendomedical.ca\/fr\/wp-json\/wp\/v2\/product_format_filter?post=106846"}],"curies":[{"name":"wp","href":"https:\/\/api.w.org\/{rel}","templated":true}]}}