{"id":106805,"date":"2025-09-13T16:55:42","date_gmt":"2025-09-13T20:55:42","guid":{"rendered":"https:\/\/mendomedical.ca\/?post_type=product&#038;p=106805"},"modified":"2026-04-04T09:11:56","modified_gmt":"2026-04-04T13:11:56","slug":"ice-cream-cake-pre-rolls","status":"publish","type":"product","link":"https:\/\/mendomedical.ca\/fr\/produit\/ice-cream-cake-pre-rolls\/","title":{"rendered":"Pr\u00e9-rolls Ice Cream Cake"},"content":{"rendered":"","protected":false},"excerpt":{"rendered":"<div class=\"ExternalClass80201CD3AA7849618DA9713CD630D0C8\">\n<h3>Pr\u00e9-rolls Ice Cream Cake<\/h3>\n<p>D\u00e9couvrez le m\u00e9lange luxueux des Pr\u00e9-rolls Ice Cream Cake de Royal Cannabis Supply Co, un hybride \u00e0 dominance indica de qualit\u00e9 sup\u00e9rieure qui offre \u00e0 la fois une saveur exceptionnelle et des effets puissants. Ces Pr\u00e9-rolls fabriqu\u00e9s par des experts contiennent la c\u00e9l\u00e8bre vari\u00e9t\u00e9 Ice Cream Cake de Seed Junky, offrant un moyen pratique de profiter de ce cultivar tr\u00e8s recherch\u00e9 avec son profil sucr\u00e9 et cr\u00e9meux distinctif rappelant son homonyme de dessert.<\/p>\n<h4>Caract\u00e9ristiques principales<\/h4>\n<ul>\n<li>Souche hybride \u00e0 dominance indica de premi\u00e8re qualit\u00e9 avec des niveaux de puissance \u00e9lev\u00e9s.<\/li>\n<li>Roulage professionnel pour une combustion r\u00e9guli\u00e8re et un flux d&rsquo;air optimal<\/li>\n<li>Format pratique, pr\u00eat \u00e0 l&#8217;emploi, id\u00e9al pour les patients qui consomment du cannabis \u00e0 des fins m\u00e9dicales<\/li>\n<li>Fabriqu\u00e9 \u00e0 partir de fleurs de Ice Cream Cake soigneusement s\u00e9lectionn\u00e9es par Royal Cannabis Supply Co.<\/li>\n<\/ul>\n<h4>Profil aromatique et gustatif<\/h4>\n<p>Les Pr\u00e9-rolls Ice Cream Cake pr\u00e9sentent un profil terp\u00e9nique complexe, cr\u00e9ant une exp\u00e9rience sensorielle \u00e0 plusieurs niveaux. La vari\u00e9t\u00e9 pr\u00e9sente un bouquet sophistiqu\u00e9 de notes florales et terreuses compl\u00e9t\u00e9es par des nuances d&rsquo;agrumes vives. Lors de la consommation, les utilisateurs remarqueront le go\u00fbt sucr\u00e9 et cr\u00e9meux caract\u00e9ristique qui capture de mani\u00e8re authentique l&rsquo;essence du g\u00e2teau \u00e0 la cr\u00e8me glac\u00e9e, faisant de chaque session une exp\u00e9rience v\u00e9ritablement agr\u00e9able.<\/p>\n<h4>Pourquoi choisir les pr\u00e9-rolls ?<\/h4>\n<p>Les Pr\u00e9-rolls offrent aux patients de cannabis m\u00e9dical une option pratique, aux portions pr\u00e9cises, qui \u00e9limine le besoin de broyer ou de rouler. Ce format garantit un dosage et une qualit\u00e9 constants, ce qui facilite la gestion efficace de votre routine de cannabis m\u00e9dical.<\/p>\n<h4>Exp\u00e9dition dans tout le Canada<\/h4>\n<p>Les Pr\u00e9-rolls Ice Cream Cake sont exp\u00e9di\u00e9s rapidement \u00e0 travers le Canada, ce qui vous assure de recevoir votre commande dans les plus brefs d\u00e9lais. Nous offrons la livraison gratuite pour toutes les commandes de plus de 150 $, ce qui vous permet de vous approvisionner plus facilement en produits pr\u00e9f\u00e9r\u00e9s tout en \u00e9conomisant sur les frais de livraison.<\/p>\n<h4>Avantages et couverture pour les anciens combattants<\/h4>\n<p>Les\u00a0Pr\u00e9-rolls Ice Cream Cake sont admissibles \u00e0 la couverture d&rsquo;ACC (Anciens Combattants Canada) avec facturation directe par la Croix Bleue, ce qui signifie qu&rsquo;il n&rsquo;y a pas de frais \u00e0 d\u00e9bourser pour les anciens combattants admissibles. Si vous n&rsquo;avez pas encore de carte de cannabis m\u00e9dical, vous pouvez <a href=\"https:\/\/mendomedical.ca\/fr\/carte-medicale\/\">obtenir votre carte m\u00e9dicale gratuite rapidement et facilement<\/a> pour acc\u00e9der \u00e0 ces avantages.<\/p>\n<\/div>\n","protected":false},"featured_media":106807,"comment_status":"closed","ping_status":"closed","template":"","meta":{"_acf_changed":false,"site-sidebar-layout":"default","site-content-layout":"","ast-site-content-layout":"default","site-content-style":"default","site-sidebar-style":"default","ast-global-header-display":"","ast-banner-title-visibility":"","ast-main-header-display":"","ast-hfb-above-header-display":"","ast-hfb-below-header-display":"","ast-hfb-mobile-header-display":"","site-post-title":"","ast-breadcrumbs-content":"","ast-featured-img":"","footer-sml-layout":"","ast-disable-related-posts":"","theme-transparent-header-meta":"default","adv-header-id-meta":"","stick-header-meta":"","header-above-stick-meta":"","header-main-stick-meta":"","header-below-stick-meta":"","astra-migrate-meta-layouts":"set","ast-page-background-enabled":"default","ast-page-background-meta":{"desktop":{"background-color":"var(--ast-global-color-4)","background-image":"","background-repeat":"repeat","background-position":"center center","background-size":"auto","background-attachment":"scroll","background-type":"","background-media":"","overlay-type":"","overlay-color":"","overlay-opacity":"","overlay-gradient":""},"tablet":{"background-color":"","background-image":"","background-repeat":"repeat","background-position":"center center","background-size":"auto","background-attachment":"scroll","background-type":"","background-media":"","overlay-type":"","overlay-color":"","overlay-opacity":"","overlay-gradient":""},"mobile":{"background-color":"","background-image":"","background-repeat":"repeat","background-position":"center center","background-size":"auto","background-attachment":"scroll","background-type":"","background-media":"","overlay-type":"","overlay-color":"","overlay-opacity":"","overlay-gradient":""}},"ast-content-background-meta":{"desktop":{"background-color":"var(--ast-global-color-5)","background-image":"","background-repeat":"repeat","background-position":"center center","background-size":"auto","background-attachment":"scroll","background-type":"","background-media":"","overlay-type":"","overlay-color":"","overlay-opacity":"","overlay-gradient":""},"tablet":{"background-color":"var(--ast-global-color-5)","background-image":"","background-repeat":"repeat","background-position":"center center","background-size":"auto","background-attachment":"scroll","background-type":"","background-media":"","overlay-type":"","overlay-color":"","overlay-opacity":"","overlay-gradient":""},"mobile":{"background-color":"var(--ast-global-color-5)","background-image":"","background-repeat":"repeat","background-position":"center center","background-size":"auto","background-attachment":"scroll","background-type":"","background-media":"","overlay-type":"","overlay-color":"","overlay-opacity":"","overlay-gradient":""}}},"product_brand":[],"product_cat":[4803,1144],"product_tag":[2365],"product_format_filter":[6369],"class_list":{"0":"post-106805","1":"product","2":"type-product","3":"status-publish","4":"has-post-thumbnail","6":"product_cat-pre-rolls-non-infuses","7":"product_cat-pre-roules","8":"product_tag-royal-cannabis-supply-fr","9":"pa_flavours-agrume","10":"pa_flavours-cremeux","11":"pa_flavours-doux","12":"pa_flavours-terreux","13":"pa_intensity-thc-eleve","14":"pa_marques-royal-cannabis-supply-co-fr","15":"pa_origin-ontario-fr","16":"pa_profil-terpene-caryophyllene","17":"pa_profil-terpene-farnesene-fr","18":"pa_profil-terpene-limonene-fr","19":"pa_profil-terpene-myrcene","20":"pa_type-de-plante-hybride-indica-fr","21":"product_format_filter-1g","22":"desktop-align-left","23":"tablet-align-left","24":"mobile-align-left","26":"first","27":"outofstock","28":"taxable","29":"shipping-taxable","30":"purchasable","31":"product-type-simple"},"group_of_quantity":0,"min_quantity":0,"max_quantity":"","exclude_order_quantity_value_rules":"no","exclude_category_quantity_rules":"no","combine_variations":"no","acf":[],"_links":{"self":[{"href":"https:\/\/mendomedical.ca\/fr\/wp-json\/wp\/v2\/product\/106805","targetHints":{"allow":["GET"]}}],"collection":[{"href":"https:\/\/mendomedical.ca\/fr\/wp-json\/wp\/v2\/product"}],"about":[{"href":"https:\/\/mendomedical.ca\/fr\/wp-json\/wp\/v2\/types\/product"}],"replies":[{"embeddable":true,"href":"https:\/\/mendomedical.ca\/fr\/wp-json\/wp\/v2\/comments?post=106805"}],"wp:featuredmedia":[{"embeddable":true,"href":"https:\/\/mendomedical.ca\/fr\/wp-json\/wp\/v2\/media\/106807"}],"wp:attachment":[{"href":"https:\/\/mendomedical.ca\/fr\/wp-json\/wp\/v2\/media?parent=106805"}],"wp:term":[{"taxonomy":"product_brand","embeddable":true,"href":"https:\/\/mendomedical.ca\/fr\/wp-json\/wp\/v2\/product_brand?post=106805"},{"taxonomy":"product_cat","embeddable":true,"href":"https:\/\/mendomedical.ca\/fr\/wp-json\/wp\/v2\/product_cat?post=106805"},{"taxonomy":"product_tag","embeddable":true,"href":"https:\/\/mendomedical.ca\/fr\/wp-json\/wp\/v2\/product_tag?post=106805"},{"taxonomy":"product_format_filter","embeddable":true,"href":"https:\/\/mendomedical.ca\/fr\/wp-json\/wp\/v2\/product_format_filter?post=106805"}],"curies":[{"name":"wp","href":"https:\/\/api.w.org\/{rel}","templated":true}]}}