{"id":106590,"date":"2025-09-09T19:15:36","date_gmt":"2025-09-09T23:15:36","guid":{"rendered":"https:\/\/mendomedical.ca\/?post_type=product&#038;p=106590"},"modified":"2026-03-05T21:36:07","modified_gmt":"2026-03-06T02:36:07","slug":"early-lemon-berry-pre-rolls","status":"publish","type":"product","link":"https:\/\/mendomedical.ca\/fr\/produit\/early-lemon-berry-pre-rolls\/","title":{"rendered":"Early Lemon Berry Pr\u00e9-rolls"},"content":{"rendered":"","protected":false},"excerpt":{"rendered":"<div class=\"ExternalClass1274A19D7D15443CBF09420EDAB18397\">\n<h3>Early Lemon Berry Pr\u00e9-rolls<\/h3>\n<h3>Terp\u00e8nes totaux : 2.3%<\/h3>\n<p>D\u00e9couvrez le profil d&rsquo;agrumes rafra\u00eechissant des Pr\u00e9-rolls Early Lemon Berry, une vari\u00e9t\u00e9 \u00e0 dominante sativa con\u00e7ue par Nugz. Avec une impressionnante teneur totale en terp\u00e8nes de 2,3 %, ces Pr\u00e9-rolls offrent une exp\u00e9rience vibrante au citron qui a gagn\u00e9 une r\u00e9putation pour son go\u00fbt exceptionnel \u00e0 l&rsquo;expiration. Chaque Pr\u00e9-rolls allie commodit\u00e9 et qualit\u00e9, offrant aux consommateurs de cannabis m\u00e9dical une option coh\u00e9rente et savoureuse.<\/p>\n<h3>Caract\u00e9ristiques principales<\/h3>\n<ul>\n<li>Vari\u00e9t\u00e9 \u00e0 dominante sativa aux propri\u00e9t\u00e9s \u00e9nergisantes<\/li>\n<li>Teneur \u00e9lev\u00e9e en terp\u00e8nes (2,3 %) pour une saveur et un ar\u00f4me renforc\u00e9s<\/li>\n<li>Pr\u00e9-rolls pour plus de commodit\u00e9 et un dosage r\u00e9gulier<\/li>\n<li>Fabriqu\u00e9 par Nugz, une marque de cannabis canadienne de confiance<\/li>\n<li>Pr\u00e9-rolls de fleurs de cannabis pures et non infus\u00e9es<\/li>\n<\/ul>\n<h3>Profil aromatique et gustatif<\/h3>\n<p>Early Lemon Berry porte bien son nom avec ses riches notes d&rsquo;agrumes domin\u00e9es par de fortes saveurs de citron. L&rsquo;ar\u00f4me pr\u00e9sente un d\u00e9licieux m\u00e9lange de citron doux et de pamplemousse, compl\u00e9t\u00e9 par de subtiles notes sucr\u00e9es. Le v\u00e9ritable point culminant est l&rsquo;expiration, o\u00f9 le spectre complet des terp\u00e8nes d&rsquo;agrumes cr\u00e9e une exp\u00e9rience gustative m\u00e9morable qui distingue cette vari\u00e9t\u00e9 des autres.<\/p>\n<h3>Pourquoi choisir les pr\u00e9-rolls ?<\/h3>\n<p>Les Pr\u00e9-rolls offrent aux consommateurs de cannabis m\u00e9dical un dosage pr\u00e9cis et pratique sans qu&rsquo;il soit n\u00e9cessaire de les broyer ou de les rouler. Ils sont id\u00e9aux pour les personnes ayant des probl\u00e8mes de mobilit\u00e9 ou pour toute personne recherchant une option pr\u00eate \u00e0 l&#8217;emploi qui maintient une qualit\u00e9 et une puissance constantes.<\/p>\n<h3>Exp\u00e9dition dans tout le Canada<\/h3>\n<p>Early Lemon Berry Pr\u00e9-rolls est exp\u00e9di\u00e9 rapidement \u00e0 travers le Canada. Nous offrons une livraison gratuite pour toutes les commandes de plus de 150 $, ce qui vous assure de recevoir vos produits de cannabis m\u00e9dical rapidement et discr\u00e8tement.<\/p>\n<h3>Avantages et couverture pour les anciens combattants<\/h3>\n<p>Les Pr\u00e9-rolls Early Lemon Berry sont admissibles \u00e0 la couverture d&rsquo;ACC (Anciens Combattants Canada) avec facturation directe par l&rsquo;interm\u00e9diaire de la Croix Bleue, ce qui signifie qu&rsquo;il n&rsquo;y a pas de frais \u00e0 d\u00e9bourser pour les anciens combattants admissibles. Si vous n&rsquo;avez pas encore de carte de cannabis m\u00e9dical, vous pouvez <a href=\"https:\/\/mendomedical.ca\/fr\/carte-medicale\/\">obtenir votre carte m\u00e9dicale gratuite rapidement et facilement<\/a> gr\u00e2ce \u00e0 notre processus simplifi\u00e9.<\/p>\n<\/div>\n","protected":false},"featured_media":106592,"comment_status":"closed","ping_status":"closed","template":"","meta":{"_acf_changed":false,"site-sidebar-layout":"default","site-content-layout":"","ast-site-content-layout":"default","site-content-style":"default","site-sidebar-style":"default","ast-global-header-display":"","ast-banner-title-visibility":"","ast-main-header-display":"","ast-hfb-above-header-display":"","ast-hfb-below-header-display":"","ast-hfb-mobile-header-display":"","site-post-title":"","ast-breadcrumbs-content":"","ast-featured-img":"","footer-sml-layout":"","ast-disable-related-posts":"","theme-transparent-header-meta":"default","adv-header-id-meta":"","stick-header-meta":"","header-above-stick-meta":"","header-main-stick-meta":"","header-below-stick-meta":"","astra-migrate-meta-layouts":"set","ast-page-background-enabled":"default","ast-page-background-meta":{"desktop":{"background-color":"var(--ast-global-color-4)","background-image":"","background-repeat":"repeat","background-position":"center center","background-size":"auto","background-attachment":"scroll","background-type":"","background-media":"","overlay-type":"","overlay-color":"","overlay-opacity":"","overlay-gradient":""},"tablet":{"background-color":"","background-image":"","background-repeat":"repeat","background-position":"center center","background-size":"auto","background-attachment":"scroll","background-type":"","background-media":"","overlay-type":"","overlay-color":"","overlay-opacity":"","overlay-gradient":""},"mobile":{"background-color":"","background-image":"","background-repeat":"repeat","background-position":"center center","background-size":"auto","background-attachment":"scroll","background-type":"","background-media":"","overlay-type":"","overlay-color":"","overlay-opacity":"","overlay-gradient":""}},"ast-content-background-meta":{"desktop":{"background-color":"var(--ast-global-color-5)","background-image":"","background-repeat":"repeat","background-position":"center center","background-size":"auto","background-attachment":"scroll","background-type":"","background-media":"","overlay-type":"","overlay-color":"","overlay-opacity":"","overlay-gradient":""},"tablet":{"background-color":"var(--ast-global-color-5)","background-image":"","background-repeat":"repeat","background-position":"center center","background-size":"auto","background-attachment":"scroll","background-type":"","background-media":"","overlay-type":"","overlay-color":"","overlay-opacity":"","overlay-gradient":""},"mobile":{"background-color":"var(--ast-global-color-5)","background-image":"","background-repeat":"repeat","background-position":"center center","background-size":"auto","background-attachment":"scroll","background-type":"","background-media":"","overlay-type":"","overlay-color":"","overlay-opacity":"","overlay-gradient":""}}},"product_brand":[4157],"product_cat":[4803,1144],"product_tag":[2409],"product_format_filter":[6393],"class_list":{"0":"post-106590","1":"product","2":"type-product","3":"status-publish","4":"has-post-thumbnail","6":"product_brand-nugz","7":"product_cat-pre-rolls-non-infuses","8":"product_cat-pre-roules","9":"product_tag-nugz-fr","10":"pa_flavours-agrume","11":"pa_flavours-citron","12":"pa_intensity-thc-eleve","13":"pa_marques-nugz-fr","14":"pa_origin-quebec-fr","15":"pa_profil-terpene-caryophyllene","16":"pa_profil-terpene-myrcene","17":"pa_profil-terpene-terpinolene-fr","18":"pa_type-de-plante-hybride-sativa-fr","19":"product_format_filter-0-6g","20":"desktop-align-left","21":"tablet-align-left","22":"mobile-align-left","24":"first","25":"outofstock","26":"taxable","27":"shipping-taxable","28":"purchasable","29":"product-type-simple"},"group_of_quantity":0,"min_quantity":0,"max_quantity":"","exclude_order_quantity_value_rules":"no","exclude_category_quantity_rules":"no","combine_variations":"no","acf":[],"_links":{"self":[{"href":"https:\/\/mendomedical.ca\/fr\/wp-json\/wp\/v2\/product\/106590","targetHints":{"allow":["GET"]}}],"collection":[{"href":"https:\/\/mendomedical.ca\/fr\/wp-json\/wp\/v2\/product"}],"about":[{"href":"https:\/\/mendomedical.ca\/fr\/wp-json\/wp\/v2\/types\/product"}],"replies":[{"embeddable":true,"href":"https:\/\/mendomedical.ca\/fr\/wp-json\/wp\/v2\/comments?post=106590"}],"wp:featuredmedia":[{"embeddable":true,"href":"https:\/\/mendomedical.ca\/fr\/wp-json\/wp\/v2\/media\/106592"}],"wp:attachment":[{"href":"https:\/\/mendomedical.ca\/fr\/wp-json\/wp\/v2\/media?parent=106590"}],"wp:term":[{"taxonomy":"product_brand","embeddable":true,"href":"https:\/\/mendomedical.ca\/fr\/wp-json\/wp\/v2\/product_brand?post=106590"},{"taxonomy":"product_cat","embeddable":true,"href":"https:\/\/mendomedical.ca\/fr\/wp-json\/wp\/v2\/product_cat?post=106590"},{"taxonomy":"product_tag","embeddable":true,"href":"https:\/\/mendomedical.ca\/fr\/wp-json\/wp\/v2\/product_tag?post=106590"},{"taxonomy":"product_format_filter","embeddable":true,"href":"https:\/\/mendomedical.ca\/fr\/wp-json\/wp\/v2\/product_format_filter?post=106590"}],"curies":[{"name":"wp","href":"https:\/\/api.w.org\/{rel}","templated":true}]}}