{"id":106586,"date":"2024-09-01T18:10:44","date_gmt":"2024-09-01T22:10:44","guid":{"rendered":"https:\/\/mendomedical.ca\/?post_type=product&#038;p=106586"},"modified":"2025-10-06T12:10:41","modified_gmt":"2025-10-06T16:10:41","slug":"galactic-runtz-pre-rolls","status":"publish","type":"product","link":"https:\/\/mendomedical.ca\/fr\/produit\/galactic-runtz-pre-rolls\/","title":{"rendered":"Pr\u00e9-rolls Galactic Runtz"},"content":{"rendered":"","protected":false},"excerpt":{"rendered":"<div class=\"ExternalClass2C5D81D64FA545E4B0F3CEA914785317\">\n<h3>Pr\u00e9-rolls Galactic Runtz<\/h3>\n<p>D\u00e9couvrez la commodit\u00e9 et la qualit\u00e9 des Pr\u00e9-rolls Galactic Runtz de Tribal, une souche hybride \u00e0 dominante indica qui offre une puissance et une saveur exceptionnelles. Ces Pr\u00e9-rolls \u00e9labor\u00e9s par des experts sont compos\u00e9s de la c\u00e9l\u00e8bre vari\u00e9t\u00e9 Galactic Runtz (Falcon 9 x Runtz par Exotic Genetics), offrant des niveaux de THC allant de 23 % \u00e0 29 % et un profil terp\u00e9nique robuste de 2,2 %. Chaque Pr\u00e9-rolls pr\u00e9sente des Cocottes denses et riches en r\u00e9sine avec des nuances vertes lime et violettes distinctives, offrant une exp\u00e9rience de cannabis de premi\u00e8re qualit\u00e9 sans avoir besoin d&rsquo;\u00eatre moulu ou roul\u00e9.  <\/p>\n<h4>Caract\u00e9ristiques principales<\/h4>\n<ul>\n<li>Hybride \u00e0 dominance indica tr\u00e8s puissant avec une teneur en THC de 23-29%.<\/li>\n<li>G\u00e9n\u00e9tique premium d&rsquo;Exotic Genetics (Falcon 9 x Runtz cross)<\/li>\n<li>Profil terp\u00e9nique riche avec 2,2 % de terp\u00e8nes totaux<\/li>\n<li>Cocottes denses, enrob\u00e9es de r\u00e9sine, aux teintes vertes et violettes vibrantes.<\/li>\n<li>Format Pr\u00e9-rolls pr\u00eat \u00e0 l&#8217;emploi pour une plus grande commodit\u00e9.<\/li>\n<\/ul>\n<h4>Profil aromatique et terp\u00e8nes<\/h4>\n<p>Les Pr\u00e9-rolls Galactic Runtz offrent une exp\u00e9rience sensorielle complexe caract\u00e9ris\u00e9e par des notes pro\u00e9minentes d&rsquo;agrumes tropicaux et de baies acides. Le profil de saveur est compl\u00e9t\u00e9 par un bouquet aromatique avec des notes d&rsquo;ananas \u00e9pic\u00e9, cr\u00e9ant un go\u00fbt vraiment unique et agr\u00e9able. Avec une teneur totale en terp\u00e8nes de 2,2 %, ces Pr\u00e9-rolls offrent une exp\u00e9rience \u00e0 spectre complet qui am\u00e9liore \u00e0 la fois la saveur et les avantages th\u00e9rapeutiques potentiels.  <\/p>\n<h4>Pourquoi choisir les pr\u00e9-rolls ?<\/h4>\n<p>Les Pr\u00e9-rolls offrent aux patients de cannabis m\u00e9dical une option coh\u00e9rente et pratique qui \u00e9limine le temps de pr\u00e9paration et garantit un dosage correct. Parfaits pour les personnes ayant des difficult\u00e9s de mobilit\u00e9 ou toute personne recherchant une exp\u00e9rience sans tracas, les Pr\u00e9-rolls offrent un acc\u00e8s imm\u00e9diat \u00e0 votre m\u00e9dicament sans n\u00e9cessiter d&rsquo;accessoires ou d&rsquo;expertise suppl\u00e9mentaires. <\/p>\n<h4>Exp\u00e9dition dans tout le Canada<\/h4>\n<p>Les Pr\u00e9-rolls Galactic Runtz sont exp\u00e9di\u00e9s rapidement \u00e0 travers le Canada avec une livraison gratuite pour les commandes de plus de 150 $. Nous assurons un emballage discret et une livraison fiable pour apporter votre cannabis m\u00e9dical directement \u00e0 votre porte, o\u00f9 que vous soyez au Canada. <\/p>\n<h4>Avantages et couverture pour les anciens combattants<\/h4>\n<p>Les Pr\u00e9-rolls Galactic Runtz sont admissibles \u00e0 la couverture d&rsquo;ACC (Anciens Combattants Canada) avec facturation directe de la Croix Bleue, ce qui signifie qu&rsquo;il n&rsquo;y a pas de frais \u00e0 d\u00e9bourser pour les anciens combattants admissibles. Si vous n&rsquo;avez pas encore votre carte de cannabis m\u00e9dical, commencez rapidement et facilement sur <a href=\"https:\/\/mendomedical.ca\/fr\/carte-medicale\/\">https:\/\/mendomedical.ca\/medical-card\/.<\/a> <\/p>\n<\/div>\n","protected":false},"featured_media":227040,"comment_status":"closed","ping_status":"closed","template":"","meta":{"_acf_changed":false,"site-sidebar-layout":"default","site-content-layout":"","ast-site-content-layout":"default","site-content-style":"default","site-sidebar-style":"default","ast-global-header-display":"","ast-banner-title-visibility":"","ast-main-header-display":"","ast-hfb-above-header-display":"","ast-hfb-below-header-display":"","ast-hfb-mobile-header-display":"","site-post-title":"","ast-breadcrumbs-content":"","ast-featured-img":"","footer-sml-layout":"","ast-disable-related-posts":"","theme-transparent-header-meta":"default","adv-header-id-meta":"","stick-header-meta":"","header-above-stick-meta":"","header-main-stick-meta":"","header-below-stick-meta":"","astra-migrate-meta-layouts":"set","ast-page-background-enabled":"default","ast-page-background-meta":{"desktop":{"background-color":"var(--ast-global-color-4)","background-image":"","background-repeat":"repeat","background-position":"center center","background-size":"auto","background-attachment":"scroll","background-type":"","background-media":"","overlay-type":"","overlay-color":"","overlay-opacity":"","overlay-gradient":""},"tablet":{"background-color":"","background-image":"","background-repeat":"repeat","background-position":"center center","background-size":"auto","background-attachment":"scroll","background-type":"","background-media":"","overlay-type":"","overlay-color":"","overlay-opacity":"","overlay-gradient":""},"mobile":{"background-color":"","background-image":"","background-repeat":"repeat","background-position":"center center","background-size":"auto","background-attachment":"scroll","background-type":"","background-media":"","overlay-type":"","overlay-color":"","overlay-opacity":"","overlay-gradient":""}},"ast-content-background-meta":{"desktop":{"background-color":"var(--ast-global-color-5)","background-image":"","background-repeat":"repeat","background-position":"center center","background-size":"auto","background-attachment":"scroll","background-type":"","background-media":"","overlay-type":"","overlay-color":"","overlay-opacity":"","overlay-gradient":""},"tablet":{"background-color":"var(--ast-global-color-5)","background-image":"","background-repeat":"repeat","background-position":"center center","background-size":"auto","background-attachment":"scroll","background-type":"","background-media":"","overlay-type":"","overlay-color":"","overlay-opacity":"","overlay-gradient":""},"mobile":{"background-color":"var(--ast-global-color-5)","background-image":"","background-repeat":"repeat","background-position":"center center","background-size":"auto","background-attachment":"scroll","background-type":"","background-media":"","overlay-type":"","overlay-color":"","overlay-opacity":"","overlay-gradient":""}}},"product_brand":[],"product_cat":[4803,1144],"product_tag":[],"product_format_filter":[6393],"class_list":{"0":"post-106586","1":"product","2":"type-product","3":"status-publish","4":"has-post-thumbnail","6":"product_cat-pre-rolls-non-infuses","7":"product_cat-pre-roules","8":"pa_flavours-agrumes-tropicaux","9":"pa_flavours-baie-aigre","10":"pa_format-0-6g-x-5","11":"pa_intensity-thc-moyen","12":"pa_marques-tribal-fr","13":"pa_origin-ontario-fr","14":"pa_profil-terpene-caryophyllene","15":"pa_profil-terpene-farnesene-fr","16":"pa_profil-terpene-limonene-fr","17":"pa_profil-terpene-myrcene","18":"pa_thc-24-1-fr","19":"pa_type-de-plante-hybride-indica-fr","20":"product_format_filter-0-6g","21":"desktop-align-left","22":"tablet-align-left","23":"mobile-align-left","25":"first","26":"outofstock","27":"taxable","28":"shipping-taxable","29":"purchasable","30":"product-type-simple"},"group_of_quantity":0,"min_quantity":0,"max_quantity":"","exclude_order_quantity_value_rules":"no","exclude_category_quantity_rules":"no","combine_variations":"no","acf":[],"_links":{"self":[{"href":"https:\/\/mendomedical.ca\/fr\/wp-json\/wp\/v2\/product\/106586","targetHints":{"allow":["GET"]}}],"collection":[{"href":"https:\/\/mendomedical.ca\/fr\/wp-json\/wp\/v2\/product"}],"about":[{"href":"https:\/\/mendomedical.ca\/fr\/wp-json\/wp\/v2\/types\/product"}],"replies":[{"embeddable":true,"href":"https:\/\/mendomedical.ca\/fr\/wp-json\/wp\/v2\/comments?post=106586"}],"wp:featuredmedia":[{"embeddable":true,"href":"https:\/\/mendomedical.ca\/fr\/wp-json\/wp\/v2\/media\/227040"}],"wp:attachment":[{"href":"https:\/\/mendomedical.ca\/fr\/wp-json\/wp\/v2\/media?parent=106586"}],"wp:term":[{"taxonomy":"product_brand","embeddable":true,"href":"https:\/\/mendomedical.ca\/fr\/wp-json\/wp\/v2\/product_brand?post=106586"},{"taxonomy":"product_cat","embeddable":true,"href":"https:\/\/mendomedical.ca\/fr\/wp-json\/wp\/v2\/product_cat?post=106586"},{"taxonomy":"product_tag","embeddable":true,"href":"https:\/\/mendomedical.ca\/fr\/wp-json\/wp\/v2\/product_tag?post=106586"},{"taxonomy":"product_format_filter","embeddable":true,"href":"https:\/\/mendomedical.ca\/fr\/wp-json\/wp\/v2\/product_format_filter?post=106586"}],"curies":[{"name":"wp","href":"https:\/\/api.w.org\/{rel}","templated":true}]}}