{"id":106563,"date":"2024-09-01T18:15:28","date_gmt":"2024-09-01T22:15:28","guid":{"rendered":"https:\/\/mendomedical.ca\/?post_type=product&#038;p=106563"},"modified":"2025-08-07T10:32:28","modified_gmt":"2025-08-07T14:32:28","slug":"triple-burgers-pre-rolls","status":"publish","type":"product","link":"https:\/\/mendomedical.ca\/fr\/produit\/triple-burgers-pre-rolls\/","title":{"rendered":"Triple Burgers Pre-Rolls"},"content":{"rendered":"","protected":false},"excerpt":{"rendered":"<div class=\"Qr7Oae\" role=\"listitem\">\n<div class=\"OxAavc NVbRL\" data-item-id=\"1198376709\">\n<div class=\"xMZTse Ih4Dzb\">\n<h3>Terp\u00e8nes Totaux:\u00a0 2.9%<\/h3>\n<h5>Double Burger x Han-Solo Burger<\/h5>\n<p><strong>Triple Burger est obtenu par r\u00e9tro-croisement (GMO x GMO) pour stabiliser la souche, puis en croisant cette lign\u00e9e avec Han-Solo Burger. (Cookies Larry OG X GMO). L\u2019une des vari\u00e9t\u00e9s les plus puissantes de la nouvelle gamme Tribal, avec une moyenne moyenne de pr\u00e8s de 30 % de THC. Son ar\u00f4me intense de carburant c\u00e8de la place \u00e0 une saveur de gaz tout aussi forte dans sa fum\u00e9e. Des notes de mouffette, de caoutchouc et de fromage sont \u00e9galement pr\u00e9sentes, avec une pointe de douceur. Nos pre-rolls sont produits uniquement avec des t\u00eates enti\u00e8res qui ont \u00e9t\u00e9 constamment moulues pour offrir des saveurs riches et envelopp\u00e9es dans des c\u00f4nes de chanvre de qualit\u00e9 sup\u00e9rieure.<\/strong><\/p>\n<\/div>\n<\/div>\n<\/div>\n","protected":false},"featured_media":106565,"comment_status":"closed","ping_status":"closed","template":"","meta":{"_acf_changed":false,"site-sidebar-layout":"default","site-content-layout":"","ast-site-content-layout":"default","site-content-style":"default","site-sidebar-style":"default","ast-global-header-display":"","ast-banner-title-visibility":"","ast-main-header-display":"","ast-hfb-above-header-display":"","ast-hfb-below-header-display":"","ast-hfb-mobile-header-display":"","site-post-title":"","ast-breadcrumbs-content":"","ast-featured-img":"","footer-sml-layout":"","ast-disable-related-posts":"","theme-transparent-header-meta":"default","adv-header-id-meta":"","stick-header-meta":"","header-above-stick-meta":"","header-main-stick-meta":"","header-below-stick-meta":"","astra-migrate-meta-layouts":"set","ast-page-background-enabled":"default","ast-page-background-meta":{"desktop":{"background-color":"var(--ast-global-color-4)","background-image":"","background-repeat":"repeat","background-position":"center center","background-size":"auto","background-attachment":"scroll","background-type":"","background-media":"","overlay-type":"","overlay-color":"","overlay-opacity":"","overlay-gradient":""},"tablet":{"background-color":"","background-image":"","background-repeat":"repeat","background-position":"center center","background-size":"auto","background-attachment":"scroll","background-type":"","background-media":"","overlay-type":"","overlay-color":"","overlay-opacity":"","overlay-gradient":""},"mobile":{"background-color":"","background-image":"","background-repeat":"repeat","background-position":"center center","background-size":"auto","background-attachment":"scroll","background-type":"","background-media":"","overlay-type":"","overlay-color":"","overlay-opacity":"","overlay-gradient":""}},"ast-content-background-meta":{"desktop":{"background-color":"var(--ast-global-color-5)","background-image":"","background-repeat":"repeat","background-position":"center center","background-size":"auto","background-attachment":"scroll","background-type":"","background-media":"","overlay-type":"","overlay-color":"","overlay-opacity":"","overlay-gradient":""},"tablet":{"background-color":"var(--ast-global-color-5)","background-image":"","background-repeat":"repeat","background-position":"center center","background-size":"auto","background-attachment":"scroll","background-type":"","background-media":"","overlay-type":"","overlay-color":"","overlay-opacity":"","overlay-gradient":""},"mobile":{"background-color":"var(--ast-global-color-5)","background-image":"","background-repeat":"repeat","background-position":"center center","background-size":"auto","background-attachment":"scroll","background-type":"","background-media":"","overlay-type":"","overlay-color":"","overlay-opacity":"","overlay-gradient":""}}},"product_brand":[4146],"product_cat":[4803,1144],"product_tag":[2629],"product_format_filter":[],"class_list":{"0":"post-106563","1":"product","2":"type-product","3":"status-publish","4":"has-post-thumbnail","6":"product_brand-tribal","7":"product_cat-pre-rolls-non-infuses","8":"product_cat-pre-roules","9":"product_tag-tribal-fr","10":"pa_flavours-mint","11":"pa_flavours-doux","12":"pa_flavours-terreux","13":"pa_format-0-6g-x-5","14":"pa_intensity-thc-eleve","15":"pa_marques-tribal-fr","16":"pa_origin-quebec-fr","17":"pa_profil-terpene-caryophyllene","18":"pa_profil-terpene-limonene-fr","19":"pa_profil-terpene-myrcene","20":"pa_thc-29-8-fr","21":"pa_type-de-plante-hybride-indica-fr","22":"desktop-align-left","23":"tablet-align-left","24":"mobile-align-left","26":"first","27":"outofstock","28":"taxable","29":"shipping-taxable","30":"purchasable","31":"product-type-simple"},"group_of_quantity":0,"min_quantity":0,"max_quantity":"","exclude_order_quantity_value_rules":"no","exclude_category_quantity_rules":"no","combine_variations":"no","acf":[],"_links":{"self":[{"href":"https:\/\/mendomedical.ca\/fr\/wp-json\/wp\/v2\/product\/106563","targetHints":{"allow":["GET"]}}],"collection":[{"href":"https:\/\/mendomedical.ca\/fr\/wp-json\/wp\/v2\/product"}],"about":[{"href":"https:\/\/mendomedical.ca\/fr\/wp-json\/wp\/v2\/types\/product"}],"replies":[{"embeddable":true,"href":"https:\/\/mendomedical.ca\/fr\/wp-json\/wp\/v2\/comments?post=106563"}],"wp:featuredmedia":[{"embeddable":true,"href":"https:\/\/mendomedical.ca\/fr\/wp-json\/wp\/v2\/media\/106565"}],"wp:attachment":[{"href":"https:\/\/mendomedical.ca\/fr\/wp-json\/wp\/v2\/media?parent=106563"}],"wp:term":[{"taxonomy":"product_brand","embeddable":true,"href":"https:\/\/mendomedical.ca\/fr\/wp-json\/wp\/v2\/product_brand?post=106563"},{"taxonomy":"product_cat","embeddable":true,"href":"https:\/\/mendomedical.ca\/fr\/wp-json\/wp\/v2\/product_cat?post=106563"},{"taxonomy":"product_tag","embeddable":true,"href":"https:\/\/mendomedical.ca\/fr\/wp-json\/wp\/v2\/product_tag?post=106563"},{"taxonomy":"product_format_filter","embeddable":true,"href":"https:\/\/mendomedical.ca\/fr\/wp-json\/wp\/v2\/product_format_filter?post=106563"}],"curies":[{"name":"wp","href":"https:\/\/api.w.org\/{rel}","templated":true}]}}