{"id":106208,"date":"2024-08-01T11:11:49","date_gmt":"2024-08-01T15:11:49","guid":{"rendered":"https:\/\/mendomedical.ca\/?post_type=product&#038;p=106208"},"modified":"2025-10-19T21:03:53","modified_gmt":"2025-10-20T01:03:53","slug":"venom-og-live-rosin","status":"publish","type":"product","link":"https:\/\/mendomedical.ca\/fr\/produit\/venom-og-live-rosin\/","title":{"rendered":"Venom OG Live Rosin"},"content":{"rendered":"","protected":false},"excerpt":{"rendered":"<div class=\"ExternalClass59801299A2F24585A7E72CA3AA7AA9EE\">\n<h3>Venom OG Live Rosin<\/h3>\n<p>D\u00e9couvrez le summum de l&rsquo;extraction du cannabis avec la Live Rosin de Venom OG d&rsquo;EarthWolf Farms. Ce concentr\u00e9 de qualit\u00e9 sup\u00e9rieure offre le spectre complet des g\u00e9n\u00e9tiques All Gas OG de Humboldt Seed Company, capturant le l\u00e9gendaire profil gazeux de la vari\u00e9t\u00e9 dans sa forme la plus pure. Avec une impressionnante teneur en terp\u00e8nes totaux de 7,3 %, ce Live Rosin offre une exp\u00e9rience exceptionnellement riche et savoureuse qui met en valeur le meilleur des m\u00e9thodes d&rsquo;extraction sans solvant.  <\/p>\n<h4>Caract\u00e9ristiques principales<\/h4>\n<ul>\n<li>Rosine vivante de premi\u00e8re qualit\u00e9 avec 7,3 % de terp\u00e8nes totaux pour une saveur et une puissance maximales.<\/li>\n<li>Texture cr\u00e9meuse et onctueuse, facile \u00e0 travailler et \u00e0 tamponner.<\/li>\n<li>Les terp\u00e8nes dominants sont le b\u00eata-caryophyll\u00e8ne, le D-limon\u00e8ne et l&rsquo;alpha-humul\u00e8ne.<\/li>\n<li>L&rsquo;extraction sans solvant pr\u00e9serve le profil naturel des cannabino\u00efdes et des terp\u00e8nes de la plante.<\/li>\n<li>Toutes les g\u00e9n\u00e9tiques Gas OG de la c\u00e9l\u00e8bre Humboldt Seed Company<\/li>\n<\/ul>\n<h4>Profil aromatique et terp\u00e9nique<\/h4>\n<p>Cette Live Rosin pr\u00e9sente un profil aromatique complexe, \u00e0 la fois gazeux, sucr\u00e9 et piquant. La saveur offre des notes sucr\u00e9es compl\u00e9t\u00e9es par des nuances de pin et de terre, cr\u00e9ant ainsi une exp\u00e9rience gustative bien \u00e9quilibr\u00e9e. La teneur \u00e9lev\u00e9e en terp\u00e8nes (7,3 %) est domin\u00e9e par le b\u00eata-caryophyll\u00e8ne (connu pour ses notes poivr\u00e9es), le D-limon\u00e8ne (caract\u00e9ristiques d&rsquo;agrumes) et l&rsquo;alpha-humul\u00e8ne (qualit\u00e9s terreuses et bois\u00e9es). Les utilisateurs rapportent g\u00e9n\u00e9ralement des effets lourds et relaxants qui peuvent favoriser des sentiments de bonheur tout en encourageant une relaxation profonde.   <\/p>\n<h4>Pourquoi choisir les concentr\u00e9s ?<\/h4>\n<p>Les concentr\u00e9s comme le Live Rosin offrent aux consommateurs de cannabis m\u00e9dical un contr\u00f4le pr\u00e9cis du dosage et une apparition rapide des effets. Gr\u00e2ce \u00e0 leur puissance \u00e9lev\u00e9e, de plus petites quantit\u00e9s sont n\u00e9cessaires, ce qui les rend rentables pour un usage m\u00e9dical r\u00e9gulier. Live Rosin pr\u00e9serve sp\u00e9cifiquement le profil terp\u00e9nique complet de la plante gr\u00e2ce \u00e0 une extraction sans solvant, ce qui peut renforcer les b\u00e9n\u00e9fices th\u00e9rapeutiques.  <\/p>\n<h4>Exp\u00e9dition dans tout le Canada<\/h4>\n<p>Venom OG Live Rosin est exp\u00e9di\u00e9 rapidement \u00e0 travers le Canada, avec une livraison gratuite disponible pour les commandes de plus de 150 $. Nous nous assurons que vos concentr\u00e9s sont soigneusement emball\u00e9s pour maintenir la qualit\u00e9 pendant le transport jusqu&rsquo;\u00e0 votre porte. <\/p>\n<h4>Avantages et couverture pour les anciens combattants<\/h4>\n<p>Venom OG Live Rosin est admissible \u00e0 la couverture d&rsquo;ACC (Anciens Combattants Canada) avec facturation directe par l&rsquo;interm\u00e9diaire de Blue Cross, ce qui signifie qu&rsquo;il n&rsquo;y a pas de frais \u00e0 d\u00e9bourser pour les anciens combattants admissibles. Si vous n&rsquo;avez pas encore votre carte de cannabis m\u00e9dical, vous pouvez <a href=\"https:\/\/mendomedical.ca\/fr\/carte-medicale\/\">obtenir votre carte m\u00e9dicale gratuite rapidement et facilement<\/a> pour acc\u00e9der \u00e0 ces avantages. <\/p>\n<\/div>\n","protected":false},"featured_media":106210,"comment_status":"closed","ping_status":"closed","template":"","meta":{"_acf_changed":false,"site-sidebar-layout":"default","site-content-layout":"","ast-site-content-layout":"default","site-content-style":"default","site-sidebar-style":"default","ast-global-header-display":"","ast-banner-title-visibility":"","ast-main-header-display":"","ast-hfb-above-header-display":"","ast-hfb-below-header-display":"","ast-hfb-mobile-header-display":"","site-post-title":"","ast-breadcrumbs-content":"","ast-featured-img":"","footer-sml-layout":"","ast-disable-related-posts":"","theme-transparent-header-meta":"default","adv-header-id-meta":"","stick-header-meta":"","header-above-stick-meta":"","header-main-stick-meta":"","header-below-stick-meta":"","astra-migrate-meta-layouts":"set","ast-page-background-enabled":"default","ast-page-background-meta":{"desktop":{"background-color":"var(--ast-global-color-4)","background-image":"","background-repeat":"repeat","background-position":"center center","background-size":"auto","background-attachment":"scroll","background-type":"","background-media":"","overlay-type":"","overlay-color":"","overlay-opacity":"","overlay-gradient":""},"tablet":{"background-color":"","background-image":"","background-repeat":"repeat","background-position":"center center","background-size":"auto","background-attachment":"scroll","background-type":"","background-media":"","overlay-type":"","overlay-color":"","overlay-opacity":"","overlay-gradient":""},"mobile":{"background-color":"","background-image":"","background-repeat":"repeat","background-position":"center center","background-size":"auto","background-attachment":"scroll","background-type":"","background-media":"","overlay-type":"","overlay-color":"","overlay-opacity":"","overlay-gradient":""}},"ast-content-background-meta":{"desktop":{"background-color":"var(--ast-global-color-5)","background-image":"","background-repeat":"repeat","background-position":"center center","background-size":"auto","background-attachment":"scroll","background-type":"","background-media":"","overlay-type":"","overlay-color":"","overlay-opacity":"","overlay-gradient":""},"tablet":{"background-color":"var(--ast-global-color-5)","background-image":"","background-repeat":"repeat","background-position":"center center","background-size":"auto","background-attachment":"scroll","background-type":"","background-media":"","overlay-type":"","overlay-color":"","overlay-opacity":"","overlay-gradient":""},"mobile":{"background-color":"var(--ast-global-color-5)","background-image":"","background-repeat":"repeat","background-position":"center center","background-size":"auto","background-attachment":"scroll","background-type":"","background-media":"","overlay-type":"","overlay-color":"","overlay-opacity":"","overlay-gradient":""}}},"product_brand":[],"product_cat":[3926,1125,1118,1119],"product_tag":[2414],"product_format_filter":[6369],"class_list":{"0":"post-106208","1":"product","2":"type-product","3":"status-publish","4":"has-post-thumbnail","6":"product_cat-cbd-minors-2-fr","7":"product_cat-rosin-vivante","8":"product_cat-concentres","9":"product_cat-tout-sans-solvant","10":"product_tag-earth-wolf-farm-fr","11":"pa_cbg-4-78-fr","12":"pa_flavours-gaz-2-fr","13":"pa_flavours-pin","14":"pa_flavours-doux","15":"pa_flavours-terreux","16":"pa_format-1g-2-fr","17":"pa_marques-earthwolf-farms-fr","18":"pa_origin-ontario-fr","19":"pa_profil-terpene-caryophyllene","20":"pa_profil-terpene-humulene-fr","21":"pa_profil-terpene-limonene-fr","22":"pa_thc-64-30-fr","23":"pa_type-de-plante-indica-fr","24":"product_format_filter-1g","25":"desktop-align-left","26":"tablet-align-left","27":"mobile-align-left","29":"first","30":"outofstock","31":"taxable","32":"shipping-taxable","33":"purchasable","34":"product-type-simple"},"group_of_quantity":0,"min_quantity":0,"max_quantity":"","exclude_order_quantity_value_rules":"no","exclude_category_quantity_rules":"no","combine_variations":"no","acf":[],"_links":{"self":[{"href":"https:\/\/mendomedical.ca\/fr\/wp-json\/wp\/v2\/product\/106208","targetHints":{"allow":["GET"]}}],"collection":[{"href":"https:\/\/mendomedical.ca\/fr\/wp-json\/wp\/v2\/product"}],"about":[{"href":"https:\/\/mendomedical.ca\/fr\/wp-json\/wp\/v2\/types\/product"}],"replies":[{"embeddable":true,"href":"https:\/\/mendomedical.ca\/fr\/wp-json\/wp\/v2\/comments?post=106208"}],"wp:featuredmedia":[{"embeddable":true,"href":"https:\/\/mendomedical.ca\/fr\/wp-json\/wp\/v2\/media\/106210"}],"wp:attachment":[{"href":"https:\/\/mendomedical.ca\/fr\/wp-json\/wp\/v2\/media?parent=106208"}],"wp:term":[{"taxonomy":"product_brand","embeddable":true,"href":"https:\/\/mendomedical.ca\/fr\/wp-json\/wp\/v2\/product_brand?post=106208"},{"taxonomy":"product_cat","embeddable":true,"href":"https:\/\/mendomedical.ca\/fr\/wp-json\/wp\/v2\/product_cat?post=106208"},{"taxonomy":"product_tag","embeddable":true,"href":"https:\/\/mendomedical.ca\/fr\/wp-json\/wp\/v2\/product_tag?post=106208"},{"taxonomy":"product_format_filter","embeddable":true,"href":"https:\/\/mendomedical.ca\/fr\/wp-json\/wp\/v2\/product_format_filter?post=106208"}],"curies":[{"name":"wp","href":"https:\/\/api.w.org\/{rel}","templated":true}]}}