{"id":106188,"date":"2024-08-02T06:27:21","date_gmt":"2024-08-02T10:27:21","guid":{"rendered":"https:\/\/mendomedical.ca\/?post_type=product&#038;p=106188"},"modified":"2026-03-27T07:47:56","modified_gmt":"2026-03-27T11:47:56","slug":"la-kush-slice-shatter","status":"publish","type":"product","link":"https:\/\/mendomedical.ca\/fr\/produit\/la-kush-slice-shatter\/","title":{"rendered":"LA Kush Slice Shatter"},"content":{"rendered":"","protected":false},"excerpt":{"rendered":"<div class=\"ExternalClassB2B93294082B4EE58F1E2CEFFC3BD64C\">\n<h3>LA Kush Slice Shatter<\/h3>\n<p>D\u00e9couvrez la puissance concentr\u00e9e et la qualit\u00e9 raffin\u00e9e de LA Kush Slice Shatter de BLAST. Cet extrait de 1 gramme de shatter de qualit\u00e9 sup\u00e9rieure pr\u00e9sente les caract\u00e9ristiques distinctives de la c\u00e9l\u00e8bre vari\u00e9t\u00e9 LA Kush sous une forme hautement concentr\u00e9e, offrant aux patients de cannabis m\u00e9dical une m\u00e9thode de consommation puissante et efficace. <\/p>\n<h4>Caract\u00e9ristiques principales<\/h4>\n<ul>\n<li>Extrait de 1 gramme de shatter de premi\u00e8re qualit\u00e9 de la c\u00e9l\u00e8bre vari\u00e9t\u00e9 LA Kush<\/li>\n<li>Concentr\u00e9 de haute puissance id\u00e9al pour les consommateurs exp\u00e9riment\u00e9s de cannabis m\u00e9dical<\/li>\n<li>Consistance semblable \u00e0 celle du verre, facile \u00e0 manipuler et \u00e0 doser avec pr\u00e9cision<\/li>\n<li>Fabrication experte par BLAST pour une qualit\u00e9 et une puret\u00e9 constantes<\/li>\n<li>Concentr\u00e9 polyvalent convenant \u00e0 diff\u00e9rents modes de consommation<\/li>\n<\/ul>\n<h4>Pourquoi choisir Shatter ?<\/h4>\n<p>Les concentr\u00e9s de shatter offrent aux patients de cannabis m\u00e9dical une m\u00e9thode d&rsquo;administration tr\u00e8s efficace avec une apparition rapide des effets. La nature concentr\u00e9e du shatter signifie que des doses plus petites peuvent fournir les avantages th\u00e9rapeutiques souhait\u00e9s, ce qui en fait une option rentable pour les utilisateurs m\u00e9dicaux r\u00e9guliers. <\/p>\n<h4>Exp\u00e9dition dans tout le Canada<\/h4>\n<p>LA Kush Slice Shatter est exp\u00e9di\u00e9 rapidement \u00e0 travers le Canada, avec une livraison gratuite pour les commandes de plus de 150 $. Nous assurons un emballage s\u00e9curitaire afin de pr\u00e9server l&rsquo;int\u00e9grit\u00e9 du produit pendant le transport. <\/p>\n<h4>Avantages et couverture pour les anciens combattants<\/h4>\n<p>LA Kush Slice Shatter est admissible \u00e0 la couverture d&rsquo;ACC (Anciens Combattants Canada) avec facturation directe par l&rsquo;entremise de la Croix Bleue, ce qui signifie que les anciens combattants admissibles n&rsquo;ont pas \u00e0 d\u00e9bourser d&rsquo;argent. Si vous n&rsquo;avez pas encore votre carte m\u00e9dicale, vous pouvez en obtenir une rapidement et facilement \u00e0 l&rsquo;<a href=\"https:\/\/mendomedical.ca\/fr\/carte-medicale\/\">adresse https:\/\/mendomedical.ca\/medical-card\/.<\/a> <\/p>\n<\/div>\n","protected":false},"featured_media":106190,"comment_status":"closed","ping_status":"closed","template":"","meta":{"_acf_changed":false,"site-sidebar-layout":"default","site-content-layout":"","ast-site-content-layout":"default","site-content-style":"default","site-sidebar-style":"default","ast-global-header-display":"","ast-banner-title-visibility":"","ast-main-header-display":"","ast-hfb-above-header-display":"","ast-hfb-below-header-display":"","ast-hfb-mobile-header-display":"","site-post-title":"","ast-breadcrumbs-content":"","ast-featured-img":"","footer-sml-layout":"","ast-disable-related-posts":"","theme-transparent-header-meta":"default","adv-header-id-meta":"","stick-header-meta":"","header-above-stick-meta":"","header-main-stick-meta":"","header-below-stick-meta":"","astra-migrate-meta-layouts":"set","ast-page-background-enabled":"default","ast-page-background-meta":{"desktop":{"background-color":"var(--ast-global-color-4)","background-image":"","background-repeat":"repeat","background-position":"center center","background-size":"auto","background-attachment":"scroll","background-type":"","background-media":"","overlay-type":"","overlay-color":"","overlay-opacity":"","overlay-gradient":""},"tablet":{"background-color":"","background-image":"","background-repeat":"repeat","background-position":"center center","background-size":"auto","background-attachment":"scroll","background-type":"","background-media":"","overlay-type":"","overlay-color":"","overlay-opacity":"","overlay-gradient":""},"mobile":{"background-color":"","background-image":"","background-repeat":"repeat","background-position":"center center","background-size":"auto","background-attachment":"scroll","background-type":"","background-media":"","overlay-type":"","overlay-color":"","overlay-opacity":"","overlay-gradient":""}},"ast-content-background-meta":{"desktop":{"background-color":"var(--ast-global-color-5)","background-image":"","background-repeat":"repeat","background-position":"center center","background-size":"auto","background-attachment":"scroll","background-type":"","background-media":"","overlay-type":"","overlay-color":"","overlay-opacity":"","overlay-gradient":""},"tablet":{"background-color":"var(--ast-global-color-5)","background-image":"","background-repeat":"repeat","background-position":"center center","background-size":"auto","background-attachment":"scroll","background-type":"","background-media":"","overlay-type":"","overlay-color":"","overlay-opacity":"","overlay-gradient":""},"mobile":{"background-color":"var(--ast-global-color-5)","background-image":"","background-repeat":"repeat","background-position":"center center","background-size":"auto","background-attachment":"scroll","background-type":"","background-media":"","overlay-type":"","overlay-color":"","overlay-opacity":"","overlay-gradient":""}}},"product_brand":[],"product_cat":[1127,1118],"product_tag":[2237],"product_format_filter":[6369],"class_list":{"0":"post-106188","1":"product","2":"type-product","3":"status-publish","4":"has-post-thumbnail","6":"product_cat-shatter-fr","7":"product_cat-concentres","8":"product_tag-blast-fr","9":"pa_format-1g-2-fr","10":"pa_intensity-thc-eleve","11":"pa_marques-blast-fr","12":"pa_origin-ontario-fr","13":"pa_thc-90-6-fr","14":"pa_type-de-plante-hybride-indica-fr","15":"product_format_filter-1g","16":"desktop-align-left","17":"tablet-align-left","18":"mobile-align-left","20":"first","21":"instock","22":"taxable","23":"shipping-taxable","24":"purchasable","25":"product-type-simple"},"group_of_quantity":0,"min_quantity":0,"max_quantity":"","exclude_order_quantity_value_rules":"no","exclude_category_quantity_rules":"no","combine_variations":"no","acf":[],"_links":{"self":[{"href":"https:\/\/mendomedical.ca\/fr\/wp-json\/wp\/v2\/product\/106188","targetHints":{"allow":["GET"]}}],"collection":[{"href":"https:\/\/mendomedical.ca\/fr\/wp-json\/wp\/v2\/product"}],"about":[{"href":"https:\/\/mendomedical.ca\/fr\/wp-json\/wp\/v2\/types\/product"}],"replies":[{"embeddable":true,"href":"https:\/\/mendomedical.ca\/fr\/wp-json\/wp\/v2\/comments?post=106188"}],"wp:featuredmedia":[{"embeddable":true,"href":"https:\/\/mendomedical.ca\/fr\/wp-json\/wp\/v2\/media\/106190"}],"wp:attachment":[{"href":"https:\/\/mendomedical.ca\/fr\/wp-json\/wp\/v2\/media?parent=106188"}],"wp:term":[{"taxonomy":"product_brand","embeddable":true,"href":"https:\/\/mendomedical.ca\/fr\/wp-json\/wp\/v2\/product_brand?post=106188"},{"taxonomy":"product_cat","embeddable":true,"href":"https:\/\/mendomedical.ca\/fr\/wp-json\/wp\/v2\/product_cat?post=106188"},{"taxonomy":"product_tag","embeddable":true,"href":"https:\/\/mendomedical.ca\/fr\/wp-json\/wp\/v2\/product_tag?post=106188"},{"taxonomy":"product_format_filter","embeddable":true,"href":"https:\/\/mendomedical.ca\/fr\/wp-json\/wp\/v2\/product_format_filter?post=106188"}],"curies":[{"name":"wp","href":"https:\/\/api.w.org\/{rel}","templated":true}]}}