{"id":106177,"date":"2025-06-03T04:34:42","date_gmt":"2025-06-03T08:34:42","guid":{"rendered":"https:\/\/mendomedical.ca\/?post_type=product&#038;p=106177"},"modified":"2026-03-09T18:37:41","modified_gmt":"2026-03-09T22:37:41","slug":"r2-full-spectrum-honey-oil-dispenser","status":"publish","type":"product","link":"https:\/\/mendomedical.ca\/fr\/produit\/r2-full-spectrum-honey-oil-dispenser\/","title":{"rendered":"R2 Full Spectrum Honey Oil Syringe"},"content":{"rendered":"","protected":false},"excerpt":{"rendered":"<div class=\"ExternalClass9795D31F981E4C949A072090833529EA\">\n<h3>R2 Full Spectrum Honey Oil Syringe<\/h3>\n<h3>Terp\u00e8nes totaux : 4-7%.<\/h3>\n<p>D\u00e9couvrez les effets \u00e9quilibr\u00e9s de R2 Full Spectrum Honey Oil, un extrait de premi\u00e8re qualit\u00e9 \u00e0 dominance indica de Retro. Cette huile de miel enti\u00e8rement d\u00e9carboxyl\u00e9e d\u00e9livre 4 \u00e0 7 % de terp\u00e8nes totaux dans un format pratique de seringue en verre pr\u00e9charg\u00e9e. Cr\u00e9\u00e9 \u00e0 l&rsquo;aide d&rsquo;une technologie d&rsquo;extraction au CO2 de pointe, ce concentr\u00e9 offre des options de dosage polyvalentes - d&rsquo;une relaxation l\u00e9g\u00e8re \u00e0 des doses plus faibles \u00e0 des effets s\u00e9datifs plus prononc\u00e9s \u00e0 des quantit\u00e9s plus \u00e9lev\u00e9es, ce qui vous permet de personnaliser votre exp\u00e9rience en fonction de vos besoins.  <\/p>\n<h4>Caract\u00e9ristiques principales<\/h4>\n<ul>\n<li>Extrait \u00e0 dominance indica \u00e0 spectre complet avec 4-7% de Terp\u00e8nes totaux<\/li>\n<li>Enti\u00e8rement d\u00e9carboxyl\u00e9e et pr\u00eate \u00e0 l&#8217;emploi - aucune pr\u00e9paration n&rsquo;est n\u00e9cessaire<\/li>\n<li>extrait au CO2 sans produits chimiques nocifs ni terp\u00e8nes synth\u00e9tiques<\/li>\n<li>Seringue en verre pr\u00e9charg\u00e9e avec embout \u00e9mouss\u00e9 pour un dosage pr\u00e9cis<\/li>\n<li>Effets polyvalents allant d&rsquo;une l\u00e9g\u00e8re relaxation \u00e0 une s\u00e9dation plus profonde en fonction de la dose.<\/li>\n<\/ul>\n<h4>Profil des terp\u00e8nes<\/h4>\n<p>Cet extrait \u00e0 spectre complet contient 4 \u00e0 7 % de terp\u00e8nes totaux, offrant un profil riche et complexe qui contribue \u00e0 l&rsquo;effet d&rsquo;entourage. La teneur naturelle en terp\u00e8nes am\u00e9liore \u00e0 la fois le potentiel th\u00e9rapeutique et l&rsquo;exp\u00e9rience globale de ce concentr\u00e9 \u00e0 dominance indica. <\/p>\n<h4>Pourquoi choisir les distributeurs d&rsquo;huile<\/h4>\n<p>Les distributeurs d&rsquo;huile offrent aux consommateurs de cannabis m\u00e9dical un contr\u00f4le pr\u00e9cis du dosage et une grande souplesse dans les m\u00e9thodes de consommation. Le format seringue permet une mesure pr\u00e9cise et une administration facile, ce qui facilite la recherche et le maintien de votre dose th\u00e9rapeutique optimale. <\/p>\n<h4>Exp\u00e9dition dans tout le Canada<\/h4>\n<p>R2 Full Spectrum Honey Oil Syringe est exp\u00e9di\u00e9 rapidement \u00e0 travers le Canada. Nous offrons une livraison gratuite pour les commandes de plus de 150 $, ce qui vous assure de recevoir vos produits de cannabis m\u00e9dical rapidement et \u00e0 un prix abordable. <\/p>\n<h4>Avantages et couverture pour les anciens combattants<\/h4>\n<p>La seringue d&rsquo;huile de miel \u00e0 spectre complet R2 est admissible \u00e0 la couverture d&rsquo;ACC (Anciens Combattants Canada) et \u00e0 la facturation directe par l&rsquo;entremise de la Croix Bleue, sans aucun d\u00e9bours\u00e9. Si vous n&rsquo;avez pas encore de carte de cannabis m\u00e9dical, vous pouvez <a href=\"https:\/\/mendomedical.ca\/fr\/carte-medicale\/\">obtenir votre carte m\u00e9dicale gratuite rapidement et facilement<\/a>. <\/p>\n<\/div>\n","protected":false},"featured_media":225368,"comment_status":"closed","ping_status":"closed","template":"","meta":{"_acf_changed":false,"site-sidebar-layout":"default","site-content-layout":"","ast-site-content-layout":"default","site-content-style":"default","site-sidebar-style":"default","ast-global-header-display":"","ast-banner-title-visibility":"","ast-main-header-display":"","ast-hfb-above-header-display":"","ast-hfb-below-header-display":"","ast-hfb-mobile-header-display":"","site-post-title":"","ast-breadcrumbs-content":"","ast-featured-img":"","footer-sml-layout":"","ast-disable-related-posts":"","theme-transparent-header-meta":"default","adv-header-id-meta":"","stick-header-meta":"","header-above-stick-meta":"","header-main-stick-meta":"","header-below-stick-meta":"","astra-migrate-meta-layouts":"set","ast-page-background-enabled":"default","ast-page-background-meta":{"desktop":{"background-color":"var(--ast-global-color-4)","background-image":"","background-repeat":"repeat","background-position":"center center","background-size":"auto","background-attachment":"scroll","background-type":"","background-media":"","overlay-type":"","overlay-color":"","overlay-opacity":"","overlay-gradient":""},"tablet":{"background-color":"","background-image":"","background-repeat":"repeat","background-position":"center center","background-size":"auto","background-attachment":"scroll","background-type":"","background-media":"","overlay-type":"","overlay-color":"","overlay-opacity":"","overlay-gradient":""},"mobile":{"background-color":"","background-image":"","background-repeat":"repeat","background-position":"center center","background-size":"auto","background-attachment":"scroll","background-type":"","background-media":"","overlay-type":"","overlay-color":"","overlay-opacity":"","overlay-gradient":""}},"ast-content-background-meta":{"desktop":{"background-color":"var(--ast-global-color-5)","background-image":"","background-repeat":"repeat","background-position":"center center","background-size":"auto","background-attachment":"scroll","background-type":"","background-media":"","overlay-type":"","overlay-color":"","overlay-opacity":"","overlay-gradient":""},"tablet":{"background-color":"var(--ast-global-color-5)","background-image":"","background-repeat":"repeat","background-position":"center center","background-size":"auto","background-attachment":"scroll","background-type":"","background-media":"","overlay-type":"","overlay-color":"","overlay-opacity":"","overlay-gradient":""},"mobile":{"background-color":"var(--ast-global-color-5)","background-image":"","background-repeat":"repeat","background-position":"center center","background-size":"auto","background-attachment":"scroll","background-type":"","background-media":"","overlay-type":"","overlay-color":"","overlay-opacity":"","overlay-gradient":""}}},"product_brand":[],"product_cat":[1126,1118],"product_tag":[],"product_format_filter":[6369],"class_list":{"0":"post-106177","1":"product","2":"type-product","3":"status-publish","4":"has-post-thumbnail","6":"product_cat-distributeurs-dhuile","7":"product_cat-concentres","8":"pa_cbg-2-fr-2","9":"pa_format-1g-2-fr","10":"pa_intensity-thc-eleve","11":"pa_marques-retro-fr","12":"pa_origin-ile-du-prince-edouard","13":"pa_profil-terpene-caryophyllene","14":"pa_profil-terpene-humulene-fr","15":"pa_profil-terpene-myrcene","16":"pa_profil-terpene-ocimene-fr","17":"pa_thc-76-4-fr","18":"pa_type-de-plante-hybride-indica-fr","19":"product_format_filter-1g","20":"desktop-align-left","21":"tablet-align-left","22":"mobile-align-left","24":"first","25":"instock","26":"taxable","27":"shipping-taxable","28":"purchasable","29":"product-type-simple"},"group_of_quantity":0,"min_quantity":0,"max_quantity":"","exclude_order_quantity_value_rules":"no","exclude_category_quantity_rules":"no","combine_variations":"no","acf":[],"_links":{"self":[{"href":"https:\/\/mendomedical.ca\/fr\/wp-json\/wp\/v2\/product\/106177","targetHints":{"allow":["GET"]}}],"collection":[{"href":"https:\/\/mendomedical.ca\/fr\/wp-json\/wp\/v2\/product"}],"about":[{"href":"https:\/\/mendomedical.ca\/fr\/wp-json\/wp\/v2\/types\/product"}],"replies":[{"embeddable":true,"href":"https:\/\/mendomedical.ca\/fr\/wp-json\/wp\/v2\/comments?post=106177"}],"wp:featuredmedia":[{"embeddable":true,"href":"https:\/\/mendomedical.ca\/fr\/wp-json\/wp\/v2\/media\/225368"}],"wp:attachment":[{"href":"https:\/\/mendomedical.ca\/fr\/wp-json\/wp\/v2\/media?parent=106177"}],"wp:term":[{"taxonomy":"product_brand","embeddable":true,"href":"https:\/\/mendomedical.ca\/fr\/wp-json\/wp\/v2\/product_brand?post=106177"},{"taxonomy":"product_cat","embeddable":true,"href":"https:\/\/mendomedical.ca\/fr\/wp-json\/wp\/v2\/product_cat?post=106177"},{"taxonomy":"product_tag","embeddable":true,"href":"https:\/\/mendomedical.ca\/fr\/wp-json\/wp\/v2\/product_tag?post=106177"},{"taxonomy":"product_format_filter","embeddable":true,"href":"https:\/\/mendomedical.ca\/fr\/wp-json\/wp\/v2\/product_format_filter?post=106177"}],"curies":[{"name":"wp","href":"https:\/\/api.w.org\/{rel}","templated":true}]}}