{"id":106169,"date":"2020-09-11T13:09:52","date_gmt":"2020-09-11T17:09:52","guid":{"rendered":"https:\/\/mendomedical.ca\/?post_type=product&#038;p=106169"},"modified":"2025-04-26T01:53:20","modified_gmt":"2025-04-26T05:53:20","slug":"live-resin-syringe-dispenser-peyote-cookies","status":"publish","type":"product","link":"https:\/\/mendomedical.ca\/fr\/produit\/live-resin-syringe-dispenser-peyote-cookies\/","title":{"rendered":"Live Resin Syringe Dispenser (Peyote Cookies)"},"content":{"rendered":"","protected":false},"excerpt":{"rendered":"<p><strong>otre fleur est congel\u00e9e imm\u00e9diatement apr\u00e8s avoir \u00e9t\u00e9 produite pour pr\u00e9server la saveur et l\u2019ar\u00f4me de la plante vivante, puis extraite. Les r\u00e9sines vivantes ont un profil terp\u00e9nique plus complexe et peuvent offrir une exp\u00e9rience plus complexe.<\/strong><\/p>\n<p>&nbsp;<\/p>\n<p><strong>G\u00e9n\u00e9tique pour cette rotation : Peyote Cookies<\/strong><\/p>\n<p>Peyote Cookies est une vari\u00e9t\u00e9 hybride \u00e0 dominante indica (95 % indica\/5 % sativa) cr\u00e9\u00e9e en croisant le classique Peyote Purple avec la tristement c\u00e9l\u00e8bre Cookies Kush. Avec sa saveur super addictive et son niveau de THC incroyablement \u00e9lev\u00e9 de 20 % + moyen, Peyote Cookies ne doit pas \u00eatre sous-estim\u00e9 ! Ce bourgeon a une saveur sucr\u00e9e de goyave tropicale accentu\u00e9e par du caf\u00e9 frais et de la vanille. L\u2019ar\u00f4me est tr\u00e8s doux et terreux avec une note tropicale accentu\u00e9e par de la vanille et une touche de caf\u00e9 frais. L\u2019effet Peyote Cookies vous fera ressentir presque d\u00e8s que vous expirez, vous infusant d\u2019effets lourds et durables qui vous laisseront d\u00e9tendu pendant des heures. Vous ressentirez un d\u00e9but heureux vous envahir quelques minutes apr\u00e8s votre premi\u00e8re bouff\u00e9e, vous plongeant dans un \u00e9tat de bonheur relaxant. Cet effet se r\u00e9pandra bient\u00f4t sur tout votre corps, vous ber\u00e7ant dans un lourd effet physique qui dure des heures. Gr\u00e2ce \u00e0 ces effets percutants et \u00e0 son niveau \u00e9lev\u00e9 de THC, Peyote Cookies est souvent choisi pour traiter des affections telles que la perte d\u2019app\u00e9tit ou les naus\u00e9es, les spasmes ou crampes musculaires, l\u2019inflammation, la d\u00e9pression et les douleurs chroniques.<\/p>\n","protected":false},"featured_media":106173,"comment_status":"closed","ping_status":"closed","template":"","meta":{"_acf_changed":false,"site-sidebar-layout":"default","site-content-layout":"","ast-site-content-layout":"default","site-content-style":"default","site-sidebar-style":"default","ast-global-header-display":"","ast-banner-title-visibility":"","ast-main-header-display":"","ast-hfb-above-header-display":"","ast-hfb-below-header-display":"","ast-hfb-mobile-header-display":"","site-post-title":"","ast-breadcrumbs-content":"","ast-featured-img":"","footer-sml-layout":"","ast-disable-related-posts":"","theme-transparent-header-meta":"default","adv-header-id-meta":"","stick-header-meta":"","header-above-stick-meta":"","header-main-stick-meta":"","header-below-stick-meta":"","astra-migrate-meta-layouts":"set","ast-page-background-enabled":"default","ast-page-background-meta":{"desktop":{"background-color":"var(--ast-global-color-4)","background-image":"","background-repeat":"repeat","background-position":"center center","background-size":"auto","background-attachment":"scroll","background-type":"","background-media":"","overlay-type":"","overlay-color":"","overlay-opacity":"","overlay-gradient":""},"tablet":{"background-color":"","background-image":"","background-repeat":"repeat","background-position":"center center","background-size":"auto","background-attachment":"scroll","background-type":"","background-media":"","overlay-type":"","overlay-color":"","overlay-opacity":"","overlay-gradient":""},"mobile":{"background-color":"","background-image":"","background-repeat":"repeat","background-position":"center center","background-size":"auto","background-attachment":"scroll","background-type":"","background-media":"","overlay-type":"","overlay-color":"","overlay-opacity":"","overlay-gradient":""}},"ast-content-background-meta":{"desktop":{"background-color":"var(--ast-global-color-5)","background-image":"","background-repeat":"repeat","background-position":"center center","background-size":"auto","background-attachment":"scroll","background-type":"","background-media":"","overlay-type":"","overlay-color":"","overlay-opacity":"","overlay-gradient":""},"tablet":{"background-color":"var(--ast-global-color-5)","background-image":"","background-repeat":"repeat","background-position":"center center","background-size":"auto","background-attachment":"scroll","background-type":"","background-media":"","overlay-type":"","overlay-color":"","overlay-opacity":"","overlay-gradient":""},"mobile":{"background-color":"var(--ast-global-color-5)","background-image":"","background-repeat":"repeat","background-position":"center center","background-size":"auto","background-attachment":"scroll","background-type":"","background-media":"","overlay-type":"","overlay-color":"","overlay-opacity":"","overlay-gradient":""}}},"product_brand":[],"product_cat":[1126,1124,1118],"product_tag":[3083],"product_format_filter":[],"class_list":{"0":"post-106169","1":"product","2":"type-product","3":"status-publish","4":"has-post-thumbnail","6":"product_cat-distributeurs-dhuile","7":"product_cat-resine-vivante","8":"product_cat-concentres","9":"product_tag-medisenol-fr","10":"pa_format-1g-2-fr","11":"pa_intensity-thc-eleve","12":"pa_marques-medisenol-fr","13":"pa_origin-colombie-britannique-fr","14":"pa_thc-67-3-fr","15":"pa_type-de-plante-hybride-indica-fr","16":"desktop-align-left","17":"tablet-align-left","18":"mobile-align-left","20":"first","21":"outofstock","22":"taxable","23":"shipping-taxable","24":"purchasable","25":"product-type-simple"},"group_of_quantity":0,"min_quantity":0,"max_quantity":"","exclude_order_quantity_value_rules":"no","exclude_category_quantity_rules":"no","combine_variations":"no","acf":[],"_links":{"self":[{"href":"https:\/\/mendomedical.ca\/fr\/wp-json\/wp\/v2\/product\/106169","targetHints":{"allow":["GET"]}}],"collection":[{"href":"https:\/\/mendomedical.ca\/fr\/wp-json\/wp\/v2\/product"}],"about":[{"href":"https:\/\/mendomedical.ca\/fr\/wp-json\/wp\/v2\/types\/product"}],"replies":[{"embeddable":true,"href":"https:\/\/mendomedical.ca\/fr\/wp-json\/wp\/v2\/comments?post=106169"}],"wp:featuredmedia":[{"embeddable":true,"href":"https:\/\/mendomedical.ca\/fr\/wp-json\/wp\/v2\/media\/106173"}],"wp:attachment":[{"href":"https:\/\/mendomedical.ca\/fr\/wp-json\/wp\/v2\/media?parent=106169"}],"wp:term":[{"taxonomy":"product_brand","embeddable":true,"href":"https:\/\/mendomedical.ca\/fr\/wp-json\/wp\/v2\/product_brand?post=106169"},{"taxonomy":"product_cat","embeddable":true,"href":"https:\/\/mendomedical.ca\/fr\/wp-json\/wp\/v2\/product_cat?post=106169"},{"taxonomy":"product_tag","embeddable":true,"href":"https:\/\/mendomedical.ca\/fr\/wp-json\/wp\/v2\/product_tag?post=106169"},{"taxonomy":"product_format_filter","embeddable":true,"href":"https:\/\/mendomedical.ca\/fr\/wp-json\/wp\/v2\/product_format_filter?post=106169"}],"curies":[{"name":"wp","href":"https:\/\/api.w.org\/{rel}","templated":true}]}}