{"id":106000,"date":"2000-04-11T23:05:19","date_gmt":"2000-04-12T03:05:19","guid":{"rendered":"https:\/\/mendomedical.ca\/?post_type=product&#038;p=106000"},"modified":"2026-02-06T13:30:01","modified_gmt":"2026-02-06T18:30:01","slug":"galactic-runtz-fse-full-spectrum-extract","status":"publish","type":"product","link":"https:\/\/mendomedical.ca\/fr\/produit\/galactic-runtz-fse-full-spectrum-extract\/","title":{"rendered":"Galactic Runtz FSE (Full Spectrum Extract)"},"content":{"rendered":"","protected":false},"excerpt":{"rendered":"<h3>Terp\u00e8nes totaux : 5,1<\/h3>\n<p>T-10 ! D\u00e9marrez vos moteurs de fus\u00e9e !<br \/>\nEn expirant la Galactic Runtz, vous jurerez que vous vous trouviez sur une rampe de lancement et que vous assistiez au d\u00e9collage de votre premier vaisseau spatial ! La saveur d&rsquo;essence et la puissance \u00ab\u00a0High-octane\u00a0\u00bb sont remarquablement intenses dans cette puissante vari\u00e9t\u00e9 \u00e0 dominance indica. Galactic Runtz est compos\u00e9e de Falcon 9 (Sunset sherbet x Tina) et de Runtz (Zkittles x Gelato). L&rsquo;obtenteur est Exotic Genetics. Cette fleur produit des niveaux \u00e9lev\u00e9s de THC. Les cocottes produites par cette vari\u00e9t\u00e9 sont denses, riches en r\u00e9sine, avec des nuances de vert lime et de violet riche. Attendez-vous \u00e0 une exp\u00e9rience relaxante et zen qui s&rsquo;\u00e9vanouira dans une euphorie cr\u00e9ative, si vous pouvez garder les yeux ouverts assez longtemps. Galactic Runtz est surtout appr\u00e9ci\u00e9e pour sa saveur fruit\u00e9e avec des notes d&rsquo;agrumes tropicaux et de baies acides. Attendez-vous \u00e0 un ar\u00f4me assorti avec des notes d&rsquo;ananas \u00e9pic\u00e9.        <\/p>\n","protected":false},"featured_media":227939,"comment_status":"closed","ping_status":"closed","template":"","meta":{"_acf_changed":false,"site-sidebar-layout":"default","site-content-layout":"","ast-site-content-layout":"default","site-content-style":"default","site-sidebar-style":"default","ast-global-header-display":"","ast-banner-title-visibility":"","ast-main-header-display":"","ast-hfb-above-header-display":"","ast-hfb-below-header-display":"","ast-hfb-mobile-header-display":"","site-post-title":"","ast-breadcrumbs-content":"","ast-featured-img":"","footer-sml-layout":"","ast-disable-related-posts":"","theme-transparent-header-meta":"default","adv-header-id-meta":"","stick-header-meta":"","header-above-stick-meta":"","header-main-stick-meta":"","header-below-stick-meta":"","astra-migrate-meta-layouts":"set","ast-page-background-enabled":"default","ast-page-background-meta":{"desktop":{"background-color":"var(--ast-global-color-4)","background-image":"","background-repeat":"repeat","background-position":"center center","background-size":"auto","background-attachment":"scroll","background-type":"","background-media":"","overlay-type":"","overlay-color":"","overlay-opacity":"","overlay-gradient":""},"tablet":{"background-color":"","background-image":"","background-repeat":"repeat","background-position":"center center","background-size":"auto","background-attachment":"scroll","background-type":"","background-media":"","overlay-type":"","overlay-color":"","overlay-opacity":"","overlay-gradient":""},"mobile":{"background-color":"","background-image":"","background-repeat":"repeat","background-position":"center center","background-size":"auto","background-attachment":"scroll","background-type":"","background-media":"","overlay-type":"","overlay-color":"","overlay-opacity":"","overlay-gradient":""}},"ast-content-background-meta":{"desktop":{"background-color":"var(--ast-global-color-5)","background-image":"","background-repeat":"repeat","background-position":"center center","background-size":"auto","background-attachment":"scroll","background-type":"","background-media":"","overlay-type":"","overlay-color":"","overlay-opacity":"","overlay-gradient":""},"tablet":{"background-color":"var(--ast-global-color-5)","background-image":"","background-repeat":"repeat","background-position":"center center","background-size":"auto","background-attachment":"scroll","background-type":"","background-media":"","overlay-type":"","overlay-color":"","overlay-opacity":"","overlay-gradient":""},"mobile":{"background-color":"var(--ast-global-color-5)","background-image":"","background-repeat":"repeat","background-position":"center center","background-size":"auto","background-attachment":"scroll","background-type":"","background-media":"","overlay-type":"","overlay-color":"","overlay-opacity":"","overlay-gradient":""}}},"product_brand":[],"product_cat":[1118],"product_tag":[],"product_format_filter":[],"class_list":{"0":"post-106000","1":"product","2":"type-product","3":"status-publish","4":"has-post-thumbnail","6":"product_cat-concentres","7":"pa_flavours-agrumes-tropicaux","8":"pa_flavours-baie-aigre","9":"pa_format-1g-2-fr","10":"pa_intensity-thc-eleve","11":"pa_marques-tribal-fr","12":"pa_origin-ontario-fr","13":"pa_profil-terpene-farnesene-fr","14":"pa_profil-terpene-limonene-fr","15":"pa_profil-terpene-linalol-fr","16":"pa_thc-76-6-fr","17":"pa_type-de-plante-hybride-indica-fr","18":"desktop-align-left","19":"tablet-align-left","20":"mobile-align-left","22":"first","23":"outofstock","24":"taxable","25":"shipping-taxable","26":"purchasable","27":"product-type-simple"},"group_of_quantity":0,"min_quantity":0,"max_quantity":"","exclude_order_quantity_value_rules":"no","exclude_category_quantity_rules":"no","combine_variations":"no","acf":[],"_links":{"self":[{"href":"https:\/\/mendomedical.ca\/fr\/wp-json\/wp\/v2\/product\/106000","targetHints":{"allow":["GET"]}}],"collection":[{"href":"https:\/\/mendomedical.ca\/fr\/wp-json\/wp\/v2\/product"}],"about":[{"href":"https:\/\/mendomedical.ca\/fr\/wp-json\/wp\/v2\/types\/product"}],"replies":[{"embeddable":true,"href":"https:\/\/mendomedical.ca\/fr\/wp-json\/wp\/v2\/comments?post=106000"}],"wp:featuredmedia":[{"embeddable":true,"href":"https:\/\/mendomedical.ca\/fr\/wp-json\/wp\/v2\/media\/227939"}],"wp:attachment":[{"href":"https:\/\/mendomedical.ca\/fr\/wp-json\/wp\/v2\/media?parent=106000"}],"wp:term":[{"taxonomy":"product_brand","embeddable":true,"href":"https:\/\/mendomedical.ca\/fr\/wp-json\/wp\/v2\/product_brand?post=106000"},{"taxonomy":"product_cat","embeddable":true,"href":"https:\/\/mendomedical.ca\/fr\/wp-json\/wp\/v2\/product_cat?post=106000"},{"taxonomy":"product_tag","embeddable":true,"href":"https:\/\/mendomedical.ca\/fr\/wp-json\/wp\/v2\/product_tag?post=106000"},{"taxonomy":"product_format_filter","embeddable":true,"href":"https:\/\/mendomedical.ca\/fr\/wp-json\/wp\/v2\/product_format_filter?post=106000"}],"curies":[{"name":"wp","href":"https:\/\/api.w.org\/{rel}","templated":true}]}}