{"id":105990,"date":"2025-01-01T00:49:16","date_gmt":"2025-01-01T05:49:16","guid":{"rendered":"https:\/\/mendomedical.ca\/?post_type=product&#038;p=105990"},"modified":"2025-04-12T03:46:40","modified_gmt":"2025-04-12T07:46:40","slug":"painted-lady-cbd-flower-2","status":"publish","type":"product","link":"https:\/\/mendomedical.ca\/fr\/produit\/painted-lady-cbd-flower-2\/","title":{"rendered":"Painted Lady CBD Flower"},"content":{"rendered":"","protected":false},"excerpt":{"rendered":"<p><strong>Saturez vos sens avec la saveur et l\u2019ar\u00f4me de citronnelle, de malt et de diesel de Painted Lady. \u00c9quilibrant les vari\u00e9t\u00e9s de chanvre originales d\u2019AC\/DC et d\u2019Otto 2 Franklin, les t\u00eates de Painted Lady pr\u00e9sentent de riches teintes de vert avec de belles nuances violettes. Cette fleur parfum\u00e9e fournira la fum\u00e9e douce et agr\u00e9able attendue de la fleur de cannabis, sans effets psychoactifs du THC.<\/strong><\/p>\n<p><strong>Maintenant disponible au Canada sans THC, cette fleur parfum\u00e9e fournira la belle fum\u00e9e douce attendue de la fleur de cannabis sans effets psychoactifs du THC. Avec de riches verts terreux et des nuances violettes, la fleur Painted Lady est un vrai plaisir pour les gens. Attendez-vous \u00e0 de d\u00e9licieuses odeurs et saveurs de citronnelle, de malt et de diesel. Les terp\u00e8nes de cette vari\u00e9t\u00e9 particuli\u00e8re favorisent le myrc\u00e8ne, le limon\u00e8ne et le caryophyll\u00e8ne. Cette fleur nous vient d\u2019un incroyable cultivateur sp\u00e9cialis\u00e9 qui fait la culture en ext\u00e9rieur avec l\u2019attention d\u2019un cultivateur en int\u00e9rieur. Nos produits pr\u00e9-roul\u00e9s contiennent toutes les fleurs, broy\u00e9es par nos soins puis tamis\u00e9es pour extraire les tiges pour une fum\u00e9e propre et douce.<\/strong><\/p>\n<h5>Attrait visuel:<\/h5>\n<p>Vert fonc\u00e9<\/p>\n<h5>Profil d\u2019ar\u00f4me et de saveur\u00a0:<\/h5>\n<p>Citronnelle et herbes feutr\u00e9es<\/p>\n<h5>Effets :<\/h5>\n<p>D\u00e9tendu<\/p>\n","protected":false},"featured_media":105996,"comment_status":"closed","ping_status":"closed","template":"","meta":{"_acf_changed":false,"site-sidebar-layout":"default","site-content-layout":"","ast-site-content-layout":"default","site-content-style":"default","site-sidebar-style":"default","ast-global-header-display":"","ast-banner-title-visibility":"","ast-main-header-display":"","ast-hfb-above-header-display":"","ast-hfb-below-header-display":"","ast-hfb-mobile-header-display":"","site-post-title":"","ast-breadcrumbs-content":"","ast-featured-img":"","footer-sml-layout":"","ast-disable-related-posts":"","theme-transparent-header-meta":"default","adv-header-id-meta":"","stick-header-meta":"","header-above-stick-meta":"","header-main-stick-meta":"","header-below-stick-meta":"","astra-migrate-meta-layouts":"set","ast-page-background-enabled":"default","ast-page-background-meta":{"desktop":{"background-color":"var(--ast-global-color-4)","background-image":"","background-repeat":"repeat","background-position":"center center","background-size":"auto","background-attachment":"scroll","background-type":"","background-media":"","overlay-type":"","overlay-color":"","overlay-opacity":"","overlay-gradient":""},"tablet":{"background-color":"","background-image":"","background-repeat":"repeat","background-position":"center center","background-size":"auto","background-attachment":"scroll","background-type":"","background-media":"","overlay-type":"","overlay-color":"","overlay-opacity":"","overlay-gradient":""},"mobile":{"background-color":"","background-image":"","background-repeat":"repeat","background-position":"center center","background-size":"auto","background-attachment":"scroll","background-type":"","background-media":"","overlay-type":"","overlay-color":"","overlay-opacity":"","overlay-gradient":""}},"ast-content-background-meta":{"desktop":{"background-color":"var(--ast-global-color-5)","background-image":"","background-repeat":"repeat","background-position":"center center","background-size":"auto","background-attachment":"scroll","background-type":"","background-media":"","overlay-type":"","overlay-color":"","overlay-opacity":"","overlay-gradient":""},"tablet":{"background-color":"var(--ast-global-color-5)","background-image":"","background-repeat":"repeat","background-position":"center center","background-size":"auto","background-attachment":"scroll","background-type":"","background-media":"","overlay-type":"","overlay-color":"","overlay-opacity":"","overlay-gradient":""},"mobile":{"background-color":"var(--ast-global-color-5)","background-image":"","background-repeat":"repeat","background-position":"center center","background-size":"auto","background-attachment":"scroll","background-type":"","background-media":"","overlay-type":"","overlay-color":"","overlay-opacity":"","overlay-gradient":""}}},"product_brand":[],"product_cat":[1137],"product_tag":[2509],"product_format_filter":[],"class_list":{"0":"post-105990","1":"product","2":"type-product","3":"status-publish","4":"has-post-thumbnail","6":"product_cat-fleur","7":"product_tag-growtown-fr","8":"pa_cbd-10-55-fr","9":"pa_flavours-lemongrass-fr","10":"pa_flavours-a-base-de-plantes","11":"pa_flavours-terreux","12":"pa_format-14g-2-fr","13":"pa_intensity-faible-thc","14":"pa_intensity-cbd-moyen","15":"pa_marques-growtown-fr","16":"pa_origin-ontario-fr","17":"pa_packaging-date-24-01-2024-fr","18":"pa_prix-par-gramme-2-49-fr","19":"pa_profil-terpene-caryophyllene","20":"pa_profil-terpene-limonene-fr","21":"pa_profil-terpene-myrcene","22":"pa_thc-0-3-fr","23":"pa_type-de-plante-hybride-fr","24":"desktop-align-left","25":"tablet-align-left","26":"mobile-align-left","28":"first","29":"outofstock","30":"taxable","31":"shipping-taxable","32":"purchasable","33":"product-type-simple"},"group_of_quantity":0,"min_quantity":0,"max_quantity":"","exclude_order_quantity_value_rules":"no","exclude_category_quantity_rules":"no","combine_variations":"no","acf":[],"_links":{"self":[{"href":"https:\/\/mendomedical.ca\/fr\/wp-json\/wp\/v2\/product\/105990","targetHints":{"allow":["GET"]}}],"collection":[{"href":"https:\/\/mendomedical.ca\/fr\/wp-json\/wp\/v2\/product"}],"about":[{"href":"https:\/\/mendomedical.ca\/fr\/wp-json\/wp\/v2\/types\/product"}],"replies":[{"embeddable":true,"href":"https:\/\/mendomedical.ca\/fr\/wp-json\/wp\/v2\/comments?post=105990"}],"wp:featuredmedia":[{"embeddable":true,"href":"https:\/\/mendomedical.ca\/fr\/wp-json\/wp\/v2\/media\/105996"}],"wp:attachment":[{"href":"https:\/\/mendomedical.ca\/fr\/wp-json\/wp\/v2\/media?parent=105990"}],"wp:term":[{"taxonomy":"product_brand","embeddable":true,"href":"https:\/\/mendomedical.ca\/fr\/wp-json\/wp\/v2\/product_brand?post=105990"},{"taxonomy":"product_cat","embeddable":true,"href":"https:\/\/mendomedical.ca\/fr\/wp-json\/wp\/v2\/product_cat?post=105990"},{"taxonomy":"product_tag","embeddable":true,"href":"https:\/\/mendomedical.ca\/fr\/wp-json\/wp\/v2\/product_tag?post=105990"},{"taxonomy":"product_format_filter","embeddable":true,"href":"https:\/\/mendomedical.ca\/fr\/wp-json\/wp\/v2\/product_format_filter?post=105990"}],"curies":[{"name":"wp","href":"https:\/\/api.w.org\/{rel}","templated":true}]}}