{"id":105970,"date":"2000-04-11T23:00:19","date_gmt":"2000-04-12T03:00:19","guid":{"rendered":"https:\/\/mendomedical.ca\/?post_type=product&#038;p=105970"},"modified":"2025-07-27T12:28:26","modified_gmt":"2025-07-27T16:28:26","slug":"panakeia-pure-cbg-flower","status":"publish","type":"product","link":"https:\/\/mendomedical.ca\/fr\/produit\/panakeia-pure-cbg-flower\/","title":{"rendered":"Panakeia Pure CBG Flower"},"content":{"rendered":"","protected":false},"excerpt":{"rendered":"<p><strong>*Veuillez noter que ce produit peut contenir des graines qui n&rsquo;affectent pas la qualit\u00e9 du produit.<\/strong><\/p>\n<p><strong>La seule vari\u00e9t\u00e9 contenant uniquement du cannabig\u00e9rol (CBG) actuellement disponible au Canada, cette fleur l\u00e9g\u00e8re vous aidera \u00e0 apaiser votre esprit et votre corps sans les composants psychoactifs du THC. Issue d&rsquo;un programme de d\u00e9veloppement unique de l&rsquo;Universit\u00e9 polytechnique de Valence en Espagne, cette souche a \u00e9t\u00e9 sp\u00e9cifiquement d\u00e9velopp\u00e9e pour ses propri\u00e9t\u00e9s th\u00e9rapeutiques avec une CBG comprise entre 7 et 16 %. Cette fleur se pr\u00e9sente sous une belle couleur verte plus claire, avec une l\u00e9g\u00e8re odeur de terre et d&rsquo;herbes avec un l\u00e9ger courant de menthe. Ces m\u00eames saveurs se r\u00e9v\u00e8lent lors de la combustion comme une saveur subtile, parfaite seule ou combin\u00e9e avec vos autres vari\u00e9t\u00e9s pr\u00e9f\u00e9r\u00e9es pour permettre au CBG de contrebalancer les caract\u00e9ristiques moins d\u00e9sirables du THC. Cette fleur nous vient d&rsquo;un cultivateur sp\u00e9cialis\u00e9 qui pratique la culture en int\u00e9rieur et en ext\u00e9rieur. <\/strong><\/p>\n<p><strong>Irradi\u00e9<\/strong><\/p>\n","protected":false},"featured_media":40589,"comment_status":"closed","ping_status":"closed","template":"","meta":{"_acf_changed":false,"site-sidebar-layout":"default","site-content-layout":"","ast-site-content-layout":"default","site-content-style":"default","site-sidebar-style":"default","ast-global-header-display":"","ast-banner-title-visibility":"","ast-main-header-display":"","ast-hfb-above-header-display":"","ast-hfb-below-header-display":"","ast-hfb-mobile-header-display":"","site-post-title":"","ast-breadcrumbs-content":"","ast-featured-img":"","footer-sml-layout":"","ast-disable-related-posts":"","theme-transparent-header-meta":"default","adv-header-id-meta":"","stick-header-meta":"","header-above-stick-meta":"","header-main-stick-meta":"","header-below-stick-meta":"","astra-migrate-meta-layouts":"set","ast-page-background-enabled":"default","ast-page-background-meta":{"desktop":{"background-color":"var(--ast-global-color-4)","background-image":"","background-repeat":"repeat","background-position":"center center","background-size":"auto","background-attachment":"scroll","background-type":"","background-media":"","overlay-type":"","overlay-color":"","overlay-opacity":"","overlay-gradient":""},"tablet":{"background-color":"","background-image":"","background-repeat":"repeat","background-position":"center center","background-size":"auto","background-attachment":"scroll","background-type":"","background-media":"","overlay-type":"","overlay-color":"","overlay-opacity":"","overlay-gradient":""},"mobile":{"background-color":"","background-image":"","background-repeat":"repeat","background-position":"center center","background-size":"auto","background-attachment":"scroll","background-type":"","background-media":"","overlay-type":"","overlay-color":"","overlay-opacity":"","overlay-gradient":""}},"ast-content-background-meta":{"desktop":{"background-color":"var(--ast-global-color-5)","background-image":"","background-repeat":"repeat","background-position":"center center","background-size":"auto","background-attachment":"scroll","background-type":"","background-media":"","overlay-type":"","overlay-color":"","overlay-opacity":"","overlay-gradient":""},"tablet":{"background-color":"var(--ast-global-color-5)","background-image":"","background-repeat":"repeat","background-position":"center center","background-size":"auto","background-attachment":"scroll","background-type":"","background-media":"","overlay-type":"","overlay-color":"","overlay-opacity":"","overlay-gradient":""},"mobile":{"background-color":"var(--ast-global-color-5)","background-image":"","background-repeat":"repeat","background-position":"center center","background-size":"auto","background-attachment":"scroll","background-type":"","background-media":"","overlay-type":"","overlay-color":"","overlay-opacity":"","overlay-gradient":""}}},"product_brand":[],"product_cat":[4733,1137],"product_tag":[],"product_format_filter":[],"class_list":{"0":"post-105970","1":"product","2":"type-product","3":"status-publish","4":"has-post-thumbnail","6":"product_cat-cbd-et-mineurs","7":"product_cat-fleur","8":"pa_cbg-7-7-fr","9":"pa_flavours-a-base-de-plantes","10":"pa_flavours-mint","11":"pa_flavours-terreux","12":"pa_format-14g-2-fr","13":"pa_intensity-cbg-eleve","14":"pa_marques-growtown-fr","15":"pa_origin-ontario-fr","16":"pa_packaging-date-12-04-2024-fr","17":"pa_type-de-plante-cbg-fr","18":"desktop-align-left","19":"tablet-align-left","20":"mobile-align-left","22":"first","23":"outofstock","24":"taxable","25":"shipping-taxable","26":"purchasable","27":"product-type-simple"},"group_of_quantity":0,"min_quantity":0,"max_quantity":"","exclude_order_quantity_value_rules":"no","exclude_category_quantity_rules":"no","combine_variations":"no","acf":[],"_links":{"self":[{"href":"https:\/\/mendomedical.ca\/fr\/wp-json\/wp\/v2\/product\/105970","targetHints":{"allow":["GET"]}}],"collection":[{"href":"https:\/\/mendomedical.ca\/fr\/wp-json\/wp\/v2\/product"}],"about":[{"href":"https:\/\/mendomedical.ca\/fr\/wp-json\/wp\/v2\/types\/product"}],"replies":[{"embeddable":true,"href":"https:\/\/mendomedical.ca\/fr\/wp-json\/wp\/v2\/comments?post=105970"}],"wp:featuredmedia":[{"embeddable":true,"href":"https:\/\/mendomedical.ca\/fr\/wp-json\/wp\/v2\/media\/40589"}],"wp:attachment":[{"href":"https:\/\/mendomedical.ca\/fr\/wp-json\/wp\/v2\/media?parent=105970"}],"wp:term":[{"taxonomy":"product_brand","embeddable":true,"href":"https:\/\/mendomedical.ca\/fr\/wp-json\/wp\/v2\/product_brand?post=105970"},{"taxonomy":"product_cat","embeddable":true,"href":"https:\/\/mendomedical.ca\/fr\/wp-json\/wp\/v2\/product_cat?post=105970"},{"taxonomy":"product_tag","embeddable":true,"href":"https:\/\/mendomedical.ca\/fr\/wp-json\/wp\/v2\/product_tag?post=105970"},{"taxonomy":"product_format_filter","embeddable":true,"href":"https:\/\/mendomedical.ca\/fr\/wp-json\/wp\/v2\/product_format_filter?post=105970"}],"curies":[{"name":"wp","href":"https:\/\/api.w.org\/{rel}","templated":true}]}}