{"id":105912,"date":"2000-04-11T23:04:13","date_gmt":"2000-04-12T03:04:13","guid":{"rendered":"https:\/\/mendomedical.ca\/?post_type=product&#038;p=105912"},"modified":"2025-09-23T10:08:54","modified_gmt":"2025-09-23T14:08:54","slug":"black-cherry-punch-shatter","status":"publish","type":"product","link":"https:\/\/mendomedical.ca\/fr\/produit\/black-cherry-punch-shatter\/","title":{"rendered":"Shatter Black Cherry Punch"},"content":{"rendered":"","protected":false},"excerpt":{"rendered":"<div class=\"ExternalClass0301F723C72544F69CEAA27FF45FD8C7\">\n<h3>Punch \u00e0 la cerise noire Shatter de Jane &amp; Juice<\/h3>\n<p>D\u00e9couvrez la qualit\u00e9 exceptionnelle du Black Cherry Punch Shatter, un concentr\u00e9 de cannabis de premi\u00e8re qualit\u00e9 con\u00e7u par Jane &amp; Juice. Ce shatter orange vif met en valeur le meilleur cultivar Black Cherry Punch cultiv\u00e9 en int\u00e9rieur et provenant des meilleurs producteurs locaux du Qu\u00e9bec. Gr\u00e2ce \u00e0 une technologie avanc\u00e9e d&rsquo;extraction par cryo-hydrocarbures, ce shatter \u00e0 souche unique offre un concentr\u00e9 \u00e0 spectre complet qui capture l&rsquo;essence de sa mati\u00e8re premi\u00e8re tout en pr\u00e9servant ses caract\u00e9ristiques fruit\u00e9es et florales distinctives.  <\/p>\n<h4>Caract\u00e9ristiques principales<\/h4>\n<ul>\n<li>Shatter monoculture fabriqu\u00e9 exclusivement \u00e0 partir de la vari\u00e9t\u00e9 Black Cherry Punch<\/li>\n<li>Fleur d&rsquo;int\u00e9rieur de premi\u00e8re qualit\u00e9 provenant des meilleurs cultivateurs locaux du Qu\u00e9bec.<\/li>\n<li>L&rsquo;extraction de cryo-hydrocarbures \u00e0 la pointe de la technologie pr\u00e9serve l&rsquo;int\u00e9gralit\u00e9 du spectre des phytocomposants.<\/li>\n<li>Aspect orange vif indiquant une qualit\u00e9 et une puret\u00e9 \u00e9lev\u00e9es<\/li>\n<li>Fabriqu\u00e9 de mani\u00e8re experte pour pr\u00e9server les profils terp\u00e9niques naturels de la fleur.<\/li>\n<\/ul>\n<h4>Profil d&rsquo;ar\u00f4me et caract\u00e9ristiques<\/h4>\n<p>Black Cherry Punch Shatter offre une exp\u00e9rience sensorielle d\u00e9licieuse avec ses saveurs fruit\u00e9es et florales prononc\u00e9es. Le processus d&rsquo;extraction minutieux garantit que les profils terp\u00e9niques naturels restent intacts, offrant une repr\u00e9sentation authentique des caract\u00e9ristiques uniques de la souche Black Cherry Punch. Chaque bouff\u00e9e offre une explosion de notes fruit\u00e9es compl\u00e9t\u00e9es par de subtiles nuances florales.  <\/p>\n<h4>Pourquoi choisir Shatter ?<\/h4>\n<p>Les concentr\u00e9s de shatter offrent aux consommateurs de cannabis m\u00e9dical une m\u00e9thode de consommation puissante et efficace. La forte concentration permet un dosage pr\u00e9cis, tandis que le processus d&rsquo;extraction propre peut permettre une apparition rapide des effets, ce qui convient \u00e0 ceux qui recherchent un soulagement imm\u00e9diat. <\/p>\n<h4>Exp\u00e9dition dans tout le Canada<\/h4>\n<p>Black Cherry Punch Shatter est exp\u00e9di\u00e9 rapidement \u00e0 travers le Canada. Nous offrons une livraison gratuite pour toutes les commandes de plus de 150 $, assurant ainsi un acc\u00e8s pratique \u00e0 des concentr\u00e9s de cannabis de qualit\u00e9 sup\u00e9rieure dans tout le pays. <\/p>\n<h4>Avantages et couverture pour les anciens combattants<\/h4>\n<p>Black Cherry Punch Shatter est admissible \u00e0 la couverture d&rsquo;ACC (Anciens Combattants Canada) et \u00e0 la facturation directe par l&rsquo;entremise de la Croix Bleue, ce qui signifie que les anciens combattants admissibles n&rsquo;ont pas \u00e0 d\u00e9bourser d&rsquo;argent. Si vous n&rsquo;avez pas encore d&rsquo;ordonnance de cannabis m\u00e9dical, <a href=\"https:\/\/mendomedical.ca\/fr\/carte-medicale\/\">obtenez rapidement et facilement votre carte m\u00e9dicale gratuite<\/a> pour acc\u00e9der \u00e0 ces avantages. <\/p>\n<div><b>Ingr\u00e9dients<\/b><br \/>\nExtrait de cannabis.<\/div>\n<\/div>\n","protected":false},"featured_media":227954,"comment_status":"closed","ping_status":"closed","template":"","meta":{"_acf_changed":false,"site-sidebar-layout":"default","site-content-layout":"","ast-site-content-layout":"default","site-content-style":"default","site-sidebar-style":"default","ast-global-header-display":"","ast-banner-title-visibility":"","ast-main-header-display":"","ast-hfb-above-header-display":"","ast-hfb-below-header-display":"","ast-hfb-mobile-header-display":"","site-post-title":"","ast-breadcrumbs-content":"","ast-featured-img":"","footer-sml-layout":"","ast-disable-related-posts":"","theme-transparent-header-meta":"default","adv-header-id-meta":"","stick-header-meta":"","header-above-stick-meta":"","header-main-stick-meta":"","header-below-stick-meta":"","astra-migrate-meta-layouts":"set","ast-page-background-enabled":"default","ast-page-background-meta":{"desktop":{"background-color":"var(--ast-global-color-4)","background-image":"","background-repeat":"repeat","background-position":"center center","background-size":"auto","background-attachment":"scroll","background-type":"","background-media":"","overlay-type":"","overlay-color":"","overlay-opacity":"","overlay-gradient":""},"tablet":{"background-color":"","background-image":"","background-repeat":"repeat","background-position":"center center","background-size":"auto","background-attachment":"scroll","background-type":"","background-media":"","overlay-type":"","overlay-color":"","overlay-opacity":"","overlay-gradient":""},"mobile":{"background-color":"","background-image":"","background-repeat":"repeat","background-position":"center center","background-size":"auto","background-attachment":"scroll","background-type":"","background-media":"","overlay-type":"","overlay-color":"","overlay-opacity":"","overlay-gradient":""}},"ast-content-background-meta":{"desktop":{"background-color":"var(--ast-global-color-5)","background-image":"","background-repeat":"repeat","background-position":"center center","background-size":"auto","background-attachment":"scroll","background-type":"","background-media":"","overlay-type":"","overlay-color":"","overlay-opacity":"","overlay-gradient":""},"tablet":{"background-color":"var(--ast-global-color-5)","background-image":"","background-repeat":"repeat","background-position":"center center","background-size":"auto","background-attachment":"scroll","background-type":"","background-media":"","overlay-type":"","overlay-color":"","overlay-opacity":"","overlay-gradient":""},"mobile":{"background-color":"var(--ast-global-color-5)","background-image":"","background-repeat":"repeat","background-position":"center center","background-size":"auto","background-attachment":"scroll","background-type":"","background-media":"","overlay-type":"","overlay-color":"","overlay-opacity":"","overlay-gradient":""}}},"product_brand":[],"product_cat":[1127,1118],"product_tag":[],"product_format_filter":[],"class_list":{"0":"post-105912","1":"product","2":"type-product","3":"status-publish","4":"has-post-thumbnail","6":"product_cat-shatter-fr","7":"product_cat-concentres","8":"pa_flavours-floral-fr","9":"pa_flavours-fruite","10":"pa_format-1g-2-fr","11":"pa_intensity-thc-eleve","12":"pa_marques-jane-juice-fr","13":"pa_origin-quebec-fr","14":"pa_thc-80-1-fr","15":"pa_type-de-plante-hybride-indica-fr","16":"desktop-align-left","17":"tablet-align-left","18":"mobile-align-left","20":"first","21":"outofstock","22":"taxable","23":"shipping-taxable","24":"purchasable","25":"product-type-simple"},"group_of_quantity":0,"min_quantity":0,"max_quantity":"","exclude_order_quantity_value_rules":"no","exclude_category_quantity_rules":"no","combine_variations":"no","acf":[],"_links":{"self":[{"href":"https:\/\/mendomedical.ca\/fr\/wp-json\/wp\/v2\/product\/105912","targetHints":{"allow":["GET"]}}],"collection":[{"href":"https:\/\/mendomedical.ca\/fr\/wp-json\/wp\/v2\/product"}],"about":[{"href":"https:\/\/mendomedical.ca\/fr\/wp-json\/wp\/v2\/types\/product"}],"replies":[{"embeddable":true,"href":"https:\/\/mendomedical.ca\/fr\/wp-json\/wp\/v2\/comments?post=105912"}],"wp:featuredmedia":[{"embeddable":true,"href":"https:\/\/mendomedical.ca\/fr\/wp-json\/wp\/v2\/media\/227954"}],"wp:attachment":[{"href":"https:\/\/mendomedical.ca\/fr\/wp-json\/wp\/v2\/media?parent=105912"}],"wp:term":[{"taxonomy":"product_brand","embeddable":true,"href":"https:\/\/mendomedical.ca\/fr\/wp-json\/wp\/v2\/product_brand?post=105912"},{"taxonomy":"product_cat","embeddable":true,"href":"https:\/\/mendomedical.ca\/fr\/wp-json\/wp\/v2\/product_cat?post=105912"},{"taxonomy":"product_tag","embeddable":true,"href":"https:\/\/mendomedical.ca\/fr\/wp-json\/wp\/v2\/product_tag?post=105912"},{"taxonomy":"product_format_filter","embeddable":true,"href":"https:\/\/mendomedical.ca\/fr\/wp-json\/wp\/v2\/product_format_filter?post=105912"}],"curies":[{"name":"wp","href":"https:\/\/api.w.org\/{rel}","templated":true}]}}