{"id":105876,"date":"2024-09-10T11:35:27","date_gmt":"2024-09-10T15:35:27","guid":{"rendered":"https:\/\/mendomedical.ca\/?post_type=product&#038;p=105876"},"modified":"2024-09-10T11:41:17","modified_gmt":"2024-09-10T15:41:17","slug":"notable-nancy-legendary-larry","status":"publish","type":"product","link":"https:\/\/mendomedical.ca\/fr\/produit\/notable-nancy-legendary-larry\/","title":{"rendered":"Notable Nancy (Legendary Larry)"},"content":{"rendered":"","protected":false},"excerpt":{"rendered":"<h3>Terp\u00e8nes Totaux: 2.3%<\/h3>\n<h5>Larry OG x Legend OG<\/h5>\n<p><strong>Notable Nancy, une vari\u00e9t\u00e9 \u00e0 dominante indica cr\u00e9\u00e9e dans le comt\u00e9 d\u2019Orange en Californie, est un croisement entre Larry OG et Legend OG. Commen\u00e7ant par une forte inspiration gazeuse, cette vari\u00e9t\u00e9 Kush passe \u00e0 une expiration douce et citronn\u00e9e, avec des notes de citron vert et d\u2019orange. Le go\u00fbt est compl\u00e9t\u00e9 par un ar\u00f4me floral d\u00fb \u00e0 son fort profil de terp\u00e8nes de caryophyll\u00e8ne, de limon\u00e8ne et de myrc\u00e8ne. Vari\u00e9t\u00e9 l\u00e9gendairement puissante, ces t\u00eates \u00e9meraude denses mais grandes scintillent d\u2019une couche glaciale de trichomes. Les produits de fleurs s\u00e9ch\u00e9es FIGR sont s\u00e9lectionn\u00e9s \u00e0 la main pour garantir que chaque emballage contient des t\u00eates denses et de haute qualit\u00e9.<\/strong><\/p>\n<p>&nbsp;<\/p>\n<div id=\"tw-target-text-container\" class=\"tw-ta-container F0azHf tw-nfl\" tabindex=\"0\">\n<h5 id=\"tw-target-text\" class=\"tw-data-text tw-text-large tw-ta\" dir=\"ltr\" data-placeholder=\"Translation\" aria-label=\"Translated text\" data-ved=\"2ahUKEwiSjaXo0fuFAxVaEFkFHa8YDZsQ3ewLegQIBRAU\"><span class=\"Y2IQFc\" lang=\"fr\">Attrait visuel:<\/span><\/h5>\n<p>Pr\u00e9parez-vous \u00e0 \u00eatre captiv\u00e9 par l\u2019attrait visuel du Notable Nancy. Ses t\u00eates denses vert \u00e9meraude scintillent d\u2019une couche cristalline de trichomes, refl\u00e9tant sa puissance et sa qualit\u00e9. Chaque p\u00e9pite est de taille g\u00e9n\u00e9reuse, promettant une exp\u00e9rience enrichissante \u00e0 chaque s\u00e9ance. La g\u00e9n\u00e9tique indica stable est \u00e9vidente dans la structure robuste et la densit\u00e9 impressionnante des t\u00eates.<\/p>\n<p>&nbsp;<\/p>\n<h5>Ar\u00f4me:<\/h5>\n<p>Engagez vos sens avec l\u2019ar\u00f4me captivant de Notable Nancy. Lors de l\u2019inhalation, une explosion de gaz tranchant impr\u00e8gne l\u2019air, \u00e9veillant les sens par son intensit\u00e9. Au fur et \u00e0 mesure que l\u2019ar\u00f4me se d\u00e9ploie, des notes d\u2019agrumes doux \u00e9mergent, rappelant les oranges m\u00fbres et le piquant du citron vert. Ces notes s\u00e9duisantes sont compl\u00e9t\u00e9es par une d\u00e9licate nuance florale, gr\u00e2ce \u00e0 son profil robuste de caryophyll\u00e8ne, de limon\u00e8ne et de terp\u00e8ne myrc\u00e8ne.<\/p>\n<p>&nbsp;<\/p>\n<h5>Profil de saveur\u00a0:<\/h5>\n<p>Embarquez pour un voyage gustatif avec Notable Nancy qui ravit le palais du d\u00e9but \u00e0 la fin. L\u2019inhalation initiale est marqu\u00e9e par la saveur piquante et gazeuse qui caract\u00e9rise la lign\u00e9e Kush, ouvrant la voie \u00e0 une exp\u00e9rience m\u00e9morable. Alors que la fum\u00e9e tourbillonne sur la langue, des notes d\u2019agrumes doux apparaissent au premier plan, all\u00e9chant les papilles avec leur essence acidul\u00e9e. L\u2019interaction du citron vert et de l\u2019orange cr\u00e9e un \u00e9quilibre harmonieux, laissant une sensation persistante de satisfaction \u00e0 chaque expiration.<\/p>\n<p>&nbsp;<\/p>\n<h5>Profil cannabino\u00efde et terp\u00e8ne\u00a0:<\/h5>\n<p>Notable Nancy poss\u00e8de un solide profil de cannabino\u00efdes et de terp\u00e8nes, contribuant \u00e0 sa puissance l\u00e9gendaire et \u00e0 ses effets distinctifs. Avec un m\u00e9lange \u00e9quilibr\u00e9 de cannabino\u00efdes, dont du THC et du CBD, elle offre une profonde sensation de relaxation et de tranquillit\u00e9. De plus, son profil terp\u00e9nique est domin\u00e9 par le caryophyll\u00e8ne, le limon\u00e8ne et le myrc\u00e8ne, renfor\u00e7ant sa complexit\u00e9 aromatique et ses bienfaits th\u00e9rapeutiques.<\/p>\n<p>&nbsp;<\/p>\n<h5>Effets:<\/h5>\n<p>Laissez-vous tenter par les effets l\u00e9gendaires de Notable Nancy qui vous enveloppe d\u2019une couverture de tranquillit\u00e9 et d\u2019euphorie. \u00c0 chaque bouff\u00e9e, une sensation de calme vous envahit, faisant fondre le stress et les tensions. La g\u00e9n\u00e9tique indica stable procure un effet corporel apaisant qui soulage l\u2019inconfort et favorise une relaxation profonde. Qu\u2019il soit d\u00e9gust\u00e9 seul ou entre amis, Notable Nancy est le compagnon id\u00e9al pour se d\u00e9tendre et s\u2019offrir des moments de bonheur.<\/p>\n<\/div>\n","protected":false},"featured_media":105878,"comment_status":"closed","ping_status":"closed","template":"","meta":{"_acf_changed":false,"site-sidebar-layout":"default","site-content-layout":"","ast-site-content-layout":"default","site-content-style":"default","site-sidebar-style":"default","ast-global-header-display":"","ast-banner-title-visibility":"","ast-main-header-display":"","ast-hfb-above-header-display":"","ast-hfb-below-header-display":"","ast-hfb-mobile-header-display":"","site-post-title":"","ast-breadcrumbs-content":"","ast-featured-img":"","footer-sml-layout":"","ast-disable-related-posts":"","theme-transparent-header-meta":"default","adv-header-id-meta":"","stick-header-meta":"","header-above-stick-meta":"","header-main-stick-meta":"","header-below-stick-meta":"","astra-migrate-meta-layouts":"set","ast-page-background-enabled":"default","ast-page-background-meta":{"desktop":{"background-color":"var(--ast-global-color-4)","background-image":"","background-repeat":"repeat","background-position":"center center","background-size":"auto","background-attachment":"scroll","background-type":"","background-media":"","overlay-type":"","overlay-color":"","overlay-opacity":"","overlay-gradient":""},"tablet":{"background-color":"","background-image":"","background-repeat":"repeat","background-position":"center center","background-size":"auto","background-attachment":"scroll","background-type":"","background-media":"","overlay-type":"","overlay-color":"","overlay-opacity":"","overlay-gradient":""},"mobile":{"background-color":"","background-image":"","background-repeat":"repeat","background-position":"center center","background-size":"auto","background-attachment":"scroll","background-type":"","background-media":"","overlay-type":"","overlay-color":"","overlay-opacity":"","overlay-gradient":""}},"ast-content-background-meta":{"desktop":{"background-color":"var(--ast-global-color-5)","background-image":"","background-repeat":"repeat","background-position":"center center","background-size":"auto","background-attachment":"scroll","background-type":"","background-media":"","overlay-type":"","overlay-color":"","overlay-opacity":"","overlay-gradient":""},"tablet":{"background-color":"var(--ast-global-color-5)","background-image":"","background-repeat":"repeat","background-position":"center center","background-size":"auto","background-attachment":"scroll","background-type":"","background-media":"","overlay-type":"","overlay-color":"","overlay-opacity":"","overlay-gradient":""},"mobile":{"background-color":"var(--ast-global-color-5)","background-image":"","background-repeat":"repeat","background-position":"center center","background-size":"auto","background-attachment":"scroll","background-type":"","background-media":"","overlay-type":"","overlay-color":"","overlay-opacity":"","overlay-gradient":""}}},"product_brand":[],"product_cat":[1137],"product_tag":[2893],"product_format_filter":[],"class_list":{"0":"post-105876","1":"product","2":"type-product","3":"status-publish","4":"has-post-thumbnail","6":"product_cat-fleur","7":"product_tag-figr-fr","8":"pa_flavours-agrume","9":"pa_flavours-gazeux-diesel","10":"pa_flavours-kush","11":"pa_flavours-lime-fr","12":"pa_flavours-orange-fr","13":"pa_flavours-piquant","14":"pa_format-7g-fr","15":"pa_intensity-thc-eleve","16":"pa_marques-figr-fr","17":"pa_origin-ile-du-prince-edouard","18":"pa_packaging-date-24-04-2024-fr","19":"pa_prix-par-gramme-5-71-2-fr","20":"pa_profil-terpene-caryophyllene","21":"pa_profil-terpene-limonene-fr","22":"pa_profil-terpene-myrcene","23":"pa_thc-27-20-fr","24":"pa_type-de-plante-hybride-fr","25":"desktop-align-left","26":"tablet-align-left","27":"mobile-align-left","29":"first","30":"outofstock","31":"taxable","32":"shipping-taxable","33":"purchasable","34":"product-type-simple"},"group_of_quantity":0,"min_quantity":0,"max_quantity":"","exclude_order_quantity_value_rules":"no","exclude_category_quantity_rules":"no","combine_variations":"no","acf":[],"_links":{"self":[{"href":"https:\/\/mendomedical.ca\/fr\/wp-json\/wp\/v2\/product\/105876","targetHints":{"allow":["GET"]}}],"collection":[{"href":"https:\/\/mendomedical.ca\/fr\/wp-json\/wp\/v2\/product"}],"about":[{"href":"https:\/\/mendomedical.ca\/fr\/wp-json\/wp\/v2\/types\/product"}],"replies":[{"embeddable":true,"href":"https:\/\/mendomedical.ca\/fr\/wp-json\/wp\/v2\/comments?post=105876"}],"wp:featuredmedia":[{"embeddable":true,"href":"https:\/\/mendomedical.ca\/fr\/wp-json\/wp\/v2\/media\/105878"}],"wp:attachment":[{"href":"https:\/\/mendomedical.ca\/fr\/wp-json\/wp\/v2\/media?parent=105876"}],"wp:term":[{"taxonomy":"product_brand","embeddable":true,"href":"https:\/\/mendomedical.ca\/fr\/wp-json\/wp\/v2\/product_brand?post=105876"},{"taxonomy":"product_cat","embeddable":true,"href":"https:\/\/mendomedical.ca\/fr\/wp-json\/wp\/v2\/product_cat?post=105876"},{"taxonomy":"product_tag","embeddable":true,"href":"https:\/\/mendomedical.ca\/fr\/wp-json\/wp\/v2\/product_tag?post=105876"},{"taxonomy":"product_format_filter","embeddable":true,"href":"https:\/\/mendomedical.ca\/fr\/wp-json\/wp\/v2\/product_format_filter?post=105876"}],"curies":[{"name":"wp","href":"https:\/\/api.w.org\/{rel}","templated":true}]}}