{"id":105841,"date":"2025-09-30T19:59:48","date_gmt":"2025-09-30T23:59:48","guid":{"rendered":"https:\/\/mendomedical.ca\/?post_type=product&#038;p=105841"},"modified":"2026-04-11T18:58:44","modified_gmt":"2026-04-11T22:58:44","slug":"ice-cream-cake","status":"publish","type":"product","link":"https:\/\/mendomedical.ca\/fr\/produit\/ice-cream-cake\/","title":{"rendered":"Ice Cream Cake"},"content":{"rendered":"","protected":false},"excerpt":{"rendered":"<div class=\"ExternalClass7AB861D125F14694876AD0D3EA0D25EF\">\n<h3>Ice Cream Cake - Fleur d&rsquo;Indica de qualit\u00e9 sup\u00e9rieure par Royal Cannabis Supply Co<\/h3>\n<h3>Terp\u00e8nes totaux : 4%.<\/h3>\n<p>Faites l&rsquo;exp\u00e9rience de la relaxation nocturne ultime avec Ice Cream Cake, une puissante vari\u00e9t\u00e9 indica qui combine les g\u00e9n\u00e9tiques de Wedding Cake et Gelato #33. Cette fleur inspir\u00e9e des desserts offre une exp\u00e9rience profond\u00e9ment s\u00e9dative, parfaite pour un usage nocturne, avec un impressionnant profil de terp\u00e8nes totaux de 4 % qui cr\u00e9e sa saveur cr\u00e9meuse et vanill\u00e9e caract\u00e9ristique.<\/p>\n<h4>Caract\u00e9ristiques principales<\/h4>\n<ul>\n<li>Souche indica de qualit\u00e9 sup\u00e9rieure avec 4 % de terp\u00e8nes totaux pour une saveur et des effets am\u00e9lior\u00e9s.<\/li>\n<li>Gros grains denses aux teintes violettes et vertes frappantes, recouverts de trichomes \u00e9pais.<\/li>\n<li>Profil aromatique de type dessert avec des notes de vanille, de p\u00e2te sucr\u00e9e et de miel.<\/li>\n<li>Id\u00e9al le soir pour favoriser la relaxation et un sommeil r\u00e9parateur.<\/li>\n<li>Profil terp\u00e9nique riche en D-Limonene, Beta-Caryophyllene et Linalool.<\/li>\n<\/ul>\n<h4>Profil aromatique et gustatif<\/h4>\n<p>Le Ice Cream Cake porte bien son nom et offre une exp\u00e9rience sensorielle indulgente. L&rsquo;ar\u00f4me pr\u00e9sente des notes de vanille cr\u00e9meuse avec des soup\u00e7ons de p\u00e2te sucr\u00e9e qui se traduisent magnifiquement dans le palais. Lors de l&rsquo;inhalation, vous go\u00fbterez des saveurs douces et cr\u00e9meuses avec des nuances de miel et un go\u00fbt subtil de noisette. Le profil aromatique sophistiqu\u00e9 rivalise avec n&rsquo;importe quel dessert de qualit\u00e9 sup\u00e9rieure, faisant de chaque session une exp\u00e9rience v\u00e9ritablement agr\u00e9able.<\/p>\n<p>La gamme exceptionnelle de terp\u00e8nes de la vari\u00e9t\u00e9, comprenant le D-Limonene, le Beta-Caryophyllene et le Linalool, contribue \u00e0 la fois \u00e0 sa saveur complexe et \u00e0 ses effets th\u00e9rapeutiques potentiels. Ces terp\u00e8nes agissent en synergie pour cr\u00e9er les propri\u00e9t\u00e9s s\u00e9datives et d&rsquo;am\u00e9lioration de l&rsquo;humeur caract\u00e9ristiques de la vari\u00e9t\u00e9.<\/p>\n<h4>Pourquoi choisir All Flower<\/h4>\n<p>La fleur enti\u00e8re offre aux consommateurs de cannabis m\u00e9dical le spectre complet des cannabino\u00efdes et des terp\u00e8nes sous leur forme naturelle. Cela permet un contr\u00f4le pr\u00e9cis du dosage et la possibilit\u00e9 d&rsquo;exp\u00e9rimenter les caract\u00e9ristiques uniques de chaque vari\u00e9t\u00e9 par le biais de votre m\u00e9thode de consommation pr\u00e9f\u00e9r\u00e9e.<\/p>\n<h4>Exp\u00e9dition dans tout le Canada<\/h4>\n<p>Ice Cream Cake livre rapidement \u00e0 travers le Canada, assurant la livraison de produits frais \u00e0 votre porte. Nous offrons une livraison gratuite pour toutes les commandes de plus de 150 $, ce qui rend l&rsquo;acc\u00e8s \u00e0 votre cannabis m\u00e9dical pratique et abordable.<\/p>\n<h4>Avantages et couverture pour les anciens combattants<\/h4>\n<p>Ice Cream Cake est admissible \u00e0 la couverture d&rsquo;ACC (Anciens Combattants Canada) avec facturation directe par l&rsquo;entremise de la Croix Bleue, ce qui signifie que les anciens combattants admissibles n&rsquo;ont pas \u00e0 d\u00e9bourser d&rsquo;argent. Si vous n&rsquo;avez pas encore votre ordonnance de cannabis m\u00e9dical, obtenez votre carte m\u00e9dicale gratuite rapidement et facilement \u00e0 l&rsquo;<a href=\"https:\/\/mendomedical.ca\/fr\/carte-medicale\/\">adresse https:\/\/mendomedical.ca\/medical-card\/.<\/a><\/p>\n<\/div>\n","protected":false},"featured_media":277315,"comment_status":"closed","ping_status":"closed","template":"","meta":{"_acf_changed":false,"site-sidebar-layout":"default","site-content-layout":"","ast-site-content-layout":"default","site-content-style":"default","site-sidebar-style":"default","ast-global-header-display":"","ast-banner-title-visibility":"","ast-main-header-display":"","ast-hfb-above-header-display":"","ast-hfb-below-header-display":"","ast-hfb-mobile-header-display":"","site-post-title":"","ast-breadcrumbs-content":"","ast-featured-img":"","footer-sml-layout":"","ast-disable-related-posts":"","theme-transparent-header-meta":"default","adv-header-id-meta":"","stick-header-meta":"","header-above-stick-meta":"","header-main-stick-meta":"","header-below-stick-meta":"","astra-migrate-meta-layouts":"set","ast-page-background-enabled":"default","ast-page-background-meta":{"desktop":{"background-color":"var(--ast-global-color-4)","background-image":"","background-repeat":"repeat","background-position":"center center","background-size":"auto","background-attachment":"scroll","background-type":"","background-media":"","overlay-type":"","overlay-color":"","overlay-opacity":"","overlay-gradient":""},"tablet":{"background-color":"","background-image":"","background-repeat":"repeat","background-position":"center center","background-size":"auto","background-attachment":"scroll","background-type":"","background-media":"","overlay-type":"","overlay-color":"","overlay-opacity":"","overlay-gradient":""},"mobile":{"background-color":"","background-image":"","background-repeat":"repeat","background-position":"center center","background-size":"auto","background-attachment":"scroll","background-type":"","background-media":"","overlay-type":"","overlay-color":"","overlay-opacity":"","overlay-gradient":""}},"ast-content-background-meta":{"desktop":{"background-color":"var(--ast-global-color-5)","background-image":"","background-repeat":"repeat","background-position":"center center","background-size":"auto","background-attachment":"scroll","background-type":"","background-media":"","overlay-type":"","overlay-color":"","overlay-opacity":"","overlay-gradient":""},"tablet":{"background-color":"var(--ast-global-color-5)","background-image":"","background-repeat":"repeat","background-position":"center center","background-size":"auto","background-attachment":"scroll","background-type":"","background-media":"","overlay-type":"","overlay-color":"","overlay-opacity":"","overlay-gradient":""},"mobile":{"background-color":"var(--ast-global-color-5)","background-image":"","background-repeat":"repeat","background-position":"center center","background-size":"auto","background-attachment":"scroll","background-type":"","background-media":"","overlay-type":"","overlay-color":"","overlay-opacity":"","overlay-gradient":""}}},"product_brand":[],"product_cat":[1137],"product_tag":[],"product_format_filter":[6373],"class_list":{"0":"post-105841","1":"product","2":"type-product","3":"status-publish","4":"has-post-thumbnail","6":"product_cat-fleur","7":"pa_flavours-pateux","8":"pa_flavours-sugary","9":"pa_flavours-vanille","10":"pa_format-7g-fr","11":"pa_intensity-thc-eleve","12":"pa_marques-royal-cannabis-supply-co-fr","13":"pa_origin-ontario-fr","14":"pa_packaging-date-12-5-2025","15":"pa_prix-par-gramme-8-57","16":"pa_profil-terpene-caryophyllene","17":"pa_profil-terpene-limonene-fr","18":"pa_profil-terpene-linalol-fr","19":"pa_thc-26-6-fr","20":"pa_type-de-plante-hybride-indica-fr","21":"product_format_filter-7g","22":"desktop-align-left","23":"tablet-align-left","24":"mobile-align-left","26":"first","27":"outofstock","28":"taxable","29":"shipping-taxable","30":"purchasable","31":"product-type-simple"},"group_of_quantity":0,"min_quantity":0,"max_quantity":"","exclude_order_quantity_value_rules":"no","exclude_category_quantity_rules":"no","combine_variations":"no","acf":[],"_links":{"self":[{"href":"https:\/\/mendomedical.ca\/fr\/wp-json\/wp\/v2\/product\/105841","targetHints":{"allow":["GET"]}}],"collection":[{"href":"https:\/\/mendomedical.ca\/fr\/wp-json\/wp\/v2\/product"}],"about":[{"href":"https:\/\/mendomedical.ca\/fr\/wp-json\/wp\/v2\/types\/product"}],"replies":[{"embeddable":true,"href":"https:\/\/mendomedical.ca\/fr\/wp-json\/wp\/v2\/comments?post=105841"}],"wp:featuredmedia":[{"embeddable":true,"href":"https:\/\/mendomedical.ca\/fr\/wp-json\/wp\/v2\/media\/277315"}],"wp:attachment":[{"href":"https:\/\/mendomedical.ca\/fr\/wp-json\/wp\/v2\/media?parent=105841"}],"wp:term":[{"taxonomy":"product_brand","embeddable":true,"href":"https:\/\/mendomedical.ca\/fr\/wp-json\/wp\/v2\/product_brand?post=105841"},{"taxonomy":"product_cat","embeddable":true,"href":"https:\/\/mendomedical.ca\/fr\/wp-json\/wp\/v2\/product_cat?post=105841"},{"taxonomy":"product_tag","embeddable":true,"href":"https:\/\/mendomedical.ca\/fr\/wp-json\/wp\/v2\/product_tag?post=105841"},{"taxonomy":"product_format_filter","embeddable":true,"href":"https:\/\/mendomedical.ca\/fr\/wp-json\/wp\/v2\/product_format_filter?post=105841"}],"curies":[{"name":"wp","href":"https:\/\/api.w.org\/{rel}","templated":true}]}}