{"id":105805,"date":"2024-01-01T09:05:52","date_gmt":"2024-01-01T14:05:52","guid":{"rendered":"https:\/\/mendomedical.ca\/?post_type=product&#038;p=105805"},"modified":"2025-11-05T11:11:19","modified_gmt":"2025-11-05T16:11:19","slug":"rosinaut-guava-jam-hash-rosin-gummy","status":"publish","type":"product","link":"https:\/\/mendomedical.ca\/fr\/produit\/rosinaut-guava-jam-hash-rosin-gummy\/","title":{"rendered":"Rosinaut - Gomme \u00e0 m\u00e2cher \u00e0 la confiture de goyave et \u00e0 la rosine"},"content":{"rendered":"<h5>Ingr\u00e9dients :<\/h5>\n<p>Sucre (sucre, sirop de ma\u00efs), eau, g\u00e9latine, acide citrique, ar\u00f4me naturel et artificiel, pectine, huile MCT, extrait de cannabis (Rosin), rouge Allura, bleu brillant FCF, dioxyde de titane, huile de canola.<\/p>\n","protected":false},"excerpt":{"rendered":"<div class=\"typography__Description-sc-1q7gvs8-0 jUttPq\">\n<div class=\"rich-text-html-wrapper__Wrapper-sc-1wildp2-0 cegTFu\" data-testid=\"rich-text-wrapper\">\n<p>Guava Jam (Guavaz x Guavaz, Breeder Bloom Seed co) hash rosin Guava soft chew. Nous avons voyag\u00e9 au plus profond de l&rsquo;espace, sond\u00e9 les mondes perdus et \u00e9tudi\u00e9 les coutumes des cultures que nous avons rencontr\u00e9es. Nous retournons sur Terre pour vous offrir les saveurs les plus exotiques, tout en respectant ceux qui nous ont pr\u00e9c\u00e9d\u00e9s.<\/p>\n<\/div>\n<\/div>\n<p>Full spectrum Nugz Guava Jam (Guavaz #62 x Guavaz #74) Rosinaut Hash Rosin Soft Chews regorge de saveur de goyave \u00e0 la fraise et de 10mg de THC - pour ceux qui veulent aller audacieusement l\u00e0 o\u00f9 aucun rosinaut n&rsquo;est all\u00e9 auparavant !<\/p>\n<h5><em>Veuillez noter que les produits contenant de la g\u00e9latine peuvent fondre pendant le transport en \u00e9t\u00e9. Nous vous recommandons d&rsquo;\u00eatre conscient de ce probl\u00e8me potentiel lorsque vous passez votre commande. Malheureusement, nous ne pouvons pas offrir de remboursement ou de remplacement pour les produits qui fondent pendant le transport. Nous vous remercions de votre compr\u00e9hension.   <\/em><\/h5>\n","protected":false},"featured_media":105807,"comment_status":"closed","ping_status":"closed","template":"","meta":{"_acf_changed":false,"site-sidebar-layout":"default","site-content-layout":"","ast-site-content-layout":"default","site-content-style":"default","site-sidebar-style":"default","ast-global-header-display":"","ast-banner-title-visibility":"","ast-main-header-display":"","ast-hfb-above-header-display":"","ast-hfb-below-header-display":"","ast-hfb-mobile-header-display":"","site-post-title":"","ast-breadcrumbs-content":"","ast-featured-img":"","footer-sml-layout":"","ast-disable-related-posts":"","theme-transparent-header-meta":"default","adv-header-id-meta":"","stick-header-meta":"","header-above-stick-meta":"","header-main-stick-meta":"","header-below-stick-meta":"","astra-migrate-meta-layouts":"set","ast-page-background-enabled":"default","ast-page-background-meta":{"desktop":{"background-color":"var(--ast-global-color-4)","background-image":"","background-repeat":"repeat","background-position":"center center","background-size":"auto","background-attachment":"scroll","background-type":"","background-media":"","overlay-type":"","overlay-color":"","overlay-opacity":"","overlay-gradient":""},"tablet":{"background-color":"","background-image":"","background-repeat":"repeat","background-position":"center center","background-size":"auto","background-attachment":"scroll","background-type":"","background-media":"","overlay-type":"","overlay-color":"","overlay-opacity":"","overlay-gradient":""},"mobile":{"background-color":"","background-image":"","background-repeat":"repeat","background-position":"center center","background-size":"auto","background-attachment":"scroll","background-type":"","background-media":"","overlay-type":"","overlay-color":"","overlay-opacity":"","overlay-gradient":""}},"ast-content-background-meta":{"desktop":{"background-color":"var(--ast-global-color-5)","background-image":"","background-repeat":"repeat","background-position":"center center","background-size":"auto","background-attachment":"scroll","background-type":"","background-media":"","overlay-type":"","overlay-color":"","overlay-opacity":"","overlay-gradient":""},"tablet":{"background-color":"var(--ast-global-color-5)","background-image":"","background-repeat":"repeat","background-position":"center center","background-size":"auto","background-attachment":"scroll","background-type":"","background-media":"","overlay-type":"","overlay-color":"","overlay-opacity":"","overlay-gradient":""},"mobile":{"background-color":"var(--ast-global-color-5)","background-image":"","background-repeat":"repeat","background-position":"center center","background-size":"auto","background-attachment":"scroll","background-type":"","background-media":"","overlay-type":"","overlay-color":"","overlay-opacity":"","overlay-gradient":""}}},"product_brand":[4157],"product_cat":[1132,1511,1128],"product_tag":[2409],"product_format_filter":[6366],"class_list":{"0":"post-105805","1":"product","2":"type-product","3":"status-publish","4":"has-post-thumbnail","6":"product_brand-nugz","7":"product_cat-bonbons","8":"product_cat-full-spectrum-fr","9":"product_cat-comestibles","10":"product_tag-nugz-fr","11":"pa_format-1-unit-fr","12":"pa_intensity-thc-moyen","13":"pa_origin-quebec-fr","14":"pa_thc-10mg-fr","15":"product_format_filter-1units","16":"desktop-align-left","17":"tablet-align-left","18":"mobile-align-left","20":"first","21":"outofstock","22":"taxable","23":"shipping-taxable","24":"purchasable","25":"product-type-simple"},"group_of_quantity":0,"min_quantity":0,"max_quantity":"","exclude_order_quantity_value_rules":"no","exclude_category_quantity_rules":"no","combine_variations":"no","acf":[],"_links":{"self":[{"href":"https:\/\/mendomedical.ca\/fr\/wp-json\/wp\/v2\/product\/105805","targetHints":{"allow":["GET"]}}],"collection":[{"href":"https:\/\/mendomedical.ca\/fr\/wp-json\/wp\/v2\/product"}],"about":[{"href":"https:\/\/mendomedical.ca\/fr\/wp-json\/wp\/v2\/types\/product"}],"replies":[{"embeddable":true,"href":"https:\/\/mendomedical.ca\/fr\/wp-json\/wp\/v2\/comments?post=105805"}],"wp:featuredmedia":[{"embeddable":true,"href":"https:\/\/mendomedical.ca\/fr\/wp-json\/wp\/v2\/media\/105807"}],"wp:attachment":[{"href":"https:\/\/mendomedical.ca\/fr\/wp-json\/wp\/v2\/media?parent=105805"}],"wp:term":[{"taxonomy":"product_brand","embeddable":true,"href":"https:\/\/mendomedical.ca\/fr\/wp-json\/wp\/v2\/product_brand?post=105805"},{"taxonomy":"product_cat","embeddable":true,"href":"https:\/\/mendomedical.ca\/fr\/wp-json\/wp\/v2\/product_cat?post=105805"},{"taxonomy":"product_tag","embeddable":true,"href":"https:\/\/mendomedical.ca\/fr\/wp-json\/wp\/v2\/product_tag?post=105805"},{"taxonomy":"product_format_filter","embeddable":true,"href":"https:\/\/mendomedical.ca\/fr\/wp-json\/wp\/v2\/product_format_filter?post=105805"}],"curies":[{"name":"wp","href":"https:\/\/api.w.org\/{rel}","templated":true}]}}