{"id":105728,"date":"2025-07-18T17:30:23","date_gmt":"2025-07-18T21:30:23","guid":{"rendered":"https:\/\/mendomedical.ca\/?post_type=product&#038;p=105728"},"modified":"2026-01-22T08:09:31","modified_gmt":"2026-01-22T13:09:31","slug":"lemon-meringue","status":"publish","type":"product","link":"https:\/\/mendomedical.ca\/fr\/produit\/lemon-meringue\/","title":{"rendered":"Lemon Meringue"},"content":{"rendered":"","protected":false},"excerpt":{"rendered":"<h3>Terp\u00e8nes totaux : 2,95 %.<\/h3>\n<h5>Lemon Skunk X Cookies &amp; Cream<\/h5>\n<p><strong>Lemon Meringue est un croisement hybride \u00e0 dominance sativa de Lemon Skunk et Cookies &amp; Cream. Sa g\u00e9n\u00e9tique est un m\u00e9lange parfait des deux vari\u00e9t\u00e9s, ce qui donne un cultivar de cannabis \u00e9quilibr\u00e9 et savoureux. Elle poss\u00e8de des cocottes vertes brillantes aux teintes violettes dens\u00e9ment garnies de trichomes.   Le citron meringu\u00e9 a un ar\u00f4me puissant et frais d&rsquo;agrumes qui rappelle le zeste de citron et un soup\u00e7on de cr\u00e8me. Lemon Meringue a une saveur de citron distincte qui est compl\u00e9t\u00e9e par un go\u00fbt cr\u00e9meux et gazeux, doux \u00e0 l&rsquo;expiration.<\/strong><\/p>\n<p>&nbsp;<\/p>\n<h5>Aspect Visuel:<\/h5>\n<p>Des cocottes vertes brillantes avec des teintes violettes qui sont dens\u00e9ment remplies de trichomes.<\/p>\n<p>&nbsp;<\/p>\n<h5>Ar\u00f4me :<\/h5>\n<p>Le citron meringu\u00e9 a un ar\u00f4me puissant et frais d&rsquo;agrumes qui rappelle le zeste de citron et un soup\u00e7on de cr\u00e8me.<\/p>\n<p>&nbsp;<\/p>\n<h5>Profil de saveur :<\/h5>\n<p>Lemon Meringue a une saveur de citron distincte qui est compl\u00e9t\u00e9e par un go\u00fbt cr\u00e9meux et gazeux, doux \u00e0 l&rsquo;expiration.<\/p>\n","protected":false},"featured_media":105730,"comment_status":"closed","ping_status":"closed","template":"","meta":{"_acf_changed":false,"site-sidebar-layout":"default","site-content-layout":"","ast-site-content-layout":"default","site-content-style":"default","site-sidebar-style":"default","ast-global-header-display":"","ast-banner-title-visibility":"","ast-main-header-display":"","ast-hfb-above-header-display":"","ast-hfb-below-header-display":"","ast-hfb-mobile-header-display":"","site-post-title":"","ast-breadcrumbs-content":"","ast-featured-img":"","footer-sml-layout":"","ast-disable-related-posts":"","theme-transparent-header-meta":"default","adv-header-id-meta":"","stick-header-meta":"","header-above-stick-meta":"","header-main-stick-meta":"","header-below-stick-meta":"","astra-migrate-meta-layouts":"set","ast-page-background-enabled":"default","ast-page-background-meta":{"desktop":{"background-color":"var(--ast-global-color-4)","background-image":"","background-repeat":"repeat","background-position":"center center","background-size":"auto","background-attachment":"scroll","background-type":"","background-media":"","overlay-type":"","overlay-color":"","overlay-opacity":"","overlay-gradient":""},"tablet":{"background-color":"","background-image":"","background-repeat":"repeat","background-position":"center center","background-size":"auto","background-attachment":"scroll","background-type":"","background-media":"","overlay-type":"","overlay-color":"","overlay-opacity":"","overlay-gradient":""},"mobile":{"background-color":"","background-image":"","background-repeat":"repeat","background-position":"center center","background-size":"auto","background-attachment":"scroll","background-type":"","background-media":"","overlay-type":"","overlay-color":"","overlay-opacity":"","overlay-gradient":""}},"ast-content-background-meta":{"desktop":{"background-color":"var(--ast-global-color-5)","background-image":"","background-repeat":"repeat","background-position":"center center","background-size":"auto","background-attachment":"scroll","background-type":"","background-media":"","overlay-type":"","overlay-color":"","overlay-opacity":"","overlay-gradient":""},"tablet":{"background-color":"var(--ast-global-color-5)","background-image":"","background-repeat":"repeat","background-position":"center center","background-size":"auto","background-attachment":"scroll","background-type":"","background-media":"","overlay-type":"","overlay-color":"","overlay-opacity":"","overlay-gradient":""},"mobile":{"background-color":"var(--ast-global-color-5)","background-image":"","background-repeat":"repeat","background-position":"center center","background-size":"auto","background-attachment":"scroll","background-type":"","background-media":"","overlay-type":"","overlay-color":"","overlay-opacity":"","overlay-gradient":""}}},"product_brand":[],"product_cat":[1137],"product_tag":[],"product_format_filter":[6373],"class_list":{"0":"post-105728","1":"product","2":"type-product","3":"status-publish","4":"has-post-thumbnail","6":"product_cat-fleur","7":"pa_flavours-citron","8":"pa_flavours-cremeux","9":"pa_flavours-gazeux","10":"pa_intensity-thc-moyen","11":"pa_marques-artisanat-de-la-cote-ouest","12":"pa_origin-ontario-fr","13":"pa_packaging-date-08-25-2025-fr","14":"pa_prix-par-gramme-8-57-fr","15":"pa_profil-terpene-caryophyllene","16":"pa_profil-terpene-farnesene-fr","17":"pa_profil-terpene-limonene-fr","18":"pa_profil-terpene-linalol-fr","19":"pa_type-de-plante-hybride-fr","20":"product_format_filter-7g","21":"desktop-align-left","22":"tablet-align-left","23":"mobile-align-left","25":"first","26":"outofstock","27":"taxable","28":"shipping-taxable","29":"purchasable","30":"product-type-simple"},"group_of_quantity":0,"min_quantity":0,"max_quantity":"","exclude_order_quantity_value_rules":"no","exclude_category_quantity_rules":"no","combine_variations":"no","acf":[],"_links":{"self":[{"href":"https:\/\/mendomedical.ca\/fr\/wp-json\/wp\/v2\/product\/105728","targetHints":{"allow":["GET"]}}],"collection":[{"href":"https:\/\/mendomedical.ca\/fr\/wp-json\/wp\/v2\/product"}],"about":[{"href":"https:\/\/mendomedical.ca\/fr\/wp-json\/wp\/v2\/types\/product"}],"replies":[{"embeddable":true,"href":"https:\/\/mendomedical.ca\/fr\/wp-json\/wp\/v2\/comments?post=105728"}],"wp:featuredmedia":[{"embeddable":true,"href":"https:\/\/mendomedical.ca\/fr\/wp-json\/wp\/v2\/media\/105730"}],"wp:attachment":[{"href":"https:\/\/mendomedical.ca\/fr\/wp-json\/wp\/v2\/media?parent=105728"}],"wp:term":[{"taxonomy":"product_brand","embeddable":true,"href":"https:\/\/mendomedical.ca\/fr\/wp-json\/wp\/v2\/product_brand?post=105728"},{"taxonomy":"product_cat","embeddable":true,"href":"https:\/\/mendomedical.ca\/fr\/wp-json\/wp\/v2\/product_cat?post=105728"},{"taxonomy":"product_tag","embeddable":true,"href":"https:\/\/mendomedical.ca\/fr\/wp-json\/wp\/v2\/product_tag?post=105728"},{"taxonomy":"product_format_filter","embeddable":true,"href":"https:\/\/mendomedical.ca\/fr\/wp-json\/wp\/v2\/product_format_filter?post=105728"}],"curies":[{"name":"wp","href":"https:\/\/api.w.org\/{rel}","templated":true}]}}