{"id":105630,"date":"2025-09-05T20:25:44","date_gmt":"2025-09-06T00:25:44","guid":{"rendered":"https:\/\/mendomedical.ca\/?post_type=product&#038;p=105630"},"modified":"2026-02-02T10:06:48","modified_gmt":"2026-02-02T15:06:48","slug":"triple-burger-2","status":"publish","type":"product","link":"https:\/\/mendomedical.ca\/fr\/produit\/triple-burger-2\/","title":{"rendered":"Triple burger"},"content":{"rendered":"","protected":false},"excerpt":{"rendered":"<div class=\"ExternalClass3302787C912C4F80A8D748CC7233AE89\">\n<h3>Triple Burger de Tribal<\/h3>\n<h3>Terp\u00e8nes totaux : 3,2%.<\/h3>\n<p>Faites l&rsquo;exp\u00e9rience de la g\u00e9n\u00e9tique exceptionnelle de Triple Burger, une vari\u00e9t\u00e9 magistrale de Tribal qui offre un voyage sensoriel intense. Cette fleur de qualit\u00e9 sup\u00e9rieure combine la l\u00e9gendaire lign\u00e9e GMO avec Han-Solo Burger (Larry OG X GMO Cookies), ce qui donne un hybride stabilis\u00e9 qui pr\u00e9sente une teneur en terp\u00e8nes remarquable de 3,2 %. Avec son profil distinctif d&rsquo;essence, compl\u00e9t\u00e9 par des notes complexes de fromage, de caoutchouc et de skunk, Triple Burger offre aux connaisseurs de cannabis une exp\u00e9rience inoubliable \u00e0 un prix accessible.  <\/p>\n<h4>Caract\u00e9ristiques principales<\/h4>\n<ul>\n<li>G\u00e9n\u00e9tique de premi\u00e8re qualit\u00e9 avec stabilisation des OGM par double croisement pour une qualit\u00e9 constante<\/li>\n<li>Une teneur totale en terp\u00e8nes impressionnante de 3,2 %, pour une saveur et un ar\u00f4me robustes.<\/li>\n<li>Option \u00e9conomique dans la cat\u00e9gorie des 3,5 g \u00e0 moins de 25 $, sans compromis sur la qualit\u00e9<\/li>\n<li>Fleurs denses et r\u00e9sineuses avec une structure de calice distinctive<\/li>\n<li>Cultiv\u00e9 par Tribal, connu pour son engagement dans la production de cannabis de qualit\u00e9<\/li>\n<\/ul>\n<h4>Profil aromatique et gustatif<\/h4>\n<p>Triple Burger pr\u00e9sente un profil terp\u00e9nique audacieux et complexe, domin\u00e9 par un ar\u00f4me de carburant intense qui attire imm\u00e9diatement l&rsquo;attention. Les premi\u00e8res notes d&rsquo;essence c\u00e8dent la place \u00e0 une riche tapisserie d&rsquo;ar\u00f4mes comprenant du fromage piquant, du caoutchouc terreux et des nuances classiques de skunk. Une douceur subtile \u00e9merge \u00e0 l&rsquo;expiration, \u00e9quilibrant les \u00e9l\u00e9ments les plus piquants et cr\u00e9ant une exp\u00e9rience de fumage bien \u00e9quilibr\u00e9e qui pla\u00eet \u00e0 ceux qui appr\u00e9cient les g\u00e9n\u00e9tiques robustes et riches en OGM.  <\/p>\n<h4>Pourquoi choisir Premium Flower<\/h4>\n<p>Les fleurs de haute qualit\u00e9 comme la Triple Burger offrent aux patients de cannabis m\u00e9dical un contr\u00f4le pr\u00e9cis du dosage et une apparition imm\u00e9diate des effets. Le riche profil terp\u00e9nique peut contribuer \u00e0 am\u00e9liorer l&rsquo;exp\u00e9rience th\u00e9rapeutique globale gr\u00e2ce \u00e0 l&rsquo;effet d&rsquo;entourage, tandis que le prix abordable garantit un soulagement accessible. <\/p>\n<h4>Exp\u00e9dition dans tout le Canada<\/h4>\n<p>Triple Burger livre rapidement \u00e0 travers le Canada, garantissant que des produits frais arrivent \u00e0 votre porte. Nous offrons la livraison gratuite pour toutes les commandes de plus de 150 $, ce qui vous permet de vous approvisionner facilement en vos vari\u00e9t\u00e9s pr\u00e9f\u00e9r\u00e9es tout en \u00e9conomisant sur les frais de livraison. <\/p>\n<h4>Avantages et couverture pour les anciens combattants<\/h4>\n<p>Triple Burger est admissible \u00e0 la couverture d&rsquo;ACC (Anciens Combattants Canada) et \u00e0 la facturation directe par l&rsquo;entremise de la Croix Bleue, ce qui signifie que les anciens combattants admissibles n&rsquo;ont pas \u00e0 d\u00e9bourser d&rsquo;argent. Si vous n&rsquo;avez pas encore votre carte de cannabis m\u00e9dical, <a href=\"https:\/\/mendomedical.ca\/fr\/carte-medicale\/\">obtenez votre carte m\u00e9dicale gratuite rapidement et facilement<\/a> pour acc\u00e9der \u00e0 ces avantages et commencer votre voyage avec le cannabis m\u00e9dical. <\/p>\n<\/div>\n","protected":false},"featured_media":105632,"comment_status":"closed","ping_status":"closed","template":"","meta":{"_acf_changed":false,"site-sidebar-layout":"default","site-content-layout":"","ast-site-content-layout":"default","site-content-style":"default","site-sidebar-style":"default","ast-global-header-display":"","ast-banner-title-visibility":"","ast-main-header-display":"","ast-hfb-above-header-display":"","ast-hfb-below-header-display":"","ast-hfb-mobile-header-display":"","site-post-title":"","ast-breadcrumbs-content":"","ast-featured-img":"","footer-sml-layout":"","ast-disable-related-posts":"","theme-transparent-header-meta":"default","adv-header-id-meta":"","stick-header-meta":"","header-above-stick-meta":"","header-main-stick-meta":"","header-below-stick-meta":"","astra-migrate-meta-layouts":"set","ast-page-background-enabled":"default","ast-page-background-meta":{"desktop":{"background-color":"var(--ast-global-color-4)","background-image":"","background-repeat":"repeat","background-position":"center center","background-size":"auto","background-attachment":"scroll","background-type":"","background-media":"","overlay-type":"","overlay-color":"","overlay-opacity":"","overlay-gradient":""},"tablet":{"background-color":"","background-image":"","background-repeat":"repeat","background-position":"center center","background-size":"auto","background-attachment":"scroll","background-type":"","background-media":"","overlay-type":"","overlay-color":"","overlay-opacity":"","overlay-gradient":""},"mobile":{"background-color":"","background-image":"","background-repeat":"repeat","background-position":"center center","background-size":"auto","background-attachment":"scroll","background-type":"","background-media":"","overlay-type":"","overlay-color":"","overlay-opacity":"","overlay-gradient":""}},"ast-content-background-meta":{"desktop":{"background-color":"var(--ast-global-color-5)","background-image":"","background-repeat":"repeat","background-position":"center center","background-size":"auto","background-attachment":"scroll","background-type":"","background-media":"","overlay-type":"","overlay-color":"","overlay-opacity":"","overlay-gradient":""},"tablet":{"background-color":"var(--ast-global-color-5)","background-image":"","background-repeat":"repeat","background-position":"center center","background-size":"auto","background-attachment":"scroll","background-type":"","background-media":"","overlay-type":"","overlay-color":"","overlay-opacity":"","overlay-gradient":""},"mobile":{"background-color":"var(--ast-global-color-5)","background-image":"","background-repeat":"repeat","background-position":"center center","background-size":"auto","background-attachment":"scroll","background-type":"","background-media":"","overlay-type":"","overlay-color":"","overlay-opacity":"","overlay-gradient":""}}},"product_brand":[],"product_cat":[1138,1137],"product_tag":[],"product_format_filter":[6389],"class_list":{"0":"post-105630","1":"product","2":"type-product","3":"status-publish","4":"has-post-thumbnail","6":"product_cat-3-5s-a-moins-de-25","7":"product_cat-fleur","8":"pa_flavours-rubber-fr","9":"pa_flavours-cheese-fr","10":"pa_flavours-moufette","11":"pa_flavours-doux","12":"pa_format-3-5g-fr","13":"pa_intensity-thc-eleve","14":"pa_marques-tribal-fr","15":"pa_origin-ontario-fr","16":"pa_packaging-date-12-19-2025","17":"pa_profil-terpene-caryophyllene","18":"pa_profil-terpene-farnesene-fr","19":"pa_profil-terpene-limonene-fr","20":"pa_profil-terpene-myrcene","21":"pa_thc-29-fr","22":"pa_type-de-plante-hybride-indica-fr","23":"product_format_filter-3-5g","24":"desktop-align-left","25":"tablet-align-left","26":"mobile-align-left","28":"first","29":"outofstock","30":"taxable","31":"shipping-taxable","32":"purchasable","33":"product-type-simple"},"group_of_quantity":0,"min_quantity":0,"max_quantity":"","exclude_order_quantity_value_rules":"no","exclude_category_quantity_rules":"no","combine_variations":"no","acf":[],"_links":{"self":[{"href":"https:\/\/mendomedical.ca\/fr\/wp-json\/wp\/v2\/product\/105630","targetHints":{"allow":["GET"]}}],"collection":[{"href":"https:\/\/mendomedical.ca\/fr\/wp-json\/wp\/v2\/product"}],"about":[{"href":"https:\/\/mendomedical.ca\/fr\/wp-json\/wp\/v2\/types\/product"}],"replies":[{"embeddable":true,"href":"https:\/\/mendomedical.ca\/fr\/wp-json\/wp\/v2\/comments?post=105630"}],"wp:featuredmedia":[{"embeddable":true,"href":"https:\/\/mendomedical.ca\/fr\/wp-json\/wp\/v2\/media\/105632"}],"wp:attachment":[{"href":"https:\/\/mendomedical.ca\/fr\/wp-json\/wp\/v2\/media?parent=105630"}],"wp:term":[{"taxonomy":"product_brand","embeddable":true,"href":"https:\/\/mendomedical.ca\/fr\/wp-json\/wp\/v2\/product_brand?post=105630"},{"taxonomy":"product_cat","embeddable":true,"href":"https:\/\/mendomedical.ca\/fr\/wp-json\/wp\/v2\/product_cat?post=105630"},{"taxonomy":"product_tag","embeddable":true,"href":"https:\/\/mendomedical.ca\/fr\/wp-json\/wp\/v2\/product_tag?post=105630"},{"taxonomy":"product_format_filter","embeddable":true,"href":"https:\/\/mendomedical.ca\/fr\/wp-json\/wp\/v2\/product_format_filter?post=105630"}],"curies":[{"name":"wp","href":"https:\/\/api.w.org\/{rel}","templated":true}]}}