{"id":105608,"date":"2025-08-20T15:10:15","date_gmt":"2025-08-20T19:10:15","guid":{"rendered":"https:\/\/mendomedical.ca\/?post_type=product&#038;p=105608"},"modified":"2025-12-13T11:30:58","modified_gmt":"2025-12-13T16:30:58","slug":"cuban-linx","status":"publish","type":"product","link":"https:\/\/mendomedical.ca\/fr\/produit\/cuban-linx\/","title":{"rendered":"Cuban Linx"},"content":{"rendered":"","protected":false},"excerpt":{"rendered":"<div class=\"ExternalClass6CB540E320A14EF7AAA0D242E1BB1A25\">\n<h3>Cuban Linx by Tribal - Fleur de cannabis de qualit\u00e9 sup\u00e9rieure<br \/>Terp\u00e8nes totaux 4,9%.<\/h3>\n<p>Faites l&rsquo;exp\u00e9rience de la qualit\u00e9 exceptionnelle de Cuban Linx, une fleur de cannabis de premi\u00e8re qualit\u00e9 de Tribal qui offre un rapport qualit\u00e9-prix remarquable \u00e0 moins de 25 $. Cette vari\u00e9t\u00e9 unique combine les g\u00e9n\u00e9tiques de TK Skunk et de Trigerian pour produire des cocottes d&rsquo;une taille impressionnante, en forme d&rsquo;\u00e9pis de ma\u00efs, d\u00e9bordant d&rsquo;une teneur totale en terp\u00e8nes extraordinaire de 4,9 %. Le r\u00e9sultat est un profil aromatique complexe et rafra\u00eechissant qui se distingue dans la cat\u00e9gorie des fleurs abordables.  <\/p>\n<h4>Caract\u00e9ristiques principales<\/h4>\n<ul>\n<li>Fleur de qualit\u00e9 sup\u00e9rieure \u00e0 un prix accessible, moins de 25 $ pour 3,5 g<\/li>\n<li>Une teneur en terp\u00e8nes exceptionnellement \u00e9lev\u00e9e (4,9 %) pour une saveur et un ar\u00f4me renforc\u00e9s.<\/li>\n<li>Croisement g\u00e9n\u00e9tique unique de souches TK Skunk x Trigerian<\/li>\n<li>Structure distinctive des grandes Cocottes ressemblant \u00e0 un \u00e9pi de ma\u00efs.<\/li>\n<li>Fabriqu\u00e9 par Tribal, connu pour ses cultures de cannabis de qualit\u00e9<\/li>\n<\/ul>\n<h4>Profil aromatique et gustatif<\/h4>\n<p>Cuban Linx offre une exp\u00e9rience sensorielle sophistiqu\u00e9e gr\u00e2ce \u00e0 son profil terp\u00e9nique vari\u00e9. Les notes dominantes de citron revigorant cr\u00e9ent un ar\u00f4me vif et plein d&rsquo;agrumes qui captive imm\u00e9diatement. Ces notes de t\u00eate rafra\u00eechissantes sont magnifiquement \u00e9quilibr\u00e9es par de robustes notes de diesel gazeux qui ajoutent de la profondeur et de la complexit\u00e9. Une subtile touche d&rsquo;\u00e9pices compl\u00e8te le profil, cr\u00e9ant une exp\u00e9rience aromatique \u00e0 plusieurs niveaux qui \u00e9volue \u00e0 chaque fois.   <\/p>\n<h4>Pourquoi choisir les fleurs de cannabis<\/h4>\n<p>La fleur de cannabis offre aux utilisateurs m\u00e9dicaux la possibilit\u00e9 de contr\u00f4ler leur dosage avec pr\u00e9cision tout en b\u00e9n\u00e9ficiant du spectre complet des cannabino\u00efdes et des terp\u00e8nes. Le format naturel et non transform\u00e9 permet aux utilisateurs d&rsquo;appr\u00e9cier le potentiel th\u00e9rapeutique complet de la plante et d&rsquo;adapter leur m\u00e9thode de consommation aux besoins individuels. <\/p>\n<h4>Exp\u00e9dition dans tout le Canada<\/h4>\n<p>Cuban Linx exp\u00e9die rapidement \u00e0 travers le Canada, vous assurant de recevoir votre fleur de qualit\u00e9 sup\u00e9rieure rapidement. Nous offrons la livraison gratuite pour toutes les commandes de plus de 150 $, ce qui facilite l&rsquo;acc\u00e8s \u00e0 des produits de cannabis m\u00e9dical de qualit\u00e9 dans le confort de votre foyer. <\/p>\n<h4>Avantages et couverture pour les anciens combattants<\/h4>\n<p>Cuban Linx est admissible \u00e0 la couverture d&rsquo;ACC (Anciens Combattants Canada) et supporte la facturation directe par la Croix Bleue, ce qui signifie que les anciens combattants admissibles n&rsquo;ont pas \u00e0 d\u00e9bourser d&rsquo;argent. Si vous n&rsquo;avez pas encore votre ordonnance de cannabis m\u00e9dical, vous pouvez <a href=\"https:\/\/mendomedical.ca\/fr\/carte-medicale\/\">obtenir votre carte m\u00e9dicale gratuite rapidement et facilement<\/a> gr\u00e2ce \u00e0 notre processus simplifi\u00e9. <\/p>\n<\/div>\n","protected":false},"featured_media":229651,"comment_status":"closed","ping_status":"closed","template":"","meta":{"_acf_changed":false,"site-sidebar-layout":"default","site-content-layout":"","ast-site-content-layout":"default","site-content-style":"default","site-sidebar-style":"default","ast-global-header-display":"","ast-banner-title-visibility":"","ast-main-header-display":"","ast-hfb-above-header-display":"","ast-hfb-below-header-display":"","ast-hfb-mobile-header-display":"","site-post-title":"","ast-breadcrumbs-content":"","ast-featured-img":"","footer-sml-layout":"","ast-disable-related-posts":"","theme-transparent-header-meta":"default","adv-header-id-meta":"","stick-header-meta":"","header-above-stick-meta":"","header-main-stick-meta":"","header-below-stick-meta":"","astra-migrate-meta-layouts":"set","ast-page-background-enabled":"default","ast-page-background-meta":{"desktop":{"background-color":"var(--ast-global-color-4)","background-image":"","background-repeat":"repeat","background-position":"center center","background-size":"auto","background-attachment":"scroll","background-type":"","background-media":"","overlay-type":"","overlay-color":"","overlay-opacity":"","overlay-gradient":""},"tablet":{"background-color":"","background-image":"","background-repeat":"repeat","background-position":"center center","background-size":"auto","background-attachment":"scroll","background-type":"","background-media":"","overlay-type":"","overlay-color":"","overlay-opacity":"","overlay-gradient":""},"mobile":{"background-color":"","background-image":"","background-repeat":"repeat","background-position":"center center","background-size":"auto","background-attachment":"scroll","background-type":"","background-media":"","overlay-type":"","overlay-color":"","overlay-opacity":"","overlay-gradient":""}},"ast-content-background-meta":{"desktop":{"background-color":"var(--ast-global-color-5)","background-image":"","background-repeat":"repeat","background-position":"center center","background-size":"auto","background-attachment":"scroll","background-type":"","background-media":"","overlay-type":"","overlay-color":"","overlay-opacity":"","overlay-gradient":""},"tablet":{"background-color":"var(--ast-global-color-5)","background-image":"","background-repeat":"repeat","background-position":"center center","background-size":"auto","background-attachment":"scroll","background-type":"","background-media":"","overlay-type":"","overlay-color":"","overlay-opacity":"","overlay-gradient":""},"mobile":{"background-color":"var(--ast-global-color-5)","background-image":"","background-repeat":"repeat","background-position":"center center","background-size":"auto","background-attachment":"scroll","background-type":"","background-media":"","overlay-type":"","overlay-color":"","overlay-opacity":"","overlay-gradient":""}}},"product_brand":[],"product_cat":[1138,1137],"product_tag":[],"product_format_filter":[6389],"class_list":{"0":"post-105608","1":"product","2":"type-product","3":"status-publish","4":"has-post-thumbnail","6":"product_cat-3-5s-a-moins-de-25","7":"product_cat-fleur","8":"pa_flavours-citron","9":"pa_flavours-pimenter","10":"pa_flavours-gazeux-diesel","11":"pa_format-3-5g-fr","12":"pa_intensity-thc-eleve","13":"pa_marques-tribal-fr","14":"pa_origin-quebec-fr","15":"pa_packaging-date-10-17-2025-fr","16":"pa_prix-par-gramme-7-14-fr","17":"pa_profil-terpene-caryophyllene","18":"pa_profil-terpene-myrcene","19":"pa_profil-terpene-ocimene-fr","20":"pa_profil-terpene-terpinolene-fr","21":"pa_thc-28-2-2","22":"pa_type-de-plante-hybride-sativa-fr","23":"product_format_filter-3-5g","24":"desktop-align-left","25":"tablet-align-left","26":"mobile-align-left","28":"first","29":"outofstock","30":"taxable","31":"shipping-taxable","32":"purchasable","33":"product-type-simple"},"group_of_quantity":0,"min_quantity":0,"max_quantity":"","exclude_order_quantity_value_rules":"no","exclude_category_quantity_rules":"no","combine_variations":"no","acf":[],"_links":{"self":[{"href":"https:\/\/mendomedical.ca\/fr\/wp-json\/wp\/v2\/product\/105608","targetHints":{"allow":["GET"]}}],"collection":[{"href":"https:\/\/mendomedical.ca\/fr\/wp-json\/wp\/v2\/product"}],"about":[{"href":"https:\/\/mendomedical.ca\/fr\/wp-json\/wp\/v2\/types\/product"}],"replies":[{"embeddable":true,"href":"https:\/\/mendomedical.ca\/fr\/wp-json\/wp\/v2\/comments?post=105608"}],"wp:featuredmedia":[{"embeddable":true,"href":"https:\/\/mendomedical.ca\/fr\/wp-json\/wp\/v2\/media\/229651"}],"wp:attachment":[{"href":"https:\/\/mendomedical.ca\/fr\/wp-json\/wp\/v2\/media?parent=105608"}],"wp:term":[{"taxonomy":"product_brand","embeddable":true,"href":"https:\/\/mendomedical.ca\/fr\/wp-json\/wp\/v2\/product_brand?post=105608"},{"taxonomy":"product_cat","embeddable":true,"href":"https:\/\/mendomedical.ca\/fr\/wp-json\/wp\/v2\/product_cat?post=105608"},{"taxonomy":"product_tag","embeddable":true,"href":"https:\/\/mendomedical.ca\/fr\/wp-json\/wp\/v2\/product_tag?post=105608"},{"taxonomy":"product_format_filter","embeddable":true,"href":"https:\/\/mendomedical.ca\/fr\/wp-json\/wp\/v2\/product_format_filter?post=105608"}],"curies":[{"name":"wp","href":"https:\/\/api.w.org\/{rel}","templated":true}]}}