{"id":105473,"date":"2024-08-01T05:31:17","date_gmt":"2024-08-01T09:31:17","guid":{"rendered":"https:\/\/mendomedical.ca\/?post_type=product&#038;p=105473"},"modified":"2026-03-30T21:42:19","modified_gmt":"2026-03-31T01:42:19","slug":"inzane-in-the-membrane-bubble-hash","status":"publish","type":"product","link":"https:\/\/mendomedical.ca\/fr\/produit\/inzane-in-the-membrane-bubble-hash\/","title":{"rendered":"Inzane In The Membrane Bubble Hash"},"content":{"rendered":"","protected":false},"excerpt":{"rendered":"<div class=\"ExternalClass67388D50B99640B4A130F64087044563\">\n<h3>Inzane In The Membrane Bubble Hash<\/h3>\n<p>Faites l&rsquo;exp\u00e9rience d&rsquo;un bubble hash de qualit\u00e9 sup\u00e9rieure avec Origami&rsquo;s Inzane In The Membrane, un concentr\u00e9 mono-souche \u00e0 spectre complet \u00e9labor\u00e9 avec une attention m\u00e9ticuleuse aux d\u00e9tails. Ce hasch artisanal est cultiv\u00e9 par des micro-cultivateurs en Saskatchewan et produit de mani\u00e8re experte en Beauce, offrant un concentr\u00e9 pur et puissant qui met en valeur les caract\u00e9ristiques uniques de la souche Inzane In The Membrane. <\/p>\n<h4>Caract\u00e9ristiques principales<\/h4>\n<ul>\n<li>Bubble hash \u00e0 spectre complet et \u00e0 souche unique pr\u00e9servant le profil complet des cannabino\u00efdes et des terp\u00e8nes.<\/li>\n<li>Cultiv\u00e9 par des micro-cultivateurs de la Saskatchewan, ce qui garantit la qualit\u00e9 et l&rsquo;attention des petits lots.<\/li>\n<li>Production experte en Beauce selon les m\u00e9thodes traditionnelles d&rsquo;extraction du bubble hash.<\/li>\n<li>Concentr\u00e9 de qualit\u00e9 sup\u00e9rieure offrant des options de consommation polyvalentes pour les utilisateurs m\u00e9dicaux<\/li>\n<li>Processus d&rsquo;extraction propre sans solvants agressifs, pr\u00e9servant la puret\u00e9 du produit<\/li>\n<\/ul>\n<h4>Pourquoi choisir Hash<\/h4>\n<p>Les concentr\u00e9s de hasch comme Inzane In The Membrane Bubble Hash offrent aux utilisateurs m\u00e9dicaux une option puissante et efficace pour la gestion des sympt\u00f4mes. Le format concentr\u00e9 permet de r\u00e9duire les doses tout en maintenant l&rsquo;efficacit\u00e9, ce qui en fait un choix \u00e9conomique pour les consommateurs r\u00e9guliers de cannabis m\u00e9dical. <\/p>\n<h4>Exp\u00e9dition dans tout le Canada<\/h4>\n<p>Inzane In The Membrane Bubble Hash est exp\u00e9di\u00e9 rapidement \u00e0 travers le Canada, vous assurant de recevoir vos produits de cannabis m\u00e9dical rapidement. Nous offrons la livraison gratuite pour toutes les commandes de plus de 150 $, ce qui rend pratique et rentable le maintien de votre routine de bien-\u00eatre. <\/p>\n<h4>Avantages et couverture pour les anciens combattants<\/h4>\n<p>Inzane In The Membrane Bubble Hash est admissible \u00e0 la couverture d&rsquo;ACC (Anciens Combattants Canada) et \u00e0 la facturation directe par l&rsquo;entremise de la Croix Bleue, ce qui signifie que les anciens combattants admissibles n&rsquo;ont pas \u00e0 d\u00e9bourser d&rsquo;argent. Si vous n&rsquo;avez pas encore de carte m\u00e9dicale, <a href=\"https:\/\/mendomedical.ca\/fr\/carte-medicale\/\">obtenez rapidement et facilement votre carte m\u00e9dicale gratuite<\/a> pour acc\u00e9der \u00e0 ces avantages. <\/p>\n<\/div>\n","protected":false},"featured_media":105470,"comment_status":"closed","ping_status":"closed","template":"","meta":{"_acf_changed":false,"site-sidebar-layout":"default","site-content-layout":"","ast-site-content-layout":"default","site-content-style":"default","site-sidebar-style":"default","ast-global-header-display":"","ast-banner-title-visibility":"","ast-main-header-display":"","ast-hfb-above-header-display":"","ast-hfb-below-header-display":"","ast-hfb-mobile-header-display":"","site-post-title":"","ast-breadcrumbs-content":"","ast-featured-img":"","footer-sml-layout":"","ast-disable-related-posts":"","theme-transparent-header-meta":"default","adv-header-id-meta":"","stick-header-meta":"","header-above-stick-meta":"","header-main-stick-meta":"","header-below-stick-meta":"","astra-migrate-meta-layouts":"set","ast-page-background-enabled":"default","ast-page-background-meta":{"desktop":{"background-color":"var(--ast-global-color-4)","background-image":"","background-repeat":"repeat","background-position":"center center","background-size":"auto","background-attachment":"scroll","background-type":"","background-media":"","overlay-type":"","overlay-color":"","overlay-opacity":"","overlay-gradient":""},"tablet":{"background-color":"","background-image":"","background-repeat":"repeat","background-position":"center center","background-size":"auto","background-attachment":"scroll","background-type":"","background-media":"","overlay-type":"","overlay-color":"","overlay-opacity":"","overlay-gradient":""},"mobile":{"background-color":"","background-image":"","background-repeat":"repeat","background-position":"center center","background-size":"auto","background-attachment":"scroll","background-type":"","background-media":"","overlay-type":"","overlay-color":"","overlay-opacity":"","overlay-gradient":""}},"ast-content-background-meta":{"desktop":{"background-color":"var(--ast-global-color-5)","background-image":"","background-repeat":"repeat","background-position":"center center","background-size":"auto","background-attachment":"scroll","background-type":"","background-media":"","overlay-type":"","overlay-color":"","overlay-opacity":"","overlay-gradient":""},"tablet":{"background-color":"var(--ast-global-color-5)","background-image":"","background-repeat":"repeat","background-position":"center center","background-size":"auto","background-attachment":"scroll","background-type":"","background-media":"","overlay-type":"","overlay-color":"","overlay-opacity":"","overlay-gradient":""},"mobile":{"background-color":"var(--ast-global-color-5)","background-image":"","background-repeat":"repeat","background-position":"center center","background-size":"auto","background-attachment":"scroll","background-type":"","background-media":"","overlay-type":"","overlay-color":"","overlay-opacity":"","overlay-gradient":""}}},"product_brand":[],"product_cat":[1121,1118,1119],"product_tag":[2746],"product_format_filter":[],"class_list":{"0":"post-105473","1":"product","2":"type-product","3":"status-publish","4":"has-post-thumbnail","6":"product_cat-haschisch","7":"product_cat-concentres","8":"product_cat-tout-sans-solvant","9":"product_tag-origami-fr","10":"pa_format-1g-2-fr","11":"pa_intensity-thc-eleve","12":"pa_marques-origami-fr","13":"pa_origin-quebec-fr","14":"pa_profil-terpene-caryophyllene","15":"pa_profil-terpene-humulene-fr","16":"pa_thc-51-33","17":"pa_type-de-plante-hybride-indica-fr","18":"desktop-align-left","19":"tablet-align-left","20":"mobile-align-left","22":"first","23":"outofstock","24":"taxable","25":"shipping-taxable","26":"purchasable","27":"product-type-simple"},"group_of_quantity":0,"min_quantity":0,"max_quantity":"","exclude_order_quantity_value_rules":"no","exclude_category_quantity_rules":"no","combine_variations":"no","acf":[],"_links":{"self":[{"href":"https:\/\/mendomedical.ca\/fr\/wp-json\/wp\/v2\/product\/105473","targetHints":{"allow":["GET"]}}],"collection":[{"href":"https:\/\/mendomedical.ca\/fr\/wp-json\/wp\/v2\/product"}],"about":[{"href":"https:\/\/mendomedical.ca\/fr\/wp-json\/wp\/v2\/types\/product"}],"replies":[{"embeddable":true,"href":"https:\/\/mendomedical.ca\/fr\/wp-json\/wp\/v2\/comments?post=105473"}],"wp:featuredmedia":[{"embeddable":true,"href":"https:\/\/mendomedical.ca\/fr\/wp-json\/wp\/v2\/media\/105470"}],"wp:attachment":[{"href":"https:\/\/mendomedical.ca\/fr\/wp-json\/wp\/v2\/media?parent=105473"}],"wp:term":[{"taxonomy":"product_brand","embeddable":true,"href":"https:\/\/mendomedical.ca\/fr\/wp-json\/wp\/v2\/product_brand?post=105473"},{"taxonomy":"product_cat","embeddable":true,"href":"https:\/\/mendomedical.ca\/fr\/wp-json\/wp\/v2\/product_cat?post=105473"},{"taxonomy":"product_tag","embeddable":true,"href":"https:\/\/mendomedical.ca\/fr\/wp-json\/wp\/v2\/product_tag?post=105473"},{"taxonomy":"product_format_filter","embeddable":true,"href":"https:\/\/mendomedical.ca\/fr\/wp-json\/wp\/v2\/product_format_filter?post=105473"}],"curies":[{"name":"wp","href":"https:\/\/api.w.org\/{rel}","templated":true}]}}