{"id":105384,"date":"2024-08-01T05:56:44","date_gmt":"2024-08-01T09:56:44","guid":{"rendered":"https:\/\/mendomedical.ca\/product\/runtz-hash-temple-ball-huntz\/"},"modified":"2025-12-16T18:08:08","modified_gmt":"2025-12-16T23:08:08","slug":"runtz-hash-temple-ball-huntz","status":"publish","type":"product","link":"https:\/\/mendomedical.ca\/fr\/produit\/runtz-hash-temple-ball-huntz\/","title":{"rendered":"Runtz Hash Temple Ball (Huntz)"},"content":{"rendered":"","protected":false},"excerpt":{"rendered":"<div class=\"ExternalClass32837611776843BAB3BCF53F9FD4010F\">\n<h3>TERP\u00c8NES TOTAUX 4,03%.<\/h3>\n<h3>Runtz Hash Temple Ball (Huntz)<\/h3>\n<p>Faites l&rsquo;exp\u00e9rience de l&rsquo;artisanat du cannabis de premi\u00e8re qualit\u00e9 avec Origami&rsquo;s Runtz Hash Temple Ball, un concentr\u00e9 de haschisch \u00e0 l&rsquo;eau glac\u00e9e exceptionnel fabriqu\u00e9 \u00e0 partir du cultivar Runtz fra\u00eechement congel\u00e9. Ce haschisch fondant \u00e0 spectre complet et \u00e0 souche unique pr\u00e9sente une teneur en THC remarquablement \u00e9lev\u00e9e et un profil terp\u00e9nique total impressionnant de 4,03 %. M\u00e9ticuleusement cultiv\u00e9e au Qu\u00e9bec par Juste Feu\/Just Fire et produite en Beauce, cette boule de temple repr\u00e9sente l&rsquo;apog\u00e9e des techniques traditionnelles de fabrication de haschisch combin\u00e9es aux m\u00e9thodes d&rsquo;extraction modernes.  <\/p>\n<h4>Caract\u00e9ristiques principales<\/h4>\n<ul>\n<li>Hachis glac\u00e9 de premi\u00e8re qualit\u00e9 extrait du cannabis Runtz fra\u00eechement congel\u00e9<\/li>\n<li>Concentr\u00e9 \u00e0 spectre complet et \u00e0 souche unique avec une teneur en THC exceptionnellement \u00e9lev\u00e9e<\/li>\n<li>Une teneur totale en terp\u00e8nes impressionnante de 4,03 % pour une saveur et des effets am\u00e9lior\u00e9s.<\/li>\n<li>Fabriqu\u00e9 selon les techniques traditionnelles de pressage des boules de temple<\/li>\n<li>Cultiv\u00e9 par le c\u00e9l\u00e8bre producteur qu\u00e9b\u00e9cois Juste Feu\/Just Fire<\/li>\n<\/ul>\n<h4>Profil des terp\u00e8nes et des cannabino\u00efdes<\/h4>\n<p>Ce concentr\u00e9 pr\u00e9sente un profil terp\u00e9nique total robuste de 4,03 %, offrant l&rsquo;exp\u00e9rience authentique de la Runtz sous forme concentr\u00e9e. Le processus d&rsquo;extraction \u00e0 l&rsquo;eau glac\u00e9e pr\u00e9serve le spectre complet des cannabino\u00efdes et des terp\u00e8nes de la mati\u00e8re fra\u00eechement congel\u00e9e, ce qui donne un hash fondant qui capture l&rsquo;essence compl\u00e8te du cultivar Runtz. <\/p>\n<h4>Pourquoi choisir les concentr\u00e9s de haschisch ?<\/h4>\n<p>Les concentr\u00e9s de haschisch offrent aux patients du cannabis m\u00e9dical une option puissante, \u00e0 action rapide, avec des possibilit\u00e9s de dosage pr\u00e9cises. Le format concentr\u00e9 peut apporter un soulagement plus imm\u00e9diat que les produits \u00e0 base de fleurs, ce qui le rend appropri\u00e9 pour les patients qui ont besoin d&rsquo;options plus puissantes. <\/p>\n<h4>Exp\u00e9dition dans tout le Canada<\/h4>\n<p>Runtz Hash Temple Ball (Huntz) est exp\u00e9di\u00e9 rapidement \u00e0 travers le Canada avec une livraison gratuite pour les commandes de plus de 150 $. Nous assurons un emballage s\u00e9curitaire afin de pr\u00e9server l&rsquo;int\u00e9grit\u00e9 du produit pendant le transport jusqu&rsquo;\u00e0 votre lieu de r\u00e9sidence. <\/p>\n<h4>Avantages et couverture pour les anciens combattants<\/h4>\n<p>Le Runtz Hash Temple Ball (Huntz) est admissible \u00e0 la couverture d&rsquo;ACC (Anciens Combattants Canada) avec facturation directe par l&rsquo;entremise de la Croix Bleue, ce qui signifie que les anciens combattants admissibles n&rsquo;ont pas \u00e0 d\u00e9bourser d&rsquo;argent. Si vous n&rsquo;avez pas encore de carte m\u00e9dicale, vous pouvez en obtenir une rapidement et facilement \u00e0 l&rsquo;<a href=\"https:\/\/mendomedical.ca\/fr\/carte-medicale\/\">adresse https:\/\/mendomedical.ca\/medical-card\/.<\/a> <\/p>\n<\/div>\n","protected":false},"featured_media":227418,"comment_status":"closed","ping_status":"closed","template":"","meta":{"_acf_changed":false,"site-sidebar-layout":"default","site-content-layout":"","ast-site-content-layout":"default","site-content-style":"default","site-sidebar-style":"default","ast-global-header-display":"","ast-banner-title-visibility":"","ast-main-header-display":"","ast-hfb-above-header-display":"","ast-hfb-below-header-display":"","ast-hfb-mobile-header-display":"","site-post-title":"","ast-breadcrumbs-content":"","ast-featured-img":"","footer-sml-layout":"","ast-disable-related-posts":"","theme-transparent-header-meta":"default","adv-header-id-meta":"","stick-header-meta":"","header-above-stick-meta":"","header-main-stick-meta":"","header-below-stick-meta":"","astra-migrate-meta-layouts":"set","ast-page-background-enabled":"default","ast-page-background-meta":{"desktop":{"background-color":"var(--ast-global-color-4)","background-image":"","background-repeat":"repeat","background-position":"center center","background-size":"auto","background-attachment":"scroll","background-type":"","background-media":"","overlay-type":"","overlay-color":"","overlay-opacity":"","overlay-gradient":""},"tablet":{"background-color":"","background-image":"","background-repeat":"repeat","background-position":"center center","background-size":"auto","background-attachment":"scroll","background-type":"","background-media":"","overlay-type":"","overlay-color":"","overlay-opacity":"","overlay-gradient":""},"mobile":{"background-color":"","background-image":"","background-repeat":"repeat","background-position":"center center","background-size":"auto","background-attachment":"scroll","background-type":"","background-media":"","overlay-type":"","overlay-color":"","overlay-opacity":"","overlay-gradient":""}},"ast-content-background-meta":{"desktop":{"background-color":"var(--ast-global-color-5)","background-image":"","background-repeat":"repeat","background-position":"center center","background-size":"auto","background-attachment":"scroll","background-type":"","background-media":"","overlay-type":"","overlay-color":"","overlay-opacity":"","overlay-gradient":""},"tablet":{"background-color":"var(--ast-global-color-5)","background-image":"","background-repeat":"repeat","background-position":"center center","background-size":"auto","background-attachment":"scroll","background-type":"","background-media":"","overlay-type":"","overlay-color":"","overlay-opacity":"","overlay-gradient":""},"mobile":{"background-color":"var(--ast-global-color-5)","background-image":"","background-repeat":"repeat","background-position":"center center","background-size":"auto","background-attachment":"scroll","background-type":"","background-media":"","overlay-type":"","overlay-color":"","overlay-opacity":"","overlay-gradient":""}}},"product_brand":[],"product_cat":[1121,1118],"product_tag":[],"product_format_filter":[6369],"class_list":{"0":"post-105384","1":"product","2":"type-product","3":"status-publish","4":"has-post-thumbnail","6":"product_cat-haschisch","7":"product_cat-concentres","8":"pa_format-1g-2-fr","9":"pa_intensity-thc-eleve","10":"pa_marques-origami-fr","11":"pa_origin-quebec-fr","12":"pa_profil-terpene-caryophyllene","13":"pa_profil-terpene-limonene-fr","14":"pa_profil-terpene-myrcene","15":"pa_thc-75-30-fr","16":"pa_type-de-plante-hybride-indica-fr","17":"product_format_filter-1g","18":"desktop-align-left","19":"tablet-align-left","20":"mobile-align-left","22":"first","23":"outofstock","24":"taxable","25":"shipping-taxable","26":"purchasable","27":"product-type-simple"},"group_of_quantity":0,"min_quantity":0,"max_quantity":"","exclude_order_quantity_value_rules":"no","exclude_category_quantity_rules":"no","combine_variations":"no","acf":[],"_links":{"self":[{"href":"https:\/\/mendomedical.ca\/fr\/wp-json\/wp\/v2\/product\/105384","targetHints":{"allow":["GET"]}}],"collection":[{"href":"https:\/\/mendomedical.ca\/fr\/wp-json\/wp\/v2\/product"}],"about":[{"href":"https:\/\/mendomedical.ca\/fr\/wp-json\/wp\/v2\/types\/product"}],"replies":[{"embeddable":true,"href":"https:\/\/mendomedical.ca\/fr\/wp-json\/wp\/v2\/comments?post=105384"}],"wp:featuredmedia":[{"embeddable":true,"href":"https:\/\/mendomedical.ca\/fr\/wp-json\/wp\/v2\/media\/227418"}],"wp:attachment":[{"href":"https:\/\/mendomedical.ca\/fr\/wp-json\/wp\/v2\/media?parent=105384"}],"wp:term":[{"taxonomy":"product_brand","embeddable":true,"href":"https:\/\/mendomedical.ca\/fr\/wp-json\/wp\/v2\/product_brand?post=105384"},{"taxonomy":"product_cat","embeddable":true,"href":"https:\/\/mendomedical.ca\/fr\/wp-json\/wp\/v2\/product_cat?post=105384"},{"taxonomy":"product_tag","embeddable":true,"href":"https:\/\/mendomedical.ca\/fr\/wp-json\/wp\/v2\/product_tag?post=105384"},{"taxonomy":"product_format_filter","embeddable":true,"href":"https:\/\/mendomedical.ca\/fr\/wp-json\/wp\/v2\/product_format_filter?post=105384"}],"curies":[{"name":"wp","href":"https:\/\/api.w.org\/{rel}","templated":true}]}}