{"id":105373,"date":"2024-08-01T01:50:44","date_gmt":"2024-08-01T05:50:44","guid":{"rendered":"https:\/\/mendomedical.ca\/product\/skunk-shocker-live-rosin\/"},"modified":"2025-10-20T11:07:15","modified_gmt":"2025-10-20T15:07:15","slug":"skunk-shocker-live-rosin","status":"publish","type":"product","link":"https:\/\/mendomedical.ca\/fr\/produit\/skunk-shocker-live-rosin\/","title":{"rendered":"Skunk Shocker Live Rosin"},"content":{"rendered":"","protected":false},"excerpt":{"rendered":"<div class=\"ExternalClassD304BA161D0A42099F4628C7A7C842E2\">\n<h3>TERP\u00c8NES TOTAUX 12,7 %.<\/h3>\n<h3>Skunk Shocker Live Rosin par Polar<\/h3>\n<p>D\u00e9couvrez la qualit\u00e9 exceptionnelle de Skunk Shocker Live Rosin, un concentr\u00e9 haut de gamme \u00e9labor\u00e9 par Polar \u00e0 partir de fleurs fra\u00eeches congel\u00e9es. Cette Live Rosin \u00e0 spectre complet et \u00e0 souche unique offre un taux impressionnant de 12,7 % de terp\u00e8nes totaux, offrant aux consommateurs de cannabis m\u00e9dical une option de concentr\u00e9 puissante et savoureuse. Cultiv\u00e9 et produit par des micro-producteurs au Qu\u00e9bec, cet extrait artisanal repr\u00e9sente le summum de l&rsquo;artisanat canadien du cannabis.  <\/p>\n<h4>Caract\u00e9ristiques principales<\/h4>\n<ul>\n<li>12,7 % de terp\u00e8nes totaux pour un potentiel th\u00e9rapeutique accru et une saveur robuste.<\/li>\n<li>Fabriqu\u00e9 \u00e0 partir de fleurs de Skunk Shocker fra\u00eechement congel\u00e9es afin de pr\u00e9server les profils de cannabino\u00efdes et de terp\u00e8nes les plus \u00e9lev\u00e9s.<\/li>\n<li>Extrait \u00e0 spectre complet et \u00e0 souche unique conservant l&rsquo;int\u00e9gralit\u00e9 des compos\u00e9s th\u00e9rapeutiques de la plante<\/li>\n<li>Produits par des micro-producteurs qu\u00e9b\u00e9cois assurant la qualit\u00e9 des petits lots et le souci du d\u00e9tail.<\/li>\n<li>Processus d&rsquo;extraction sans solvant pour un concentr\u00e9 pur et propre<\/li>\n<\/ul>\n<h4>Profil des terp\u00e8nes<\/h4>\n<p>Avec une teneur exceptionnelle de 12,7 % en terp\u00e8nes totaux, la Skunk Shocker Live Rosin offre un profil terp\u00e9nique complexe et prononc\u00e9. Cette forte concentration en terp\u00e8nes peut contribuer \u00e0 renforcer les effets th\u00e9rapeutiques par l&rsquo;effet d&rsquo;entourage, tout en offrant des caract\u00e9ristiques aromatiques et gustatives distinctives propres \u00e0 la souche Skunk Shocker. <\/p>\n<h4>Pourquoi choisir le Live Rosin ?<\/h4>\n<p>Live Rosin fournit aux consommateurs de cannabis m\u00e9dical un concentr\u00e9 sans solvant et \u00e0 spectre complet qui pr\u00e9serve les compos\u00e9s th\u00e9rapeutiques naturels de la plante. Cette m\u00e9thode d&rsquo;extraction peut offrir une puissance accrue et une apparition plus rapide des effets par rapport \u00e0 la consommation traditionnelle de fleurs, ce qui en fait un excellent choix pour les patients \u00e0 la recherche d&rsquo;un soulagement cibl\u00e9. <\/p>\n<h4>Exp\u00e9dition dans tout le Canada<\/h4>\n<p>Skunk Shocker Live Rosin est exp\u00e9di\u00e9 rapidement \u00e0 travers le Canada avec la livraison gratuite sur les commandes de plus de 150 \u00a3. Nous veillons \u00e0 ce que vos produits de cannabis m\u00e9dical arrivent rapidement et discr\u00e8tement pour vous aider dans votre d\u00e9marche de bien-\u00eatre. <\/p>\n<h4>Avantages et couverture pour les anciens combattants<\/h4>\n<p>Skunk Shocker Live Rosin est admissible \u00e0 la couverture d&rsquo;ACC (Anciens Combattants Canada) avec facturation directe par la Croix Bleue, ce qui signifie qu&rsquo;il n&rsquo;y a pas de frais \u00e0 d\u00e9bourser pour les anciens combattants admissibles. Si vous n&rsquo;avez pas encore votre carte de cannabis m\u00e9dical, vous pouvez <a href=\"https:\/\/mendomedical.ca\/fr\/carte-medicale\/\">obtenir votre carte m\u00e9dicale gratuite rapidement et facilement<\/a> pour acc\u00e9der \u00e0 ces avantages et commencer votre voyage avec le cannabis m\u00e9dical. <\/p>\n<\/div>\n","protected":false},"featured_media":227021,"comment_status":"closed","ping_status":"closed","template":"","meta":{"_acf_changed":false,"site-sidebar-layout":"default","site-content-layout":"","ast-site-content-layout":"default","site-content-style":"default","site-sidebar-style":"default","ast-global-header-display":"","ast-banner-title-visibility":"","ast-main-header-display":"","ast-hfb-above-header-display":"","ast-hfb-below-header-display":"","ast-hfb-mobile-header-display":"","site-post-title":"","ast-breadcrumbs-content":"","ast-featured-img":"","footer-sml-layout":"","ast-disable-related-posts":"","theme-transparent-header-meta":"default","adv-header-id-meta":"","stick-header-meta":"","header-above-stick-meta":"","header-main-stick-meta":"","header-below-stick-meta":"","astra-migrate-meta-layouts":"set","ast-page-background-enabled":"default","ast-page-background-meta":{"desktop":{"background-color":"var(--ast-global-color-4)","background-image":"","background-repeat":"repeat","background-position":"center center","background-size":"auto","background-attachment":"scroll","background-type":"","background-media":"","overlay-type":"","overlay-color":"","overlay-opacity":"","overlay-gradient":""},"tablet":{"background-color":"","background-image":"","background-repeat":"repeat","background-position":"center center","background-size":"auto","background-attachment":"scroll","background-type":"","background-media":"","overlay-type":"","overlay-color":"","overlay-opacity":"","overlay-gradient":""},"mobile":{"background-color":"","background-image":"","background-repeat":"repeat","background-position":"center center","background-size":"auto","background-attachment":"scroll","background-type":"","background-media":"","overlay-type":"","overlay-color":"","overlay-opacity":"","overlay-gradient":""}},"ast-content-background-meta":{"desktop":{"background-color":"var(--ast-global-color-5)","background-image":"","background-repeat":"repeat","background-position":"center center","background-size":"auto","background-attachment":"scroll","background-type":"","background-media":"","overlay-type":"","overlay-color":"","overlay-opacity":"","overlay-gradient":""},"tablet":{"background-color":"var(--ast-global-color-5)","background-image":"","background-repeat":"repeat","background-position":"center center","background-size":"auto","background-attachment":"scroll","background-type":"","background-media":"","overlay-type":"","overlay-color":"","overlay-opacity":"","overlay-gradient":""},"mobile":{"background-color":"var(--ast-global-color-5)","background-image":"","background-repeat":"repeat","background-position":"center center","background-size":"auto","background-attachment":"scroll","background-type":"","background-media":"","overlay-type":"","overlay-color":"","overlay-opacity":"","overlay-gradient":""}}},"product_brand":[],"product_cat":[1125,1118],"product_tag":[],"product_format_filter":[6369],"class_list":{"0":"post-105373","1":"product","2":"type-product","3":"status-publish","4":"has-post-thumbnail","6":"product_cat-rosin-vivante","7":"product_cat-concentres","8":"pa_format-1g-2-fr","9":"pa_intensity-thc-eleve","10":"pa_marques-polaire","11":"pa_origin-quebec-fr","12":"pa_profil-terpene-caryophyllene","13":"pa_profil-terpene-limonene-fr","14":"pa_profil-terpene-myrcene","15":"pa_thc-73-8-fr","16":"pa_type-de-plante-hybride-indica-fr","17":"product_format_filter-1g","18":"desktop-align-left","19":"tablet-align-left","20":"mobile-align-left","22":"first","23":"outofstock","24":"taxable","25":"shipping-taxable","26":"purchasable","27":"product-type-simple"},"group_of_quantity":0,"min_quantity":0,"max_quantity":"","exclude_order_quantity_value_rules":"no","exclude_category_quantity_rules":"no","combine_variations":"no","acf":[],"_links":{"self":[{"href":"https:\/\/mendomedical.ca\/fr\/wp-json\/wp\/v2\/product\/105373","targetHints":{"allow":["GET"]}}],"collection":[{"href":"https:\/\/mendomedical.ca\/fr\/wp-json\/wp\/v2\/product"}],"about":[{"href":"https:\/\/mendomedical.ca\/fr\/wp-json\/wp\/v2\/types\/product"}],"replies":[{"embeddable":true,"href":"https:\/\/mendomedical.ca\/fr\/wp-json\/wp\/v2\/comments?post=105373"}],"wp:featuredmedia":[{"embeddable":true,"href":"https:\/\/mendomedical.ca\/fr\/wp-json\/wp\/v2\/media\/227021"}],"wp:attachment":[{"href":"https:\/\/mendomedical.ca\/fr\/wp-json\/wp\/v2\/media?parent=105373"}],"wp:term":[{"taxonomy":"product_brand","embeddable":true,"href":"https:\/\/mendomedical.ca\/fr\/wp-json\/wp\/v2\/product_brand?post=105373"},{"taxonomy":"product_cat","embeddable":true,"href":"https:\/\/mendomedical.ca\/fr\/wp-json\/wp\/v2\/product_cat?post=105373"},{"taxonomy":"product_tag","embeddable":true,"href":"https:\/\/mendomedical.ca\/fr\/wp-json\/wp\/v2\/product_tag?post=105373"},{"taxonomy":"product_format_filter","embeddable":true,"href":"https:\/\/mendomedical.ca\/fr\/wp-json\/wp\/v2\/product_format_filter?post=105373"}],"curies":[{"name":"wp","href":"https:\/\/api.w.org\/{rel}","templated":true}]}}