{"id":105265,"date":"2024-09-05T20:20:23","date_gmt":"2024-09-06T00:20:23","guid":{"rendered":"https:\/\/mendomedical.ca\/?post_type=product&#038;p=105265"},"modified":"2026-03-17T14:58:22","modified_gmt":"2026-03-17T18:58:22","slug":"galactic-runtz","status":"publish","type":"product","link":"https:\/\/mendomedical.ca\/fr\/produit\/galactic-runtz\/","title":{"rendered":"Galactic Runtz"},"content":{"rendered":"","protected":false},"excerpt":{"rendered":"<div class=\"ExternalClass3424E3523E124250BCE5E18AC630F805\">\n<h3>Galactic Runtz by Tribal - Fleur \u00e0 dominante indica de qualit\u00e9 sup\u00e9rieure<\/h3>\n<h3>Terp\u00e8nes totaux : 2,5%.<\/h3>\n<p>Faites l&rsquo;exp\u00e9rience de la puissance stellaire de la Galactic Runtz, une vari\u00e9t\u00e9 exceptionnelle \u00e0 dominance indica de Tribal qui combine des g\u00e9n\u00e9tiques puissantes \u00e0 un prix abordable. Cette fleur \u00e0 haute teneur en THC produit des Cocottes denses et riches en r\u00e9sine, avec des teintes vertes et violettes saisissantes. \u00c0 un peu moins de 25 $ pour 3,5 g, Galactic Runtz offre un cannabis de premi\u00e8re qualit\u00e9 qui transforme la relaxation en euphorie cr\u00e9ative, ce qui en fait un choix id\u00e9al pour un usage en soir\u00e9e lorsque vous \u00eates pr\u00eat \u00e0 vous d\u00e9tendre.  <\/p>\n<h4>Caract\u00e9ristiques principales<\/h4>\n<ul>\n<li>Hybride puissant \u00e0 dominance indica avec des niveaux \u00e9lev\u00e9s de THC et 2,5 % de Terp\u00e8nes totaux.<\/li>\n<li>G\u00e9n\u00e9tique d&rsquo;\u00e9lite : Falcon 9 (Sunset Sherbet x Tina) crois\u00e9 avec Runtz (Zkittlez x Gelato) par Exotic Genetics<\/li>\n<li>Cocottes denses et r\u00e9sineuses avec une coloration vibrante vert lime et pourpre riche.<\/li>\n<li>Fleur de qualit\u00e9 sup\u00e9rieure \u00e0 un prix raisonnable, moins de 25 $ les 3,5 g<\/li>\n<li>Effets relaxants et zen qui se transforment en euphorie cr\u00e9ative.<\/li>\n<\/ul>\n<h4>Profil aromatique et terp\u00e8nes<\/h4>\n<p>Galactic Runtz captive le palais avec son profil terp\u00e9nique complexe \u00e0 2,5% de teneur totale. L&rsquo;expiration initiale r\u00e9v\u00e8le des notes intenses d&rsquo;essence rappelant le carburant \u00e0 haut indice d&rsquo;octane, suivies de d\u00e9licieuses nuances fruit\u00e9es. Les saveurs dominantes comprennent les agrumes tropicaux et les baies acides, cr\u00e9ant une combinaison sucr\u00e9e et acidul\u00e9e. Le profil aromatique refl\u00e8te ces notes fruit\u00e9es tout en introduisant de subtiles touches d&rsquo;ananas \u00e9pic\u00e9 qui ajoutent de la profondeur \u00e0 chaque session.   <\/p>\n<h4>Pourquoi choisir All Flower<\/h4>\n<p>Les produits \u00e0 base de fleurs enti\u00e8res comme Galactic Runtz offrent aux consommateurs de cannabis m\u00e9dical un maximum de flexibilit\u00e9 et de contr\u00f4le sur leur dosage. La fleur vous permet de personnaliser votre m\u00e9thode de consommation et la quantit\u00e9, que vous pr\u00e9f\u00e9riez vaporiser, rouler ou utiliser une pipe, ce qui en fait un excellent choix pour g\u00e9rer divers sympt\u00f4mes tout au long de la journ\u00e9e. <\/p>\n<h4>Exp\u00e9dition dans tout le Canada<\/h4>\n<p>Galactic Runtz est exp\u00e9di\u00e9 rapidement \u00e0 travers le Canada, garantissant que des produits frais arrivent \u00e0 votre porte. Nous offrons la livraison gratuite pour toutes les commandes de plus de 150 $, ce qui vous permet de vous approvisionner facilement en vos vari\u00e9t\u00e9s pr\u00e9f\u00e9r\u00e9es tout en \u00e9conomisant sur les frais de livraison. <\/p>\n<h4>Avantages et couverture pour les anciens combattants<\/h4>\n<p>Galactic Runtz est admissible \u00e0 la couverture d&rsquo;ACC (Anciens Combattants Canada) avec facturation directe par l&rsquo;entremise de la Croix Bleue, ce qui signifie que les anciens combattants admissibles n&rsquo;ont pas \u00e0 d\u00e9bourser d&rsquo;argent. Si vous n&rsquo;avez pas encore votre carte de cannabis m\u00e9dical, vous pouvez l&rsquo;obtenir rapidement et facilement sur le site <a href=\"https:\/\/mendomedical.ca\/fr\/carte-medicale\/\">https:\/\/mendomedical.ca\/medical-card\/.<\/a> <\/p>\n<\/div>\n","protected":false},"featured_media":244862,"comment_status":"closed","ping_status":"closed","template":"","meta":{"_acf_changed":false,"site-sidebar-layout":"default","site-content-layout":"","ast-site-content-layout":"default","site-content-style":"default","site-sidebar-style":"default","ast-global-header-display":"","ast-banner-title-visibility":"","ast-main-header-display":"","ast-hfb-above-header-display":"","ast-hfb-below-header-display":"","ast-hfb-mobile-header-display":"","site-post-title":"","ast-breadcrumbs-content":"","ast-featured-img":"","footer-sml-layout":"","ast-disable-related-posts":"","theme-transparent-header-meta":"default","adv-header-id-meta":"","stick-header-meta":"","header-above-stick-meta":"","header-main-stick-meta":"","header-below-stick-meta":"","astra-migrate-meta-layouts":"set","ast-page-background-enabled":"default","ast-page-background-meta":{"desktop":{"background-color":"var(--ast-global-color-4)","background-image":"","background-repeat":"repeat","background-position":"center center","background-size":"auto","background-attachment":"scroll","background-type":"","background-media":"","overlay-type":"","overlay-color":"","overlay-opacity":"","overlay-gradient":""},"tablet":{"background-color":"","background-image":"","background-repeat":"repeat","background-position":"center center","background-size":"auto","background-attachment":"scroll","background-type":"","background-media":"","overlay-type":"","overlay-color":"","overlay-opacity":"","overlay-gradient":""},"mobile":{"background-color":"","background-image":"","background-repeat":"repeat","background-position":"center center","background-size":"auto","background-attachment":"scroll","background-type":"","background-media":"","overlay-type":"","overlay-color":"","overlay-opacity":"","overlay-gradient":""}},"ast-content-background-meta":{"desktop":{"background-color":"var(--ast-global-color-5)","background-image":"","background-repeat":"repeat","background-position":"center center","background-size":"auto","background-attachment":"scroll","background-type":"","background-media":"","overlay-type":"","overlay-color":"","overlay-opacity":"","overlay-gradient":""},"tablet":{"background-color":"var(--ast-global-color-5)","background-image":"","background-repeat":"repeat","background-position":"center center","background-size":"auto","background-attachment":"scroll","background-type":"","background-media":"","overlay-type":"","overlay-color":"","overlay-opacity":"","overlay-gradient":""},"mobile":{"background-color":"var(--ast-global-color-5)","background-image":"","background-repeat":"repeat","background-position":"center center","background-size":"auto","background-attachment":"scroll","background-type":"","background-media":"","overlay-type":"","overlay-color":"","overlay-opacity":"","overlay-gradient":""}}},"product_brand":[],"product_cat":[1138,1137],"product_tag":[],"product_format_filter":[6389],"class_list":{"0":"post-105265","1":"product","2":"type-product","3":"status-publish","4":"has-post-thumbnail","6":"product_cat-3-5s-a-moins-de-25","7":"product_cat-fleur","8":"pa_flavours-agrumes-tropicaux","9":"pa_flavours-baie-aigre","10":"pa_flavours-fruite","11":"pa_intensity-thc-moyen","12":"pa_marques-tribal-fr","13":"pa_origin-ontario-fr","14":"pa_packaging-date-07-11-2025-fr","15":"pa_profil-terpene-caryophyllene","16":"pa_profil-terpene-farnesene-fr","17":"pa_profil-terpene-limonene-fr","18":"pa_profil-terpene-myrcene","19":"pa_type-de-plante-hybride-indica-fr","20":"product_format_filter-3-5g","21":"desktop-align-left","22":"tablet-align-left","23":"mobile-align-left","25":"first","26":"outofstock","27":"taxable","28":"shipping-taxable","29":"purchasable","30":"product-type-simple"},"group_of_quantity":0,"min_quantity":0,"max_quantity":"","exclude_order_quantity_value_rules":"no","exclude_category_quantity_rules":"no","combine_variations":"no","acf":[],"_links":{"self":[{"href":"https:\/\/mendomedical.ca\/fr\/wp-json\/wp\/v2\/product\/105265","targetHints":{"allow":["GET"]}}],"collection":[{"href":"https:\/\/mendomedical.ca\/fr\/wp-json\/wp\/v2\/product"}],"about":[{"href":"https:\/\/mendomedical.ca\/fr\/wp-json\/wp\/v2\/types\/product"}],"replies":[{"embeddable":true,"href":"https:\/\/mendomedical.ca\/fr\/wp-json\/wp\/v2\/comments?post=105265"}],"wp:featuredmedia":[{"embeddable":true,"href":"https:\/\/mendomedical.ca\/fr\/wp-json\/wp\/v2\/media\/244862"}],"wp:attachment":[{"href":"https:\/\/mendomedical.ca\/fr\/wp-json\/wp\/v2\/media?parent=105265"}],"wp:term":[{"taxonomy":"product_brand","embeddable":true,"href":"https:\/\/mendomedical.ca\/fr\/wp-json\/wp\/v2\/product_brand?post=105265"},{"taxonomy":"product_cat","embeddable":true,"href":"https:\/\/mendomedical.ca\/fr\/wp-json\/wp\/v2\/product_cat?post=105265"},{"taxonomy":"product_tag","embeddable":true,"href":"https:\/\/mendomedical.ca\/fr\/wp-json\/wp\/v2\/product_tag?post=105265"},{"taxonomy":"product_format_filter","embeddable":true,"href":"https:\/\/mendomedical.ca\/fr\/wp-json\/wp\/v2\/product_format_filter?post=105265"}],"curies":[{"name":"wp","href":"https:\/\/api.w.org\/{rel}","templated":true}]}}