{"id":105259,"date":"2025-06-07T09:00:30","date_gmt":"2025-06-07T13:00:30","guid":{"rendered":"https:\/\/mendomedical.ca\/?post_type=product&#038;p=105259"},"modified":"2026-04-28T10:00:59","modified_gmt":"2026-04-28T14:00:59","slug":"french-cookies","status":"publish","type":"product","link":"https:\/\/mendomedical.ca\/fr\/produit\/french-cookies\/","title":{"rendered":"French Cookies"},"content":{"rendered":"","protected":false},"excerpt":{"rendered":"<div class=\"ExternalClassEF4ECFDED8E74CACB027914A00B2D2F9\">\n<h3>Biscuits fran\u00e7ais par Ritual Green<\/h3>\n<p>D\u00e9couvrez la qualit\u00e9 exceptionnelle de French Cookies, un hybride \u00e0 dominante sativa 60\/40 m\u00e9ticuleusement con\u00e7u par Ritual Green. Cette vari\u00e9t\u00e9 de fleur premium combine la g\u00e9n\u00e9tique l\u00e9gendaire de Platinum Cookies avec une s\u00e9lection experte de ph\u00e9notypes, d\u00e9livrant un impressionnant 4,12 % de terp\u00e8nes totaux et des niveaux de THC constamment \u00e9lev\u00e9s, sup\u00e9rieurs \u00e0 28 %. Avec son profil d&rsquo;ar\u00f4me gazeux, herbac\u00e9 et sucr\u00e9, French Cookies offre aux patients du cannabis m\u00e9dical une exp\u00e9rience puissante mais \u00e9quilibr\u00e9e qui comble le foss\u00e9 entre l&rsquo;\u00e9nergie de la sativa et la relaxation de l&rsquo;hybride.  <\/p>\n<h4>Caract\u00e9ristiques principales<\/h4>\n<ul>\n<li>Hybride de qualit\u00e9 sup\u00e9rieure \u00e0 dominance sativa (60\/40) avec des g\u00e8nes Platinum Cookies<\/li>\n<li>Puissance exceptionnelle avec 28 %+ de THC et 4,12 % de terp\u00e8nes totaux.<\/li>\n<li>Profil aromatique complexe avec des notes gazeuses, herbac\u00e9es et sucr\u00e9es.<\/li>\n<li>Des cocottes visuellement frappantes avec des feuilles violettes et bleues recouvertes de trichomes d&rsquo;un blanc \u00e9clatant.<\/li>\n<li>Les effets rapport\u00e9s par les patients comprennent une puissance \u00e9tonnante, une concentration accrue et une consommation sans heurts.<\/li>\n<\/ul>\n<h4>Profil aromatique et gustatif<\/h4>\n<p>French Cookies offre une exp\u00e9rience sensorielle sophistiqu\u00e9e avec son ar\u00f4me gazeux compl\u00e9t\u00e9 par des notes de fruits et de g\u00e2teau. Le voyage des saveurs commence par des notes d&rsquo;herbes \u00e0 l&rsquo;inhalation, suivies d&rsquo;un gaz sucr\u00e9 \u00e0 l&rsquo;expiration. Le go\u00fbt sucr\u00e9 et cr\u00e9meux des biscuits de cette vari\u00e9t\u00e9 est rehauss\u00e9 par de l\u00e9g\u00e8res nuances fruit\u00e9es, cr\u00e9ant ainsi un profil gustatif d\u00e9licieusement complexe. Avec une teneur \u00e9lev\u00e9e en terp\u00e8nes (4,12 %), cette vari\u00e9t\u00e9 offre une exp\u00e9rience aromatique \u00e0 la hauteur de ses puissants effets.   <\/p>\n<h4>Pourquoi choisir All Flower Products<\/h4>\n<p>Les produits floraux tels que les French Cookies offrent aux patients du cannabis m\u00e9dical le spectre complet des cannabino\u00efdes et des terp\u00e8nes sous leur forme naturelle. Cette cat\u00e9gorie offre une grande souplesse dans le dosage et les m\u00e9thodes de consommation, tout en procurant l&rsquo;exp\u00e9rience authentique du cannabis que de nombreux patients pr\u00e9f\u00e8rent pour g\u00e9rer leurs sympt\u00f4mes. <\/p>\n<h4>Exp\u00e9dition dans tout le Canada<\/h4>\n<p>French Cookies livre rapidement \u00e0 travers le Canada, assurant la livraison de produits frais \u00e0 votre porte. Nous offrons la livraison gratuite pour toutes les commandes de plus de 150 $, ce qui facilite l&rsquo;acc\u00e8s aux produits de cannabis m\u00e9dical dont vous avez besoin. <\/p>\n<h4>Avantages et couverture pour les anciens combattants<\/h4>\n<p>French Cookies est admissible \u00e0 la couverture d&rsquo;ACC (Anciens Combattants Canada) et offre une facturation directe par l&rsquo;entremise de la Croix Bleue, sans frais pour les anciens combattants admissibles. Si vous n&rsquo;avez pas encore d&rsquo;ordonnance de cannabis m\u00e9dical, vous pouvez <a href=\"https:\/\/mendomedical.ca\/fr\/carte-medicale\/\">obtenir votre carte m\u00e9dicale gratuite rapidement et facilement<\/a> pour acc\u00e9der aux avantages de la couverture. <\/p>\n<\/div>\n","protected":false},"featured_media":272328,"comment_status":"closed","ping_status":"closed","template":"","meta":{"_acf_changed":false,"site-sidebar-layout":"default","site-content-layout":"","ast-site-content-layout":"default","site-content-style":"default","site-sidebar-style":"default","ast-global-header-display":"","ast-banner-title-visibility":"","ast-main-header-display":"","ast-hfb-above-header-display":"","ast-hfb-below-header-display":"","ast-hfb-mobile-header-display":"","site-post-title":"","ast-breadcrumbs-content":"","ast-featured-img":"","footer-sml-layout":"","ast-disable-related-posts":"","theme-transparent-header-meta":"default","adv-header-id-meta":"","stick-header-meta":"","header-above-stick-meta":"","header-main-stick-meta":"","header-below-stick-meta":"","astra-migrate-meta-layouts":"set","ast-page-background-enabled":"default","ast-page-background-meta":{"desktop":{"background-color":"var(--ast-global-color-4)","background-image":"","background-repeat":"repeat","background-position":"center center","background-size":"auto","background-attachment":"scroll","background-type":"","background-media":"","overlay-type":"","overlay-color":"","overlay-opacity":"","overlay-gradient":""},"tablet":{"background-color":"","background-image":"","background-repeat":"repeat","background-position":"center center","background-size":"auto","background-attachment":"scroll","background-type":"","background-media":"","overlay-type":"","overlay-color":"","overlay-opacity":"","overlay-gradient":""},"mobile":{"background-color":"","background-image":"","background-repeat":"repeat","background-position":"center center","background-size":"auto","background-attachment":"scroll","background-type":"","background-media":"","overlay-type":"","overlay-color":"","overlay-opacity":"","overlay-gradient":""}},"ast-content-background-meta":{"desktop":{"background-color":"var(--ast-global-color-5)","background-image":"","background-repeat":"repeat","background-position":"center center","background-size":"auto","background-attachment":"scroll","background-type":"","background-media":"","overlay-type":"","overlay-color":"","overlay-opacity":"","overlay-gradient":""},"tablet":{"background-color":"var(--ast-global-color-5)","background-image":"","background-repeat":"repeat","background-position":"center center","background-size":"auto","background-attachment":"scroll","background-type":"","background-media":"","overlay-type":"","overlay-color":"","overlay-opacity":"","overlay-gradient":""},"mobile":{"background-color":"var(--ast-global-color-5)","background-image":"","background-repeat":"repeat","background-position":"center center","background-size":"auto","background-attachment":"scroll","background-type":"","background-media":"","overlay-type":"","overlay-color":"","overlay-opacity":"","overlay-gradient":""}}},"product_brand":[],"product_cat":[1137],"product_tag":[2691],"product_format_filter":[6389],"class_list":{"0":"post-105259","1":"product","2":"type-product","3":"status-publish","4":"has-post-thumbnail","6":"product_cat-fleur","7":"product_tag-ritual-green-fr","8":"pa_flavours-gaz","9":"pa_flavours-a-base-de-plantes","10":"pa_flavours-doux","11":"pa_intensity-thc-eleve","12":"pa_marques-rituel-vert","13":"pa_origin-nouvelle-ecosse","14":"pa_packaging-date-07-11-2025-fr","15":"pa_prix-par-gramme-8-57","16":"pa_profil-terpene-caryophyllene","17":"pa_profil-terpene-farnesene-fr","18":"pa_profil-terpene-humulene-fr","19":"pa_profil-terpene-limonene-fr","20":"pa_profil-terpene-myrcene","21":"pa_type-de-plante-hybride-fr","22":"product_format_filter-3-5g","23":"desktop-align-left","24":"tablet-align-left","25":"mobile-align-left","27":"first","28":"outofstock","29":"taxable","30":"shipping-taxable","31":"purchasable","32":"product-type-simple"},"group_of_quantity":0,"min_quantity":0,"max_quantity":"","exclude_order_quantity_value_rules":"no","exclude_category_quantity_rules":"no","combine_variations":"no","acf":[],"_links":{"self":[{"href":"https:\/\/mendomedical.ca\/fr\/wp-json\/wp\/v2\/product\/105259","targetHints":{"allow":["GET"]}}],"collection":[{"href":"https:\/\/mendomedical.ca\/fr\/wp-json\/wp\/v2\/product"}],"about":[{"href":"https:\/\/mendomedical.ca\/fr\/wp-json\/wp\/v2\/types\/product"}],"replies":[{"embeddable":true,"href":"https:\/\/mendomedical.ca\/fr\/wp-json\/wp\/v2\/comments?post=105259"}],"wp:featuredmedia":[{"embeddable":true,"href":"https:\/\/mendomedical.ca\/fr\/wp-json\/wp\/v2\/media\/272328"}],"wp:attachment":[{"href":"https:\/\/mendomedical.ca\/fr\/wp-json\/wp\/v2\/media?parent=105259"}],"wp:term":[{"taxonomy":"product_brand","embeddable":true,"href":"https:\/\/mendomedical.ca\/fr\/wp-json\/wp\/v2\/product_brand?post=105259"},{"taxonomy":"product_cat","embeddable":true,"href":"https:\/\/mendomedical.ca\/fr\/wp-json\/wp\/v2\/product_cat?post=105259"},{"taxonomy":"product_tag","embeddable":true,"href":"https:\/\/mendomedical.ca\/fr\/wp-json\/wp\/v2\/product_tag?post=105259"},{"taxonomy":"product_format_filter","embeddable":true,"href":"https:\/\/mendomedical.ca\/fr\/wp-json\/wp\/v2\/product_format_filter?post=105259"}],"curies":[{"name":"wp","href":"https:\/\/api.w.org\/{rel}","templated":true}]}}