{"id":105255,"date":"2025-04-15T12:10:06","date_gmt":"2025-04-15T16:10:06","guid":{"rendered":"https:\/\/mendomedical.ca\/?post_type=product&#038;p=105255"},"modified":"2025-07-24T10:34:05","modified_gmt":"2025-07-24T14:34:05","slug":"sacred-sage","status":"publish","type":"product","link":"https:\/\/mendomedical.ca\/fr\/produit\/sacred-sage\/","title":{"rendered":"Sacred Sage"},"content":{"rendered":"","protected":false},"excerpt":{"rendered":"<h3>Terp\u00e8nes Totaux : 5.49%<\/h3>\n<h5>Skunk Man Sam\u2019s famous Skunk # 1 male X T.H. Seed\u2019s S.A.G.E. female<\/h5>\n<p><strong>Halifax Sage est notre coupe s\u00e9lectionn\u00e9e du cultivar Sacred Sage du Breeder T.H.Seed. Il s\u2019agit d\u2019un croisement piquant, doux mais plus aigre du c\u00e9l\u00e8bre m\u00e2le Skunk #1 de Skunk Man Sam et de T.H. Le S.A.G.E. de Seed femelle. Cette explosion de citron vert et de pin vous fera chatouiller le nez avec des terp\u00e8nes qui giflent.<\/strong><\/p>\n<p>&nbsp;<\/p>\n<h5>Attrait visuel:<\/h5>\n<p>Les cocottes de Sacred Sage sont d\u2019un beau vert chatoyant avec des poils orange.<\/p>\n<p>&nbsp;<\/p>\n<h5>Ar\u00f4me:<\/h5>\n<p>Cola au citron vert, sauge et pin.<\/p>\n<p>&nbsp;<\/p>\n<h5>Profil de saveur\u00a0:<\/h5>\n<p>Pop de citron vert avec des notes de pin et de c\u00e8dre.<\/p>\n<p>&nbsp;<\/p>\n<h5>Profil cannabino\u00efde et terp\u00e8ne\u00a0:<\/h5>\n<p>Terps \u00e9tonnants sur ce cultivar \u00e0 dominante terpinol\u00e8ne et THC dans les ann\u00e9es 20.<\/p>\n<p>&nbsp;<\/p>\n<h5>Effets:<\/h5>\n<p>Notre Sage vous laisse rire et \u00e9nergique. Cette Sativa classique vous pr\u00e9parera \u00e0 entreprendre n\u2019importe quelle aventure !<\/p>\n<p>&nbsp;<\/p>\n<h5>Que disent les patients \u00e0 propos de ce produit\u00a0:<\/h5>\n<p>C\u2019est l\u2019une de nos derni\u00e8res sorties, mais elle a fait ses d\u00e9buts sur le march\u00e9 r\u00e9cr\u00e9atif de la Nouvelle-\u00c9cosse et a laiss\u00e9 le panel sensoriel de la province impressionn\u00e9\u2026<\/p>\n","protected":false},"featured_media":105257,"comment_status":"closed","ping_status":"closed","template":"","meta":{"_acf_changed":false,"site-sidebar-layout":"default","site-content-layout":"","ast-site-content-layout":"default","site-content-style":"default","site-sidebar-style":"default","ast-global-header-display":"","ast-banner-title-visibility":"","ast-main-header-display":"","ast-hfb-above-header-display":"","ast-hfb-below-header-display":"","ast-hfb-mobile-header-display":"","site-post-title":"","ast-breadcrumbs-content":"","ast-featured-img":"","footer-sml-layout":"","ast-disable-related-posts":"","theme-transparent-header-meta":"default","adv-header-id-meta":"","stick-header-meta":"","header-above-stick-meta":"","header-main-stick-meta":"","header-below-stick-meta":"","astra-migrate-meta-layouts":"set","ast-page-background-enabled":"default","ast-page-background-meta":{"desktop":{"background-color":"var(--ast-global-color-4)","background-image":"","background-repeat":"repeat","background-position":"center center","background-size":"auto","background-attachment":"scroll","background-type":"","background-media":"","overlay-type":"","overlay-color":"","overlay-opacity":"","overlay-gradient":""},"tablet":{"background-color":"","background-image":"","background-repeat":"repeat","background-position":"center center","background-size":"auto","background-attachment":"scroll","background-type":"","background-media":"","overlay-type":"","overlay-color":"","overlay-opacity":"","overlay-gradient":""},"mobile":{"background-color":"","background-image":"","background-repeat":"repeat","background-position":"center center","background-size":"auto","background-attachment":"scroll","background-type":"","background-media":"","overlay-type":"","overlay-color":"","overlay-opacity":"","overlay-gradient":""}},"ast-content-background-meta":{"desktop":{"background-color":"var(--ast-global-color-5)","background-image":"","background-repeat":"repeat","background-position":"center center","background-size":"auto","background-attachment":"scroll","background-type":"","background-media":"","overlay-type":"","overlay-color":"","overlay-opacity":"","overlay-gradient":""},"tablet":{"background-color":"var(--ast-global-color-5)","background-image":"","background-repeat":"repeat","background-position":"center center","background-size":"auto","background-attachment":"scroll","background-type":"","background-media":"","overlay-type":"","overlay-color":"","overlay-opacity":"","overlay-gradient":""},"mobile":{"background-color":"var(--ast-global-color-5)","background-image":"","background-repeat":"repeat","background-position":"center center","background-size":"auto","background-attachment":"scroll","background-type":"","background-media":"","overlay-type":"","overlay-color":"","overlay-opacity":"","overlay-gradient":""}}},"product_brand":[],"product_cat":[1137],"product_tag":[2691],"product_format_filter":[],"class_list":{"0":"post-105255","1":"product","2":"type-product","3":"status-publish","4":"has-post-thumbnail","6":"product_cat-fleur","7":"product_tag-ritual-green-fr","8":"pa_flavours-cedar-fr","9":"pa_flavours-lime-pop-fr","10":"pa_flavours-pin","11":"pa_format-3-5g-fr","12":"pa_intensity-thc-eleve","13":"pa_marques-rituel-vert","14":"pa_origin-nouvelle-ecosse","15":"pa_packaging-date-04-4-2025-fr","16":"pa_prix-par-gramme-8-57-fr","17":"pa_profil-terpene-caryophyllene","18":"pa_profil-terpene-limonene-fr","19":"pa_profil-terpene-myrcene","20":"pa_profil-terpene-ocimene-fr","21":"pa_thc-28-6-fr","22":"pa_type-de-plante-sativa-fr","23":"desktop-align-left","24":"tablet-align-left","25":"mobile-align-left","27":"first","28":"outofstock","29":"taxable","30":"shipping-taxable","31":"purchasable","32":"product-type-simple"},"group_of_quantity":0,"min_quantity":0,"max_quantity":"","exclude_order_quantity_value_rules":"no","exclude_category_quantity_rules":"no","combine_variations":"no","acf":[],"_links":{"self":[{"href":"https:\/\/mendomedical.ca\/fr\/wp-json\/wp\/v2\/product\/105255","targetHints":{"allow":["GET"]}}],"collection":[{"href":"https:\/\/mendomedical.ca\/fr\/wp-json\/wp\/v2\/product"}],"about":[{"href":"https:\/\/mendomedical.ca\/fr\/wp-json\/wp\/v2\/types\/product"}],"replies":[{"embeddable":true,"href":"https:\/\/mendomedical.ca\/fr\/wp-json\/wp\/v2\/comments?post=105255"}],"wp:featuredmedia":[{"embeddable":true,"href":"https:\/\/mendomedical.ca\/fr\/wp-json\/wp\/v2\/media\/105257"}],"wp:attachment":[{"href":"https:\/\/mendomedical.ca\/fr\/wp-json\/wp\/v2\/media?parent=105255"}],"wp:term":[{"taxonomy":"product_brand","embeddable":true,"href":"https:\/\/mendomedical.ca\/fr\/wp-json\/wp\/v2\/product_brand?post=105255"},{"taxonomy":"product_cat","embeddable":true,"href":"https:\/\/mendomedical.ca\/fr\/wp-json\/wp\/v2\/product_cat?post=105255"},{"taxonomy":"product_tag","embeddable":true,"href":"https:\/\/mendomedical.ca\/fr\/wp-json\/wp\/v2\/product_tag?post=105255"},{"taxonomy":"product_format_filter","embeddable":true,"href":"https:\/\/mendomedical.ca\/fr\/wp-json\/wp\/v2\/product_format_filter?post=105255"}],"curies":[{"name":"wp","href":"https:\/\/api.w.org\/{rel}","templated":true}]}}