{"id":105234,"date":"2024-09-04T09:40:22","date_gmt":"2024-09-04T13:40:22","guid":{"rendered":"https:\/\/mendomedical.ca\/?post_type=product&#038;p=105234"},"modified":"2026-03-02T08:43:10","modified_gmt":"2026-03-02T13:43:10","slug":"cali-biscotti","status":"publish","type":"product","link":"https:\/\/mendomedical.ca\/fr\/produit\/cali-biscotti\/","title":{"rendered":"Biscotti de Cali"},"content":{"rendered":"","protected":false},"excerpt":{"rendered":"<h3>Terp\u00e8nes totaux : 3,06%.<\/h3>\n<p><strong>Gelato #25 x Sour Florida OG<\/strong><\/p>\n<p><strong>La fleur HAZO Cali Biscotti 14g est une vari\u00e9t\u00e9 hybride \u00e0 dominance indica, dot\u00e9e d&rsquo;une impressionnante lign\u00e9e g\u00e9n\u00e9tique comprenant Gelato #25, Girl Scout Cookies et South Florida OG. Son remarquable m\u00e9lange d&rsquo;effets et de saveurs enchantera certainement les connaisseurs chevronn\u00e9s et ceux qui d\u00e9couvrent le monde du cannabis. Avec des niveaux \u00e9lev\u00e9s de THC et des terp\u00e8nes acidul\u00e9s, HAZO Cali Biscotti offre une exp\u00e9rience m\u00e9morable. Le voyage commence par une pouss\u00e9e d&rsquo;effets c\u00e9r\u00e9braux qui \u00e9l\u00e8vent votre esprit \u00e0 un \u00e9tat de distraction b\u00e9ate. Alors que vos facult\u00e9s mentales s&rsquo;apaisent, un high corporel apaisant prend le relais, vous permettant de vous d\u00e9tendre et d&rsquo;oublier tous vos soucis. Ce high \u00e9volue progressivement vers un \u00e9tat de gaiet\u00e9 et de rire, vous laissant amus\u00e9 par le monde qui vous entoure. L&rsquo;une des caract\u00e9ristiques les plus remarquables de HAZO Cali Biscotti est son profil de saveur all\u00e9chant. \u00c0 chaque bouff\u00e9e, vous savourerez le go\u00fbt d\u00e9licieux des notes d&rsquo;agrumes sucr\u00e9es et acidul\u00e9es, accompagn\u00e9es d&rsquo;une expiration riche et savoureuse. L&rsquo;ar\u00f4me refl\u00e8te cette d\u00e9cadence, offrant un m\u00e9lange d&rsquo;aigreur acidul\u00e9e, soulign\u00e9e par un parfum de biscuit orang\u00e9 pro\u00e9minent.        <\/strong><\/p>\n","protected":false},"featured_media":105236,"comment_status":"closed","ping_status":"closed","template":"","meta":{"_acf_changed":false,"site-sidebar-layout":"default","site-content-layout":"","ast-site-content-layout":"default","site-content-style":"default","site-sidebar-style":"default","ast-global-header-display":"","ast-banner-title-visibility":"","ast-main-header-display":"","ast-hfb-above-header-display":"","ast-hfb-below-header-display":"","ast-hfb-mobile-header-display":"","site-post-title":"","ast-breadcrumbs-content":"","ast-featured-img":"","footer-sml-layout":"","ast-disable-related-posts":"","theme-transparent-header-meta":"default","adv-header-id-meta":"","stick-header-meta":"","header-above-stick-meta":"","header-main-stick-meta":"","header-below-stick-meta":"","astra-migrate-meta-layouts":"set","ast-page-background-enabled":"default","ast-page-background-meta":{"desktop":{"background-color":"var(--ast-global-color-4)","background-image":"","background-repeat":"repeat","background-position":"center center","background-size":"auto","background-attachment":"scroll","background-type":"","background-media":"","overlay-type":"","overlay-color":"","overlay-opacity":"","overlay-gradient":""},"tablet":{"background-color":"","background-image":"","background-repeat":"repeat","background-position":"center center","background-size":"auto","background-attachment":"scroll","background-type":"","background-media":"","overlay-type":"","overlay-color":"","overlay-opacity":"","overlay-gradient":""},"mobile":{"background-color":"","background-image":"","background-repeat":"repeat","background-position":"center center","background-size":"auto","background-attachment":"scroll","background-type":"","background-media":"","overlay-type":"","overlay-color":"","overlay-opacity":"","overlay-gradient":""}},"ast-content-background-meta":{"desktop":{"background-color":"var(--ast-global-color-5)","background-image":"","background-repeat":"repeat","background-position":"center center","background-size":"auto","background-attachment":"scroll","background-type":"","background-media":"","overlay-type":"","overlay-color":"","overlay-opacity":"","overlay-gradient":""},"tablet":{"background-color":"var(--ast-global-color-5)","background-image":"","background-repeat":"repeat","background-position":"center center","background-size":"auto","background-attachment":"scroll","background-type":"","background-media":"","overlay-type":"","overlay-color":"","overlay-opacity":"","overlay-gradient":""},"mobile":{"background-color":"var(--ast-global-color-5)","background-image":"","background-repeat":"repeat","background-position":"center center","background-size":"auto","background-attachment":"scroll","background-type":"","background-media":"","overlay-type":"","overlay-color":"","overlay-opacity":"","overlay-gradient":""}}},"product_brand":[],"product_cat":[1137],"product_tag":[2679],"product_format_filter":[],"class_list":{"0":"post-105234","1":"product","2":"type-product","3":"status-publish","4":"has-post-thumbnail","6":"product_cat-fleur","7":"product_tag-hazo-fr","8":"pa_flavours-agrume","9":"pa_flavours-piquant","10":"pa_flavours-doux","11":"pa_format-14g-2-fr","12":"pa_intensity-thc-eleve","13":"pa_marques-hazo-fr","14":"pa_origin-quebec-fr","15":"pa_packaging-date-12-07-2024-fr","16":"pa_prix-par-gramme-7-86-fr","17":"pa_profil-terpene-caryophyllene","18":"pa_profil-terpene-limonene-fr","19":"pa_profil-terpene-myrcene","20":"pa_profil-terpene-pinene-fr","21":"pa_thc-26-19-fr","22":"pa_type-de-plante-hybride-indica-fr","23":"desktop-align-left","24":"tablet-align-left","25":"mobile-align-left","27":"first","28":"outofstock","29":"taxable","30":"shipping-taxable","31":"purchasable","32":"product-type-simple"},"group_of_quantity":0,"min_quantity":0,"max_quantity":"","exclude_order_quantity_value_rules":"no","exclude_category_quantity_rules":"no","combine_variations":"no","acf":[],"_links":{"self":[{"href":"https:\/\/mendomedical.ca\/fr\/wp-json\/wp\/v2\/product\/105234","targetHints":{"allow":["GET"]}}],"collection":[{"href":"https:\/\/mendomedical.ca\/fr\/wp-json\/wp\/v2\/product"}],"about":[{"href":"https:\/\/mendomedical.ca\/fr\/wp-json\/wp\/v2\/types\/product"}],"replies":[{"embeddable":true,"href":"https:\/\/mendomedical.ca\/fr\/wp-json\/wp\/v2\/comments?post=105234"}],"wp:featuredmedia":[{"embeddable":true,"href":"https:\/\/mendomedical.ca\/fr\/wp-json\/wp\/v2\/media\/105236"}],"wp:attachment":[{"href":"https:\/\/mendomedical.ca\/fr\/wp-json\/wp\/v2\/media?parent=105234"}],"wp:term":[{"taxonomy":"product_brand","embeddable":true,"href":"https:\/\/mendomedical.ca\/fr\/wp-json\/wp\/v2\/product_brand?post=105234"},{"taxonomy":"product_cat","embeddable":true,"href":"https:\/\/mendomedical.ca\/fr\/wp-json\/wp\/v2\/product_cat?post=105234"},{"taxonomy":"product_tag","embeddable":true,"href":"https:\/\/mendomedical.ca\/fr\/wp-json\/wp\/v2\/product_tag?post=105234"},{"taxonomy":"product_format_filter","embeddable":true,"href":"https:\/\/mendomedical.ca\/fr\/wp-json\/wp\/v2\/product_format_filter?post=105234"}],"curies":[{"name":"wp","href":"https:\/\/api.w.org\/{rel}","templated":true}]}}