{"id":105117,"date":"2024-08-02T18:05:28","date_gmt":"2024-08-02T22:05:28","guid":{"rendered":"https:\/\/mendomedical.ca\/?post_type=product&#038;p=105117"},"modified":"2026-02-06T12:40:17","modified_gmt":"2026-02-06T17:40:17","slug":"jiggler-fse-full-spectrum-extract","status":"publish","type":"product","link":"https:\/\/mendomedical.ca\/fr\/produit\/jiggler-fse-full-spectrum-extract\/","title":{"rendered":"Jiggler FSE (Extrait \u00e0 spectre complet)"},"content":{"rendered":"","protected":false},"excerpt":{"rendered":"<div id=\"comp-kig3zvcs\" class=\"_1Q9if\" data-testid=\"richTextElement\">\n<h3><strong>Terp\u00e8nes totaux : 7,6%.<\/strong><\/h3>\n<p><strong>Jigglers, \u00e7a marche ! Issue de la soci\u00e9t\u00e9 Exotic Genetix, Jigglers est une vari\u00e9t\u00e9 de cannabis issue d&rsquo;un croisement entre Gelato et Red Pop. Imaginez des saveurs et des ar\u00f4mes de fraises et de cr\u00e8me. Jigglers combine la saveur cr\u00e9meuse et fruit\u00e9e de Gelato avec une couche suppl\u00e9mentaire de douceur cr\u00e9meuse de Red Pop. V\u00e9ritable exp\u00e9rience sensorielle, Jigglers sent le sucr\u00e9 mais a un go\u00fbt aigre, voire funky ou acidul\u00e9.     Attendez-vous \u00e0 des micro diamants nageant dans une sauce pleine de saveur !<\/strong><\/p>\n<\/div>\n","protected":false},"featured_media":105119,"comment_status":"closed","ping_status":"closed","template":"","meta":{"_acf_changed":false,"site-sidebar-layout":"default","site-content-layout":"","ast-site-content-layout":"default","site-content-style":"default","site-sidebar-style":"default","ast-global-header-display":"","ast-banner-title-visibility":"","ast-main-header-display":"","ast-hfb-above-header-display":"","ast-hfb-below-header-display":"","ast-hfb-mobile-header-display":"","site-post-title":"","ast-breadcrumbs-content":"","ast-featured-img":"","footer-sml-layout":"","ast-disable-related-posts":"","theme-transparent-header-meta":"default","adv-header-id-meta":"","stick-header-meta":"","header-above-stick-meta":"","header-main-stick-meta":"","header-below-stick-meta":"","astra-migrate-meta-layouts":"set","ast-page-background-enabled":"default","ast-page-background-meta":{"desktop":{"background-color":"var(--ast-global-color-4)","background-image":"","background-repeat":"repeat","background-position":"center center","background-size":"auto","background-attachment":"scroll","background-type":"","background-media":"","overlay-type":"","overlay-color":"","overlay-opacity":"","overlay-gradient":""},"tablet":{"background-color":"","background-image":"","background-repeat":"repeat","background-position":"center center","background-size":"auto","background-attachment":"scroll","background-type":"","background-media":"","overlay-type":"","overlay-color":"","overlay-opacity":"","overlay-gradient":""},"mobile":{"background-color":"","background-image":"","background-repeat":"repeat","background-position":"center center","background-size":"auto","background-attachment":"scroll","background-type":"","background-media":"","overlay-type":"","overlay-color":"","overlay-opacity":"","overlay-gradient":""}},"ast-content-background-meta":{"desktop":{"background-color":"var(--ast-global-color-5)","background-image":"","background-repeat":"repeat","background-position":"center center","background-size":"auto","background-attachment":"scroll","background-type":"","background-media":"","overlay-type":"","overlay-color":"","overlay-opacity":"","overlay-gradient":""},"tablet":{"background-color":"var(--ast-global-color-5)","background-image":"","background-repeat":"repeat","background-position":"center center","background-size":"auto","background-attachment":"scroll","background-type":"","background-media":"","overlay-type":"","overlay-color":"","overlay-opacity":"","overlay-gradient":""},"mobile":{"background-color":"var(--ast-global-color-5)","background-image":"","background-repeat":"repeat","background-position":"center center","background-size":"auto","background-attachment":"scroll","background-type":"","background-media":"","overlay-type":"","overlay-color":"","overlay-opacity":"","overlay-gradient":""}}},"product_brand":[4146],"product_cat":[1124,1118],"product_tag":[2629],"product_format_filter":[],"class_list":{"0":"post-105117","1":"product","2":"type-product","3":"status-publish","4":"has-post-thumbnail","6":"product_brand-tribal","7":"product_cat-resine-vivante","8":"product_cat-concentres","9":"product_tag-tribal-fr","10":"pa_flavours-aigre","11":"pa_flavours-cremeux","12":"pa_flavours-fraise","13":"pa_format-1g-2-fr","14":"pa_intensity-thc-eleve","15":"pa_marques-tribal-fr","16":"pa_origin-quebec-fr","17":"pa_profil-terpene-caryophyllene","18":"pa_profil-terpene-limonene-fr","19":"pa_profil-terpene-myrcene","20":"pa_thc-74-7","21":"pa_type-de-plante-sativa-fr","22":"desktop-align-left","23":"tablet-align-left","24":"mobile-align-left","26":"first","27":"outofstock","28":"taxable","29":"shipping-taxable","30":"purchasable","31":"product-type-simple"},"group_of_quantity":0,"min_quantity":0,"max_quantity":"","exclude_order_quantity_value_rules":"no","exclude_category_quantity_rules":"no","combine_variations":"no","acf":[],"_links":{"self":[{"href":"https:\/\/mendomedical.ca\/fr\/wp-json\/wp\/v2\/product\/105117","targetHints":{"allow":["GET"]}}],"collection":[{"href":"https:\/\/mendomedical.ca\/fr\/wp-json\/wp\/v2\/product"}],"about":[{"href":"https:\/\/mendomedical.ca\/fr\/wp-json\/wp\/v2\/types\/product"}],"replies":[{"embeddable":true,"href":"https:\/\/mendomedical.ca\/fr\/wp-json\/wp\/v2\/comments?post=105117"}],"wp:featuredmedia":[{"embeddable":true,"href":"https:\/\/mendomedical.ca\/fr\/wp-json\/wp\/v2\/media\/105119"}],"wp:attachment":[{"href":"https:\/\/mendomedical.ca\/fr\/wp-json\/wp\/v2\/media?parent=105117"}],"wp:term":[{"taxonomy":"product_brand","embeddable":true,"href":"https:\/\/mendomedical.ca\/fr\/wp-json\/wp\/v2\/product_brand?post=105117"},{"taxonomy":"product_cat","embeddable":true,"href":"https:\/\/mendomedical.ca\/fr\/wp-json\/wp\/v2\/product_cat?post=105117"},{"taxonomy":"product_tag","embeddable":true,"href":"https:\/\/mendomedical.ca\/fr\/wp-json\/wp\/v2\/product_tag?post=105117"},{"taxonomy":"product_format_filter","embeddable":true,"href":"https:\/\/mendomedical.ca\/fr\/wp-json\/wp\/v2\/product_format_filter?post=105117"}],"curies":[{"name":"wp","href":"https:\/\/api.w.org\/{rel}","templated":true}]}}