{"id":105092,"date":"2024-08-02T18:10:15","date_gmt":"2024-08-02T22:10:15","guid":{"rendered":"https:\/\/mendomedical.ca\/?post_type=product&#038;p=105092"},"modified":"2025-07-16T10:59:12","modified_gmt":"2025-07-16T14:59:12","slug":"early-lemon-berry-fresh-frozen-hash-rosin","status":"publish","type":"product","link":"https:\/\/mendomedical.ca\/fr\/produit\/early-lemon-berry-fresh-frozen-hash-rosin\/","title":{"rendered":"Early Lemon Berry \u2013 Fresh Frozen Hash Rosin \u2013"},"content":{"rendered":"","protected":false},"excerpt":{"rendered":"<div id=\"comp-kig3zvcs\" class=\"_1Q9if\" data-testid=\"richTextElement\">\n<h3><strong>Terp\u00e8nes Totaux : 5.3%<\/strong><\/h3>\n<p><strong>La Live Hash Rosine Fresh Frozen Nugz Early Lemon Berry est d\u00e9riv\u00e9e de nos fleurs Early Lemon Berry, congel\u00e9es lors de la r\u00e9colte pour pr\u00e9server leur profil terp\u00e9nique naturel, leurs saveurs et leurs ar\u00f4mes. Notre\u00a0 est fabriqu\u00e9 en tamisant notre cannabis cultiv\u00e9 en int\u00e9rieur \u00e0 travers des sacs de lavage de 159 \u00b5m \u00e0 73 \u00b5m dans de l\u2019eau glac\u00e9e. Nous prenons ensuite le hash obtenu \u00e0 partir de ce processus et le raffinons \u00e0 nouveau en chauffant doucement et en pressant le hash \u00e0 travers un sac fin d\u2019un micron jusqu\u2019\u00e0 ce qu\u2019une rosine soit expuls\u00e9e. Le produit final r\u00e9sultant est un extrait sans solvant, riche en cannabino\u00efdes et en terp\u00e8nes.<\/strong><\/p>\n<\/div>\n","protected":false},"featured_media":105094,"comment_status":"closed","ping_status":"closed","template":"","meta":{"_acf_changed":false,"site-sidebar-layout":"default","site-content-layout":"","ast-site-content-layout":"default","site-content-style":"default","site-sidebar-style":"default","ast-global-header-display":"","ast-banner-title-visibility":"","ast-main-header-display":"","ast-hfb-above-header-display":"","ast-hfb-below-header-display":"","ast-hfb-mobile-header-display":"","site-post-title":"","ast-breadcrumbs-content":"","ast-featured-img":"","footer-sml-layout":"","ast-disable-related-posts":"","theme-transparent-header-meta":"default","adv-header-id-meta":"","stick-header-meta":"","header-above-stick-meta":"","header-main-stick-meta":"","header-below-stick-meta":"","astra-migrate-meta-layouts":"set","ast-page-background-enabled":"default","ast-page-background-meta":{"desktop":{"background-color":"var(--ast-global-color-4)","background-image":"","background-repeat":"repeat","background-position":"center center","background-size":"auto","background-attachment":"scroll","background-type":"","background-media":"","overlay-type":"","overlay-color":"","overlay-opacity":"","overlay-gradient":""},"tablet":{"background-color":"","background-image":"","background-repeat":"repeat","background-position":"center center","background-size":"auto","background-attachment":"scroll","background-type":"","background-media":"","overlay-type":"","overlay-color":"","overlay-opacity":"","overlay-gradient":""},"mobile":{"background-color":"","background-image":"","background-repeat":"repeat","background-position":"center center","background-size":"auto","background-attachment":"scroll","background-type":"","background-media":"","overlay-type":"","overlay-color":"","overlay-opacity":"","overlay-gradient":""}},"ast-content-background-meta":{"desktop":{"background-color":"var(--ast-global-color-5)","background-image":"","background-repeat":"repeat","background-position":"center center","background-size":"auto","background-attachment":"scroll","background-type":"","background-media":"","overlay-type":"","overlay-color":"","overlay-opacity":"","overlay-gradient":""},"tablet":{"background-color":"var(--ast-global-color-5)","background-image":"","background-repeat":"repeat","background-position":"center center","background-size":"auto","background-attachment":"scroll","background-type":"","background-media":"","overlay-type":"","overlay-color":"","overlay-opacity":"","overlay-gradient":""},"mobile":{"background-color":"var(--ast-global-color-5)","background-image":"","background-repeat":"repeat","background-position":"center center","background-size":"auto","background-attachment":"scroll","background-type":"","background-media":"","overlay-type":"","overlay-color":"","overlay-opacity":"","overlay-gradient":""}}},"product_brand":[],"product_cat":[1125,1118,1119],"product_tag":[],"product_format_filter":[],"class_list":{"0":"post-105092","1":"product","2":"type-product","3":"status-publish","4":"has-post-thumbnail","6":"product_cat-rosin-vivante","7":"product_cat-concentres","8":"product_cat-tout-sans-solvant","9":"pa_flavours-agrume","10":"pa_flavours-wild-berry","11":"pa_format-1g-2-fr","12":"pa_intensity-thc-eleve","13":"pa_marques-nugz-fr","14":"pa_origin-quebec-fr","15":"pa_profil-terpene-caryophyllene","16":"pa_profil-terpene-limonene-fr","17":"pa_profil-terpene-myrcene","18":"pa_thc-73-2-2-fr","19":"pa_type-de-plante-hybride-sativa-fr","20":"desktop-align-left","21":"tablet-align-left","22":"mobile-align-left","24":"first","25":"outofstock","26":"taxable","27":"shipping-taxable","28":"purchasable","29":"product-type-simple"},"group_of_quantity":0,"min_quantity":0,"max_quantity":"","exclude_order_quantity_value_rules":"no","exclude_category_quantity_rules":"no","combine_variations":"no","acf":[],"_links":{"self":[{"href":"https:\/\/mendomedical.ca\/fr\/wp-json\/wp\/v2\/product\/105092","targetHints":{"allow":["GET"]}}],"collection":[{"href":"https:\/\/mendomedical.ca\/fr\/wp-json\/wp\/v2\/product"}],"about":[{"href":"https:\/\/mendomedical.ca\/fr\/wp-json\/wp\/v2\/types\/product"}],"replies":[{"embeddable":true,"href":"https:\/\/mendomedical.ca\/fr\/wp-json\/wp\/v2\/comments?post=105092"}],"wp:featuredmedia":[{"embeddable":true,"href":"https:\/\/mendomedical.ca\/fr\/wp-json\/wp\/v2\/media\/105094"}],"wp:attachment":[{"href":"https:\/\/mendomedical.ca\/fr\/wp-json\/wp\/v2\/media?parent=105092"}],"wp:term":[{"taxonomy":"product_brand","embeddable":true,"href":"https:\/\/mendomedical.ca\/fr\/wp-json\/wp\/v2\/product_brand?post=105092"},{"taxonomy":"product_cat","embeddable":true,"href":"https:\/\/mendomedical.ca\/fr\/wp-json\/wp\/v2\/product_cat?post=105092"},{"taxonomy":"product_tag","embeddable":true,"href":"https:\/\/mendomedical.ca\/fr\/wp-json\/wp\/v2\/product_tag?post=105092"},{"taxonomy":"product_format_filter","embeddable":true,"href":"https:\/\/mendomedical.ca\/fr\/wp-json\/wp\/v2\/product_format_filter?post=105092"}],"curies":[{"name":"wp","href":"https:\/\/api.w.org\/{rel}","templated":true}]}}