{"id":105056,"date":"2024-08-28T15:52:13","date_gmt":"2024-08-28T19:52:13","guid":{"rendered":"https:\/\/mendomedical.ca\/?post_type=product&#038;p=105056"},"modified":"2025-04-12T03:46:26","modified_gmt":"2025-04-12T07:46:26","slug":"peach-og-1000mg-thc-disty-dabber","status":"publish","type":"product","link":"https:\/\/mendomedical.ca\/fr\/produit\/peach-og-1000mg-thc-disty-dabber\/","title":{"rendered":"Peach OG (1000mg THC) Disty Dabber"},"content":{"rendered":"","protected":false},"excerpt":{"rendered":"<div id=\"comp-kig3zvcs\" class=\"_1Q9if\" data-testid=\"richTextElement\">\n<h3><strong>Terp\u00e8nes Totaux : 2.64%<\/strong><\/h3>\n<p><strong>BOXHOT PR\u00c9SENTE\u00a0: Peach OG dans un Disty Dabber de 1,2 g, sp\u00e9cialement con\u00e7u pour la polyvalence. Tamponnez, infusez, m\u00e9langez ou vapotez-le ! Contient un colossal 1 000 mg de THC, l\u2019un des distillats de cannabis les plus purs disponibles sur le march\u00e9 et un entourage de terp\u00e8nes sp\u00e9cifiques \u00e0 la vari\u00e9t\u00e9 de qualit\u00e9 sup\u00e9rieure, savamment infus\u00e9s. Cette douce b\u00eate poss\u00e8de une saveur de bonbon, avec un ar\u00f4me fruit\u00e9, compl\u00e9t\u00e9 par un profil complexe de nuances terreuses qui vous laissent deviner.<\/strong><\/p>\n<p><strong>Tous les dabbers BOXHOT sont fabriqu\u00e9s avec une seringue en verre et un piston en acier inoxydable pour un dosage pr\u00e9cis.<\/strong><\/p>\n<h5>Ar\u00f4me:<\/h5>\n<p>P\u00eache, Doux, Fruit\u00e9<\/p>\n<h5>Profil de saveur\u00a0:<\/h5>\n<p>Peach Ringz \u2013 Marionberry Kush x Eddy OG<\/p>\n<h5>Profil cannabino\u00efde et terp\u00e8ne\u00a0:<\/h5>\n<p>Caryophyll\u00e8ne, Limon\u00e8ne, Linalol, Myrc\u00e8ne, Pin\u00e8ne<\/p>\n<\/div>\n","protected":false},"featured_media":105045,"comment_status":"closed","ping_status":"closed","template":"","meta":{"_acf_changed":false,"site-sidebar-layout":"default","site-content-layout":"","ast-site-content-layout":"default","site-content-style":"default","site-sidebar-style":"default","ast-global-header-display":"","ast-banner-title-visibility":"","ast-main-header-display":"","ast-hfb-above-header-display":"","ast-hfb-below-header-display":"","ast-hfb-mobile-header-display":"","site-post-title":"","ast-breadcrumbs-content":"","ast-featured-img":"","footer-sml-layout":"","ast-disable-related-posts":"","theme-transparent-header-meta":"default","adv-header-id-meta":"","stick-header-meta":"","header-above-stick-meta":"","header-main-stick-meta":"","header-below-stick-meta":"","astra-migrate-meta-layouts":"set","ast-page-background-enabled":"default","ast-page-background-meta":{"desktop":{"background-color":"var(--ast-global-color-4)","background-image":"","background-repeat":"repeat","background-position":"center center","background-size":"auto","background-attachment":"scroll","background-type":"","background-media":"","overlay-type":"","overlay-color":"","overlay-opacity":"","overlay-gradient":""},"tablet":{"background-color":"","background-image":"","background-repeat":"repeat","background-position":"center center","background-size":"auto","background-attachment":"scroll","background-type":"","background-media":"","overlay-type":"","overlay-color":"","overlay-opacity":"","overlay-gradient":""},"mobile":{"background-color":"","background-image":"","background-repeat":"repeat","background-position":"center center","background-size":"auto","background-attachment":"scroll","background-type":"","background-media":"","overlay-type":"","overlay-color":"","overlay-opacity":"","overlay-gradient":""}},"ast-content-background-meta":{"desktop":{"background-color":"var(--ast-global-color-5)","background-image":"","background-repeat":"repeat","background-position":"center center","background-size":"auto","background-attachment":"scroll","background-type":"","background-media":"","overlay-type":"","overlay-color":"","overlay-opacity":"","overlay-gradient":""},"tablet":{"background-color":"var(--ast-global-color-5)","background-image":"","background-repeat":"repeat","background-position":"center center","background-size":"auto","background-attachment":"scroll","background-type":"","background-media":"","overlay-type":"","overlay-color":"","overlay-opacity":"","overlay-gradient":""},"mobile":{"background-color":"var(--ast-global-color-5)","background-image":"","background-repeat":"repeat","background-position":"center center","background-size":"auto","background-attachment":"scroll","background-type":"","background-media":"","overlay-type":"","overlay-color":"","overlay-opacity":"","overlay-gradient":""}}},"product_brand":[],"product_cat":[1126,1118],"product_tag":[2242],"product_format_filter":[],"class_list":{"0":"post-105056","1":"product","2":"type-product","3":"status-publish","4":"has-post-thumbnail","6":"product_cat-distributeurs-dhuile","7":"product_cat-concentres","8":"product_tag-boxhot-fr","9":"pa_flavours-fruite","10":"pa_flavours-peach-fr","11":"pa_flavours-doux","12":"pa_format-1-2g","13":"pa_origin-ontario-fr","14":"pa_profil-terpene-caryophyllene","15":"pa_profil-terpene-limonene-fr","16":"pa_profil-terpene-linalol-fr","17":"pa_profil-terpene-myrcene","18":"pa_profil-terpene-pinene-fr","19":"pa_thc-83-3-fr","20":"desktop-align-left","21":"tablet-align-left","22":"mobile-align-left","24":"first","25":"outofstock","26":"taxable","27":"shipping-taxable","28":"purchasable","29":"product-type-simple"},"group_of_quantity":0,"min_quantity":0,"max_quantity":"","exclude_order_quantity_value_rules":"no","exclude_category_quantity_rules":"no","combine_variations":"no","acf":[],"_links":{"self":[{"href":"https:\/\/mendomedical.ca\/fr\/wp-json\/wp\/v2\/product\/105056","targetHints":{"allow":["GET"]}}],"collection":[{"href":"https:\/\/mendomedical.ca\/fr\/wp-json\/wp\/v2\/product"}],"about":[{"href":"https:\/\/mendomedical.ca\/fr\/wp-json\/wp\/v2\/types\/product"}],"replies":[{"embeddable":true,"href":"https:\/\/mendomedical.ca\/fr\/wp-json\/wp\/v2\/comments?post=105056"}],"wp:featuredmedia":[{"embeddable":true,"href":"https:\/\/mendomedical.ca\/fr\/wp-json\/wp\/v2\/media\/105045"}],"wp:attachment":[{"href":"https:\/\/mendomedical.ca\/fr\/wp-json\/wp\/v2\/media?parent=105056"}],"wp:term":[{"taxonomy":"product_brand","embeddable":true,"href":"https:\/\/mendomedical.ca\/fr\/wp-json\/wp\/v2\/product_brand?post=105056"},{"taxonomy":"product_cat","embeddable":true,"href":"https:\/\/mendomedical.ca\/fr\/wp-json\/wp\/v2\/product_cat?post=105056"},{"taxonomy":"product_tag","embeddable":true,"href":"https:\/\/mendomedical.ca\/fr\/wp-json\/wp\/v2\/product_tag?post=105056"},{"taxonomy":"product_format_filter","embeddable":true,"href":"https:\/\/mendomedical.ca\/fr\/wp-json\/wp\/v2\/product_format_filter?post=105056"}],"curies":[{"name":"wp","href":"https:\/\/api.w.org\/{rel}","templated":true}]}}