{"id":104983,"date":"2025-04-14T11:20:52","date_gmt":"2025-04-14T15:20:52","guid":{"rendered":"https:\/\/mendomedical.ca\/?post_type=product&#038;p=104983"},"modified":"2025-10-21T11:33:50","modified_gmt":"2025-10-21T15:33:50","slug":"lemon-haze","status":"publish","type":"product","link":"https:\/\/mendomedical.ca\/fr\/produit\/lemon-haze\/","title":{"rendered":"Lemon Haze"},"content":{"rendered":"","protected":false},"excerpt":{"rendered":"<div class=\"ExternalClass8C28CE0466BC48B9BECC355B88BA38B0\">\n<h3>Lemon Haze de Retro Haze - Fleur \u00e0 dominante sativa de qualit\u00e9 sup\u00e9rieure<\/h3>\n<h3>TERP\u00c8NES TOTAUX 3,38%.<\/h3>\n<p>D\u00e9couvrez la l\u00e9gendaire Lemon Haze, un c\u00e9l\u00e8bre hybride \u00e0 dominance sativa qui combine les g\u00e9n\u00e9tiques de la Lemon Skunk et de la Silver Haze. Avec une impressionnante teneur en terp\u00e8nes totaux de 3,38 %, cette fleur de qualit\u00e9 sup\u00e9rieure cultiv\u00e9e en int\u00e9rieur offre une exp\u00e9rience authentiquement citronn\u00e9e qui en a fait l&rsquo;une des pr\u00e9f\u00e9r\u00e9es des patients du cannabis m\u00e9dical. Cultiv\u00e9e avec soin gr\u00e2ce \u00e0 une taille manuelle et \u00e0 un processus de cure sur toute la plante, la Retro Haze&rsquo;s Lemon Haze offre une qualit\u00e9 et une puissance constantes pour ceux qui recherchent une option \u00e9nergisante pour la journ\u00e9e.  <\/p>\n<h4>Caract\u00e9ristiques principales<\/h4>\n<ul>\n<li>Une teneur \u00e9lev\u00e9e en terp\u00e8nes (3,38 %) pour une saveur et des effets renforc\u00e9s<\/li>\n<li>Hybride \u00e0 dominante sativa offrant des propri\u00e9t\u00e9s stimulantes et \u00e9nergisantes<\/li>\n<li>Cultiv\u00e9 en int\u00e9rieur et taill\u00e9 \u00e0 la main pour une qualit\u00e9 sup\u00e9rieure<\/li>\n<li>Le processus de polym\u00e9risation en usine garantit une puissance et une douceur optimales.<\/li>\n<li>Cocottes denses avec des poils orange vif et une couverture de trichomes cristallins.<\/li>\n<\/ul>\n<h4>Saveur, ar\u00f4me et profil des terp\u00e8nes<\/h4>\n<p>Lemon Haze offre une exp\u00e9rience authentique d&rsquo;agrumes domin\u00e9e par des notes de citron frais h\u00e9rit\u00e9es de sa filiation avec la Lemon Skunk. Les terp\u00e8nes limon\u00e8ne et myrc\u00e8ne pro\u00e9minents cr\u00e9ent un profil complexe avec des zestes d&rsquo;agrumes brillants compl\u00e9t\u00e9s par de subtiles notes herbac\u00e9es et florales. Chaque inhalation r\u00e9v\u00e8le des saveurs acidul\u00e9es de citron qui rafra\u00eechissent le palais, tandis que l&rsquo;ar\u00f4me remplit l&rsquo;air d&rsquo;un parfum revigorant rappelant les citrons fra\u00eechement press\u00e9s m\u00e9lang\u00e9s \u00e0 de d\u00e9licates notes d&rsquo;herbes.  <\/p>\n<h4>Pourquoi choisir All Flower<\/h4>\n<p>Les produits \u00e0 base de fleurs enti\u00e8res offrent aux utilisateurs m\u00e9dicaux le spectre complet des cannabino\u00efdes et des terp\u00e8nes sous leur forme naturelle, offrant ce que beaucoup consid\u00e8rent comme l&rsquo;exp\u00e9rience la plus authentique du cannabis. La fleur permet un contr\u00f4le pr\u00e9cis du dosage et une apparition imm\u00e9diate des effets, ce qui la rend id\u00e9ale pour les patients qui ont besoin d&rsquo;une gestion flexible des sympt\u00f4mes tout au long de la journ\u00e9e. <\/p>\n<h4>Exp\u00e9dition dans tout le Canada<\/h4>\n<p>Lemon Haze est exp\u00e9di\u00e9 rapidement \u00e0 travers le Canada avec une livraison gratuite pour les commandes de plus de 150 $. Nous assurons un emballage discret et une livraison fiable pour apporter cette fleur de qualit\u00e9 sup\u00e9rieure directement \u00e0 votre porte, en maintenant la fra\u00eecheur et la qualit\u00e9 du produit tout au long du transport. <\/p>\n<h4>Avantages et couverture pour les anciens combattants<\/h4>\n<p>Lemon Haze est admissible \u00e0 la couverture d&rsquo;ACC (Anciens Combattants Canada) avec facturation directe par l&rsquo;entremise de la Croix Bleue, ce qui signifie que les anciens combattants admissibles n&rsquo;ont pas \u00e0 d\u00e9bourser d&rsquo;argent. Si vous n&rsquo;avez pas encore votre carte de cannabis m\u00e9dical, vous pouvez l&rsquo;obtenir rapidement et facilement gr\u00e2ce \u00e0 <a href=\"https:\/\/mendomedical.ca\/fr\/carte-medicale\/\">notre processus de demande simplifi\u00e9<\/a>. <\/p>\n<\/div>\n","protected":false},"featured_media":104985,"comment_status":"closed","ping_status":"closed","template":"","meta":{"_acf_changed":false,"site-sidebar-layout":"default","site-content-layout":"","ast-site-content-layout":"default","site-content-style":"default","site-sidebar-style":"default","ast-global-header-display":"","ast-banner-title-visibility":"","ast-main-header-display":"","ast-hfb-above-header-display":"","ast-hfb-below-header-display":"","ast-hfb-mobile-header-display":"","site-post-title":"","ast-breadcrumbs-content":"","ast-featured-img":"","footer-sml-layout":"","ast-disable-related-posts":"","theme-transparent-header-meta":"default","adv-header-id-meta":"","stick-header-meta":"","header-above-stick-meta":"","header-main-stick-meta":"","header-below-stick-meta":"","astra-migrate-meta-layouts":"set","ast-page-background-enabled":"default","ast-page-background-meta":{"desktop":{"background-color":"var(--ast-global-color-4)","background-image":"","background-repeat":"repeat","background-position":"center center","background-size":"auto","background-attachment":"scroll","background-type":"","background-media":"","overlay-type":"","overlay-color":"","overlay-opacity":"","overlay-gradient":""},"tablet":{"background-color":"","background-image":"","background-repeat":"repeat","background-position":"center center","background-size":"auto","background-attachment":"scroll","background-type":"","background-media":"","overlay-type":"","overlay-color":"","overlay-opacity":"","overlay-gradient":""},"mobile":{"background-color":"","background-image":"","background-repeat":"repeat","background-position":"center center","background-size":"auto","background-attachment":"scroll","background-type":"","background-media":"","overlay-type":"","overlay-color":"","overlay-opacity":"","overlay-gradient":""}},"ast-content-background-meta":{"desktop":{"background-color":"var(--ast-global-color-5)","background-image":"","background-repeat":"repeat","background-position":"center center","background-size":"auto","background-attachment":"scroll","background-type":"","background-media":"","overlay-type":"","overlay-color":"","overlay-opacity":"","overlay-gradient":""},"tablet":{"background-color":"var(--ast-global-color-5)","background-image":"","background-repeat":"repeat","background-position":"center center","background-size":"auto","background-attachment":"scroll","background-type":"","background-media":"","overlay-type":"","overlay-color":"","overlay-opacity":"","overlay-gradient":""},"mobile":{"background-color":"var(--ast-global-color-5)","background-image":"","background-repeat":"repeat","background-position":"center center","background-size":"auto","background-attachment":"scroll","background-type":"","background-media":"","overlay-type":"","overlay-color":"","overlay-opacity":"","overlay-gradient":""}}},"product_brand":[],"product_cat":[1137],"product_tag":[2394],"product_format_filter":[6373],"class_list":{"0":"post-104983","1":"product","2":"type-product","3":"status-publish","4":"has-post-thumbnail","6":"product_cat-fleur","7":"product_tag-retro-haze-fr","8":"pa_flavours-agrume","9":"pa_flavours-citron","10":"pa_flavours-a-base-de-plantes","11":"pa_format-7g-fr","12":"pa_intensity-thc-eleve","13":"pa_marques-retro-haze-fr","14":"pa_origin-quebec-fr","15":"pa_packaging-date-03-27-2025-fr","16":"pa_prix-par-gramme-8-57-fr","17":"pa_profil-terpene-caryophyllene","18":"pa_profil-terpene-farnesene-fr","19":"pa_profil-terpene-limonene-fr","20":"pa_profil-terpene-linalol-fr","21":"pa_profil-terpene-myrcene","22":"pa_thc-26-5-fr","23":"pa_type-de-plante-sativa-fr","24":"product_format_filter-7g","25":"desktop-align-left","26":"tablet-align-left","27":"mobile-align-left","29":"first","30":"outofstock","31":"taxable","32":"shipping-taxable","33":"purchasable","34":"product-type-simple"},"group_of_quantity":0,"min_quantity":0,"max_quantity":"","exclude_order_quantity_value_rules":"no","exclude_category_quantity_rules":"no","combine_variations":"no","acf":[],"_links":{"self":[{"href":"https:\/\/mendomedical.ca\/fr\/wp-json\/wp\/v2\/product\/104983","targetHints":{"allow":["GET"]}}],"collection":[{"href":"https:\/\/mendomedical.ca\/fr\/wp-json\/wp\/v2\/product"}],"about":[{"href":"https:\/\/mendomedical.ca\/fr\/wp-json\/wp\/v2\/types\/product"}],"replies":[{"embeddable":true,"href":"https:\/\/mendomedical.ca\/fr\/wp-json\/wp\/v2\/comments?post=104983"}],"wp:featuredmedia":[{"embeddable":true,"href":"https:\/\/mendomedical.ca\/fr\/wp-json\/wp\/v2\/media\/104985"}],"wp:attachment":[{"href":"https:\/\/mendomedical.ca\/fr\/wp-json\/wp\/v2\/media?parent=104983"}],"wp:term":[{"taxonomy":"product_brand","embeddable":true,"href":"https:\/\/mendomedical.ca\/fr\/wp-json\/wp\/v2\/product_brand?post=104983"},{"taxonomy":"product_cat","embeddable":true,"href":"https:\/\/mendomedical.ca\/fr\/wp-json\/wp\/v2\/product_cat?post=104983"},{"taxonomy":"product_tag","embeddable":true,"href":"https:\/\/mendomedical.ca\/fr\/wp-json\/wp\/v2\/product_tag?post=104983"},{"taxonomy":"product_format_filter","embeddable":true,"href":"https:\/\/mendomedical.ca\/fr\/wp-json\/wp\/v2\/product_format_filter?post=104983"}],"curies":[{"name":"wp","href":"https:\/\/api.w.org\/{rel}","templated":true}]}}